{"id":6143,"date":"2017-02-21T09:32:11","date_gmt":"2017-02-21T12:32:11","guid":{"rendered":"https:\/\/wp.ufpel.edu.br\/prec\/?page_id=6143"},"modified":"2025-07-23T16:08:31","modified_gmt":"2025-07-23T19:08:31","slug":"editais-externos","status":"publish","type":"page","link":"https:\/\/wp.ufpel.edu.br\/prec\/editais-externos\/","title":{"rendered":"Editais Externos"},"content":{"rendered":"<p>&nbsp;<\/p>\n<hr \/>\n<p><span style=\"font-size: 8pt\"><strong><em>NOTA:<\/em><\/strong><em>\u00a0A PREC divulga os editais externos como parte do seu trabalho de incentivar e fomentar a capta\u00e7\u00e3o de recursos para e execu\u00e7\u00e3o de projetos e programas de extens\u00e3o. D\u00favidas ou informa\u00e7\u00f5es devem ser buscadas diretamente com a institui\u00e7\u00e3o promotora do edital.<\/em><\/span><\/p>\n","protected":false},"excerpt":{"rendered":"<p>&nbsp; NOTA:\u00a0A PREC divulga os editais externos como parte do seu trabalho de incentivar e fomentar a capta\u00e7\u00e3o de recursos para e execu\u00e7\u00e3o de projetos e programas de extens\u00e3o. D\u00favidas ou informa\u00e7\u00f5es devem ser buscadas diretamente com a institui\u00e7\u00e3o promotora do edital.<\/p>\n","protected":false},"author":34,"featured_media":0,"parent":0,"menu_order":0,"comment_status":"closed","ping_status":"closed","template":"","meta":{"footnotes":""},"class_list":["post-6143","page","type-page","status-publish","hentry"],"jetpack_sharing_enabled":true,"jetpack_shortlink":"https:\/\/wp.me\/P70d9s-1B5","_links":{"self":[{"href":"https:\/\/wp.ufpel.edu.br\/prec\/wp-json\/wp\/v2\/pages\/6143","targetHints":{"allow":["GET"]}}],"collection":[{"href":"https:\/\/wp.ufpel.edu.br\/prec\/wp-json\/wp\/v2\/pages"}],"about":[{"href":"https:\/\/wp.ufpel.edu.br\/prec\/wp-json\/wp\/v2\/types\/page"}],"author":[{"embeddable":true,"href":"https:\/\/wp.ufpel.edu.br\/prec\/wp-json\/wp\/v2\/users\/34"}],"replies":[{"embeddable":true,"href":"https:\/\/wp.ufpel.edu.br\/prec\/wp-json\/wp\/v2\/comments?post=6143"}],"version-history":[{"count":8,"href":"https:\/\/wp.ufpel.edu.br\/prec\/wp-json\/wp\/v2\/pages\/6143\/revisions"}],"predecessor-version":[{"id":6147,"href":"https:\/\/wp.ufpel.edu.br\/prec\/wp-json\/wp\/v2\/pages\/6143\/revisions\/6147"}],"wp:attachment":[{"href":"https:\/\/wp.ufpel.edu.br\/prec\/wp-json\/wp\/v2\/media?parent=6143"}],"curies":[{"name":"wp","href":"https:\/\/api.w.org\/{rel}","templated":true}]}}