{"id":55,"date":"2010-05-03T17:21:02","date_gmt":"2010-05-03T20:21:02","guid":{"rendered":"https:\/\/wp.ufpel.edu.br\/prec\/?page_id=55"},"modified":"2026-03-16T10:47:01","modified_gmt":"2026-03-16T13:47:01","slug":"legislacao","status":"publish","type":"page","link":"https:\/\/wp.ufpel.edu.br\/prec\/legislacao\/","title":{"rendered":"Legisla\u00e7\u00e3o"},"content":{"rendered":"<p><strong>Documentos norteadores<\/strong><\/p>\n<p><a href=\"http:\/\/www.planalto.gov.br\/ccivil_03\/leis\/L9394.htm\" target=\"_blank\" rel=\"noopener noreferrer\">Lei 9394\/1996 \u2013\u00a0Lei de Diretrizes e Bases da Educa\u00e7\u00e3o Nacional \u2013 LDB<\/a><\/p>\n<p><a href=\"http:\/\/www.planalto.gov.br\/ccivil_03\/_ato2011-2014\/2014\/lei\/l13005.htm\" target=\"_blank\" rel=\"noopener noreferrer\">Lei 13005\/2014 \u2013\u00a0Plano Nacional de Educa\u00e7\u00e3o \u2013 PNE<\/a><\/p>\n<p><a href=\"https:\/\/wp.ufpel.edu.br\/prec\/files\/2019\/05\/Plano_Nacional_de_Extensao_Universitaria.pdf\">Plano Nacional de Extens\u00e3o Universit\u00e1ria &#8211; Forproex<\/a><\/p>\n<p><a href=\"https:\/\/wp.ufpel.edu.br\/prec\/files\/2019\/05\/Politica_Nacional_de_Extensao_Forproext_2012.pdf\">Politica Nacional de Extens\u00e3o \u2013 Forproex<\/a><\/p>\n<p>&nbsp;<\/p>\n<p><strong>Resolu\u00e7\u00e3o n\u00ba 7, de 18 de dezembro de 2018 &#8211; MEC<\/strong><\/p>\n<p><a href=\"http:\/\/portal.mec.gov.br\/index.php?option=com_docman&amp;view=download&amp;alias=104251-rces007-18&amp;category_slug=dezembro-2018-pdf&amp;Itemid=30192\">Estabelece as Diretrizes para a Extens\u00e3o na Educa\u00e7\u00e3o Superior Brasileira e regimenta o disposto na Meta 12.7 da Lei n\u00ba 13.005\/2014, que aprova o Plano Nacional de Educa\u00e7\u00e3o &#8211; PNE 2014-2024 e d\u00e1 outras provid\u00eancias.<\/a><\/p>\n<p>&nbsp;<\/p>\n<p><strong>Decreto n\u00ba 7416, de 30 de dezembro de 2010\u00a0<\/strong><\/p>\n<p><a href=\"https:\/\/wp.ufpel.edu.br\/prec\/files\/2010\/05\/decreto-7416-Presid\u00eancia-da-Rep\u00fablica.doc\">Regulamenta os arts. 10 e 12 da Lei n\u00ba 12.155, de 23 de dezembro de 2009, que tratam da concess\u00e3o de bolsas para desenvolvimento de atividades de ensino e extens\u00e3o universit\u00e1ria<\/a><\/p>\n<p>&nbsp;<\/p>\n<p><strong>Resolu\u00e7\u00f5es do COCEPE<\/strong><\/p>\n<p><a href=\"https:\/\/wp.ufpel.edu.br\/scs\/files\/2025\/07\/SEI_3140841_Resolucao_94.2025-COCEPE.pdf\">Resolu\u00e7\u00e3o N\u00ba 94, de 26 de junho de 2025 \u2013 Disp\u00f5e sobre o Regulamento Geral dos Programas e Projetos de Ensino, Pesquisa, Extens\u00e3o e Inova\u00e7\u00e3o da Universidade Federal de Pelotas \u2013 UFPEL, e d\u00e1 outras provid\u00eancias.\u00a0Revoga as Resolu\u00e7\u00f5es COCEPE 10\/2015 e 02\/2020.<\/a><\/p>\n<p><a href=\"https:\/\/wp.ufpel.edu.br\/scs\/files\/2023\/05\/SEI_UFPel-2189052-Resolucao-54.2023.pdf\">Resolu\u00e7\u00e3o n\u00ba 54 de 26 de maio de 2023 \u2013 Regulamenta e normatiza a presen\u00e7a em atividades acad\u00eamicas e administrativas especiais de discentes, docentes, pesquisadores, gestores e t\u00e9cnicos internacionais, vinculados \u00e0s institui\u00e7\u00f5es externas, no \u00e2mbito da UFPel.<\/a><\/p>\n<p><a href=\"https:\/\/wp.ufpel.edu.br\/scs\/files\/2022\/09\/SEI_UFPel-1868581-Resolucao-46.2022.pdf\">Resolu\u00e7\u00e3o n\u00ba 46, de 15 de setembro de 2022, Aprova nova reda\u00e7\u00e3o do artigo 17 da Resolu\u00e7\u00e3o n\u00ba 10\/2015, do COCEPE.<\/a><\/p>\n<p><a href=\"https:\/\/wp.ufpel.edu.br\/prec\/files\/2022\/03\/UFPel-Resolucao-30_2022.pdf\">Resolu\u00e7\u00e3o n\u00ba 30, de 03 de fevereiro de 2022, Disp\u00f5e sobre o Regulamento da integraliza\u00e7\u00e3o das atividades de extens\u00e3o nos cursos de Gradua\u00e7\u00e3o da Universidade Federal de Pelotas &#8211; UFPEL e d\u00e1 outras provid\u00eancias.<\/a><\/p>\n<p><a href=\"https:\/\/wp.ufpel.edu.br\/scs\/files\/2019\/03\/Resol.-42.2018-atualizada-1.pdf\">Resolu\u00e7\u00e3o n\u00ba 42, de 18 de dezembro de 2018, que altera a Resolu\u00e7\u00e3o n\u00ba 06 de 03 de mar\u00e7o de 2016 e, assim, disp\u00f5e sobre o Regulamento da curriculariza\u00e7\u00e3o das atividades de extens\u00e3o nos Cursos de Gradua\u00e7\u00e3o da Universidade Federal de Pelotas \u2013 UFPel e d\u00e1 outras provid\u00eancias.<\/a><\/p>\n<p><a href=\"https:\/\/wp.ufpel.edu.br\/scs\/files\/2017\/04\/Resolu%C3%A7%C3%A3o-26.2017-COCEPE.pdf\">Resolu\u00e7\u00e3o n\u00ba 26, de 14 de setembro de 2017, que disp\u00f5e sobre o Regulamento Geral dos Programas Estrat\u00e9gicos em Extens\u00e3o e Cultura na Universidade Federal de Pelotas \u2013 UFPel, e d\u00e1 outras provid\u00eancias<\/a><\/p>\n<p><a href=\"https:\/\/wp.ufpel.edu.br\/scs\/files\/2017\/04\/Resolu%C3%A7%C3%A3o-09.2017-COCEPE.pdf\">Resolu\u00e7\u00e3o n\u00ba 09, de 30 de mar\u00e7o de 2017, que aprova o Regimento Interno do CONEXT &#8211; PREC\/UFPel.<\/a><\/p>\n<p><a href=\"https:\/\/wp.ufpel.edu.br\/scs\/files\/2016\/01\/Res-COCEPE-37.2016.pdf\">Resolu\u00e7\u00e3o n\u00ba 37, de 20 de dezembro de 2016, que aprova o Regimento Geral dos Laborat\u00f3rios de Ensino, de Pesquisa e de Extens\u00e3o da UFPel.<\/a><\/p>\n<p><a href=\"https:\/\/wp.ufpel.edu.br\/scs\/files\/2016\/03\/Resolu%C3%A7%C3%A3o-COCEPE-062016.pdf\" target=\"_blank\" rel=\"noopener noreferrer\">Resolu\u00e7\u00e3o n\u00ba 06, de 03 de mar\u00e7o de 2016, que disp\u00f5e sobre o Regulamento da curriculariza\u00e7\u00e3o das atividades de extens\u00e3o em cursos de Gradua\u00e7\u00e3o da Universidade Federal de Pelotas \u2013 UFPEL, e d\u00e1 outras provid\u00eancias.<\/a><\/p>\n<p><del><a href=\"https:\/\/wp.ufpel.edu.br\/scs\/files\/2015\/03\/Resolu%C3%A7%C3%A3o-10.2015.pdf\" target=\"_blank\" rel=\"noopener noreferrer\">Resolu\u00e7\u00e3o n\u00ba 10, de 19 de fevereiro de 2015, que disp\u00f5es sobre o Regulamento Geral do Programas e Projetos de Ensino, Pesquisa e Extens\u00e3o da Universidade Federal de Pelotas &#8211; UFPel, e d\u00e1 outras provid\u00eancias<\/a><\/del> <em>(revogada pela Resolu\u00e7\u00e3o n\u00ba 94 de 2025).<\/em><\/p>\n<p><a href=\"https:\/\/wp.ufpel.edu.br\/prec\/files\/2010\/05\/Res-052014.pdf\" target=\"_blank\" rel=\"noopener noreferrer\">Resolu\u00e7\u00e3o n\u00ba 05, de 03 de abril de 2014, que cria o Programa de Bolsas Acad\u00eamicas (PBA) da Universidade Federal de Pelotas &#8211; UFPel<\/a><\/p>\n<p><a href=\"https:\/\/wp.ufpel.edu.br\/prec\/files\/2010\/05\/Resolu\u00e7\u00e3o-n11-de-08-de-outubro-de-2009.pdf\">Resolu\u00e7\u00e3o n\u00b011, de 08 de outubro de 2009, que altera a resolu\u00e7\u00e3o 04\/2007, que disp\u00f5e sobre a cria\u00e7\u00e3o do programa de bolsas de aux\u00edlio viagem, denominada bav, para alunos que apresentem trabalhos e\/ou representem a Universidade Federal de Pelotas.<\/a><\/p>\n<p><a href=\"https:\/\/wp.ufpel.edu.br\/prec\/files\/2010\/05\/portaria_02-de-03-de-maio-de-2007.pdf\">Resolu\u00e7\u00e3o n\u00b0 02, de 03 de maio de 2007, que disp\u00f5e sobre a certifica\u00e7\u00e3o de cursos, a\u00e7\u00f5es extensionistas, projetos, programas e atividades cient\u00edficas e culturais na Universidade Federal de Pelotas, e d\u00e1 outras provid\u00eancias<\/a><\/p>\n","protected":false},"excerpt":{"rendered":"<p>Documentos norteadores Lei 9394\/1996 \u2013\u00a0Lei de Diretrizes e Bases da Educa\u00e7\u00e3o Nacional \u2013 LDB Lei 13005\/2014 \u2013\u00a0Plano Nacional de Educa\u00e7\u00e3o \u2013 PNE Plano Nacional de Extens\u00e3o Universit\u00e1ria &#8211; Forproex Politica Nacional de Extens\u00e3o \u2013 Forproex &nbsp; Resolu\u00e7\u00e3o n\u00ba 7, de 18 de dezembro de 2018 &#8211; MEC Estabelece as Diretrizes para a Extens\u00e3o na Educa\u00e7\u00e3o [&hellip;]<\/p>\n","protected":false},"author":34,"featured_media":0,"parent":0,"menu_order":4,"comment_status":"closed","ping_status":"closed","template":"","meta":{"footnotes":""},"class_list":["post-55","page","type-page","status-publish","hentry"],"jetpack_sharing_enabled":true,"jetpack_shortlink":"https:\/\/wp.me\/P70d9s-T","_links":{"self":[{"href":"https:\/\/wp.ufpel.edu.br\/prec\/wp-json\/wp\/v2\/pages\/55","targetHints":{"allow":["GET"]}}],"collection":[{"href":"https:\/\/wp.ufpel.edu.br\/prec\/wp-json\/wp\/v2\/pages"}],"about":[{"href":"https:\/\/wp.ufpel.edu.br\/prec\/wp-json\/wp\/v2\/types\/page"}],"author":[{"embeddable":true,"href":"https:\/\/wp.ufpel.edu.br\/prec\/wp-json\/wp\/v2\/users\/34"}],"replies":[{"embeddable":true,"href":"https:\/\/wp.ufpel.edu.br\/prec\/wp-json\/wp\/v2\/comments?post=55"}],"version-history":[{"count":4,"href":"https:\/\/wp.ufpel.edu.br\/prec\/wp-json\/wp\/v2\/pages\/55\/revisions"}],"predecessor-version":[{"id":24061,"href":"https:\/\/wp.ufpel.edu.br\/prec\/wp-json\/wp\/v2\/pages\/55\/revisions\/24061"}],"wp:attachment":[{"href":"https:\/\/wp.ufpel.edu.br\/prec\/wp-json\/wp\/v2\/media?parent=55"}],"curies":[{"name":"wp","href":"https:\/\/api.w.org\/{rel}","templated":true}]}}