{"id":236,"date":"2011-08-30T11:00:23","date_gmt":"2011-08-30T14:00:23","guid":{"rendered":"https:\/\/wp.ufpel.edu.br\/prec\/"},"modified":"2021-01-26T14:24:32","modified_gmt":"2021-01-26T17:24:32","slug":"estrutura","status":"publish","type":"page","link":"https:\/\/wp.ufpel.edu.br\/prec\/sobre-a-prec\/estrutura\/","title":{"rendered":"Equipe"},"content":{"rendered":"<ul class=\"wpipessoa-lista\"><li class=\"wpipessoa-post clearfix\"><div class=\"wpipessoa-thumb\"><a href=\"http:\/\/lattes.cnpq.br\/5674789134284701\"><img width=\"200\" height=\"200\" src=\"https:\/\/wp.ufpel.edu.br\/prec\/files\/2017\/07\/fabio-lima-200x200.png\" class=\"attachment-thumbnail size-thumbnail wp-post-image\" alt=\"\" srcset=\"https:\/\/wp.ufpel.edu.br\/prec\/files\/2017\/07\/fabio-lima-200x200.png 200w, https:\/\/wp.ufpel.edu.br\/prec\/files\/2017\/07\/fabio-lima-31x32.png 31w\" sizes=\"(max-width: 200px) 100vw, 200px\" \/><\/a><\/div><div class=\"wpipessoa-info\"><div class=\"wpipessoa-nome wpipessoa-fonte-grande\"><a href=\"http:\/\/lattes.cnpq.br\/5674789134284701\">F\u00e1bio Garcia Lima<\/a><\/div><div class=\"wpipessoa-funcao wpipessoa-fonte-italica\">Pr\u00f3-Reitor\u00a0de Extens\u00e3o e Cultura<br \/>\r\nDoutor em Odontologia<\/div><div class=\"wpipessoa-email\"><a href=\"lima.fg@ufpel.edu.br\" target=\"_blank\">lima.fg@ufpel.edu.br<\/a><\/div><div class=\"wpipessoa-fone\">(53)\u00a032843991<\/div><\/div><\/li><\/ul>\n<ul class=\"wpipessoa-lista\"><li class=\"wpipessoa-post clearfix\"><div class=\"wpipessoa-thumb\"><a href=\"http:\/\/buscatextual.cnpq.br\/buscatextual\/busca.do?metodo=apresentar\"><img width=\"200\" height=\"200\" src=\"https:\/\/wp.ufpel.edu.br\/prec\/files\/2017\/07\/WhatsApp-Image-2021-01-26-at-12.09.09-200x200.jpeg\" class=\"attachment-thumbnail size-thumbnail wp-post-image\" alt=\"\" \/><\/a><\/div><div class=\"wpipessoa-info\"><div class=\"wpipessoa-nome wpipessoa-fonte-grande\"><a href=\"http:\/\/buscatextual.cnpq.br\/buscatextual\/busca.do?metodo=apresentar\">N\u00e1dia Najara Kruger Alves<\/a><\/div><div class=\"wpipessoa-funcao wpipessoa-fonte-italica\">Assessora da Pr\u00f3-Reitoria de Extens\u00e3o e Cultura<br \/>\r\nT\u00e9cnica em Laborat\u00f3rio<\/div><div class=\"wpipessoa-email\"><a href=\"coordenadoria.prec@gmail.com\" target=\"_blank\">coordenadoria.prec@gmail.com<\/a><\/div><div class=\"wpipessoa-fone\">(53) 32843990<\/div><\/div><\/li><\/ul>\n<ul class=\"wpipessoa-lista\"><li class=\"wpipessoa-post clearfix\"><div class=\"wpipessoa-thumb\"><a href=\"http:\/\/lattes.cnpq.br\/7508035870278552\"><img width=\"200\" height=\"200\" src=\"https:\/\/wp.ufpel.edu.br\/prec\/files\/2024\/07\/felipe-200x200.png\" class=\"attachment-thumbnail size-thumbnail wp-post-image\" alt=\"\" srcset=\"https:\/\/wp.ufpel.edu.br\/prec\/files\/2024\/07\/felipe-200x200.png 200w, https:\/\/wp.ufpel.edu.br\/prec\/files\/2024\/07\/felipe-400x400.png 400w, https:\/\/wp.ufpel.edu.br\/prec\/files\/2024\/07\/felipe-1024x1024.png 1024w, https:\/\/wp.ufpel.edu.br\/prec\/files\/2024\/07\/felipe-768x768.png 768w, https:\/\/wp.ufpel.edu.br\/prec\/files\/2024\/07\/felipe-1536x1536.png 1536w, https:\/\/wp.ufpel.edu.br\/prec\/files\/2024\/07\/felipe-2048x2048.png 2048w, https:\/\/wp.ufpel.edu.br\/prec\/files\/2024\/07\/felipe-32x32.png 32w\" sizes=\"(max-width: 200px) 100vw, 200px\" \/><\/a><\/div><div class=\"wpipessoa-info\"><div class=\"wpipessoa-nome wpipessoa-fonte-grande\"><a href=\"http:\/\/lattes.cnpq.br\/7508035870278552\">Felipe Fehlberg Herrmann<\/a><\/div><div class=\"wpipessoa-funcao wpipessoa-fonte-italica\">Coordenador de Extens\u00e3o e Desenvolvimento Social<br \/>\r\nDoutor em Engenharia de Produ\u00e7\u00e3o e Sistemas<\/div><div class=\"wpipessoa-email\"><a href=\"felipe.herrmann@ufpel.edu.br\" target=\"_blank\">felipe.herrmann@ufpel.edu.br<\/a><\/div><div class=\"wpipessoa-fone\">(53) 32843994<\/div><\/div><\/li><li class=\"wpipessoa-post clearfix\"><div class=\"wpipessoa-thumb\"><a href=\"http:\/\/lattes.cnpq.br\/3858201697400054\"><img width=\"200\" height=\"200\" src=\"https:\/\/wp.ufpel.edu.br\/prec\/files\/2017\/07\/larissa-200x200.jpeg\" class=\"attachment-thumbnail size-thumbnail wp-post-image\" alt=\"\" \/><\/a><\/div><div class=\"wpipessoa-info\"><div class=\"wpipessoa-nome wpipessoa-fonte-grande\"><a href=\"http:\/\/lattes.cnpq.br\/3858201697400054\">Larissa Patron Chaves<\/a><\/div><div class=\"wpipessoa-funcao wpipessoa-fonte-italica\">Coordenadora de Arte, Cultura e Patrim\u00f4nio<br \/>\r\nDoutora em Hist\u00f3ria<\/div><div class=\"wpipessoa-email\"><a href=\"larissa.patron@ufpel.edu.br\" target=\"_blank\">larissa.patron@ufpel.edu.br<\/a><\/div><div class=\"wpipessoa-fone\">(53)\u00a032843996<\/div><\/div><\/li><li class=\"wpipessoa-post clearfix\"><div class=\"wpipessoa-thumb\"><a href=\"http:\/\/buscatextual.cnpq.br\/buscatextual\/visualizacv.do?id=K8887387J7\"><img width=\"200\" height=\"200\" src=\"https:\/\/wp.ufpel.edu.br\/prec\/files\/2017\/07\/FB_IMG_1565273436435-200x200.jpg\" class=\"attachment-thumbnail size-thumbnail wp-post-image\" alt=\"\" srcset=\"https:\/\/wp.ufpel.edu.br\/prec\/files\/2017\/07\/FB_IMG_1565273436435-200x200.jpg 200w, https:\/\/wp.ufpel.edu.br\/prec\/files\/2017\/07\/FB_IMG_1565273436435-400x400.jpg 400w, https:\/\/wp.ufpel.edu.br\/prec\/files\/2017\/07\/FB_IMG_1565273436435-32x32.jpg 32w, https:\/\/wp.ufpel.edu.br\/prec\/files\/2017\/07\/FB_IMG_1565273436435.jpg 720w\" sizes=\"(max-width: 200px) 100vw, 200px\" \/><\/a><\/div><div class=\"wpipessoa-info\"><div class=\"wpipessoa-nome wpipessoa-fonte-grande\"><a href=\"http:\/\/buscatextual.cnpq.br\/buscatextual\/visualizacv.do?id=K8887387J7\">Mateus Schmeckel Mota<\/a><\/div><div class=\"wpipessoa-funcao wpipessoa-fonte-italica\">Coordenador de Extens\u00e3o e Desenvolvimento Social<br \/>\r\nMestre em Educa\u00e7\u00e3o Matem\u00e1tica<\/div><div class=\"wpipessoa-email\"><a href=\"mateus.mota@ufpel.edu.br\" target=\"_blank\">mateus.mota@ufpel.edu.br<\/a><\/div><div class=\"wpipessoa-fone\">(53) 32843993<\/div><\/div><\/li><\/ul>\n<ul class=\"wpipessoa-lista\"><li class=\"wpipessoa-post clearfix\"><div class=\"wpipessoa-thumb\"><a href=\"http:\/\/buscatextual.cnpq.br\/buscatextual\/visualizacv.do?id=K2737460Y9\"><img width=\"200\" height=\"200\" src=\"https:\/\/wp.ufpel.edu.br\/prec\/files\/2019\/01\/c\u00e1tia-200x200.jpg\" class=\"attachment-thumbnail size-thumbnail wp-post-image\" alt=\"\" \/><\/a><\/div><div class=\"wpipessoa-info\"><div class=\"wpipessoa-nome wpipessoa-fonte-grande\"><a href=\"http:\/\/buscatextual.cnpq.br\/buscatextual\/visualizacv.do?id=K2737460Y9\">C\u00e1tia Aparecida Leite da Silva<\/a><\/div><div class=\"wpipessoa-funcao wpipessoa-fonte-italica\">Chefe do N\u00facleo de Apoio e Fomento \u00e0 Extens\u00e3o<br \/>\r\nEspecialista em Gest\u00e3o P\u00fablica<\/div><div class=\"wpipessoa-email\"><a href=\"catia.silva@ufpel.edu.br\" target=\"_blank\">catia.silva@ufpel.edu.br<\/a><\/div><div class=\"wpipessoa-fone\">(53) 32843992<\/div><\/div><\/li><li class=\"wpipessoa-post clearfix\"><div class=\"wpipessoa-thumb\"><a href=\"http:\/\/lattes.cnpq.br\/0642088196069292\"><img width=\"200\" height=\"200\" src=\"https:\/\/wp.ufpel.edu.br\/prec\/files\/2026\/03\/karinne-200x200.jpg\" class=\"attachment-thumbnail size-thumbnail wp-post-image\" alt=\"\" \/><\/a><\/div><div class=\"wpipessoa-info\"><div class=\"wpipessoa-nome wpipessoa-fonte-grande\"><a href=\"http:\/\/lattes.cnpq.br\/0642088196069292\">Karinne Emanoela Goettems dos Santos<\/a><\/div><div class=\"wpipessoa-funcao wpipessoa-fonte-italica\">Chefe do N\u00facleo de Apoio a Projetos de Extens\u00e3o <br \/>\r\nDoutora em Direito<\/div><div class=\"wpipessoa-email\"><a href=\"karinne.emanoela@ufpel.edu.br\" target=\"_blank\">karinne.emanoela@ufpel.edu.br<\/a><\/div><div class=\"wpipessoa-fone\">(53) 32843996<\/div><\/div><\/li><\/ul>\n<ul class=\"wpipessoa-lista\"><li class=\"wpipessoa-post clearfix\"><div class=\"wpipessoa-thumb\"><a href=\"http:\/\/lattes.cnpq.br\/8305554280719520\"><img width=\"200\" height=\"200\" src=\"https:\/\/wp.ufpel.edu.br\/prec\/files\/2024\/07\/lence-200x200.jpg\" class=\"attachment-thumbnail size-thumbnail wp-post-image\" alt=\"\" \/><\/a><\/div><div class=\"wpipessoa-info\"><div class=\"wpipessoa-nome wpipessoa-fonte-grande\"><a href=\"http:\/\/lattes.cnpq.br\/8305554280719520\">Luis Fernando Lacerda Lence<\/a><\/div><div class=\"wpipessoa-funcao wpipessoa-fonte-italica\">Chefe da Se\u00e7\u00e3o de Registro e Acompanhamento<br \/>\r\nMestre em Educa\u00e7\u00e3o <\/div><div class=\"wpipessoa-email\"><a href=\"luis.lence@ufpel.edu.br\" target=\"_blank\">luis.lence@ufpel.edu.br<\/a><\/div><div class=\"wpipessoa-fone\">(53) 32843994<\/div><\/div><\/li><li class=\"wpipessoa-post clearfix\"><div class=\"wpipessoa-thumb\"><a href=\"http:\/\/lattes.cnpq.br\/9388759126062963\"><img width=\"200\" height=\"200\" src=\"https:\/\/wp.ufpel.edu.br\/prec\/files\/2020\/04\/foto-marco-2-200x200.jpeg\" class=\"attachment-thumbnail size-thumbnail wp-post-image\" alt=\"\" \/><\/a><\/div><div class=\"wpipessoa-info\"><div class=\"wpipessoa-nome wpipessoa-fonte-grande\"><a href=\"http:\/\/lattes.cnpq.br\/9388759126062963\">Marco Aurelio da Cruz Souza<\/a><\/div><div class=\"wpipessoa-funcao wpipessoa-fonte-italica\">Chefe da Se\u00e7\u00e3o de Divulga\u00e7\u00e3o da Extens\u00e3o<br \/>\r\nDoutor em Motricidade Humana<\/div><div class=\"wpipessoa-email\"><a href=\"expressa.extensao@ufpel.edu.br\" target=\"_blank\">expressa.extensao@ufpel.edu.br<\/a><\/div><div class=\"wpipessoa-fone\">(53) 32843998<\/div><\/div><\/li><\/ul>\n<ul class=\"wpipessoa-lista\"><li class=\"wpipessoa-post clearfix\"><div class=\"wpipessoa-thumb\"><img width=\"200\" height=\"200\" src=\"https:\/\/wp.ufpel.edu.br\/prec\/files\/2017\/07\/afonso-200x200.jpg\" class=\"attachment-thumbnail size-thumbnail wp-post-image\" alt=\"\" \/><\/div><div class=\"wpipessoa-info\"><div class=\"wpipessoa-nome wpipessoa-fonte-grande\">Afonso Vaz Gon\u00e7alves<\/div><div class=\"wpipessoa-funcao wpipessoa-fonte-italica\">Se\u00e7\u00e3o de Execu\u00e7\u00e3o da Extens\u00e3o<br \/>\r\n<\/div><div class=\"wpipessoa-email\"><a href=\"afonso.goncalves@ufpel.edu.br\" target=\"_blank\">afonso.goncalves@ufpel.edu.br<\/a><\/div><div class=\"wpipessoa-fone\">(53) 32843998<\/div><\/div><\/li><li class=\"wpipessoa-post clearfix\"><div class=\"wpipessoa-thumb\"><a href=\"http:\/\/buscatextual.cnpq.br\/buscatextual\/visualizacv.do?id=K4212618D4\"><img width=\"200\" height=\"200\" src=\"https:\/\/wp.ufpel.edu.br\/prec\/files\/2017\/07\/WhatsApp-Image-2021-01-26-at-13.45.16-200x200.jpeg\" class=\"attachment-thumbnail size-thumbnail wp-post-image\" alt=\"\" \/><\/a><\/div><div class=\"wpipessoa-info\"><div class=\"wpipessoa-nome wpipessoa-fonte-grande\"><a href=\"http:\/\/buscatextual.cnpq.br\/buscatextual\/visualizacv.do?id=K4212618D4\">Ana Carolina Oliveira Nogueira<\/a><\/div><div class=\"wpipessoa-funcao wpipessoa-fonte-italica\">Coordena\u00e7\u00e3o de Extens\u00e3o e Desenvolvimento Social<br \/>\r\nMestre em Educa\u00e7\u00e3o<\/div><div class=\"wpipessoa-email\"><a href=\"ana.nogueira@ufpel.edu.br\" target=\"_blank\">ana.nogueira@ufpel.edu.br<\/a><\/div><div class=\"wpipessoa-fone\">(53) 32843995<\/div><\/div><\/li><li class=\"wpipessoa-post clearfix\"><div class=\"wpipessoa-thumb\"><a href=\"http:\/\/lattes.cnpq.br\/8187650934276466\"><img width=\"200\" height=\"200\" src=\"https:\/\/wp.ufpel.edu.br\/prec\/files\/2024\/04\/ana-paula-200x200.jpg\" class=\"attachment-thumbnail size-thumbnail wp-post-image\" alt=\"\" \/><\/a><\/div><div class=\"wpipessoa-info\"><div class=\"wpipessoa-nome wpipessoa-fonte-grande\"><a href=\"http:\/\/lattes.cnpq.br\/8187650934276466\">Ana Paula Rodrigues<\/a><\/div><div class=\"wpipessoa-funcao wpipessoa-fonte-italica\">N\u00facleo de Apoio a Projetos de Extens\u00e3o<br \/>\r\nEspecialista em Sa\u00fade P\u00fablica com \u00canfase em sa\u00fade da fam\u00edlia<\/div><div class=\"wpipessoa-email\"><a href=\"anarodriguesuni@gmail.com\" target=\"_blank\">anarodriguesuni@gmail.com<\/a><\/div><div class=\"wpipessoa-fone\">(53) 32843998<\/div><\/div><\/li><li class=\"wpipessoa-post clearfix\"><div class=\"wpipessoa-thumb\"><a href=\"http:\/\/lattes.cnpq.br\/6192757244351383\"><img width=\"200\" height=\"200\" src=\"https:\/\/wp.ufpel.edu.br\/prec\/files\/2021\/10\/WhatsApp-Image-2021-10-07-at-15.34.46-200x200.jpeg\" class=\"attachment-thumbnail size-thumbnail wp-post-image\" alt=\"\" \/><\/a><\/div><div class=\"wpipessoa-info\"><div class=\"wpipessoa-nome wpipessoa-fonte-grande\"><a href=\"http:\/\/lattes.cnpq.br\/6192757244351383\">Daniela da Silva Pieper<\/a><\/div><div class=\"wpipessoa-funcao wpipessoa-fonte-italica\">Se\u00e7\u00e3o de Mapeamento e Invent\u00e1rio em Extens\u00e3o<br \/>\r\nDoutora em Educa\u00e7\u00e3o Ambiental<\/div><div class=\"wpipessoa-email\"><a href=\"pieper@ufpel.edu.br\" target=\"_blank\">pieper@ufpel.edu.br<\/a><\/div><div class=\"wpipessoa-fone\">(53) 32843994<\/div><\/div><\/li><li class=\"wpipessoa-post clearfix\"><div class=\"wpipessoa-thumb\"><a href=\"http:\/\/lattes.cnpq.br\/2305735447886141\"><img width=\"200\" height=\"200\" src=\"https:\/\/wp.ufpel.edu.br\/prec\/files\/2017\/07\/krischna-200x200.jpg\" class=\"attachment-thumbnail size-thumbnail wp-post-image\" alt=\"\" \/><\/a><\/div><div class=\"wpipessoa-info\"><div class=\"wpipessoa-nome wpipessoa-fonte-grande\"><a href=\"http:\/\/lattes.cnpq.br\/2305735447886141\">Krischna Silveira Duarte<\/a><\/div><div class=\"wpipessoa-funcao wpipessoa-fonte-italica\">Coordena\u00e7\u00e3o de Arte, Cultura e Patrim\u00f4nio<br \/>\r\nDoutora em Educa\u00e7\u00e3o<\/div><div class=\"wpipessoa-email\"><a href=\"krischna.duarte@ufpel.edu.br\" target=\"_blank\">krischna.duarte@ufpel.edu.br<\/a><\/div><div class=\"wpipessoa-fone\">(53)\u00a032843994<\/div><\/div><\/li><li class=\"wpipessoa-post clearfix\"><div class=\"wpipessoa-thumb\"><a href=\"http:\/\/lattes.cnpq.br\/3395141845431850\"><img width=\"200\" height=\"200\" src=\"https:\/\/wp.ufpel.edu.br\/prec\/files\/2022\/04\/patricia-200x200.png\" class=\"attachment-thumbnail size-thumbnail wp-post-image\" alt=\"\" srcset=\"https:\/\/wp.ufpel.edu.br\/prec\/files\/2022\/04\/patricia-200x200.png 200w, https:\/\/wp.ufpel.edu.br\/prec\/files\/2022\/04\/patricia-398x400.png 398w, https:\/\/wp.ufpel.edu.br\/prec\/files\/2022\/04\/patricia-32x32.png 32w, https:\/\/wp.ufpel.edu.br\/prec\/files\/2022\/04\/patricia.png 739w\" sizes=\"(max-width: 200px) 100vw, 200px\" \/><\/a><\/div><div class=\"wpipessoa-info\"><div class=\"wpipessoa-nome wpipessoa-fonte-grande\"><a href=\"http:\/\/lattes.cnpq.br\/3395141845431850\">Patricia de Borba Pereira<\/a><\/div><div class=\"wpipessoa-funcao wpipessoa-fonte-italica\">Pr\u00f3-Reitoria de Extens\u00e3o e Cultura<br \/>\r\nMestre em Ci\u00eancias Ambientais<\/div><div class=\"wpipessoa-email\"><a href=\"ppborba@ufpel.edu.br\" target=\"_blank\">ppborba@ufpel.edu.br<\/a><\/div><div class=\"wpipessoa-fone\">(53) 32843994<\/div><\/div><\/li><li class=\"wpipessoa-post clearfix\"><div class=\"wpipessoa-thumb\"><a href=\"http:\/\/lattes.cnpq.br\/0096250395358096\"><img width=\"200\" height=\"200\" src=\"https:\/\/wp.ufpel.edu.br\/prec\/files\/2021\/05\/silvia-200x200.png\" class=\"attachment-thumbnail size-thumbnail wp-post-image\" alt=\"\" \/><\/a><\/div><div class=\"wpipessoa-info\"><div class=\"wpipessoa-nome wpipessoa-fonte-grande\"><a href=\"http:\/\/lattes.cnpq.br\/0096250395358096\">Silvia Carla Bauer Barcellos<\/a><\/div><div class=\"wpipessoa-funcao wpipessoa-fonte-italica\">Coordena\u00e7\u00e3o de Extens\u00e3o e Desenvolvimento Social<br \/>\r\nMestre em Desenvolvimento Territorial e Sistemas Agroindustriais<br \/>\r\n<\/div><div class=\"wpipessoa-email\"><a href=\"silviab@ufpel.edu.br\" target=\"_blank\">silviab@ufpel.edu.br<\/a><\/div><div class=\"wpipessoa-fone\">(53) 32843998<\/div><\/div><\/li><li class=\"wpipessoa-post clearfix\"><div class=\"wpipessoa-thumb\"><a href=\"http:\/\/lattes.cnpq.br\/8192166936418138\"><img width=\"200\" height=\"200\" src=\"https:\/\/wp.ufpel.edu.br\/prec\/files\/2021\/10\/Terena-200x200.jpeg\" class=\"attachment-thumbnail size-thumbnail wp-post-image\" alt=\"\" \/><\/a><\/div><div class=\"wpipessoa-info\"><div class=\"wpipessoa-nome wpipessoa-fonte-grande\"><a href=\"http:\/\/lattes.cnpq.br\/8192166936418138\">Terena Souza da Silva<\/a><\/div><div class=\"wpipessoa-funcao wpipessoa-fonte-italica\">Se\u00e7\u00e3o de Registro e Acompanhamento<br \/>\r\nDoutora em Pol\u00edtica Social e Direitos Humanos<\/div><div class=\"wpipessoa-email\"><a href=\"terena.silva@ufpel.edu.br\" target=\"_blank\">terena.silva@ufpel.edu.br<\/a><\/div><div class=\"wpipessoa-fone\">(53) 32843992<\/div><\/div><\/li><\/ul>\n","protected":false},"excerpt":{"rendered":"<div class=\"wpipessoa-lista wpipessoa-info\">\n<div class=\"wpipessoa-funcao wpipessoa-fonte-italica\">Se\u00e7\u00e3o de Registro e Acompanhamento<br \/>\nDoutora em Pol\u00edtica Social e Direitos Humanos<\/div>\n<div class=\"wpipessoa-email\"><a href=\"terena.silva@ufpel.edu.br\" target=\"_blank\">terena.silva@ufpel.edu.br<\/a><\/div>\n<div class=\"wpipessoa-fone\">(53) 32843992<\/div>\n<\/div>\n","protected":false},"author":34,"featured_media":14052,"parent":166,"menu_order":0,"comment_status":"closed","ping_status":"closed","template":"","meta":{"footnotes":""},"class_list":["post-236","page","type-page","status-publish","has-post-thumbnail","hentry"],"jetpack_sharing_enabled":true,"jetpack_shortlink":"https:\/\/wp.me\/P70d9s-3O","_links":{"self":[{"href":"https:\/\/wp.ufpel.edu.br\/prec\/wp-json\/wp\/v2\/pages\/236","targetHints":{"allow":["GET"]}}],"collection":[{"href":"https:\/\/wp.ufpel.edu.br\/prec\/wp-json\/wp\/v2\/pages"}],"about":[{"href":"https:\/\/wp.ufpel.edu.br\/prec\/wp-json\/wp\/v2\/types\/page"}],"author":[{"embeddable":true,"href":"https:\/\/wp.ufpel.edu.br\/prec\/wp-json\/wp\/v2\/users\/34"}],"replies":[{"embeddable":true,"href":"https:\/\/wp.ufpel.edu.br\/prec\/wp-json\/wp\/v2\/comments?post=236"}],"version-history":[{"count":145,"href":"https:\/\/wp.ufpel.edu.br\/prec\/wp-json\/wp\/v2\/pages\/236\/revisions"}],"predecessor-version":[{"id":7653,"href":"https:\/\/wp.ufpel.edu.br\/prec\/wp-json\/wp\/v2\/pages\/236\/revisions\/7653"}],"up":[{"embeddable":true,"href":"https:\/\/wp.ufpel.edu.br\/prec\/wp-json\/wp\/v2\/pages\/166"}],"wp:featuredmedia":[{"embeddable":true,"href":"https:\/\/wp.ufpel.edu.br\/prec\/wp-json\/wp\/v2\/media\/14052"}],"wp:attachment":[{"href":"https:\/\/wp.ufpel.edu.br\/prec\/wp-json\/wp\/v2\/media?parent=236"}],"curies":[{"name":"wp","href":"https:\/\/api.w.org\/{rel}","templated":true}]}}