{"id":2327,"date":"2014-03-13T13:22:42","date_gmt":"2014-03-13T16:22:42","guid":{"rendered":"https:\/\/wp.ufpel.edu.br\/prec\/?page_id=2327"},"modified":"2017-05-25T13:32:39","modified_gmt":"2017-05-25T16:32:39","slug":"areas-tematicas","status":"publish","type":"page","link":"https:\/\/wp.ufpel.edu.br\/prec\/sobre-a-prec\/areas-tematicas\/","title":{"rendered":"\u00c1reas Tem\u00e1ticas"},"content":{"rendered":"<p><b>Comunica\u00e7\u00e3o<\/b><\/p>\n<p>Comunica\u00e7\u00e3o social; m\u00eddia comunit\u00e1ria escrita e eletr\u00f4nica; produ\u00e7\u00e3o e difus\u00e3o de material educativo; televis\u00e3o universit\u00e1ria; r\u00e1dio universit\u00e1ria; capacita\u00e7\u00e3o e qualifica\u00e7\u00e3o de recursos humanos e de gestores de pol\u00edticas p\u00fablicas de comunica\u00e7\u00e3o social; coopera\u00e7\u00e3o interinstitucional e coopera\u00e7\u00e3o internacional na \u00e1rea.<\/p>\n<p>&nbsp;<\/p>\n<p><b>\u00a0Cultura<\/b><\/p>\n<p>Desenvolvimento de cultura; cultura, mem\u00f3ria e patrim\u00f4nio; cultura e mem\u00f3ria social; cultura e sociedade; folclore, artesanato e tradi\u00e7\u00f5es culturais; produ\u00e7\u00e3o cultural e art\u00edstica na \u00e1rea de artes pl\u00e1sticas e artes gr\u00e1ficas; produ\u00e7\u00e3o cultural e art\u00edstica na \u00e1rea de fotografia, cinema e v\u00eddeo; produ\u00e7\u00e3o cultural e art\u00edstica na \u00e1rea de m\u00fasica e dan\u00e7a; produ\u00e7\u00e3o teatral e circense; r\u00e1dio universit\u00e1ria; capacita\u00e7\u00e3o de gestores de pol\u00edticas p\u00fablicas do setor cultural; coopera\u00e7\u00e3o interinstitucional e coopera\u00e7\u00e3o internacional na \u00e1rea; cultura e mem\u00f3ria social.<\/p>\n<p>&nbsp;<\/p>\n<p><b>\u00a0Direitos Humanos e Justi\u00e7a <\/b><\/p>\n<p>Assist\u00eancia jur\u00eddica; capacita\u00e7\u00e3o e qualifica\u00e7\u00e3o de recursos humanos e de gestores de pol\u00edticas p\u00fablicas de direitos humanos; coopera\u00e7\u00e3o interinstitucional e coopera\u00e7\u00e3o internacional na \u00e1rea; direitos de grupos sociais; organiza\u00e7\u00f5es populares; quest\u00e3o agr\u00e1ria.<\/p>\n<p>&nbsp;<\/p>\n<p><b>\u00a0Educa\u00e7\u00e3o<\/b><\/p>\n<p>Educa\u00e7\u00e3o b\u00e1sica; educa\u00e7\u00e3o e cidadania; educa\u00e7\u00e3o \u00e0 dist\u00e2ncia; educa\u00e7\u00e3o continuada; educa\u00e7\u00e3o de jovens e adultos; educa\u00e7\u00e3o especial; educa\u00e7\u00e3o infantil; ensino fundamental; ensino m\u00e9dio; incentivo \u00e0 leitura; capacita\u00e7\u00e3o e qualifica\u00e7\u00e3o de recursos humanos e de gestores de pol\u00edticas p\u00fablicas de educa\u00e7\u00e3o; coopera\u00e7\u00e3o interinstitucional e internacional na \u00e1rea.<\/p>\n<p>&nbsp;<\/p>\n<p><b>\u00a0Meio ambiente<\/b><\/p>\n<p>Preserva\u00e7\u00e3o e sustentabilidade do meio ambiente; meio ambiente e desenvolvimento sustent\u00e1vel; desenvolvimento regional sustent\u00e1vel; aspectos de meio ambiente e sustentabilidade do desenvolvimento urbano e do desenvolvimento rural; capacita\u00e7\u00e3o e qualifica\u00e7\u00e3o de recursos humanos e de gestores de pol\u00edticas p\u00fablicas de meio ambiente; coopera\u00e7\u00e3o interinstitucional e coopera\u00e7\u00e3o internacional na \u00e1rea; educa\u00e7\u00e3o ambiental, gest\u00e3o de recursos naturais, sistemas integrados para bacias regionais.<\/p>\n<p>&nbsp;<\/p>\n<p><b>\u00a0Sa\u00fade<\/b><\/p>\n<p>Promo\u00e7\u00e3o da sa\u00fade e da qualidade de vida; aten\u00e7\u00e3o a grupos de pessoas com necessidades especiais; aten\u00e7\u00e3o integral \u00e0 mulher; aten\u00e7\u00e3o integral \u00e0 crian\u00e7a; aten\u00e7\u00e3o integral \u00e0 terceira idade; aten\u00e7\u00e3o integral ao adolescente e ao jovem; capacita\u00e7\u00e3o e qualifica\u00e7\u00e3o de recursos humanos e de gestores de pol\u00edticas p\u00fablicas de sa\u00fade; coopera\u00e7\u00e3o interinstitucional e coopera\u00e7\u00e3o internacional na \u00e1rea; desenvolvimento do sistema de sa\u00fade; sa\u00fade e seguran\u00e7a no trabalho; esporte, lazer e sa\u00fade; hospitais e cl\u00ednicas universit\u00e1rias; novas endemias e epidemias; sa\u00fade da fam\u00edlia; uso e depend\u00eancia de drogas.<\/p>\n<p>&nbsp;<\/p>\n<p><b>Tecnologia e Produ\u00e7\u00e3o<\/b><\/p>\n<p>Transfer\u00eancia de tecnologias apropriadas; empreendedorismo; empresas juniores; inova\u00e7\u00e3o tecnol\u00f3gica; polos tecnol\u00f3gicos; capacita\u00e7\u00e3o e qualifica\u00e7\u00e3o de recursos humanos e de gestores de pol\u00edticas p\u00fablicas de ci\u00eancias e tecnologia; coopera\u00e7\u00e3o interinstitucional e coopera\u00e7\u00e3o internacional na \u00e1rea; direitos de propriedade de patentes.<\/p>\n<p>&nbsp;<\/p>\n<p><b>\u00a0Trabalho<\/b><\/p>\n<p>Reforma agr\u00e1ria e trabalho rural; trabalho e inclus\u00e3o social; capacita\u00e7\u00e3o e qualifica\u00e7\u00e3o de recursos humanos e de gestores de pol\u00edticas p\u00fablicas do trabalho; coopera\u00e7\u00e3o interinstitucional e coopera\u00e7\u00e3o internacional na \u00e1rea; educa\u00e7\u00e3o profissional; organiza\u00e7\u00f5es populares para o trabalho; cooperativas populares; quest\u00e3o agr\u00e1ria; sa\u00fade e seguran\u00e7a no trabalho; trabalho infantil; turismo e oportunidades de trabalho.<\/p>\n<p>&nbsp;<\/p>\n<p>Fonte: http:\/\/forproex.blogspot.com.br\/<\/p>\n","protected":false},"excerpt":{"rendered":"<p>Comunica\u00e7\u00e3o Comunica\u00e7\u00e3o social; m\u00eddia comunit\u00e1ria escrita e eletr\u00f4nica; produ\u00e7\u00e3o e difus\u00e3o de material educativo; televis\u00e3o universit\u00e1ria; r\u00e1dio universit\u00e1ria; capacita\u00e7\u00e3o e qualifica\u00e7\u00e3o de recursos humanos e de gestores de pol\u00edticas p\u00fablicas de comunica\u00e7\u00e3o social; coopera\u00e7\u00e3o interinstitucional e coopera\u00e7\u00e3o internacional na \u00e1rea. &nbsp; \u00a0Cultura Desenvolvimento de cultura; cultura, mem\u00f3ria e patrim\u00f4nio; cultura e mem\u00f3ria social; cultura e [&hellip;]<\/p>\n","protected":false},"author":34,"featured_media":0,"parent":166,"menu_order":8,"comment_status":"closed","ping_status":"closed","template":"","meta":{"footnotes":""},"class_list":["post-2327","page","type-page","status-publish","hentry"],"jetpack_sharing_enabled":true,"jetpack_shortlink":"https:\/\/wp.me\/P70d9s-Bx","_links":{"self":[{"href":"https:\/\/wp.ufpel.edu.br\/prec\/wp-json\/wp\/v2\/pages\/2327","targetHints":{"allow":["GET"]}}],"collection":[{"href":"https:\/\/wp.ufpel.edu.br\/prec\/wp-json\/wp\/v2\/pages"}],"about":[{"href":"https:\/\/wp.ufpel.edu.br\/prec\/wp-json\/wp\/v2\/types\/page"}],"author":[{"embeddable":true,"href":"https:\/\/wp.ufpel.edu.br\/prec\/wp-json\/wp\/v2\/users\/34"}],"replies":[{"embeddable":true,"href":"https:\/\/wp.ufpel.edu.br\/prec\/wp-json\/wp\/v2\/comments?post=2327"}],"version-history":[{"count":11,"href":"https:\/\/wp.ufpel.edu.br\/prec\/wp-json\/wp\/v2\/pages\/2327\/revisions"}],"predecessor-version":[{"id":6943,"href":"https:\/\/wp.ufpel.edu.br\/prec\/wp-json\/wp\/v2\/pages\/2327\/revisions\/6943"}],"up":[{"embeddable":true,"href":"https:\/\/wp.ufpel.edu.br\/prec\/wp-json\/wp\/v2\/pages\/166"}],"wp:attachment":[{"href":"https:\/\/wp.ufpel.edu.br\/prec\/wp-json\/wp\/v2\/media?parent=2327"}],"curies":[{"name":"wp","href":"https:\/\/api.w.org\/{rel}","templated":true}]}}