{"id":2323,"date":"2014-03-13T13:13:28","date_gmt":"2014-03-13T16:13:28","guid":{"rendered":"https:\/\/wp.ufpel.edu.br\/prec\/?page_id=2323"},"modified":"2019-09-18T15:06:05","modified_gmt":"2019-09-18T18:06:05","slug":"extensao-universitaria","status":"publish","type":"page","link":"https:\/\/wp.ufpel.edu.br\/prec\/sobre-a-prec\/extensao-universitaria\/","title":{"rendered":"Extens\u00e3o Universit\u00e1ria"},"content":{"rendered":"<p>A Extens\u00e3o Universit\u00e1ria, sob o princ\u00edpio constitucional da indissociabilidade entre ensino, pesquisa e extens\u00e3o, \u00e9 um processo interdisciplinar, educativo, cultural, cient\u00edfico e pol\u00edtico que promove a intera\u00e7\u00e3o transformadora entre Universidade e outros setores da sociedade (FORPROEX, 2012).<\/p>\n<p>Consonante com o FORPROEXT, a Extens\u00e3o na UFPel objetiva promover a intera\u00e7\u00e3o dial\u00f3gica e a integra\u00e7\u00e3o transformadora entre a Universidade e outros setores da sociedade, a difus\u00e3o do conhecimento produzido e a capacita\u00e7\u00e3o dos cidad\u00e3os e profissionais comprometidos com a realidade social, sendo norteada pelas quatro diretrizes abalizadas pela Pol\u00edtica Nacional de Extens\u00e3o universit\u00e1ria:<\/p>\n<ol>\n<li>A intera\u00e7\u00e3o dial\u00f3gica da comunidade acad\u00eamica com a sociedade por meio da troca de conhecimentos, da participa\u00e7\u00e3o e do contato com as quest\u00f5es complexas contempor\u00e2neas presentes no contexto social;<\/li>\n<li>A forma\u00e7\u00e3o cidad\u00e3 dos estudantes, marcada e constitu\u00edda pela viv\u00eancia dos seus conhecimentos, que, de modo interprofissional e interdisciplinar, seja valorizada e integrada \u00e0 matriz curricular;<\/li>\n<li>A produ\u00e7\u00e3o de mudan\u00e7as na pr\u00f3pria institui\u00e7\u00e3o superior e nos demais setores da sociedade, a partir da constru\u00e7\u00e3o e aplica\u00e7\u00e3o de conhecimentos, bem como por outras atividades acad\u00eamicas e sociais;<\/li>\n<li>A articula\u00e7\u00e3o entre ensino\/extens\u00e3o\/pesquisa, ancorada em processo pedag\u00f3gico \u00fanico, interdisciplinar, pol\u00edtico educacional, cultural, cient\u00edfico e tecnol\u00f3gico.<\/li>\n<\/ol>\n<p>&nbsp;<\/p>\n","protected":false},"excerpt":{"rendered":"<p>A Extens\u00e3o Universit\u00e1ria, sob o princ\u00edpio constitucional da indissociabilidade entre ensino, pesquisa e extens\u00e3o, \u00e9 um processo interdisciplinar, educativo, cultural, cient\u00edfico e pol\u00edtico que promove a intera\u00e7\u00e3o transformadora entre Universidade e outros setores da sociedade (FORPROEX, 2012). Consonante com o FORPROEXT, a Extens\u00e3o na UFPel objetiva promover a intera\u00e7\u00e3o dial\u00f3gica e a integra\u00e7\u00e3o transformadora entre [&hellip;]<\/p>\n","protected":false},"author":34,"featured_media":0,"parent":166,"menu_order":6,"comment_status":"closed","ping_status":"closed","template":"","meta":{"footnotes":""},"class_list":["post-2323","page","type-page","status-publish","hentry"],"jetpack_sharing_enabled":true,"jetpack_shortlink":"https:\/\/wp.me\/P70d9s-Bt","_links":{"self":[{"href":"https:\/\/wp.ufpel.edu.br\/prec\/wp-json\/wp\/v2\/pages\/2323","targetHints":{"allow":["GET"]}}],"collection":[{"href":"https:\/\/wp.ufpel.edu.br\/prec\/wp-json\/wp\/v2\/pages"}],"about":[{"href":"https:\/\/wp.ufpel.edu.br\/prec\/wp-json\/wp\/v2\/types\/page"}],"author":[{"embeddable":true,"href":"https:\/\/wp.ufpel.edu.br\/prec\/wp-json\/wp\/v2\/users\/34"}],"replies":[{"embeddable":true,"href":"https:\/\/wp.ufpel.edu.br\/prec\/wp-json\/wp\/v2\/comments?post=2323"}],"version-history":[{"count":8,"href":"https:\/\/wp.ufpel.edu.br\/prec\/wp-json\/wp\/v2\/pages\/2323\/revisions"}],"predecessor-version":[{"id":12597,"href":"https:\/\/wp.ufpel.edu.br\/prec\/wp-json\/wp\/v2\/pages\/2323\/revisions\/12597"}],"up":[{"embeddable":true,"href":"https:\/\/wp.ufpel.edu.br\/prec\/wp-json\/wp\/v2\/pages\/166"}],"wp:attachment":[{"href":"https:\/\/wp.ufpel.edu.br\/prec\/wp-json\/wp\/v2\/media?parent=2323"}],"curies":[{"name":"wp","href":"https:\/\/api.w.org\/{rel}","templated":true}]}}