{"id":21950,"date":"2025-01-23T09:54:15","date_gmt":"2025-01-23T12:54:15","guid":{"rendered":"https:\/\/wp.ufpel.edu.br\/prec\/?page_id=21950"},"modified":"2026-03-09T10:25:50","modified_gmt":"2026-03-09T13:25:50","slug":"eap","status":"publish","type":"page","link":"https:\/\/wp.ufpel.edu.br\/prec\/eap\/","title":{"rendered":"EAP"},"content":{"rendered":"<p style=\"text-align: center\"><span style=\"font-size: 18pt\"><strong>ESPA\u00c7O DE ARTE POPULAR: ENCONTRO DE SABERES<\/strong><\/span><\/p>\n<p>O EAP &#8211; ESPA\u00c7O DE ARTE POPULAR: ENCONTRO DE SABERES da UFPel \u00e9 espa\u00e7o voltado para atividades voltadas a aproxima\u00e7\u00f5es e contatos com refer\u00eancias e iniciativas de encontros de saberes no espa\u00e7os universit\u00e1rios, com o prop\u00f3sito de construir uma UFPel mais pluriversit\u00e1ria.<\/p>\n<p>Assim, eventos, componentes curriculares de gradua\u00e7\u00e3o e p\u00f3s-gradua\u00e7\u00e3o, projetos unificados e iniciativas da comunidade externa que, de forma integrada, tenham necessidade de espa\u00e7o e estrutura para desenvolver suas atividades, podem solicitar agendamento no EAP.<\/p>\n<p>&nbsp;<\/p>\n<p><strong>Sobre o local:<\/strong><\/p>\n\n\t\t<style type=\"text\/css\">\n\t\t\t#gallery-1 {\n\t\t\t\tmargin: auto;\n\t\t\t}\n\t\t\t#gallery-1 .gallery-item {\n\t\t\t\tfloat: left;\n\t\t\t\tmargin-top: 10px;\n\t\t\t\ttext-align: center;\n\t\t\t\twidth: 50%;\n\t\t\t}\n\t\t\t#gallery-1 img {\n\t\t\t\tborder: 2px solid #cfcfcf;\n\t\t\t}\n\t\t\t#gallery-1 .gallery-caption {\n\t\t\t\tmargin-left: 0;\n\t\t\t}\n\t\t\t\/* see gallery_shortcode() in wp-includes\/media.php *\/\n\t\t<\/style>\n\t\t<div id='gallery-1' class='gallery galleryid-21950 gallery-columns-2 gallery-size-large'><dl class='gallery-item'>\n\t\t\t<dt class='gallery-icon landscape'>\n\t\t\t\t<a href='https:\/\/wp.ufpel.edu.br\/prec\/eap\/eap1\/'><img width=\"1024\" height=\"461\" src=\"https:\/\/wp.ufpel.edu.br\/prec\/files\/2026\/03\/eap1-1024x461.jpeg\" class=\"attachment-large size-large\" alt=\"\" srcset=\"https:\/\/wp.ufpel.edu.br\/prec\/files\/2026\/03\/eap1-1024x461.jpeg 1024w, https:\/\/wp.ufpel.edu.br\/prec\/files\/2026\/03\/eap1-400x180.jpeg 400w, https:\/\/wp.ufpel.edu.br\/prec\/files\/2026\/03\/eap1-768x346.jpeg 768w, https:\/\/wp.ufpel.edu.br\/prec\/files\/2026\/03\/eap1.jpeg 1280w\" sizes=\"(max-width: 1024px) 100vw, 1024px\" \/><\/a>\n\t\t\t<\/dt><\/dl><dl class='gallery-item'>\n\t\t\t<dt class='gallery-icon landscape'>\n\t\t\t\t<a href='https:\/\/wp.ufpel.edu.br\/prec\/eap\/eap2\/'><img width=\"1024\" height=\"461\" src=\"https:\/\/wp.ufpel.edu.br\/prec\/files\/2026\/03\/eap2-1024x461.jpeg\" class=\"attachment-large size-large\" alt=\"\" srcset=\"https:\/\/wp.ufpel.edu.br\/prec\/files\/2026\/03\/eap2-1024x461.jpeg 1024w, https:\/\/wp.ufpel.edu.br\/prec\/files\/2026\/03\/eap2-400x180.jpeg 400w, https:\/\/wp.ufpel.edu.br\/prec\/files\/2026\/03\/eap2-768x346.jpeg 768w, https:\/\/wp.ufpel.edu.br\/prec\/files\/2026\/03\/eap2.jpeg 1280w\" sizes=\"(max-width: 1024px) 100vw, 1024px\" \/><\/a>\n\t\t\t<\/dt><\/dl><br style=\"clear: both\" \/>\n\t\t<\/div>\n\n<p><span style=\"font-size: 10pt\"><strong>Endere\u00e7o:<\/strong> R. Benjamin Constant, 1071 &#8211; Centro, Pelotas &#8211; RS, 96010-020 (Anexo \u00e0 Editora e Livraria UFPel)<\/span><\/p>\n<p><span style=\"font-size: 10pt\">\n<!-- iframe plugin v.6.0 wordpress.org\/plugins\/iframe\/ -->\n<iframe src=\"https:\/\/www.google.com\/maps\/embed?pb=!1m14!1m8!1m3!1d423.9525665646008!2d-52.3369161!3d-31.7808342!3m2!1i1024!2i768!4f13.1!3m3!1m2!1s0x9511b57c88b4d305%3A0x781d961dcbfa0bd9!2sEspa%C3%A7o%20Arte%20Popular%3A%20encontro%20de%20saberes!5e0!3m2!1spt-BR!2sbr!4v1773062300346!5m2!1spt-BR!2sbr\" width=\"600\" height=\"450\" style=\"border:0;\" allowfullscreen loading=\"lazy\" 0=\"referrerpolicy=&quot;no-referrer-when-downgrade&quot;&gt;&lt;\/iframe\" scrolling=\"yes\" class=\"iframe-class\" frameborder=\"0\"><\/iframe>\n<\/span><\/p>\n<p>&nbsp;<\/p>\n<p><strong>Agenda do EAP:<\/strong><\/p>\n<p><strong><span style=\"font-size: 10pt\">Crit\u00e9rios para reserva e uso do espa\u00e7o:<\/span><\/strong><\/p>\n<ul>\n<li><span style=\"font-size: 10pt\">Eventos de pequeno porte que envolvam atividades pr\u00e1ticas e\/ou atividades te\u00f3rico-reflexivas. (capacidade para at\u00e9 40 pessoas no tablado e at\u00e9 10 pessoas na sala); N\u00c3O SER\u00c3O PERMITIDAS ATIVIDADES DE ALTO IMPACTO SONORO NO ESPA\u00c7O.<\/span><\/li>\n<li><span style=\"font-size: 10pt\">Hor\u00e1rios e datas dispon\u00edveis: de segunda a sexta-feira das 8 \u00e0s 20h; dias e hor\u00e1rios diferentes desta indica\u00e7\u00e3o poder\u00e3o ser atendidos mediante solicita\u00e7\u00e3o justificada e possibilidade de uso seguro do pr\u00e9dio);<\/span><\/li>\n<li><span style=\"font-size: 10pt\">Toda divulga\u00e7\u00e3o e necessidade de equipamentos, insumos etc, ficam a crit\u00e9rio do solicitante. A gest\u00e3o do espa\u00e7o pode apoiar com orienta\u00e7\u00f5es, na medida da possibilidade;<\/span><\/li>\n<li><span style=\"font-size: 10pt\">O cancelamento do mesmo dever\u00e1 ser informado com no m\u00e1ximo 3 dias de anteced\u00eancia;<\/span><\/li>\n<li><span style=\"font-size: 10pt\">N\u00e3o disponibilizamos estacionamento;<\/span><\/li>\n<li><span style=\"font-size: 10pt\">Caso tamb\u00e9m haja interesse de utiliza\u00e7\u00e3o do espa\u00e7o externo ou da estrutura da Livraria\/Editora da UFPel, \u00e9 preciso que seja indicado na solicita\u00e7\u00e3o, sendo que esta demanda espec\u00edfica ser\u00e1 confirmada junto aos setores respons\u00e1veis por tais espa\u00e7os;<\/span><\/li>\n<li><span style=\"font-size: 10pt\">Ap\u00f3s Solicita\u00e7\u00e3o, aguarde nosso retorno.<\/span><\/li>\n<\/ul>\n<p><strong><span style=\"font-size: 10pt\">Verifique a disponibilidade na agenda e solicite reserva atrav\u00e9s do formul\u00e1rio abaixo:<\/span><\/strong><\/p>\n\n<!-- iframe plugin v.6.0 wordpress.org\/plugins\/iframe\/ -->\n<iframe src=\"https:\/\/calendar.google.com\/calendar\/embed?src=eap.ufpel%40gmail.com&#038;ctz=America%2FSao_Paulo\" style=\"border: 0\" width=\"700\" height=\"600\" frameborder=\"0\" 0=\"scrolling=&quot;no&quot;&gt;&lt;\/iframe\" scrolling=\"yes\" class=\"iframe-class\"><\/iframe>\n\n<div data-test='contact-form'\n\t\t\tid='contact-form-21950'\n\t\t\tclass='wp-block-jetpack-contact-form-container '\n\t\t\tdata-wp-interactive='jetpack\/form' data-wp-context='{\"formId\":\"21950\",\"formHash\":\"6e910e547561acc8c3da5f495eadb71ed9e30aa0\",\"showErrors\":false,\"errors\":[],\"fields\":[],\"isMultiStep\":false,\"useAjax\":true,\"submissionData\":null,\"formattedSubmissionData\":[],\"submissionSuccess\":false,\"submissionError\":null,\"elementId\":\"jp-form-6e910e547561acc8c3da5f495eadb71ed9e30aa0\",\"isSingleInputForm\":false}'\n\t\t\tdata-wp-watch--scroll-to-wrapper=\"callbacks.scrollToWrapper\"\n\t\t>\n<div class=\"contact-form-submission contact-form-ajax-submission\" data-wp-class--submission-success=\"context.submissionSuccess\"><p class=\"go-back-message\"><a class=\"link\" role=\"button\" tabindex=\"0\" data-wp-on--click=\"actions.goBack\" href=\"\/prec\/wp-json\/wp\/v2\/pages\/21950\">Voltar<\/a><\/p><h4 id=\"contact-form-success-header\">Sua mensagem foi enviada<\/h4>\n\n<template data-wp-each--submission=\"context.formattedSubmissionData\">\n\t\t\t\t\t<div class=\"jetpack_forms_contact-form-success-summary\">\n\t\t\t\t\t\t<div class=\"field-name\" data-wp-text=\"context.submission.label\" data-wp-bind--hidden=\"!context.submission.label\"><\/div>\n\t\t\t\t\t\t<div class=\"field-value\" data-wp-text=\"context.submission.value\"><\/div>\n\t\t\t\t\t\t<div class=\"field-images\" data-wp-bind--hidden=\"!context.submission.images\">\n\t\t\t\t\t\t\t<template data-wp-each--image=\"context.submission.images\">\n\t\t\t\t\t\t\t\t<figure class=\"field-image\" data-wp-class--is-empty=\"!context.image\">\n\t\t\t\t\t\t\t\t\t<img data-wp-bind--src=\"context.image\" data-wp-bind--hidden=\"!context.image\" \/>\n\t\t\t\t\t\t\t\t\t<img src=\"data:image\/gif;base64,R0lGODlhAQABAAD\/ACwAAAAAAQABAAACADs=\" data-wp-bind--hidden=\"context.image\" \/>\n\t\t\t\t\t\t\t\t<\/figure>\n\t\t\t\t\t\t\t<\/template>\n\t\t\t\t\t\t<\/div>\n\t\t\t\t\t<\/div>\n\t\t\t\t<\/template><\/div><form action='https:\/\/wp.ufpel.edu.br\/prec\/eap\/'\n\t\t\t\tid='jp-form-6e910e547561acc8c3da5f495eadb71ed9e30aa0'\n\t\t\t\tmethod='post'\n\t\t\t\tclass='contact-form commentsblock' aria-label=\"EAP\"\n\t\t\t\tdata-wp-on--submit=\"actions.onFormSubmit\"\n\t\t\t\tdata-wp-on--reset=\"actions.onFormReset\"\n\t\t\t\tdata-wp-class--submission-success=\"context.submissionSuccess\"\n\t\t\t\tdata-wp-class--is-first-step=\"state.isFirstStep\"\n\t\t\t\tdata-wp-class--is-last-step=\"state.isLastStep\"\n\t\t\t\tdata-wp-class--is-ajax-form=\"context.useAjax\"\n\t\t\t\tnovalidate >\n<input type='hidden' name='jetpack_contact_form_jwt' value='eyJ0eXAiOiJKV1QiLCJhbGciOiJIUzI1NiJ9.eyJlbmNyeXB0ZWRfYXR0cmlidXRlcyI6Ilc0ZHFYc0lDdHMyTFhUb3ExZlBtZGtEWjZPL2U2QzJqQlNBNmNhU0VKSzFSVGtSb0I5SUZOYzM4L0ovRHB1UmZFZVlkdkN1TjUvY1FEM3pNNTE2c0ZiWUFSR3lvb0xVQjBqVktxTUh5M1d5Rk85S2hkdGxWVXNzL1JvTnpSWFRxZldSUmhqeHF3U284N2N4NDNmeC85OGdJamVnS0Yvdy96THVVYld6WjhLM0hoeUdKeU1vSnZFZEl3Q2IvQ0o5UnIvTW5zOU1jYjJzb0hWTEtuRkZuNzNnTUVDQVRkZWpGZy91c2gvNnBDRkVKZ3dsK2ZCOUcyeEZtbTZhUnhNQ0EvR3poZTFYVHladCswWWVycUF1dm5MVkRScFF3N0RNN2xsdVBVOHdOaWZvbm5pR1h2elcrTldaS3hSZ0V5ZWV3Sk9nbElVOE5ROFRyL1RDVU9KeSthaXI0d2NxbFcxSzloekpKRHRudkZEUVVZdlhqai9FVXVPKy9SYjF2dzhyd2UrblVhajIzYkxwM1dsMnJCK250UTZMdzNocTdQK1ZPNWRraUc2M3Zpd0pVL2dlbjdlWnNiTTE2Uk1KOGZzc1hiNnh5UzhNNk5Va1JsQXNrcDgrRGYxV05sS055WW5ReW50Q3Y0RXRUWjM4TUpJWWJpQjlqd2ZnK3pmY21mQzBWNnBwUmxIa1pBT1hPQms4VVJncGVJcjgweVJRMjJOdnFRT1NMRHNjU2JaNnhxTXZwN3JTdFd1QXIrRWNxNGVQSkdEZnJWbGpITTRobWJ2VnJnTnFVdkZWdXFiN3B3VmlmK0tOT21VaTEzOUl2TmNJZ2hnWVVwMEdzZHVYUFNCVW9rL1M5SS9PN3Q1N1NqdU0xc3ZORGFMdWpjQVRucXNFRXhQSXBOK08vMjVsMVg1dDBsWUZxYWVxcFlJWGNYUEc5NXI2SmZsMXUxY1JCQ05sN1Y3VjgyTTZTeFZ1ZDY5VzM2N0RpMGo3Z2lvTU5NaXJJdjBRU05TWjJPbnl1aEdnNEJpb3VKbzhZcGdqRGNiYVV4c1NvQUhMU1dkUE45VTFBN25Vd2t6R1JJTms2aExNYjFJZWJDTk1tZzI2eXhtWHpqQUJ4U09KTWxZQjY5MHJiSklzZ1pxQT0iLCJjb250ZW50IjoiW2NvbnRhY3QtZmllbGQgbGFiZWw9XCJOb21lXCIgdHlwZT1cIm5hbWVcIiByZXF1aXJlZD1cIjFcIl1bY29udGFjdC1maWVsZCBsYWJlbD1cIkUtbWFpbFwiIHR5cGU9XCJlbWFpbFwiIHJlcXVpcmVkPVwiMVwiXVtjb250YWN0LWZpZWxkIGxhYmVsPVwiQ29udGF0byAoRm9uZS9XaGF0c0FwcClcIiB0eXBlPVwidGV4dFwiIHJlcXVpcmVkPVwiMVwiXVtjb250YWN0LWZpZWxkIGxhYmVsPVwiRGVzY3JpXHUwMGU3XHUwMGUzbyBkYSBhdGl2aWRhZGUgZSBkYXRhIHByZXRlbmRpZGFcIiB0eXBlPVwidGV4dGFyZWFcIiByZXF1aXJlZD1cIjFcIl0iLCJoYXNoIjoiNmU5MTBlNTQ3NTYxYWNjOGMzZGE1ZjQ5NWVhZGI3MWVkOWUzMGFhMCIsInNvdXJjZSI6eyJlbnRyeV90aXRsZSI6IkVBUCIsImVudHJ5X3BhZ2UiOjEsInNvdXJjZV9pZCI6MjE5NTAsInNvdXJjZV90eXBlIjoic2luZ2xlIiwicmVxdWVzdF91cmwiOiJodHRwczovL3dwLnVmcGVsLmVkdS5ici9wcmVjL3dwLWpzb24vd3AvdjIvcGFnZXMvMjE5NTAifSwidmVyc2lvbiI6MiwiY2lwaGVyIjoiYWVzLTI1Ni1nY20ifQ.s9Ec-ddIAA9WP39RVxSpg47OeB31xZaycMlkmDH8K7w' \/>\n\n<div style=\"\"  data-wp-interactive=\"jetpack\/form\" data-wp-context='{\"fieldId\":\"g21950-nome\",\"fieldType\":\"name\",\"fieldLabel\":\"Nome\",\"fieldValue\":\"\",\"fieldPlaceholder\":\"\",\"fieldIsRequired\":\"1\",\"fieldErrorMessage\":\"\",\"fieldExtra\":[],\"formHash\":\"6e910e547561acc8c3da5f495eadb71ed9e30aa0\"}'  class='grunion-field-name-wrap grunion-field-wrap'  data-wp-init='callbacks.initializeField' data-wp-on--jetpack-form-reset='callbacks.initializeField' >\n<label\n\t\t\t\tfor='g21950-nome' class=\"grunion-field-label name\" >Nome<span class=\"grunion-label-required\" aria-hidden=\"true\">(obrigat\u00f3rio)<\/span><\/label>\n<input\n\t\t\t\t\ttype='text'\n\t\t\t\t\tname='g21950-nome'\n\t\t\t\t\tid='g21950-nome'\n\t\t\t\t\tvalue=''\n\n\t\t\t\t\tdata-wp-bind--aria-invalid='state.fieldHasErrors'\n\t\t\t\t\tdata-wp-bind--value='state.getFieldValue'\n\t\t\t\t\taria-errormessage='g21950-nome-text-error-message'\n\t\t\t\t\tdata-wp-on--input='actions.onFieldChange'\n\t\t\t\t\tdata-wp-on--blur='actions.onFieldBlur'\n\t\t\t\t\tdata-wp-class--has-value='state.hasFieldValue'\n\n\t\t\t\t\tclass='name  grunion-field' \n\t\t\t\t\trequired='true' aria-required='true'  \/>\n \n\t\t\t<div id=\"g21950-nome-text-error\" class=\"contact-form__input-error\" data-wp-class--has-errors=\"state.fieldHasErrors\">\n\t\t\t\t<span class=\"contact-form__warning-icon\">\n\t\t\t\t\t<svg width=\"16\" height=\"16\" viewBox=\"0 0 16 16\" fill=\"none\" xmlns=\"http:\/\/www.w3.org\/2000\/svg\">\n\t\t\t\t\t\t<path d=\"M8.50015 11.6402H7.50015V10.6402H8.50015V11.6402Z\" \/>\n\t\t\t\t\t\t<path d=\"M7.50015 9.64018H8.50015V6.30684H7.50015V9.64018Z\" \/>\n\t\t\t\t\t\t<path fill-rule=\"evenodd\" clip-rule=\"evenodd\" d=\"M6.98331 3.0947C7.42933 2.30177 8.57096 2.30177 9.01698 3.09469L13.8771 11.7349C14.3145 12.5126 13.7525 13.4735 12.8602 13.4735H3.14004C2.24774 13.4735 1.68575 12.5126 2.12321 11.7349L6.98331 3.0947ZM8.14541 3.58496C8.08169 3.47168 7.9186 3.47168 7.85488 3.58496L2.99478 12.2251C2.93229 12.3362 3.01257 12.4735 3.14004 12.4735H12.8602C12.9877 12.4735 13.068 12.3362 13.0055 12.2251L8.14541 3.58496Z\" \/>\n\t\t\t\t\t<\/svg>\n\t\t\t\t\t<span class=\"visually-hidden\">Aviso<\/span>\n\t\t\t\t<\/span>\n\t\t\t\t<span data-wp-text=\"state.errorMessage\" id=\"g21950-nome-text-error-message\" role=\"alert\" aria-live=\"assertive\"><\/span>\n\t\t\t<\/div> \n\t<\/div>\n\n<div style=\"\"  data-wp-interactive=\"jetpack\/form\" data-wp-context='{\"fieldId\":\"g21950-email\",\"fieldType\":\"email\",\"fieldLabel\":\"E-mail\",\"fieldValue\":\"\",\"fieldPlaceholder\":\"\",\"fieldIsRequired\":\"1\",\"fieldErrorMessage\":\"\",\"fieldExtra\":[],\"formHash\":\"6e910e547561acc8c3da5f495eadb71ed9e30aa0\"}'  class='grunion-field-email-wrap grunion-field-wrap'  data-wp-init='callbacks.initializeField' data-wp-on--jetpack-form-reset='callbacks.initializeField' >\n<label\n\t\t\t\tfor='g21950-email' class=\"grunion-field-label email\" >E-mail<span class=\"grunion-label-required\" aria-hidden=\"true\">(obrigat\u00f3rio)<\/span><\/label>\n<input\n\t\t\t\t\ttype='email'\n\t\t\t\t\tname='g21950-email'\n\t\t\t\t\tid='g21950-email'\n\t\t\t\t\tvalue=''\n\n\t\t\t\t\tdata-wp-bind--aria-invalid='state.fieldHasErrors'\n\t\t\t\t\tdata-wp-bind--value='state.getFieldValue'\n\t\t\t\t\taria-errormessage='g21950-email-email-error-message'\n\t\t\t\t\tdata-wp-on--input='actions.onFieldChange'\n\t\t\t\t\tdata-wp-on--blur='actions.onFieldBlur'\n\t\t\t\t\tdata-wp-class--has-value='state.hasFieldValue'\n\n\t\t\t\t\tclass='email  grunion-field' \n\t\t\t\t\trequired='true' aria-required='true'  \/>\n \n\t\t\t<div id=\"g21950-email-email-error\" class=\"contact-form__input-error\" data-wp-class--has-errors=\"state.fieldHasErrors\">\n\t\t\t\t<span class=\"contact-form__warning-icon\">\n\t\t\t\t\t<svg width=\"16\" height=\"16\" viewBox=\"0 0 16 16\" fill=\"none\" xmlns=\"http:\/\/www.w3.org\/2000\/svg\">\n\t\t\t\t\t\t<path d=\"M8.50015 11.6402H7.50015V10.6402H8.50015V11.6402Z\" \/>\n\t\t\t\t\t\t<path d=\"M7.50015 9.64018H8.50015V6.30684H7.50015V9.64018Z\" \/>\n\t\t\t\t\t\t<path fill-rule=\"evenodd\" clip-rule=\"evenodd\" d=\"M6.98331 3.0947C7.42933 2.30177 8.57096 2.30177 9.01698 3.09469L13.8771 11.7349C14.3145 12.5126 13.7525 13.4735 12.8602 13.4735H3.14004C2.24774 13.4735 1.68575 12.5126 2.12321 11.7349L6.98331 3.0947ZM8.14541 3.58496C8.08169 3.47168 7.9186 3.47168 7.85488 3.58496L2.99478 12.2251C2.93229 12.3362 3.01257 12.4735 3.14004 12.4735H12.8602C12.9877 12.4735 13.068 12.3362 13.0055 12.2251L8.14541 3.58496Z\" \/>\n\t\t\t\t\t<\/svg>\n\t\t\t\t\t<span class=\"visually-hidden\">Aviso<\/span>\n\t\t\t\t<\/span>\n\t\t\t\t<span data-wp-text=\"state.errorMessage\" id=\"g21950-email-email-error-message\" role=\"alert\" aria-live=\"assertive\"><\/span>\n\t\t\t<\/div> \n\t<\/div>\n\n<div style=\"\"  data-wp-interactive=\"jetpack\/form\" data-wp-context='{\"fieldId\":\"g21950-contatofonewhatsapp\",\"fieldType\":\"text\",\"fieldLabel\":\"Contato (Fone\\\/WhatsApp)\",\"fieldValue\":\"\",\"fieldPlaceholder\":\"\",\"fieldIsRequired\":\"1\",\"fieldErrorMessage\":\"\",\"fieldExtra\":[],\"formHash\":\"6e910e547561acc8c3da5f495eadb71ed9e30aa0\"}'  class='grunion-field-text-wrap grunion-field-wrap'  data-wp-init='callbacks.initializeField' data-wp-on--jetpack-form-reset='callbacks.initializeField' >\n<label\n\t\t\t\tfor='g21950-contatofonewhatsapp' class=\"grunion-field-label text\" >Contato (Fone\/WhatsApp)<span class=\"grunion-label-required\" aria-hidden=\"true\">(obrigat\u00f3rio)<\/span><\/label>\n<input\n\t\t\t\t\ttype='text'\n\t\t\t\t\tname='g21950-contatofonewhatsapp'\n\t\t\t\t\tid='g21950-contatofonewhatsapp'\n\t\t\t\t\tvalue=''\n\n\t\t\t\t\tdata-wp-bind--aria-invalid='state.fieldHasErrors'\n\t\t\t\t\tdata-wp-bind--value='state.getFieldValue'\n\t\t\t\t\taria-errormessage='g21950-contatofonewhatsapp-text-error-message'\n\t\t\t\t\tdata-wp-on--input='actions.onFieldChange'\n\t\t\t\t\tdata-wp-on--blur='actions.onFieldBlur'\n\t\t\t\t\tdata-wp-class--has-value='state.hasFieldValue'\n\n\t\t\t\t\tclass='text  grunion-field' \n\t\t\t\t\trequired='true' aria-required='true'  \/>\n \n\t\t\t<div id=\"g21950-contatofonewhatsapp-text-error\" class=\"contact-form__input-error\" data-wp-class--has-errors=\"state.fieldHasErrors\">\n\t\t\t\t<span class=\"contact-form__warning-icon\">\n\t\t\t\t\t<svg width=\"16\" height=\"16\" viewBox=\"0 0 16 16\" fill=\"none\" xmlns=\"http:\/\/www.w3.org\/2000\/svg\">\n\t\t\t\t\t\t<path d=\"M8.50015 11.6402H7.50015V10.6402H8.50015V11.6402Z\" \/>\n\t\t\t\t\t\t<path d=\"M7.50015 9.64018H8.50015V6.30684H7.50015V9.64018Z\" \/>\n\t\t\t\t\t\t<path fill-rule=\"evenodd\" clip-rule=\"evenodd\" d=\"M6.98331 3.0947C7.42933 2.30177 8.57096 2.30177 9.01698 3.09469L13.8771 11.7349C14.3145 12.5126 13.7525 13.4735 12.8602 13.4735H3.14004C2.24774 13.4735 1.68575 12.5126 2.12321 11.7349L6.98331 3.0947ZM8.14541 3.58496C8.08169 3.47168 7.9186 3.47168 7.85488 3.58496L2.99478 12.2251C2.93229 12.3362 3.01257 12.4735 3.14004 12.4735H12.8602C12.9877 12.4735 13.068 12.3362 13.0055 12.2251L8.14541 3.58496Z\" \/>\n\t\t\t\t\t<\/svg>\n\t\t\t\t\t<span class=\"visually-hidden\">Aviso<\/span>\n\t\t\t\t<\/span>\n\t\t\t\t<span data-wp-text=\"state.errorMessage\" id=\"g21950-contatofonewhatsapp-text-error-message\" role=\"alert\" aria-live=\"assertive\"><\/span>\n\t\t\t<\/div> \n\t<\/div>\n\n<div style=\"\"  data-wp-interactive=\"jetpack\/form\" data-wp-context='{\"fieldId\":\"g21950-descriodaatividadeedatapretendida\",\"fieldType\":\"textarea\",\"fieldLabel\":\"Descri\\u00e7\\u00e3o da atividade e data pretendida\",\"fieldValue\":\"\",\"fieldPlaceholder\":\"\",\"fieldIsRequired\":\"1\",\"fieldErrorMessage\":\"\",\"fieldExtra\":[],\"formHash\":\"6e910e547561acc8c3da5f495eadb71ed9e30aa0\"}'  class='grunion-field-textarea-wrap grunion-field-wrap'  data-wp-init='callbacks.initializeField' data-wp-on--jetpack-form-reset='callbacks.initializeField' >\n<label\n\t\t\t\tfor='contact-form-comment-g21950-descriodaatividadeedatapretendida' class=\"grunion-field-label textarea\" >Descri\u00e7\u00e3o da atividade e data pretendida<span class=\"grunion-label-required\" aria-hidden=\"true\">(obrigat\u00f3rio)<\/span><\/label>\n<textarea\n\t\t                style=''\n\t\t                name='g21950-descriodaatividadeedatapretendida'\n\t\t                id='contact-form-comment-g21950-descriodaatividadeedatapretendida'\n\t\t                rows='20'\n\t\t\t\t\t\tdata-wp-text='state.getFieldValue'\n\t\t\t\t\t\tdata-wp-on--input='actions.onFieldChange'\n\t\t\t\t\t\tdata-wp-on--blur='actions.onFieldBlur'\n\t\t\t\t\t\tdata-wp-class--has-value='state.hasFieldValue'\n\t\t\t\t\t\tdata-wp-bind--aria-invalid='state.fieldHasErrors'\n\t\t\t\t\t\taria-errormessage='g21950-descriodaatividadeedatapretendida-textarea-error-message'\n\t\t\t\t\t\tclass='textarea  grunion-field'  required aria-required='true'><\/textarea>\n \n\t\t\t<div id=\"g21950-descriodaatividadeedatapretendida-textarea-error\" class=\"contact-form__input-error\" data-wp-class--has-errors=\"state.fieldHasErrors\">\n\t\t\t\t<span class=\"contact-form__warning-icon\">\n\t\t\t\t\t<svg width=\"16\" height=\"16\" viewBox=\"0 0 16 16\" fill=\"none\" xmlns=\"http:\/\/www.w3.org\/2000\/svg\">\n\t\t\t\t\t\t<path d=\"M8.50015 11.6402H7.50015V10.6402H8.50015V11.6402Z\" \/>\n\t\t\t\t\t\t<path d=\"M7.50015 9.64018H8.50015V6.30684H7.50015V9.64018Z\" \/>\n\t\t\t\t\t\t<path fill-rule=\"evenodd\" clip-rule=\"evenodd\" d=\"M6.98331 3.0947C7.42933 2.30177 8.57096 2.30177 9.01698 3.09469L13.8771 11.7349C14.3145 12.5126 13.7525 13.4735 12.8602 13.4735H3.14004C2.24774 13.4735 1.68575 12.5126 2.12321 11.7349L6.98331 3.0947ZM8.14541 3.58496C8.08169 3.47168 7.9186 3.47168 7.85488 3.58496L2.99478 12.2251C2.93229 12.3362 3.01257 12.4735 3.14004 12.4735H12.8602C12.9877 12.4735 13.068 12.3362 13.0055 12.2251L8.14541 3.58496Z\" \/>\n\t\t\t\t\t<\/svg>\n\t\t\t\t\t<span class=\"visually-hidden\">Aviso<\/span>\n\t\t\t\t<\/span>\n\t\t\t\t<span data-wp-text=\"state.errorMessage\" id=\"g21950-descriodaatividadeedatapretendida-textarea-error-message\" role=\"alert\" aria-live=\"assertive\"><\/span>\n\t\t\t<\/div>\n\t<\/div>\n\t<p class='contact-submit'>\n<div class=\"contact-form__error\" data-wp-class--show-errors=\"state.showFormErrors\"><span class=\"contact-form__warning-icon\"><span class=\"visually-hidden\">Aten\u00e7\u00e3o.<\/span><i aria-hidden=\"true\"><\/i><\/span>\n\t\t\t\t<span data-wp-text=\"state.getFormErrorMessage\"><\/span>\n\t\t\t\t<ul>\n\t\t\t\t<template data-wp-each=\"state.getErrorList\" data-wp-key=\"context.item.id\">\n\t\t\t\t\t<li><a data-wp-bind--href=\"context.item.anchor\" data-wp-on--click=\"actions.scrollIntoView\" data-wp-text=\"context.item.label\"><\/a><\/li>\n\t\t\t\t<\/template>\n\t\t\t\t<\/ul><\/div><div class=\"contact-form__error\" data-wp-class--show-errors=\"state.showSubmissionError\" data-wp-text=\"context.submissionError\"><\/div>\t\t<button type='submit' class='pushbutton-wide'>Enviar<\/button>\t\t<input type='hidden' name='contact-form-id' value='21950' \/>\n\t\t<input type='hidden' name='action' value='grunion-contact-form' \/>\n\t\t<input type='hidden' name='contact-form-hash' value='6e910e547561acc8c3da5f495eadb71ed9e30aa0' \/>\n\t<\/p>\n<p style=\"display: none !important;\" class=\"akismet-fields-container\" data-prefix=\"ak_\"><label>&#916;<textarea name=\"ak_hp_textarea\" cols=\"45\" rows=\"8\" maxlength=\"100\"><\/textarea><\/label><input type=\"hidden\" id=\"ak_js_1\" name=\"ak_js\" value=\"143\"\/><script>document.getElementById( \"ak_js_1\" ).setAttribute( \"value\", ( new Date() ).getTime() );<\/script><\/p><\/form>\n<\/div>\n<p><!--[contact-form-7 id=\"943dd02\" title=\"Agenda EAP\"]--><\/p>\n<p>&nbsp;<\/p>\n","protected":false},"excerpt":{"rendered":"<p>ESPA\u00c7O DE ARTE POPULAR: ENCONTRO DE SABERES O EAP &#8211; ESPA\u00c7O DE ARTE POPULAR: ENCONTRO DE SABERES da UFPel \u00e9 espa\u00e7o voltado para atividades voltadas a aproxima\u00e7\u00f5es e contatos com refer\u00eancias e iniciativas de encontros de saberes no espa\u00e7os universit\u00e1rios, com o prop\u00f3sito de construir uma UFPel mais pluriversit\u00e1ria. Assim, eventos, componentes curriculares de gradua\u00e7\u00e3o [&hellip;]<\/p>\n","protected":false},"author":34,"featured_media":24058,"parent":0,"menu_order":0,"comment_status":"closed","ping_status":"closed","template":"","meta":{"footnotes":""},"class_list":["post-21950","page","type-page","status-publish","has-post-thumbnail","hentry"],"jetpack_sharing_enabled":true,"jetpack_shortlink":"https:\/\/wp.me\/P70d9s-5I2","_links":{"self":[{"href":"https:\/\/wp.ufpel.edu.br\/prec\/wp-json\/wp\/v2\/pages\/21950","targetHints":{"allow":["GET"]}}],"collection":[{"href":"https:\/\/wp.ufpel.edu.br\/prec\/wp-json\/wp\/v2\/pages"}],"about":[{"href":"https:\/\/wp.ufpel.edu.br\/prec\/wp-json\/wp\/v2\/types\/page"}],"author":[{"embeddable":true,"href":"https:\/\/wp.ufpel.edu.br\/prec\/wp-json\/wp\/v2\/users\/34"}],"replies":[{"embeddable":true,"href":"https:\/\/wp.ufpel.edu.br\/prec\/wp-json\/wp\/v2\/comments?post=21950"}],"version-history":[{"count":4,"href":"https:\/\/wp.ufpel.edu.br\/prec\/wp-json\/wp\/v2\/pages\/21950\/revisions"}],"predecessor-version":[{"id":24034,"href":"https:\/\/wp.ufpel.edu.br\/prec\/wp-json\/wp\/v2\/pages\/21950\/revisions\/24034"}],"wp:featuredmedia":[{"embeddable":true,"href":"https:\/\/wp.ufpel.edu.br\/prec\/wp-json\/wp\/v2\/media\/24058"}],"wp:attachment":[{"href":"https:\/\/wp.ufpel.edu.br\/prec\/wp-json\/wp\/v2\/media?parent=21950"}],"curies":[{"name":"wp","href":"https:\/\/api.w.org\/{rel}","templated":true}]}}