{"id":2176,"date":"2014-01-17T20:06:44","date_gmt":"2014-01-17T22:06:44","guid":{"rendered":"https:\/\/wp.ufpel.edu.br\/prec\/?page_id=2176"},"modified":"2019-04-05T11:49:37","modified_gmt":"2019-04-05T14:49:37","slug":"formulario-de-solicitacao-de-bolsas","status":"publish","type":"page","link":"https:\/\/wp.ufpel.edu.br\/prec\/bolsas-de-extensao\/bolsas\/formulario-de-solicitacao-de-bolsas\/","title":{"rendered":"Formul\u00e1rio Online de Solicita\u00e7\u00e3o de Bolsas"},"content":{"rendered":"<p><a href=\"https:\/\/goo.gl\/forms\/8Yk09Ia7HSfMbHo73\"><strong>PBA \/Extens\u00e3o Projetos &#8211; 2019<\/strong><\/a><\/p>\n","protected":false},"excerpt":{"rendered":"<p>PBA \/Extens\u00e3o Projetos &#8211; 2019<\/p>\n","protected":false},"author":34,"featured_media":0,"parent":177,"menu_order":0,"comment_status":"closed","ping_status":"closed","template":"","meta":{"footnotes":""},"class_list":["post-2176","page","type-page","status-publish","hentry"],"jetpack_sharing_enabled":true,"jetpack_shortlink":"https:\/\/wp.me\/P70d9s-z6","_links":{"self":[{"href":"https:\/\/wp.ufpel.edu.br\/prec\/wp-json\/wp\/v2\/pages\/2176","targetHints":{"allow":["GET"]}}],"collection":[{"href":"https:\/\/wp.ufpel.edu.br\/prec\/wp-json\/wp\/v2\/pages"}],"about":[{"href":"https:\/\/wp.ufpel.edu.br\/prec\/wp-json\/wp\/v2\/types\/page"}],"author":[{"embeddable":true,"href":"https:\/\/wp.ufpel.edu.br\/prec\/wp-json\/wp\/v2\/users\/34"}],"replies":[{"embeddable":true,"href":"https:\/\/wp.ufpel.edu.br\/prec\/wp-json\/wp\/v2\/comments?post=2176"}],"version-history":[{"count":23,"href":"https:\/\/wp.ufpel.edu.br\/prec\/wp-json\/wp\/v2\/pages\/2176\/revisions"}],"predecessor-version":[{"id":11040,"href":"https:\/\/wp.ufpel.edu.br\/prec\/wp-json\/wp\/v2\/pages\/2176\/revisions\/11040"}],"up":[{"embeddable":true,"href":"https:\/\/wp.ufpel.edu.br\/prec\/wp-json\/wp\/v2\/pages\/177"}],"wp:attachment":[{"href":"https:\/\/wp.ufpel.edu.br\/prec\/wp-json\/wp\/v2\/media?parent=2176"}],"curies":[{"name":"wp","href":"https:\/\/api.w.org\/{rel}","templated":true}]}}