{"id":2136,"date":"2014-01-09T17:05:27","date_gmt":"2014-01-09T19:05:27","guid":{"rendered":"https:\/\/wp.ufpel.edu.br\/prec\/?page_id=2136"},"modified":"2014-01-27T09:51:45","modified_gmt":"2014-01-27T11:51:45","slug":"viajens","status":"publish","type":"page","link":"https:\/\/wp.ufpel.edu.br\/prec\/viajens\/","title":{"rendered":"Viagens"},"content":{"rendered":"<p><a href=\"https:\/\/wp.ufpel.edu.br\/prec\/files\/2014\/01\/modelo-de-memorando-emiss\u00e3o-de-empenho4.doc\">Modelo de Memorando para Emiss\u00e3o de Empenho (passagens)<\/a><\/p>\n<p><a href=\"https:\/\/wp.ufpel.edu.br\/prec\/files\/2014\/01\/modelo-de-memorando-emiss\u00e3o-de-empenho11.doc\"><a href=\"https:\/\/wp.ufpel.edu.br\/prec\/files\/2014\/01\/modelo-de-memorando-emiss\u00e3o-de-empenho11-1.doc\">Modelo de Memorando para Emiss\u00e3o de Empenho (di\u00e1rias)<\/a><\/a><\/p>\n","protected":false},"excerpt":{"rendered":"<p>Modelo de Memorando para Emiss\u00e3o de Empenho (passagens) Modelo de Memorando para Emiss\u00e3o de Empenho (di\u00e1rias)<\/p>\n","protected":false},"author":34,"featured_media":0,"parent":0,"menu_order":0,"comment_status":"closed","ping_status":"closed","template":"","meta":{"footnotes":""},"class_list":["post-2136","page","type-page","status-publish","hentry"],"jetpack_sharing_enabled":true,"jetpack_shortlink":"https:\/\/wp.me\/P70d9s-ys","_links":{"self":[{"href":"https:\/\/wp.ufpel.edu.br\/prec\/wp-json\/wp\/v2\/pages\/2136","targetHints":{"allow":["GET"]}}],"collection":[{"href":"https:\/\/wp.ufpel.edu.br\/prec\/wp-json\/wp\/v2\/pages"}],"about":[{"href":"https:\/\/wp.ufpel.edu.br\/prec\/wp-json\/wp\/v2\/types\/page"}],"author":[{"embeddable":true,"href":"https:\/\/wp.ufpel.edu.br\/prec\/wp-json\/wp\/v2\/users\/34"}],"replies":[{"embeddable":true,"href":"https:\/\/wp.ufpel.edu.br\/prec\/wp-json\/wp\/v2\/comments?post=2136"}],"version-history":[{"count":6,"href":"https:\/\/wp.ufpel.edu.br\/prec\/wp-json\/wp\/v2\/pages\/2136\/revisions"}],"predecessor-version":[{"id":2218,"href":"https:\/\/wp.ufpel.edu.br\/prec\/wp-json\/wp\/v2\/pages\/2136\/revisions\/2218"}],"wp:attachment":[{"href":"https:\/\/wp.ufpel.edu.br\/prec\/wp-json\/wp\/v2\/media?parent=2136"}],"curies":[{"name":"wp","href":"https:\/\/api.w.org\/{rel}","templated":true}]}}