{"id":19464,"date":"2024-04-02T09:30:49","date_gmt":"2024-04-02T12:30:49","guid":{"rendered":"https:\/\/wp.ufpel.edu.br\/prec\/?page_id=19464"},"modified":"2024-04-02T09:30:49","modified_gmt":"2024-04-02T12:30:49","slug":"processos-mapeados","status":"publish","type":"page","link":"https:\/\/wp.ufpel.edu.br\/prec\/processos-mapeados\/","title":{"rendered":"Processos Mapeados"},"content":{"rendered":"<p><a href=\"https:\/\/wp.ufpel.edu.br\/prec\/files\/2024\/04\/Distribuicao-das-Bolsas-de-Extensao-1.pdf\" target=\"_blank\" rel=\"noopener\">Distribui\u00e7\u00e3o das Bolsas de Extens\u00e3o<\/a><\/p>\n<p><a href=\"https:\/\/wp.ufpel.edu.br\/prec\/files\/2024\/04\/Implementacao-de-Bolsa-de-Extensao-1.pdf\" target=\"_blank\" rel=\"noopener\">Implementa\u00e7\u00e3o das Bolsas de Extens\u00e3o<\/a><\/p>\n<p><a href=\"https:\/\/wp.ufpel.edu.br\/prec\/files\/2024\/04\/Pagamento-de-Bolsa-de-Extensao-1.pdf\" target=\"_blank\" rel=\"noopener\">Pagamento de Bolsa de Extens\u00e3o<\/a><\/p>\n<p><a href=\"https:\/\/wp.ufpel.edu.br\/prec\/files\/2024\/04\/Substituicao-de-Bolsista-de-Extensao-1.pdf\" target=\"_blank\" rel=\"noopener\">Substitui\u00e7\u00e3o de Bolsista de Extens\u00e3o<\/a><\/p>\n<p><a href=\"https:\/\/wp.ufpel.edu.br\/prec\/files\/2024\/04\/Finalizacao-do-Edital-1.pdf\" target=\"_blank\" rel=\"noopener\">Finaliza\u00e7\u00e3o do Edital<\/a><\/p>\n","protected":false},"excerpt":{"rendered":"<p>Distribui\u00e7\u00e3o das Bolsas de Extens\u00e3o Implementa\u00e7\u00e3o das Bolsas de Extens\u00e3o Pagamento de Bolsa de Extens\u00e3o Substitui\u00e7\u00e3o de Bolsista de Extens\u00e3o Finaliza\u00e7\u00e3o do Edital<\/p>\n","protected":false},"author":34,"featured_media":0,"parent":0,"menu_order":0,"comment_status":"closed","ping_status":"closed","template":"","meta":{"footnotes":""},"class_list":["post-19464","page","type-page","status-publish","hentry"],"jetpack_sharing_enabled":true,"jetpack_shortlink":"https:\/\/wp.me\/P70d9s-53W","_links":{"self":[{"href":"https:\/\/wp.ufpel.edu.br\/prec\/wp-json\/wp\/v2\/pages\/19464","targetHints":{"allow":["GET"]}}],"collection":[{"href":"https:\/\/wp.ufpel.edu.br\/prec\/wp-json\/wp\/v2\/pages"}],"about":[{"href":"https:\/\/wp.ufpel.edu.br\/prec\/wp-json\/wp\/v2\/types\/page"}],"author":[{"embeddable":true,"href":"https:\/\/wp.ufpel.edu.br\/prec\/wp-json\/wp\/v2\/users\/34"}],"replies":[{"embeddable":true,"href":"https:\/\/wp.ufpel.edu.br\/prec\/wp-json\/wp\/v2\/comments?post=19464"}],"version-history":[{"count":1,"href":"https:\/\/wp.ufpel.edu.br\/prec\/wp-json\/wp\/v2\/pages\/19464\/revisions"}],"predecessor-version":[{"id":19471,"href":"https:\/\/wp.ufpel.edu.br\/prec\/wp-json\/wp\/v2\/pages\/19464\/revisions\/19471"}],"wp:attachment":[{"href":"https:\/\/wp.ufpel.edu.br\/prec\/wp-json\/wp\/v2\/media?parent=19464"}],"curies":[{"name":"wp","href":"https:\/\/api.w.org\/{rel}","templated":true}]}}