{"id":179,"date":"2011-08-29T15:08:02","date_gmt":"2011-08-29T18:08:02","guid":{"rendered":"https:\/\/wp.ufpel.edu.br\/prec\/"},"modified":"2015-08-14T14:57:19","modified_gmt":"2015-08-14T17:57:19","slug":"bav","status":"publish","type":"page","link":"https:\/\/wp.ufpel.edu.br\/prec\/bolsas-de-extensao\/bav\/","title":{"rendered":"BAV &#8211; Bolsas de Aux\u00edlio Viagem"},"content":{"rendered":"<p><a href=\"https:\/\/wp.ufpel.edu.br\/prec\/files\/2011\/08\/Resolu\u00e7\u00e3o-BAV.pdf\" target=\"_blank\">Resolu\u00e7\u00e3o BAV<\/a><\/p>\n<p><a href=\"https:\/\/wp.ufpel.edu.br\/prec\/files\/2011\/08\/Ficha-de-inscri\u00e7\u00e3o-BAV-2015.doc\">Ficha de inscri\u00e7\u00e3o<\/a><\/p>\n<p><a href=\"https:\/\/wp.ufpel.edu.br\/prec\/files\/2011\/08\/autoriza\u00e7\u00e3o-para-menores.doc\">Autoriza\u00e7\u00e3o para menores<\/a><\/p>\n<p><a href=\"https:\/\/wp.ufpel.edu.br\/prec\/files\/2011\/08\/Relat\u00f3rio-de-Viagem.doc\">Relat\u00f3rio de Viagem<\/a><\/p>\n<p>&nbsp;<\/p>\n","protected":false},"excerpt":{"rendered":"<p>Resolu\u00e7\u00e3o BAV Ficha de inscri\u00e7\u00e3o Autoriza\u00e7\u00e3o para menores Relat\u00f3rio de Viagem &nbsp;<\/p>\n","protected":false},"author":34,"featured_media":0,"parent":174,"menu_order":1,"comment_status":"closed","ping_status":"closed","template":"","meta":{"footnotes":""},"class_list":["post-179","page","type-page","status-publish","hentry"],"jetpack_sharing_enabled":true,"jetpack_shortlink":"https:\/\/wp.me\/P70d9s-2T","_links":{"self":[{"href":"https:\/\/wp.ufpel.edu.br\/prec\/wp-json\/wp\/v2\/pages\/179","targetHints":{"allow":["GET"]}}],"collection":[{"href":"https:\/\/wp.ufpel.edu.br\/prec\/wp-json\/wp\/v2\/pages"}],"about":[{"href":"https:\/\/wp.ufpel.edu.br\/prec\/wp-json\/wp\/v2\/types\/page"}],"author":[{"embeddable":true,"href":"https:\/\/wp.ufpel.edu.br\/prec\/wp-json\/wp\/v2\/users\/34"}],"replies":[{"embeddable":true,"href":"https:\/\/wp.ufpel.edu.br\/prec\/wp-json\/wp\/v2\/comments?post=179"}],"version-history":[{"count":28,"href":"https:\/\/wp.ufpel.edu.br\/prec\/wp-json\/wp\/v2\/pages\/179\/revisions"}],"predecessor-version":[{"id":4570,"href":"https:\/\/wp.ufpel.edu.br\/prec\/wp-json\/wp\/v2\/pages\/179\/revisions\/4570"}],"up":[{"embeddable":true,"href":"https:\/\/wp.ufpel.edu.br\/prec\/wp-json\/wp\/v2\/pages\/174"}],"wp:attachment":[{"href":"https:\/\/wp.ufpel.edu.br\/prec\/wp-json\/wp\/v2\/media?parent=179"}],"curies":[{"name":"wp","href":"https:\/\/api.w.org\/{rel}","templated":true}]}}