{"id":177,"date":"2011-08-29T15:05:42","date_gmt":"2011-08-29T18:05:42","guid":{"rendered":"https:\/\/wp.ufpel.edu.br\/prec\/"},"modified":"2017-04-26T21:26:00","modified_gmt":"2017-04-27T00:26:00","slug":"bolsas","status":"publish","type":"page","link":"https:\/\/wp.ufpel.edu.br\/prec\/bolsas-de-extensao\/bolsas\/","title":{"rendered":"Programa de Bolsas de Inicia\u00e7\u00e3o \u00e0 Extens\u00e3o e Cultura"},"content":{"rendered":"<p style=\"text-align: justify\"><a href=\"https:\/\/wp.ufpel.edu.br\/prec\/bolsas-de-extensao\/probec\/formulario-de-solicitacao-de-bolsas\/\">Formul\u00e1rio Online de Solicita\u00e7\u00e3o de Bolsas<\/a><\/p>\n<p style=\"text-align: justify\"><a href=\"https:\/\/wp.ufpel.edu.br\/prec\/editais-abertos\/\">Editais Abertos<\/a><\/p>\n<p style=\"text-align: justify\"><a href=\"https:\/\/wp.ufpel.edu.br\/prec\/resultados\/\">Resultados<\/a><\/p>\n<p style=\"text-align: justify\"><a href=\"https:\/\/wp.ufpel.edu.br\/prec\/documentos\/\">Documentos<\/a><\/p>\n","protected":false},"excerpt":{"rendered":"<p>Formul\u00e1rio Online de Solicita\u00e7\u00e3o de Bolsas Editais Abertos Resultados Documentos<\/p>\n","protected":false},"author":34,"featured_media":0,"parent":174,"menu_order":0,"comment_status":"closed","ping_status":"closed","template":"","meta":{"footnotes":""},"class_list":["post-177","page","type-page","status-publish","hentry"],"jetpack_sharing_enabled":true,"jetpack_shortlink":"https:\/\/wp.me\/P70d9s-2R","_links":{"self":[{"href":"https:\/\/wp.ufpel.edu.br\/prec\/wp-json\/wp\/v2\/pages\/177","targetHints":{"allow":["GET"]}}],"collection":[{"href":"https:\/\/wp.ufpel.edu.br\/prec\/wp-json\/wp\/v2\/pages"}],"about":[{"href":"https:\/\/wp.ufpel.edu.br\/prec\/wp-json\/wp\/v2\/types\/page"}],"author":[{"embeddable":true,"href":"https:\/\/wp.ufpel.edu.br\/prec\/wp-json\/wp\/v2\/users\/34"}],"replies":[{"embeddable":true,"href":"https:\/\/wp.ufpel.edu.br\/prec\/wp-json\/wp\/v2\/comments?post=177"}],"version-history":[{"count":47,"href":"https:\/\/wp.ufpel.edu.br\/prec\/wp-json\/wp\/v2\/pages\/177\/revisions"}],"predecessor-version":[{"id":6443,"href":"https:\/\/wp.ufpel.edu.br\/prec\/wp-json\/wp\/v2\/pages\/177\/revisions\/6443"}],"up":[{"embeddable":true,"href":"https:\/\/wp.ufpel.edu.br\/prec\/wp-json\/wp\/v2\/pages\/174"}],"wp:attachment":[{"href":"https:\/\/wp.ufpel.edu.br\/prec\/wp-json\/wp\/v2\/media?parent=177"}],"curies":[{"name":"wp","href":"https:\/\/api.w.org\/{rel}","templated":true}]}}