{"id":1695,"date":"2013-09-03T11:51:30","date_gmt":"2013-09-03T14:51:30","guid":{"rendered":"https:\/\/wp.ufpel.edu.br\/prec\/?page_id=1695"},"modified":"2025-10-22T09:57:42","modified_gmt":"2025-10-22T12:57:42","slug":"certificados","status":"publish","type":"page","link":"https:\/\/wp.ufpel.edu.br\/prec\/siex\/certificados\/","title":{"rendered":"Certificados"},"content":{"rendered":"<p style=\"text-align: justify\"><strong>Para a certifica\u00e7\u00e3o das a\u00e7\u00f5es de Extens\u00e3o, deve-se observar:<\/strong><\/p>\n<ul style=\"text-align: justify\">\n<li>\u00c9 essencial que o relat\u00f3rio da a\u00e7\u00e3o tenha sido aprovado pelas inst\u00e2ncias superiores: Dire\u00e7\u00e3o de Unidade, Comiss\u00e3o de Extens\u00e3o e COCEPE; e homologado no COBALTO.<\/li>\n<li>Somente as modalidades\u00a0<i>Curso<\/i>\u00a0e\u00a0<i>Evento<\/i>\u00a0podem certificar o p\u00fablico alvo. As demais certificam apenas a equipe de trabalho.<\/li>\n<li>Emiss\u00e3o autom\u00e1tica para a equipe cadastrada no COBALTO, quando da homologa\u00e7\u00e3o do relat\u00f3rio.<\/li>\n<li>Para certificar o p\u00fablico alvo, quando couber, \u00e9 necess\u00e1rio encaminhar um processo por meio do SEI (Sistema Eletr\u00f4nico de Informa\u00e7\u00f5es) para a SRA &#8211; Se\u00e7\u00e3o de Registro e Acompanhamento, conforme a seguintes orienta\u00e7\u00f5es:<\/li>\n<\/ul>\n<p style=\"padding-left: 80px;text-align: justify\"><a href=\"https:\/\/wp.ufpel.edu.br\/prec\/files\/2025\/10\/Guia_SEI_Certificados.pdf\" target=\"_blank\" rel=\"noopener\">Instru\u00e7\u00f5es para encaminhamento de Processo de Certifica\u00e7\u00e3o &#8211; SEI<\/a><\/p>\n<p style=\"padding-left: 80px;text-align: justify\"><a href=\"https:\/\/wp.ufpel.edu.br\/prec\/files\/2025\/06\/1.-Instrucoes-para-preenchimento-da-Planilha_Certificacao.atualizada.pdf\" target=\"_blank\" rel=\"noopener\">Instru\u00e7\u00f5es para preenchimento da Planilha de Certifica\u00e7\u00e3o<\/a><\/p>\n<p style=\"padding-left: 80px;text-align: justify\"><a href=\"https:\/\/docs.google.com\/spreadsheets\/d\/1vN4YviRJpwCL-flvqECbhv8rMEnmyr39Aszo2GlZsY4\/edit?usp=sharing\">Download da Planilha de Certifica\u00e7\u00e3o<\/a><\/p>\n<p style=\"padding-left: 80px;text-align: justify\"><a href=\"https:\/\/wp.ufpel.edu.br\/prec\/files\/2022\/09\/Instrucoes-para-preenchimento-da-Planilha_Apresentacao-de-trabalhos.docx.pdf\" target=\"_blank\" rel=\"noopener\">Instru\u00e7\u00f5es para preenchimento da Planilha de Certifica\u00e7\u00e3o \u2013 Apresenta\u00e7\u00e3o de Trabalhos<\/a><\/p>\n<p style=\"padding-left: 80px;text-align: justify\"><a href=\"https:\/\/wp.ufpel.edu.br\/prec\/files\/2022\/09\/apresentacao_trabalhos_modelo_2022.xlsx\">Download da Planilha de Certifica\u00e7\u00e3o de Apresenta\u00e7\u00e3o de Trabalhos<\/a><\/p>\n<p>&nbsp;<\/p>\n","protected":false},"excerpt":{"rendered":"<p>Para a certifica\u00e7\u00e3o das a\u00e7\u00f5es de Extens\u00e3o, deve-se observar: \u00c9 essencial que o relat\u00f3rio da a\u00e7\u00e3o tenha sido aprovado pelas inst\u00e2ncias superiores: Dire\u00e7\u00e3o de Unidade, Comiss\u00e3o de Extens\u00e3o e COCEPE; e homologado no COBALTO. Somente as modalidades\u00a0Curso\u00a0e\u00a0Evento\u00a0podem certificar o p\u00fablico alvo. As demais certificam apenas a equipe de trabalho. Emiss\u00e3o autom\u00e1tica para a equipe cadastrada [&hellip;]<\/p>\n","protected":false},"author":34,"featured_media":0,"parent":183,"menu_order":0,"comment_status":"closed","ping_status":"closed","template":"","meta":{"footnotes":""},"class_list":["post-1695","page","type-page","status-publish","hentry"],"jetpack_sharing_enabled":true,"jetpack_shortlink":"https:\/\/wp.me\/P70d9s-rl","_links":{"self":[{"href":"https:\/\/wp.ufpel.edu.br\/prec\/wp-json\/wp\/v2\/pages\/1695","targetHints":{"allow":["GET"]}}],"collection":[{"href":"https:\/\/wp.ufpel.edu.br\/prec\/wp-json\/wp\/v2\/pages"}],"about":[{"href":"https:\/\/wp.ufpel.edu.br\/prec\/wp-json\/wp\/v2\/types\/page"}],"author":[{"embeddable":true,"href":"https:\/\/wp.ufpel.edu.br\/prec\/wp-json\/wp\/v2\/users\/34"}],"replies":[{"embeddable":true,"href":"https:\/\/wp.ufpel.edu.br\/prec\/wp-json\/wp\/v2\/comments?post=1695"}],"version-history":[{"count":4,"href":"https:\/\/wp.ufpel.edu.br\/prec\/wp-json\/wp\/v2\/pages\/1695\/revisions"}],"predecessor-version":[{"id":23953,"href":"https:\/\/wp.ufpel.edu.br\/prec\/wp-json\/wp\/v2\/pages\/1695\/revisions\/23953"}],"up":[{"embeddable":true,"href":"https:\/\/wp.ufpel.edu.br\/prec\/wp-json\/wp\/v2\/pages\/183"}],"wp:attachment":[{"href":"https:\/\/wp.ufpel.edu.br\/prec\/wp-json\/wp\/v2\/media?parent=1695"}],"curies":[{"name":"wp","href":"https:\/\/api.w.org\/{rel}","templated":true}]}}