{"id":15035,"date":"2022-05-11T09:03:33","date_gmt":"2022-05-11T12:03:33","guid":{"rendered":"https:\/\/wp.ufpel.edu.br\/prec\/?page_id=15035"},"modified":"2022-05-11T09:43:44","modified_gmt":"2022-05-11T12:43:44","slug":"divulgacao","status":"publish","type":"page","link":"https:\/\/wp.ufpel.edu.br\/prec\/divulgacao\/","title":{"rendered":"Divulga\u00e7\u00e3o"},"content":{"rendered":"<p style=\"text-align: justify\"><strong>Quer divulgar alguma a\u00e7\u00e3o de Extens\u00e3o nas redes da PREC?<\/strong><\/p>\n<p style=\"text-align: justify\">A PREC disponibiliza este canal para os coordenadores de projetos de extens\u00e3o enviarem material de divulga\u00e7\u00e3o de seus projetos. Seja um v\u00eddeo, uma foto, um evento, uma palestra ou o projeto em si.<\/p>\n<p style=\"text-align: justify\">O material enviado ser\u00e1 publicado nas redes sociais da Pr\u00f3-Reitoria de Extens\u00e3o e Cultura (Facebook, Instagram, Twitter) e pode ser enviado por dois meios: Pelo Formul\u00e1rio de divulga\u00e7\u00e3o ou WhatsApp (53)98125-0293.<\/p>\n<p>&nbsp;<\/p>\n<p style=\"text-align: center\"><a href=\"https:\/\/forms.gle\/sSKxoGohnJvFyt4p7\" target=\"_blank\" rel=\"noopener\">Clique aqui para acessar o formul\u00e1rio de divulga\u00e7\u00e3o<\/a><\/p>\n<p style=\"text-align: center\">ou<\/p>\n<p style=\"text-align: center\"><a href=\"https:\/\/wa.me\/message\/JZNUD5BHN7NBA1\" target=\"_blank\" rel=\"noopener\">Clique aqui para ser direcionado ao WhatsApp<\/a><\/p>\n<p style=\"text-align: justify\">\n","protected":false},"excerpt":{"rendered":"<p>Quer divulgar alguma a\u00e7\u00e3o de Extens\u00e3o nas redes da PREC? A PREC disponibiliza este canal para os coordenadores de projetos de extens\u00e3o enviarem material de divulga\u00e7\u00e3o de seus projetos. Seja um v\u00eddeo, uma foto, um evento, uma palestra ou o projeto em si. O material enviado ser\u00e1 publicado nas redes sociais da Pr\u00f3-Reitoria de Extens\u00e3o [&hellip;]<\/p>\n","protected":false},"author":34,"featured_media":0,"parent":0,"menu_order":0,"comment_status":"closed","ping_status":"closed","template":"","meta":{"footnotes":""},"class_list":["post-15035","page","type-page","status-publish","hentry"],"jetpack_sharing_enabled":true,"jetpack_shortlink":"https:\/\/wp.me\/P70d9s-3Uv","_links":{"self":[{"href":"https:\/\/wp.ufpel.edu.br\/prec\/wp-json\/wp\/v2\/pages\/15035","targetHints":{"allow":["GET"]}}],"collection":[{"href":"https:\/\/wp.ufpel.edu.br\/prec\/wp-json\/wp\/v2\/pages"}],"about":[{"href":"https:\/\/wp.ufpel.edu.br\/prec\/wp-json\/wp\/v2\/types\/page"}],"author":[{"embeddable":true,"href":"https:\/\/wp.ufpel.edu.br\/prec\/wp-json\/wp\/v2\/users\/34"}],"replies":[{"embeddable":true,"href":"https:\/\/wp.ufpel.edu.br\/prec\/wp-json\/wp\/v2\/comments?post=15035"}],"version-history":[{"count":9,"href":"https:\/\/wp.ufpel.edu.br\/prec\/wp-json\/wp\/v2\/pages\/15035\/revisions"}],"predecessor-version":[{"id":15051,"href":"https:\/\/wp.ufpel.edu.br\/prec\/wp-json\/wp\/v2\/pages\/15035\/revisions\/15051"}],"wp:attachment":[{"href":"https:\/\/wp.ufpel.edu.br\/prec\/wp-json\/wp\/v2\/media?parent=15035"}],"curies":[{"name":"wp","href":"https:\/\/api.w.org\/{rel}","templated":true}]}}