{"id":14558,"date":"2021-09-23T09:55:12","date_gmt":"2021-09-23T12:55:12","guid":{"rendered":"https:\/\/wp.ufpel.edu.br\/prec\/?page_id=14558"},"modified":"2025-07-23T16:23:50","modified_gmt":"2025-07-23T19:23:50","slug":"podprec","status":"publish","type":"page","link":"https:\/\/wp.ufpel.edu.br\/prec\/podprec\/","title":{"rendered":"PodPREC"},"content":{"rendered":"<p>Dando continuidade na pol\u00edtica de transpar\u00eancia e aproxima\u00e7\u00e3o com a comunidade, apresentamos o PodPREC. Um podcast dedicado \u00e0 apresentar os projetos de Extens\u00e3o e Cultura da PREC.<\/p>\n<p>Cada um dos epis\u00f3dios \u00e9 dedicado a descrever, de uma forma did\u00e1tica e descontra\u00edda, as caracter\u00edsticas, os objetivos e as curiosidades relacionadas a cada um dos projetos.<\/p>\n<p>Esperamos que seja informativo e divertido! Desfrutem!<\/p>\n<p>&nbsp;<\/p>\n<p><strong>Epis\u00f3dios:<\/strong><\/p>\n<p><iframe title=\"Spotify Embed: PodPREC Especial#4\" style=\"border-radius: 12px\" width=\"100%\" height=\"152\" frameborder=\"0\" allowfullscreen allow=\"autoplay; clipboard-write; encrypted-media; fullscreen; picture-in-picture\" loading=\"lazy\" src=\"https:\/\/open.spotify.com\/embed\/episode\/7mkb20nX8cki2zZ1F2ONpY?si=l6YFh_Y4RFeziYB1Vo24MQ&#038;utm_source=oembed\"><\/iframe><\/p>\n<p><iframe title=\"Spotify Embed: PodPREC Especial#3\" style=\"border-radius: 12px\" width=\"100%\" height=\"152\" frameborder=\"0\" allowfullscreen allow=\"autoplay; clipboard-write; encrypted-media; fullscreen; picture-in-picture\" loading=\"lazy\" src=\"https:\/\/open.spotify.com\/embed\/episode\/3XRKFUn3I8Qx2yayLVD1PN?utm_source=oembed\"><\/iframe><\/p>\n<p><iframe title=\"Spotify Embed: PodPREC Especial#2\" style=\"border-radius: 12px\" width=\"100%\" height=\"152\" frameborder=\"0\" allowfullscreen allow=\"autoplay; clipboard-write; encrypted-media; fullscreen; picture-in-picture\" loading=\"lazy\" src=\"https:\/\/open.spotify.com\/embed\/episode\/4uAaYOqBo5iDUTrYj4M6LC?si=9b10f8acd7b04f3e&#038;utm_source=oembed\"><\/iframe><\/p>\n<p><iframe title=\"Spotify Embed: PodPREC Especial#1\" style=\"border-radius: 12px\" width=\"100%\" height=\"152\" frameborder=\"0\" allowfullscreen allow=\"autoplay; clipboard-write; encrypted-media; fullscreen; picture-in-picture\" loading=\"lazy\" src=\"https:\/\/open.spotify.com\/embed\/episode\/6JIVyNv2sbAiId1oNcYgWU?si=d35aec1e8cb74a91&#038;utm_source=oembed\"><\/iframe><\/p>\n<p><iframe title=\"Spotify Embed: PodPREC 13: Desafio\" style=\"border-radius: 12px\" width=\"100%\" height=\"152\" frameborder=\"0\" allowfullscreen allow=\"autoplay; clipboard-write; encrypted-media; fullscreen; picture-in-picture\" loading=\"lazy\" src=\"https:\/\/open.spotify.com\/embed\/episode\/1ZvDO5jUZYRANKa79wil7g?utm_source=oembed\"><\/iframe><\/p>\n<p><iframe title=\"Spotify Embed: PodPREC 12: Linha UFPel\" style=\"border-radius: 12px\" width=\"100%\" height=\"152\" frameborder=\"0\" allowfullscreen allow=\"autoplay; clipboard-write; encrypted-media; fullscreen; picture-in-picture\" loading=\"lazy\" src=\"https:\/\/open.spotify.com\/embed\/episode\/4WNBCDy57MN9EUtNLxph3D?utm_source=oembed\"><\/iframe><\/p>\n<p><iframe title=\"Spotify Embed: PodPREC 11: M\u00f3dulos de Aprendizagem\" style=\"border-radius: 12px\" width=\"100%\" height=\"152\" frameborder=\"0\" allowfullscreen allow=\"autoplay; clipboard-write; encrypted-media; fullscreen; picture-in-picture\" loading=\"lazy\" src=\"https:\/\/open.spotify.com\/embed\/episode\/5BoTDtbZaGht9QGQTyi36i?si=2903fe9245594663&#038;utm_source=oembed\"><\/iframe><\/p>\n<p><iframe title=\"Spotify Embed: PodPREC 10: Vem Ser Pelotas\" style=\"border-radius: 12px\" width=\"100%\" height=\"152\" frameborder=\"0\" allowfullscreen allow=\"autoplay; clipboard-write; encrypted-media; fullscreen; picture-in-picture\" loading=\"lazy\" src=\"https:\/\/open.spotify.com\/embed\/episode\/2xgpQlQfJeO6UmoVEHKn0r?si=1f3046d22eb74474&#038;utm_source=oembed\"><\/iframe><\/p>\n<p><iframe title=\"Spotify Embed: PodPREC 9: Hortas Urbanas\" style=\"border-radius: 12px\" width=\"100%\" height=\"152\" frameborder=\"0\" allowfullscreen allow=\"autoplay; clipboard-write; encrypted-media; fullscreen; picture-in-picture\" loading=\"lazy\" src=\"https:\/\/open.spotify.com\/embed\/episode\/5h3TA9jzA5vYagR1L2jBUA?si=f36e759133f54cd1&#038;utm_source=oembed\"><\/iframe><\/p>\n<p><iframe title=\"Spotify Embed: PodPREC 8: Barraca da Sa\u00fade\" style=\"border-radius: 12px\" width=\"100%\" height=\"152\" frameborder=\"0\" allowfullscreen allow=\"autoplay; clipboard-write; encrypted-media; fullscreen; picture-in-picture\" loading=\"lazy\" src=\"https:\/\/open.spotify.com\/embed\/episode\/5iSbs3q2RzYObHpJ99zYHm?utm_source=oembed\"><\/iframe><\/p>\n<p><iframe title=\"Spotify Embed: PodPREC 7: Arte na Escola\" style=\"border-radius: 12px\" width=\"100%\" height=\"152\" frameborder=\"0\" allowfullscreen allow=\"autoplay; clipboard-write; encrypted-media; fullscreen; picture-in-picture\" loading=\"lazy\" src=\"https:\/\/open.spotify.com\/embed\/episode\/1dYWEk8lzciN1hV1IhP91p?si=7f2a11c8597b4f14&#038;utm_source=oembed\"><\/iframe><\/p>\n<p><iframe title=\"Spotify Embed: PodPREC 6: Coral UFPel\" style=\"border-radius: 12px\" width=\"100%\" height=\"152\" frameborder=\"0\" allowfullscreen allow=\"autoplay; clipboard-write; encrypted-media; fullscreen; picture-in-picture\" loading=\"lazy\" src=\"https:\/\/open.spotify.com\/embed\/episode\/3DNHjB4O8F4EGxym97WU4y?si=46142763e9244344&#038;utm_source=oembed\"><\/iframe><\/p>\n<p><iframe title=\"Spotify Embed: PodPREC 5: Mais Juntas\" style=\"border-radius: 12px\" width=\"100%\" height=\"152\" frameborder=\"0\" allowfullscreen allow=\"autoplay; clipboard-write; encrypted-media; fullscreen; picture-in-picture\" loading=\"lazy\" src=\"https:\/\/open.spotify.com\/embed\/episode\/3CmSXVlGk1YmUXw4PlNNR4?si=XiM_ZijLQuqLn0FV1X5KSg&#038;utm_source=oembed\"><\/iframe><\/p>\n<p><iframe title=\"Spotify Embed: PodPREC 4: Cine UFPel\" style=\"border-radius: 12px\" width=\"100%\" height=\"152\" frameborder=\"0\" allowfullscreen allow=\"autoplay; clipboard-write; encrypted-media; fullscreen; picture-in-picture\" loading=\"lazy\" src=\"https:\/\/open.spotify.com\/embed\/episode\/5M2Bctc0ohxRMUrpiqAl6I?si=L1s1irR8SZelKyPtCZUh9w&#038;utm_source=oembed\"><\/iframe><\/p>\n<p><iframe title=\"Spotify Embed: PodPREC 3: Projeto ERICA\" style=\"border-radius: 12px\" width=\"100%\" height=\"152\" frameborder=\"0\" allowfullscreen allow=\"autoplay; clipboard-write; encrypted-media; fullscreen; picture-in-picture\" loading=\"lazy\" src=\"https:\/\/open.spotify.com\/embed\/episode\/1SMOZH9mGshZKkVIOrbN3D?si=09468967e4e149f7&#038;utm_source=oembed\"><\/iframe><\/p>\n<p><iframe title=\"Spotify Embed: PodPREC 2: Rede de Museus\" style=\"border-radius: 12px\" width=\"100%\" height=\"152\" frameborder=\"0\" allowfullscreen allow=\"autoplay; clipboard-write; encrypted-media; fullscreen; picture-in-picture\" loading=\"lazy\" src=\"https:\/\/open.spotify.com\/embed\/episode\/13H2jUD8ToNBXYiwdagS4y?si=mvUt8LhoS3iklVuyBi_Uhw&#038;dl_branch=1&#038;utm_source=oembed\"><\/iframe><\/p>\n<p><iframe title=\"Spotify Embed: PodPREC 1: F\u00f3rum Social\" style=\"border-radius: 12px\" width=\"100%\" height=\"152\" frameborder=\"0\" allowfullscreen allow=\"autoplay; clipboard-write; encrypted-media; fullscreen; picture-in-picture\" loading=\"lazy\" src=\"https:\/\/open.spotify.com\/embed\/episode\/4xlO1vszBsx1expmDISEqF?si=wdhvPkGxS3OI1S1B5Zo7Ig&#038;dl_branch=1&#038;utm_source=oembed\"><\/iframe><\/p>\n","protected":false},"excerpt":{"rendered":"<p>Dando continuidade na pol\u00edtica de transpar\u00eancia e aproxima\u00e7\u00e3o com a comunidade, apresentamos o PodPREC. Um podcast dedicado \u00e0 apresentar os projetos de Extens\u00e3o e Cultura da PREC. Cada um dos epis\u00f3dios \u00e9 dedicado a descrever, de uma forma did\u00e1tica e descontra\u00edda, as caracter\u00edsticas, os objetivos e as curiosidades relacionadas a cada um dos projetos. Esperamos [&hellip;]<\/p>\n","protected":false},"author":34,"featured_media":14571,"parent":0,"menu_order":0,"comment_status":"closed","ping_status":"closed","template":"","meta":{"footnotes":""},"class_list":["post-14558","page","type-page","status-publish","has-post-thumbnail","hentry"],"jetpack_sharing_enabled":true,"jetpack_shortlink":"https:\/\/wp.me\/P70d9s-3MO","_links":{"self":[{"href":"https:\/\/wp.ufpel.edu.br\/prec\/wp-json\/wp\/v2\/pages\/14558","targetHints":{"allow":["GET"]}}],"collection":[{"href":"https:\/\/wp.ufpel.edu.br\/prec\/wp-json\/wp\/v2\/pages"}],"about":[{"href":"https:\/\/wp.ufpel.edu.br\/prec\/wp-json\/wp\/v2\/types\/page"}],"author":[{"embeddable":true,"href":"https:\/\/wp.ufpel.edu.br\/prec\/wp-json\/wp\/v2\/users\/34"}],"replies":[{"embeddable":true,"href":"https:\/\/wp.ufpel.edu.br\/prec\/wp-json\/wp\/v2\/comments?post=14558"}],"version-history":[{"count":17,"href":"https:\/\/wp.ufpel.edu.br\/prec\/wp-json\/wp\/v2\/pages\/14558\/revisions"}],"predecessor-version":[{"id":23080,"href":"https:\/\/wp.ufpel.edu.br\/prec\/wp-json\/wp\/v2\/pages\/14558\/revisions\/23080"}],"wp:featuredmedia":[{"embeddable":true,"href":"https:\/\/wp.ufpel.edu.br\/prec\/wp-json\/wp\/v2\/media\/14571"}],"wp:attachment":[{"href":"https:\/\/wp.ufpel.edu.br\/prec\/wp-json\/wp\/v2\/media?parent=14558"}],"curies":[{"name":"wp","href":"https:\/\/api.w.org\/{rel}","templated":true}]}}