{"id":14231,"date":"2021-05-11T17:14:05","date_gmt":"2021-05-11T20:14:05","guid":{"rendered":"https:\/\/wp.ufpel.edu.br\/prec\/?page_id=14231"},"modified":"2025-08-25T09:00:23","modified_gmt":"2025-08-25T12:00:23","slug":"representacoes-institucionais","status":"publish","type":"page","link":"https:\/\/wp.ufpel.edu.br\/prec\/representacoes-institucionais\/","title":{"rendered":"Representa\u00e7\u00f5es Institucionais"},"content":{"rendered":"<p style=\"text-align: justify\"><a href=\"https:\/\/wp.ufpel.edu.br\/prec\/files\/2021\/07\/Logo-Representacoes-Institucionais-UFPel-cor.png\"><img class=\"alignleft size-medium wp-image-14428\" src=\"https:\/\/wp.ufpel.edu.br\/prec\/files\/2021\/07\/Logo-Representacoes-Institucionais-UFPel-cor-400x297.png\" alt=\"\" width=\"400\" height=\"297\" srcset=\"https:\/\/wp.ufpel.edu.br\/prec\/files\/2021\/07\/Logo-Representacoes-Institucionais-UFPel-cor-400x297.png 400w, https:\/\/wp.ufpel.edu.br\/prec\/files\/2021\/07\/Logo-Representacoes-Institucionais-UFPel-cor-1024x761.png 1024w, https:\/\/wp.ufpel.edu.br\/prec\/files\/2021\/07\/Logo-Representacoes-Institucionais-UFPel-cor-768x571.png 768w, https:\/\/wp.ufpel.edu.br\/prec\/files\/2021\/07\/Logo-Representacoes-Institucionais-UFPel-cor-43x32.png 43w, https:\/\/wp.ufpel.edu.br\/prec\/files\/2021\/07\/Logo-Representacoes-Institucionais-UFPel-cor.png 1346w\" sizes=\"(max-width: 400px) 100vw, 400px\" \/><\/a>A <strong>Representa\u00e7\u00e3o Institucional (RI)<\/strong>, se constitui em efetiva forma de inser\u00e7\u00e3o da Universidade no territ\u00f3rio em que atua, ao proporcionar rela\u00e7\u00f5es de colabora\u00e7\u00e3o com os mais diversos organismos p\u00fablicos, governamentais e n\u00e3o governamentais, e junto \u00e0s entidades que comp\u00f5em a sociedade civil organizada no \u00e2mbito municipal e regional.<\/p>\n<p style=\"text-align: justify\">Atualmente, a UFPel est\u00e1 representada em\u00a0<a href=\"https:\/\/wp.ufpel.edu.br\/representacoesinstitucionais\/representacoes-vigentes\/\">117 espa\u00e7os consultivos e deliberativos<\/a> nas \u00e1reas de sa\u00fade, educa\u00e7\u00e3o, direitos sociais, tecnologia e inova\u00e7\u00e3o, meio ambiente e desenvolvimento, al\u00e9m de inst\u00e2ncias de participa\u00e7\u00e3o em \u00f3rg\u00e3os governamentais superiores.<\/p>\n<p style=\"text-align: justify\">A <a href=\"https:\/\/sei.ufpel.edu.br\/sei\/publicacoes\/controlador_publicacoes.php?acao=publicacao_visualizar&amp;id_documento=2799200&amp;id_orgao_publicacao=0\" target=\"_blank\" rel=\"noopener\">Portaria 80\/2024<\/a> \u00e9 o ato que regulamenta a fun\u00e7\u00e3o de representa\u00e7\u00e3o da UFPel junto \u00e0s diversas institucionalidades, orienta sobre o seu exerc\u00edcio, define o processo de designa\u00e7\u00e3o dos servidores representantes, estabelece os mecanismos de acompanhamento e outros procedimentos.<\/p>\n<p style=\"text-align: justify\">A Coordena\u00e7\u00e3o de Extens\u00e3o e Desenvolvimento Social (CEDS), da Pr\u00f3-Reitoria de Extens\u00e3o e Cultura (PREC), \u00e9 a estrutura que realiza o acompanhamento aos servidores representantes e desenvolve a\u00e7\u00f5es de integra\u00e7\u00e3o e qualifica\u00e7\u00e3o para a atua\u00e7\u00e3o externa voltada ao fortalecimento da democracia, \u00e0 troca de saberes e \u00e0 eleva\u00e7\u00e3o da qualidade de vida das comunidades.<\/p>\n<p style=\"text-align: justify\">Acompanhe todas as informa\u00e7\u00f5es sobre as RIs da UFPel acessando: <strong><a href=\"https:\/\/wp.ufpel.edu.br\/representacoesinstitucionais\/\" target=\"_blank\" rel=\"noopener\">ufpel.edu.br\/representacoesinstitucionais<\/a><\/strong><\/p>\n","protected":false},"excerpt":{"rendered":"<p>A Representa\u00e7\u00e3o Institucional (RI), se constitui em efetiva forma de inser\u00e7\u00e3o da Universidade no territ\u00f3rio em que atua, ao proporcionar rela\u00e7\u00f5es de colabora\u00e7\u00e3o com os mais diversos organismos p\u00fablicos, governamentais e n\u00e3o governamentais, e junto \u00e0s entidades que comp\u00f5em a sociedade civil organizada no \u00e2mbito municipal e regional. Atualmente, a UFPel est\u00e1 representada em\u00a0117 espa\u00e7os [&hellip;]<\/p>\n","protected":false},"author":34,"featured_media":14428,"parent":0,"menu_order":0,"comment_status":"closed","ping_status":"closed","template":"","meta":{"footnotes":""},"class_list":["post-14231","page","type-page","status-publish","has-post-thumbnail","hentry"],"jetpack_sharing_enabled":true,"jetpack_shortlink":"https:\/\/wp.me\/P70d9s-3Hx","_links":{"self":[{"href":"https:\/\/wp.ufpel.edu.br\/prec\/wp-json\/wp\/v2\/pages\/14231","targetHints":{"allow":["GET"]}}],"collection":[{"href":"https:\/\/wp.ufpel.edu.br\/prec\/wp-json\/wp\/v2\/pages"}],"about":[{"href":"https:\/\/wp.ufpel.edu.br\/prec\/wp-json\/wp\/v2\/types\/page"}],"author":[{"embeddable":true,"href":"https:\/\/wp.ufpel.edu.br\/prec\/wp-json\/wp\/v2\/users\/34"}],"replies":[{"embeddable":true,"href":"https:\/\/wp.ufpel.edu.br\/prec\/wp-json\/wp\/v2\/comments?post=14231"}],"version-history":[{"count":4,"href":"https:\/\/wp.ufpel.edu.br\/prec\/wp-json\/wp\/v2\/pages\/14231\/revisions"}],"predecessor-version":[{"id":23884,"href":"https:\/\/wp.ufpel.edu.br\/prec\/wp-json\/wp\/v2\/pages\/14231\/revisions\/23884"}],"wp:featuredmedia":[{"embeddable":true,"href":"https:\/\/wp.ufpel.edu.br\/prec\/wp-json\/wp\/v2\/media\/14428"}],"wp:attachment":[{"href":"https:\/\/wp.ufpel.edu.br\/prec\/wp-json\/wp\/v2\/media?parent=14231"}],"curies":[{"name":"wp","href":"https:\/\/api.w.org\/{rel}","templated":true}]}}