{"id":13671,"date":"2020-07-11T15:08:19","date_gmt":"2020-07-11T18:08:19","guid":{"rendered":"https:\/\/wp.ufpel.edu.br\/prec\/?page_id=13671"},"modified":"2020-07-11T15:08:19","modified_gmt":"2020-07-11T18:08:19","slug":"aviso-banco-de-extensao","status":"publish","type":"page","link":"https:\/\/wp.ufpel.edu.br\/prec\/aviso-banco-de-extensao\/","title":{"rendered":"Aviso: Banco de Extens\u00e3o"},"content":{"rendered":"<p style=\"text-align: center\"><strong><span style=\"font-size: 14pt\">Banco de Extens\u00e3o<\/span><\/strong><\/p>\n<p style=\"text-align: center\"><span style=\"font-size: 14pt\">A PREC informa que, durante o per\u00edodo de isolamento social que imp\u00f5e a UFPEL operar com atividades remotas, o Banco de Extens\u00e3o estar\u00e1 suspenso. Espera-se, em breve, retornarmos com esta a\u00e7\u00e3o.<\/span><\/p>\n","protected":false},"excerpt":{"rendered":"<p>Banco de Extens\u00e3o A PREC informa que, durante o per\u00edodo de isolamento social que imp\u00f5e a UFPEL operar com atividades remotas, o Banco de Extens\u00e3o estar\u00e1 suspenso. Espera-se, em breve, retornarmos com esta a\u00e7\u00e3o.<\/p>\n","protected":false},"author":34,"featured_media":6498,"parent":0,"menu_order":0,"comment_status":"closed","ping_status":"closed","template":"","meta":{"footnotes":""},"class_list":["post-13671","page","type-page","status-publish","has-post-thumbnail","hentry"],"jetpack_sharing_enabled":true,"jetpack_shortlink":"https:\/\/wp.me\/P70d9s-3yv","_links":{"self":[{"href":"https:\/\/wp.ufpel.edu.br\/prec\/wp-json\/wp\/v2\/pages\/13671","targetHints":{"allow":["GET"]}}],"collection":[{"href":"https:\/\/wp.ufpel.edu.br\/prec\/wp-json\/wp\/v2\/pages"}],"about":[{"href":"https:\/\/wp.ufpel.edu.br\/prec\/wp-json\/wp\/v2\/types\/page"}],"author":[{"embeddable":true,"href":"https:\/\/wp.ufpel.edu.br\/prec\/wp-json\/wp\/v2\/users\/34"}],"replies":[{"embeddable":true,"href":"https:\/\/wp.ufpel.edu.br\/prec\/wp-json\/wp\/v2\/comments?post=13671"}],"version-history":[{"count":1,"href":"https:\/\/wp.ufpel.edu.br\/prec\/wp-json\/wp\/v2\/pages\/13671\/revisions"}],"predecessor-version":[{"id":13673,"href":"https:\/\/wp.ufpel.edu.br\/prec\/wp-json\/wp\/v2\/pages\/13671\/revisions\/13673"}],"wp:featuredmedia":[{"embeddable":true,"href":"https:\/\/wp.ufpel.edu.br\/prec\/wp-json\/wp\/v2\/media\/6498"}],"wp:attachment":[{"href":"https:\/\/wp.ufpel.edu.br\/prec\/wp-json\/wp\/v2\/media?parent=13671"}],"curies":[{"name":"wp","href":"https:\/\/api.w.org\/{rel}","templated":true}]}}