{"id":13426,"date":"2020-05-19T18:47:07","date_gmt":"2020-05-19T21:47:07","guid":{"rendered":"https:\/\/wp.ufpel.edu.br\/prec\/?page_id=13426"},"modified":"2020-07-10T13:16:30","modified_gmt":"2020-07-10T16:16:30","slug":"ii-seminario-de-curricularizacao","status":"publish","type":"page","link":"https:\/\/wp.ufpel.edu.br\/prec\/ii-seminario-de-curricularizacao\/","title":{"rendered":"II Semin\u00e1rio de Curriculariza\u00e7\u00e3o"},"content":{"rendered":"<h2><img class=\"aligncenter size-full wp-image-13664\" src=\"https:\/\/wp.ufpel.edu.br\/prec\/files\/2020\/07\/Cabe\u00e7alho-seminario-curric.png\" alt=\"\" width=\"1000\" height=\"340\" srcset=\"https:\/\/wp.ufpel.edu.br\/prec\/files\/2020\/07\/Cabe\u00e7alho-seminario-curric.png 1000w, https:\/\/wp.ufpel.edu.br\/prec\/files\/2020\/07\/Cabe\u00e7alho-seminario-curric-400x136.png 400w, https:\/\/wp.ufpel.edu.br\/prec\/files\/2020\/07\/Cabe\u00e7alho-seminario-curric-768x261.png 768w, https:\/\/wp.ufpel.edu.br\/prec\/files\/2020\/07\/Cabe\u00e7alho-seminario-curric-94x32.png 94w\" sizes=\"(max-width: 1000px) 100vw, 1000px\" \/><\/h2>\n<div><\/div>\n<div style=\"text-align: justify\"><span style=\"font-family: arial, helvetica, sans-serif;font-size: 12pt\">Com as medidas de enfrentamento \u00e0 pandemia e a impossibilidade de nos reunirmos presencialmente, o II Semin\u00e1rio de Curriculariza\u00e7\u00e3o \u2013 Desafios e Experi\u00eancias ocorreu de forma virtual. A primeira atividade foi uma live sobre os fluxos e avalia\u00e7\u00e3o da inser\u00e7\u00e3o da Extens\u00e3o nos PPCs com o relato dos coordenadores cujos cursos j\u00e1 tiveram o PPC aprovado com a integraliza\u00e7\u00e3o da Extens\u00e3o, trazendo um pouco sobre como foi a experi\u00eancia e as formas adotadas em seus curr\u00edculos.<\/span><\/div>\n<div style=\"text-align: justify\">\n<p><span style=\"font-family: arial, helvetica, sans-serif;font-size: 12pt\">Participaram da live a Comiss\u00e3o de Curriculariza\u00e7\u00e3o e os coordenadores dos cursos de Antropologia \u2013 Prof. Dr. Francisco Luiz da Silva Pereira Neto, Ci\u00eancias Biol\u00f3gicas \u2013 Prof.\u00aa Dr.\u00aa Adriana Louren\u00e7o da Silva, Conserva\u00e7\u00e3o e Restaura\u00e7\u00e3o \u2013 Prof.\u00aa Dr.\u00aa Daniele Baltz da Fonseca e Engenharia de Controle e Automa\u00e7\u00e3o \u2013 Prof. Dr. Sigmar de Lima.<\/span><\/p>\n<p><span style=\"font-family: arial, helvetica, sans-serif;font-size: 12pt\">As demais atividades contaram com os mesmos participantes da live, com os coordenadores dos demais cursos de gradua\u00e7\u00e3o da UFPel, membros dos NDEs e das C\u00e2maras de Extens\u00e3o. Para facilitar o debate e viabilizar a realiza\u00e7\u00e3o pela webconf, o grupo foi divido por \u00e1reas. Assim, o segundo dia do semin\u00e1rio foi destinado ao di\u00e1logo com os cursos da sa\u00fade, o terceiro ao di\u00e1logo com os cursos das humanidades e o quarto e \u00faltimo dia ao di\u00e1logo com os cursos das \u00e1reas tecnol\u00f3gicas e exatas.<\/span><\/p>\n<p><span style=\"font-family: arial, helvetica, sans-serif;font-size: 12pt\">A proposta dos tr\u00eas \u00faltimos encontros foi, em um primeiro momento, ouvir o relato dos demais coordenadores e, no segundo momento, responder \u00e0s quest\u00f5es propostas e promover a troca de experi\u00eancias entre os participantes.<\/span><\/p>\n<\/div>\n<h3><\/h3>\n<h3 style=\"text-align: center\"><strong>Confira o conte\u00fado do Semin\u00e1rio:<\/strong><\/h3>\n<p><strong>Dia 18 de maio de 2020<\/strong> \u2013 Live do Semin\u00e1rio:<\/p>\n<p><iframe title=\"Dia 18 de maio de 2020 \u2013 Live do Semin\u00e1rio\" width=\"500\" height=\"281\" src=\"https:\/\/www.youtube.com\/embed\/gHsnlE5TYng?feature=oembed\" frameborder=\"0\" allow=\"accelerometer; autoplay; clipboard-write; encrypted-media; gyroscope; picture-in-picture; web-share\" referrerpolicy=\"strict-origin-when-cross-origin\" allowfullscreen><\/iframe><\/p>\n<p><strong>Dia 19 de maio de 2020<\/strong> \u2013 Dialogando com os Cursos da Sa\u00fade.<\/p>\n<p><iframe title=\"Dia 19 de maio de 2020 \u2013 Dialogando com os Cursos da Sa\u00fade\" width=\"500\" height=\"281\" src=\"https:\/\/www.youtube.com\/embed\/ZI0s7DrMJCM?feature=oembed\" frameborder=\"0\" allow=\"accelerometer; autoplay; clipboard-write; encrypted-media; gyroscope; picture-in-picture; web-share\" referrerpolicy=\"strict-origin-when-cross-origin\" allowfullscreen><\/iframe><\/p>\n<p><strong>Dia 20 de maio de 2020<\/strong> \u2013 Dialogando com os Cursos das Humanidades.<\/p>\n<p><iframe title=\"Dia 20 de maio de 2020 \u2013 Dialogando com os Cursos das Humanidades\" width=\"500\" height=\"281\" src=\"https:\/\/www.youtube.com\/embed\/xeYJOC1vXLc?feature=oembed\" frameborder=\"0\" allow=\"accelerometer; autoplay; clipboard-write; encrypted-media; gyroscope; picture-in-picture; web-share\" referrerpolicy=\"strict-origin-when-cross-origin\" allowfullscreen><\/iframe><\/p>\n<p><strong>Dia 21 de maio de 2020<\/strong> \u2013 Dialogando com os Cursos das Tecnol\u00f3gicas e Exatas.<\/p>\n<p><iframe title=\"Dia 21 de maio de 2020 \u2013 Dialogando com os Cursos das Tecnol\u00f3gicas e Exatas\" width=\"500\" height=\"281\" src=\"https:\/\/www.youtube.com\/embed\/OehNAyllb90?feature=oembed\" frameborder=\"0\" allow=\"accelerometer; autoplay; clipboard-write; encrypted-media; gyroscope; picture-in-picture; web-share\" referrerpolicy=\"strict-origin-when-cross-origin\" allowfullscreen><\/iframe><\/p>\n","protected":false},"excerpt":{"rendered":"<p>Com as medidas de enfrentamento \u00e0 pandemia e a impossibilidade de nos reunirmos presencialmente, o II Semin\u00e1rio de Curriculariza\u00e7\u00e3o \u2013 Desafios e Experi\u00eancias ocorreu de forma virtual. A primeira atividade foi uma live sobre os fluxos e avalia\u00e7\u00e3o da inser\u00e7\u00e3o da Extens\u00e3o nos PPCs com o relato dos coordenadores cujos cursos j\u00e1 tiveram o PPC [&hellip;]<\/p>\n","protected":false},"author":34,"featured_media":13669,"parent":0,"menu_order":0,"comment_status":"closed","ping_status":"closed","template":"","meta":{"footnotes":""},"class_list":["post-13426","page","type-page","status-publish","has-post-thumbnail","hentry"],"jetpack_sharing_enabled":true,"jetpack_shortlink":"https:\/\/wp.me\/P70d9s-3uy","_links":{"self":[{"href":"https:\/\/wp.ufpel.edu.br\/prec\/wp-json\/wp\/v2\/pages\/13426","targetHints":{"allow":["GET"]}}],"collection":[{"href":"https:\/\/wp.ufpel.edu.br\/prec\/wp-json\/wp\/v2\/pages"}],"about":[{"href":"https:\/\/wp.ufpel.edu.br\/prec\/wp-json\/wp\/v2\/types\/page"}],"author":[{"embeddable":true,"href":"https:\/\/wp.ufpel.edu.br\/prec\/wp-json\/wp\/v2\/users\/34"}],"replies":[{"embeddable":true,"href":"https:\/\/wp.ufpel.edu.br\/prec\/wp-json\/wp\/v2\/comments?post=13426"}],"version-history":[{"count":47,"href":"https:\/\/wp.ufpel.edu.br\/prec\/wp-json\/wp\/v2\/pages\/13426\/revisions"}],"predecessor-version":[{"id":13668,"href":"https:\/\/wp.ufpel.edu.br\/prec\/wp-json\/wp\/v2\/pages\/13426\/revisions\/13668"}],"wp:featuredmedia":[{"embeddable":true,"href":"https:\/\/wp.ufpel.edu.br\/prec\/wp-json\/wp\/v2\/media\/13669"}],"wp:attachment":[{"href":"https:\/\/wp.ufpel.edu.br\/prec\/wp-json\/wp\/v2\/media?parent=13426"}],"curies":[{"name":"wp","href":"https:\/\/api.w.org\/{rel}","templated":true}]}}