{"id":12538,"date":"2019-09-16T17:32:44","date_gmt":"2019-09-16T20:32:44","guid":{"rendered":"https:\/\/wp.ufpel.edu.br\/prec\/?page_id=12538"},"modified":"2020-07-09T17:40:06","modified_gmt":"2020-07-09T20:40:06","slug":"eventos","status":"publish","type":"page","link":"https:\/\/wp.ufpel.edu.br\/prec\/eventos\/","title":{"rendered":"Eventos"},"content":{"rendered":"<p>Esta se\u00e7\u00e3o \u00e9 destinada a informar os eventos do presente ano promovidos e\/ou apoiados pela Pr\u00f3-Reitoria de Extens\u00e3o e Cultura da Universidade Federal de Pelotas.<\/p>\n<p><strong>\u00a0<\/strong><\/p>\n<p><a href=\"http:\/\/seurs37.ufsc.br\/\">37\u00ba SEURS<\/a><\/p>\n<p><a href=\"https:\/\/wp.ufpel.edu.br\/prec\/2018\/10\/08\/ufpel-participa-da-92a-expofeira-de-pelotas\/\">92\u00aa Expofeira<\/a><\/p>\n<p><a href=\"http:\/\/www.associacaoruraldepelotas.com.br\/site\/expofeira\/\">93\u00aa Expofeira<\/a><\/p>\n<p><a href=\"https:\/\/wp.ufpel.edu.br\/congressoextensao\/\">Congresso de Extens\u00e3o e Cultura<\/a><\/p>\n<p><a href=\"https:\/\/wp.ufpel.edu.br\/prec\/files\/2019\/08\/2019_PROGRAMA\u00c7\u00c3O-DO-DIA-DO-PATRIM\u00d4NIO-NA-UFPel.pdf\">Dia do Patrim\u00f4nio 2019<\/a><\/p>\n<p><a href=\"https:\/\/wp.ufpel.edu.br\/prec\/ii-seminario-de-curricularizacao\/\">II\u00a0Semin\u00e1rio de Curriculariza\u00e7\u00e3o<\/a><\/p>\n<p><a href=\"https:\/\/wp.ufpel.edu.br\/prec\/2019\/04\/05\/seminario-da-semana-de-museus-da-ufpel-2019\/\">Semana de Museus da UFPel 2019<\/a><\/p>\n<p><a href=\"https:\/\/wp.ufpel.edu.br\/prec\/siac\/\">Semin\u00e1rio Internacional de Acessibilidade Cultural<\/a><\/p>\n<p><a href=\"https:\/\/wp.ufpel.edu.br\/siiepe\/\">SIIEPE<\/a><\/p>\n<p><a href=\"https:\/\/wp.ufpel.edu.br\/prec\/2019\/10\/07\/show-de-encerramento-v-siiepe-oiant-e-abertura-pepeu\/\">Show de encerramento V SIIEPE \u2013 OIANT<\/a><\/p>\n<p><a href=\"https:\/\/wp.ufpel.edu.br\/aberturacultural\/\">UFPel Abertura Cultural 2019<\/a><\/p>\n<p><a href=\"https:\/\/wp.ufpel.edu.br\/prec\/programacao-ufpel-na-fenadoce-2019\/\">UFPel na Fenadoce 2019<\/a><\/p>\n","protected":false},"excerpt":{"rendered":"<p>Esta se\u00e7\u00e3o \u00e9 destinada a informar os eventos do presente ano promovidos e\/ou apoiados pela Pr\u00f3-Reitoria de Extens\u00e3o e Cultura da Universidade Federal de Pelotas. \u00a0 37\u00ba SEURS 92\u00aa Expofeira 93\u00aa Expofeira Congresso de Extens\u00e3o e Cultura Dia do Patrim\u00f4nio 2019 II\u00a0Semin\u00e1rio de Curriculariza\u00e7\u00e3o Semana de Museus da UFPel 2019 Semin\u00e1rio Internacional de Acessibilidade Cultural [&hellip;]<\/p>\n","protected":false},"author":34,"featured_media":0,"parent":0,"menu_order":0,"comment_status":"closed","ping_status":"closed","template":"","meta":{"footnotes":""},"class_list":["post-12538","page","type-page","status-publish","hentry"],"jetpack_sharing_enabled":true,"jetpack_shortlink":"https:\/\/wp.me\/P70d9s-3ge","_links":{"self":[{"href":"https:\/\/wp.ufpel.edu.br\/prec\/wp-json\/wp\/v2\/pages\/12538","targetHints":{"allow":["GET"]}}],"collection":[{"href":"https:\/\/wp.ufpel.edu.br\/prec\/wp-json\/wp\/v2\/pages"}],"about":[{"href":"https:\/\/wp.ufpel.edu.br\/prec\/wp-json\/wp\/v2\/types\/page"}],"author":[{"embeddable":true,"href":"https:\/\/wp.ufpel.edu.br\/prec\/wp-json\/wp\/v2\/users\/34"}],"replies":[{"embeddable":true,"href":"https:\/\/wp.ufpel.edu.br\/prec\/wp-json\/wp\/v2\/comments?post=12538"}],"version-history":[{"count":8,"href":"https:\/\/wp.ufpel.edu.br\/prec\/wp-json\/wp\/v2\/pages\/12538\/revisions"}],"predecessor-version":[{"id":13661,"href":"https:\/\/wp.ufpel.edu.br\/prec\/wp-json\/wp\/v2\/pages\/12538\/revisions\/13661"}],"wp:attachment":[{"href":"https:\/\/wp.ufpel.edu.br\/prec\/wp-json\/wp\/v2\/media?parent=12538"}],"curies":[{"name":"wp","href":"https:\/\/api.w.org\/{rel}","templated":true}]}}