{"id":1188,"date":"2013-06-27T14:15:45","date_gmt":"2013-06-27T14:15:45","guid":{"rendered":"https:\/\/wp.ufpel.edu.br\/prec\/?page_id=1188"},"modified":"2026-03-20T15:53:33","modified_gmt":"2026-03-20T18:53:33","slug":"resultados","status":"publish","type":"page","link":"https:\/\/wp.ufpel.edu.br\/prec\/resultados\/","title":{"rendered":"Resultados"},"content":{"rendered":"<p><strong>2026<\/strong><\/p>\n<p><a href=\"https:\/\/wp.ufpel.edu.br\/prec\/files\/2026\/03\/Resultado-FINAL-edital-01-2026.pdf\" target=\"_blank\" rel=\"noopener\">Acesse o Resultado FINAL \u2013 Edital 01\/2026 &#8211; Ampla Concorr\u00eancia<\/a><\/p>\n<p><a href=\"https:\/\/wp.ufpel.edu.br\/prec\/files\/2026\/03\/Resultado-FINAL-edital-02-2026.pdf\" target=\"_blank\" rel=\"noopener\">Acesse o Resultado FINAL \u2013 Edital 02\/2026 &#8211; A\u00e7\u00f5es Afirmativas<\/a><\/p>\n<p><a href=\"https:\/\/wp.ufpel.edu.br\/prec\/files\/2026\/03\/Resultado-FINAL-edital-03-2026.pdf\" target=\"_blank\" rel=\"noopener\">Acesse o Resultado FINAL \u2013 Edital 03\/2026 &#8211; Bolsas para estudantes com defici\u00eancia<\/a><\/p>\n<p>&nbsp;<\/p>\n<p><strong>2025<\/strong><\/p>\n<p><a href=\"https:\/\/wp.ufpel.edu.br\/prec\/files\/2025\/04\/Inscritos-edital-01-2025.xlsx-Resultado-FINAL.pdf\" target=\"_blank\" rel=\"noopener\">Acesse o Resultado FINAL \u2013 Edital 01\/2025 &#8211; Ampla Concorr\u00eancia<\/a><\/p>\n<p><a href=\"https:\/\/wp.ufpel.edu.br\/prec\/files\/2025\/04\/Inscritos-edital-02-2025.xlsx-Resultado-FINAL.pdf\" target=\"_blank\" rel=\"noopener\">Acesse o Resultado FINAL \u2013 Edital 02\/2025 &#8211; A\u00e7\u00f5es Afirmativas<\/a><\/p>\n<p><a href=\"https:\/\/wp.ufpel.edu.br\/prec\/files\/2025\/04\/Inscritos-edital-03-2025.xlsx-Resultado-FINAL.pdf\" target=\"_blank\" rel=\"noopener\">Acesse o Resultado FINAL \u2013 Edital 03\/2025 &#8211; Bolsas para estudantes com defici\u00eancia<\/a><\/p>\n<p><a href=\"https:\/\/wp.ufpel.edu.br\/prec\/files\/2025\/05\/Resultado-FINAL-Edital-04-2025.pdf\" target=\"_blank\" rel=\"noopener\">Acesse o Resultado FINAL \u2013 Edital 04\/2025 \u2013 Sele\u00e7\u00e3o interna 43\u00ba SEURS<\/a><\/p>\n<p>&nbsp;<\/p>\n<p><strong>2024<\/strong><\/p>\n<p><a href=\"https:\/\/wp.ufpel.edu.br\/prec\/files\/2024\/04\/Resultado-FINAL-Edital-01-2024.pdf\" target=\"_blank\" rel=\"noopener\">Acesse o Resultado FINAL \u2013 Edital 01\/2024 &#8211; Ampla Concorr\u00eancia<\/a><\/p>\n<p><a href=\"https:\/\/wp.ufpel.edu.br\/prec\/files\/2024\/04\/Resultado-FINAL-Edital-02-2024.pdf\" target=\"_blank\" rel=\"noopener\">Acesse o Resultado FINAL \u2013 Edital 02\/2024 &#8211; A\u00e7\u00f5es Afirmativas<\/a><\/p>\n<p><a href=\"https:\/\/wp.ufpel.edu.br\/prec\/files\/2024\/04\/Resultado-FINAL-Edital-03-2024.pdf\" target=\"_blank\" rel=\"noopener\">Acesse o Resultado FINAL \u2013 Edital 03\/2024 &#8211; Bolsas para estudantes com defici\u00eancia e\/ou necessidades especiais<\/a><\/p>\n<p><a href=\"https:\/\/wp.ufpel.edu.br\/prec\/files\/2024\/04\/Resultado-FINAL-Edital-04-2024.pdf\" target=\"_blank\" rel=\"noopener\">Acesse o Resultado FINAL \u2013 Edital 04\/2024 &#8211; Bolsas para projetos vinculados aos cursos UAB<\/a><\/p>\n<p><a href=\"https:\/\/wp.ufpel.edu.br\/prec\/files\/2024\/08\/Resultado-FINAL-Edital-05-2024.pdf\" target=\"_blank\" rel=\"noopener\">Acesse o Resultado FINAL \u2013 Edital 05\/2024 \u2013 Sele\u00e7\u00e3o interna 42\u00ba SEURS<\/a><\/p>\n<p><a href=\"https:\/\/wp.ufpel.edu.br\/prec\/files\/2024\/11\/Edital-06_2024-Resultado.pdf\">Acesse o Resultado FINAL &#8211; Edital 06\/2024 \u2013 Fomento a Integraliza\u00e7\u00e3o da Extens\u00e3o<\/a><\/p>\n<p>&nbsp;<\/p>\n<p><strong>2023<\/strong><\/p>\n<p><a href=\"https:\/\/wp.ufpel.edu.br\/prec\/files\/2023\/03\/Resultado-FINAL-Edital-02-2023.pdf\" target=\"_blank\" rel=\"noopener\">Acesse o Resultado FINAL \u2013 Edital 02\/2023 &#8211; Ampla Concorr\u00eancia<\/a><\/p>\n<p><a href=\"https:\/\/wp.ufpel.edu.br\/prec\/files\/2023\/03\/Resultado-FINAL-Edital-03-2023.pdf\" target=\"_blank\" rel=\"noopener\">Acesse o Resultado FINAL \u2013 Edital 03\/2023 &#8211; A\u00e7\u00f5es Afirmativas<\/a><\/p>\n<p><a href=\"https:\/\/wp.ufpel.edu.br\/prec\/files\/2023\/03\/Resultado-FINAL-Edital-04-2023.pdf\" target=\"_blank\" rel=\"noopener\">Acesse o Resultado FINAL \u2013 Edital 04\/2023 &#8211; Bolsas para estudantes com defici\u00eancia e\/ou necessidades especiais<\/a><\/p>\n<p><a href=\"https:\/\/wp.ufpel.edu.br\/prec\/files\/2023\/03\/Resultado-FINAL-Edital-05-2023.pdf\" target=\"_blank\" rel=\"noopener\">Acesse o Resultado FINAL \u2013 Edital 05\/2023 &#8211; Bolsas para projetos vinculados aos cursos UAB<\/a><\/p>\n<p><a href=\"https:\/\/wp.ufpel.edu.br\/prec\/files\/2023\/03\/Resultado-Edital-06-2023.pdf\">Acesse o Resultado FINAL \u2013 Edital 06\/2023 &#8211; Sele\u00e7\u00e3o de bolsista para o projeto &#8220;F\u00f3rum Social&#8221;<\/a><\/p>\n<p><a href=\"https:\/\/wp.ufpel.edu.br\/prec\/files\/2023\/09\/Resultado-FINAL-Edital-10-2023.pdf\" target=\"_blank\" rel=\"noopener\">Acesse o Resultado FINAL \u2013 Edital 10\/2023 &#8211; \u00c1reas Estrat\u00e9gicas<\/a><\/p>\n<p>&nbsp;<\/p>\n<p><strong>2022<\/strong><\/p>\n<p><a href=\"https:\/\/wp.ufpel.edu.br\/prec\/files\/2022\/04\/Resultado-FINAL-Edital-01-2022.pdf\" target=\"_blank\" rel=\"noopener\">Acesse o Resultado FINAL \u2013 Edital 01\/2022 &#8211; Ampla Concorr\u00eancia<\/a><\/p>\n<p><a href=\"https:\/\/wp.ufpel.edu.br\/prec\/files\/2022\/04\/Resultado-FINAL-Edital-02-2022.pdf\" target=\"_blank\" rel=\"noopener\">Acesse o Resultado FINAL \u2013 Edital 02\/2022 &#8211; A\u00e7\u00f5es Afirmativas<\/a><\/p>\n<p><a href=\"https:\/\/wp.ufpel.edu.br\/prec\/files\/2022\/04\/Resultado-FINAL-Edital-03-2022.pdf\" target=\"_blank\" rel=\"noopener\">Acesse o Resultado FINAL \u2013 Edital 03\/2022 &#8211; Projetos vinculados aos cursos UAB<\/a><\/p>\n<p><a href=\"https:\/\/wp.ufpel.edu.br\/prec\/files\/2022\/04\/Resultado-FINAL-Edital-04-2022.pdf\" target=\"_blank\" rel=\"noopener\">Acesse o Resultado FINAL \u2013 Edital 04\/2022 &#8211; Bolsas para estudantes com defici\u00eancia e\/ou necessidades especiais<\/a><\/p>\n<p><a href=\"https:\/\/wp.ufpel.edu.br\/prec\/files\/2022\/08\/Resultado-Final-edital-07-2022.pdf\" target=\"_blank\" rel=\"noopener\">Acesse o Resultado FINAL \u2013 Edital 07\/2022 \u2013 Sele\u00e7\u00e3o interna 40\u00ba SEURS<\/a><\/p>\n<p>&nbsp;<\/p>\n<p><strong>2021<\/strong><\/p>\n<p><a href=\"https:\/\/wp.ufpel.edu.br\/prec\/2021\/05\/07\/resultado-final-dos-editais-02-2021-e-03-2021-pba-extensao-projetos\/\">Acesse o Resultado final dos Editais 02\/2021 e 03\/2021 \u2013 PBA\/Extens\u00e3o\/Projetos<\/a><\/p>\n<p><a href=\"https:\/\/wp.ufpel.edu.br\/prec\/2021\/07\/23\/resultado-final-dos-editais-05-2021-e-06-2021\/\">Acesse o Resultado final dos Editais 05\/2021 e 06\/2021 \u2013 PBA\/Extens\u00e3o\/Projetos<\/a><\/p>\n<p><a href=\"https:\/\/wp.ufpel.edu.br\/prec\/files\/2021\/08\/Resultado-FINAL-Edital-07-2021.pdf\" target=\"_blank\" rel=\"noopener\">Acesse o Resultado final do edital n\u00ba 07\/2021 \u2013 Sele\u00e7\u00e3o interna 39\u00ba SEURS<\/a><\/p>\n<p>&nbsp;<\/p>\n<p><strong>2020<\/strong><\/p>\n<p><a href=\"https:\/\/wp.ufpel.edu.br\/prec\/2020\/05\/02\/resultado-final-dos-editais-01-2020-e-02-2020-pba-extensao-projetos\/\">Acesse o Resultado final dos Editais 01\/2020 e 02\/2020 \u2013 PBA\/Extens\u00e3o\/Projetos<\/a><\/p>\n<p><a href=\"https:\/\/wp.ufpel.edu.br\/prec\/files\/2020\/06\/Resultado_edital_03-2020.pdf\">Acesse o Resultado final do Edital 03\/2020 &#8211; PBA\/Extens\u00e3o\/\u00c1reas Estrat\u00e9gicas<\/a><\/p>\n<p><a href=\"https:\/\/wp.ufpel.edu.br\/prec\/files\/2020\/07\/Lista-dos-textos-enquadrados_publicar.pdf\">Acesse o Resultado final do edital n\u00ba 05\/2020 \u2013 Cole\u00e7\u00e3o Extens\u00e3o e Sociedade<\/a><\/p>\n<p><a href=\"https:\/\/wp.ufpel.edu.br\/prec\/files\/2020\/10\/Resultado-FINAL-38SEURS.pdf\">Acesse o Resultado final do edital n\u00ba 06\/2020 \u2013 Sele\u00e7\u00e3o interna 38\u00ba SEURS<\/a><\/p>\n<p>&nbsp;<\/p>\n<p><strong>2019<\/strong><\/p>\n<p><a href=\"https:\/\/wp.ufpel.edu.br\/prec\/files\/2019\/03\/Resultado-FINAL-Edital-01-2019.pdf\">Acesse o Resultado final do edital n\u00ba 01\/2019 &#8211; PBA Extens\u00e3o Projetos Estrat\u00e9gicos<\/a><\/p>\n<p><a href=\"https:\/\/wp.ufpel.edu.br\/prec\/files\/2019\/04\/Resultado_Final_Edital_02-2019.pdf\">Acesse o Resultado final do edital_n\u00ba 02\/2019- Sele\u00e7\u00e3o de bolsistas Desafio Pr\u00e9-Universit\u00e1rio Popular<\/a><\/p>\n<p><a href=\"https:\/\/wp.ufpel.edu.br\/prec\/2019\/04\/02\/retificacao-do-resultado-da-selecao-para-universidade-aberta-para-idosos\/\">Acesse o Resultado RETIFICADO do edital n\u00ba 03\/2019 &#8211; UNAPI 2019-1<\/a><\/p>\n<p><a href=\"https:\/\/wp.ufpel.edu.br\/prec\/files\/2019\/04\/Resultado_Final_Edital_04-2019.pdf\">Acesse o Resultado final do edital n\u00ba 04\/2019 &#8211; Sele\u00e7\u00e3o de bolsistas Cine, Coral e Teatro<\/a><\/p>\n<p><a href=\"https:\/\/wp.ufpel.edu.br\/prec\/files\/2019\/05\/Resultados-Final.pdf\">Acesse o Resultado final do edital n\u00ba 05\/2019 &#8211; Projetos contemplados com bolsa<\/a><\/p>\n<p><a href=\"https:\/\/wp.ufpel.edu.br\/prec\/files\/2019\/05\/Resultado-FINAL-SEURS-2019.pdf\">Acesse o Resultado final do edital n\u00ba 06\/2019 \u2013 Sele\u00e7\u00e3o interna 37\u00ba SEURS<\/a><\/p>\n<p><a href=\"https:\/\/wp.ufpel.edu.br\/prec\/files\/2019\/08\/Resultado-final_edital_8.pdf\">Acesse o Resultado final do edital n\u00ba 08\/2019 &#8211; Bolsa PBA \u2013 Divulga\u00e7\u00e3o e Comunica\u00e7\u00e3o da Rede de Museus da UFPel<\/a><\/p>\n<p><a href=\"https:\/\/wp.ufpel.edu.br\/prec\/2019\/08\/19\/resultado-da-selecao-para-o-programa-universidade-aberta-para-idosos-unapi\/\">Acesse o Resultado final do edital n\u00ba 09\/2019 &#8211; Sele\u00e7\u00e3o para o Programa Universidade Aberta para Idosos \u2013 UNAPI<\/a><\/p>\n<p><a href=\"https:\/\/wp.ufpel.edu.br\/prec\/2019\/09\/17\/proposta-vencedora-para-ilustracao-grafica-do-mascote-candy-valley\/\">Acesse o Resultado final do edital n\u00ba 10\/2019 &#8211; Sele\u00e7\u00e3o de Ilustra\u00e7\u00e3o Gr\u00e1fica do Mascote Candy Valley<\/a><\/p>\n<p>&nbsp;<\/p>\n<p><strong>2018<\/strong><\/p>\n<p><a href=\"https:\/\/wp.ufpel.edu.br\/prec\/2018\/04\/11\/resultado-final-da-selecao-de-posteres-da-campanha-de-prevencao-ao-cancer-bucal\/\">Acesse o Resultado do edital n\u00ba 02\/2018 &#8211; Sele\u00e7\u00e3o de p\u00f4steres para a exposi\u00e7\u00e3o itinerante \u201cPreven\u00e7\u00e3o ao C\u00e2ncer Bucal\u201d<\/a><\/p>\n<p><a href=\"https:\/\/wp.ufpel.edu.br\/prec\/2018\/04\/17\/resultado-final-do-edital-03-2018-pba-extensao-projetos\/\">Acesse o Resultado do edital n\u00ba 03\/2018 &#8211; Programa de Bolsas de Inicia\u00e7\u00e3o \u00e0 Extens\u00e3o e Cultura &#8211; Projetos<\/a><\/p>\n<p><a href=\"https:\/\/wp.ufpel.edu.br\/prec\/files\/2018\/03\/Resultado-parcial-bolsas-edital-04-2018.pdf\">Acesse o Resultado do edital n\u00ba 04\/2018 &#8211; Programa de Bolsas de Inicia\u00e7\u00e3o \u00e0 Extens\u00e3o e Cultura<\/a><\/p>\n<p><a href=\"https:\/\/wp.ufpel.edu.br\/prec\/files\/2018\/04\/lista-final-artesul.pdf\">Acesse o Resultado do edital n\u00ba 05\/2018 &#8211; Arte Sul Coexistir: Mostra Universit\u00e1ria de Artes da Fronteira<\/a><\/p>\n<p><a href=\"https:\/\/wp.ufpel.edu.br\/prec\/2018\/03\/23\/resultado-da-selecao-para-universidade-aberta-a-terceira-idade-unati-2\/\">Acesse o Resultado do edital n\u00ba 06\/2018 &#8211; Universidade Aberta \u00e0 Terceira Idade<\/a><\/p>\n<p><a href=\"https:\/\/wp.ufpel.edu.br\/prec\/files\/2018\/06\/Resultado-FINAL.pdf\">Acesse o Resultado do edital n\u00ba 07\/2018 &#8211; Sele\u00e7\u00e3o interna SEURS 2018<\/a><\/p>\n<p><a href=\"https:\/\/wp.ufpel.edu.br\/prec\/files\/2018\/07\/EDITAL-n\u00ba-08-2018-RESULTADO-FINAL.pdf\">Acesse o Resultado final do edital n\u00ba 08\/2018 &#8211; Programa de Bolsas de Inicia\u00e7\u00e3o \u00e0 Extens\u00e3o e Cultura<\/a><\/p>\n<p><a href=\"https:\/\/wp.ufpel.edu.br\/prec\/files\/2018\/07\/EDITAL-n\u00ba-09-2018-RESULTADO-FINAL.pdf\">Acesse o Resultado final do edital n\u00ba 09\/2018 &#8211; Programa de Bolsas de Inicia\u00e7\u00e3o \u00e0 Extens\u00e3o e Cultura<\/a><\/p>\n<p><a href=\"https:\/\/wp.ufpel.edu.br\/prec\/2018\/12\/18\/resultado-previo-das-publicacoes-aprovadas-para-o-livro-digital-fronteiras\">Acesse o Resultado final do edital n\u00ba 11\/2018 &#8211;\u00a0Publica\u00e7\u00f5es aprovadas para o livro digital Fronteiras<\/a><\/p>\n<p><a href=\"https:\/\/wp.ufpel.edu.br\/prec\/2018\/12\/18\/resultado-previo-das-publicacoes-aprovadas-para-o-segundo-numero-da-colecao-extensao-e-sociedade\/\">Acesse o Resultado final do edital n\u00ba 12\/2018 &#8211;\u00a0Publica\u00e7\u00f5es aprovadas para o segundo n\u00famero da Cole\u00e7\u00e3o Extens\u00e3o e Sociedade<\/a><\/p>\n<p><a href=\"https:\/\/wp.ufpel.edu.br\/prec\/2018\/08\/27\/resultado-da-selecao-para-universidade-aberta-a-terceira-idade-unati-3\/\">Acesse o Resultado final do edital n\u00ba 14\/2018 &#8211; Inscri\u00e7\u00f5es para participa\u00e7\u00e3o nas disciplinas da UNATI<\/a><\/p>\n<p><a href=\"https:\/\/wp.ufpel.edu.br\/prec\/files\/2018\/09\/resultado-final.pdf\">Acesse o Resultado final\u00a0do\u00a0Edital 16\/2018 \u2013\u00a0Programa de Divulga\u00e7\u00e3o e Registro em Extens\u00e3o<\/a><\/p>\n<p>&nbsp;<\/p>\n<p><strong>2017<\/strong><\/p>\n<p><a href=\"https:\/\/wp.ufpel.edu.br\/prec\/files\/2017\/02\/Edital-Rondon-Retificado.pdf\">Acesse o Resultado do edital n\u00ba 01\/2017 &#8211; Projeto Rondon<\/a><\/p>\n<p><a href=\"https:\/\/wp.ufpel.edu.br\/prec\/files\/2017\/05\/Edital-02-2017-Resultado-Final.pdf\" target=\"_blank\" rel=\"noopener noreferrer\">Acesse o Resultado final do Edital n\u00ba 02\/2017 &#8211;\u00a0Programa de Bolsas Acad\u00eamicas (PBA), Modalidade Inicia\u00e7\u00e3o \u00e0 Extens\u00e3o<\/a><\/p>\n<p><a href=\"https:\/\/wp.ufpel.edu.br\/prec\/files\/2017\/05\/Resultado-FINAL.pdf\" target=\"_blank\" rel=\"noopener noreferrer\">Acesse o Resultado final do Edital n\u00ba 03\/2017 &#8211; Programa de Bolsas de Inicia\u00e7\u00e3o \u00e0 Extens\u00e3o e Cultura<\/a><\/p>\n<p><a href=\"https:\/\/wp.ufpel.edu.br\/prec\/files\/2017\/07\/Resultado-FINAL-Edital-04-2017-Eventos.pdf\">Acesse o Resultado final do Edital n\u00ba 04\/2017 &#8211; Eventos<\/a><\/p>\n<p><a href=\"https:\/\/wp.ufpel.edu.br\/prec\/files\/2017\/07\/Resultado-FINAL-Edital-05-2017-Publica\u00e7\u00f5es.pdf\">Acesse o Resultado final do Edital n\u00ba 05\/2017 &#8211; Publica\u00e7\u00f5es<\/a><\/p>\n<p><a href=\"https:\/\/wp.ufpel.edu.br\/prec\/files\/2017\/05\/resultado-edital-06-inicia\u00e7\u00e3o-ao-trabalho.pdf\">Acesse o Resultado do edital n\u00ba 06\/2017 &#8211; Inicia\u00e7\u00e3o ao Trabalho<\/a><\/p>\n<p><a href=\"https:\/\/wp.ufpel.edu.br\/prec\/files\/2017\/07\/Propostas-Aprovadas-para-35-SEURS.pdf\">Acesse o Resultado final do edital n\u00ba 07\/2017 &#8211; \u00a0Propostas Aprovadas para o 35\u00ba SEURS<\/a><\/p>\n<p><a href=\"https:\/\/wp.ufpel.edu.br\/prec\/files\/2017\/07\/Resultado-edital-8-2017.pdf\">Acesse o Resultado do edital n\u00ba 08\/2017 &#8211; Programa de Publica\u00e7\u00f5es da Extens\u00e3o<\/a><\/p>\n<p><a href=\"https:\/\/wp.ufpel.edu.br\/prec\/files\/2017\/07\/RESULTADO-VOLUNTARIOS-.pdf\">Acesse o Resultado final do Edital n\u00ba 01\/2017 &#8211; Desafio Pr\u00e9-Universit\u00e1rio Popular<\/a><\/p>\n<p><a href=\"https:\/\/wp.ufpel.edu.br\/prec\/files\/2017\/08\/VOLUNTARIOS-Selecionados.pdf\">Acesse o Resultado final do Edital n\u00ba 02\/2017 &#8211; Desafio Pr\u00e9-Universit\u00e1rio Popular<\/a><\/p>\n<p><a href=\"https:\/\/wp.ufpel.edu.br\/prec\/files\/2013\/06\/Edital-9.pdf\">Acesse o Resultado final do Edital n\u00ba 09\/2017 &#8211;\u00a0Inicia\u00e7\u00e3o \u00e0 Extens\u00e3o e Cultura \u2013 PBA \/Extens\u00e3o\/PREC<\/a><\/p>\n<p><a href=\"https:\/\/wp.ufpel.edu.br\/prec\/files\/2013\/06\/unati.pdf\">Acesse o Resultado da sele\u00e7\u00e3o do Edital n\u00ba 11\/2017 &#8211; UNATI<\/a><\/p>\n<p><a href=\"https:\/\/wp.ufpel.edu.br\/prec\/files\/2017\/09\/Resultado-FINAL-Edital-10-2017.pdf\">Acesse o Resultado final do Edital n\u00ba 10\/2017 &#8211;\u00a0Programa de Bolsas Inicia\u00e7\u00e3o \u00e0 Extens\u00e3o<\/a><\/p>\n<p><a href=\"https:\/\/wp.ufpel.edu.br\/prec\/files\/2017\/09\/Resultado-Edital-12.pdf\">Acesse o Resultado final do Edital n\u00ba 12\/2017 \u2013 Programa de Publica\u00e7\u00f5es da Extens\u00e3o<\/a><\/p>\n<p><a href=\"https:\/\/wp.ufpel.edu.br\/prec\/files\/2013\/06\/Resultado-edital-13.pdf\">Acesse o Resultado parcial do Edital n\u00ba 13\/2017 &#8211; Projeto Rondon<\/a><\/p>\n<p><a href=\"https:\/\/wp.ufpel.edu.br\/prec\/files\/2017\/10\/resultado-edital-16-rede-de-museus.pdf\">Acesse o Resultado Final do Edital n\u00ba 16\/2017 \u2013 Programa Rede de Museus<\/a><\/p>\n<p><a href=\"https:\/\/wp.ufpel.edu.br\/prec\/files\/2017\/10\/Resultado-edital.pdf\">Acesse o Resultado Final do Edital n\u00ba 18\/2017 &#8211;\u00a0Programa de Bolsas acad\u00eamicas \/ PREC<\/a><\/p>\n<p><a href=\"https:\/\/wp.ufpel.edu.br\/prec\/files\/2017\/11\/resultado-edital-19.pdf\" target=\"_blank\" rel=\"noopener noreferrer\">Acesse o Resultado Edital n\u00ba 19\/2017 &#8211; Sele\u00e7\u00e3o de apresenta\u00e7\u00f5es art\u00edsticas II Encontro de Estudantes extensionistas<\/a><\/p>\n<p><a href=\"https:\/\/wp.ufpel.edu.br\/prec\/files\/2017\/10\/edital-19-1.pdf\" target=\"_blank\" rel=\"noopener noreferrer\">Acesse o Resultado\u00a0<\/a><a href=\"https:\/\/wp.ufpel.edu.br\/prec\/files\/2017\/11\/resultado-edital-20.pdf\" target=\"_blank\" rel=\"noopener noreferrer\">Edital n\u00ba 20\/2017 &#8211; Sele\u00e7\u00e3o de Trabalhos para o II Encontro de Estudantes extensionistas<\/a><\/p>\n<p>&nbsp;<\/p>\n<p><strong>2016<\/strong><\/p>\n<p><a href=\"https:\/\/wp.ufpel.edu.br\/prec\/2016\/06\/08\/resultado-final-edital-n-052016-selecao-de-bolsistas-iniciacao-ao-trabalho\/\">Acesse o Resultado final do edital n\u00b0 05\/2016 &#8211; Inicia\u00e7\u00e3o ao trabalho<\/a><\/p>\n<p><a href=\"https:\/\/wp.ufpel.edu.br\/prec\/2016\/06\/10\/resultado-final-do-edital-032016-demanda-institucional\/\">Acesse o Resultado final do edital n\u00b0 03\/2016 &#8211; Demanda Institucional<\/a><\/p>\n<p><a href=\"https:\/\/wp.ufpel.edu.br\/prec\/2016\/05\/06\/resultado-final-do-edital-no-022016-probec-demanda-anual\/\">Acesse o Resultado final do edital n\u00ba 02\/2016<\/a><\/p>\n<p><a href=\"https:\/\/wp.ufpel.edu.br\/prec\/2016\/04\/04\/resultado-parcial-do-edital-no-012016-selecao-de-artistas-para-a-calourada-2016\/\">Acesse o Resultado da sele\u00e7\u00e3o de artistas para a Calourada 2016<\/a><\/p>\n<p>&nbsp;<\/p>\n<p><strong>2015<\/strong><\/p>\n<p><a href=\"https:\/\/wp.ufpel.edu.br\/prec\/2015\/11\/13\/resultado-final-do-edital-no-062015-selecao-de-bolsistas\/\" target=\"_blank\" rel=\"noopener noreferrer\">Acesse o Resultado final do edital n\u00ba 06\/2015<\/a><\/p>\n<p><a href=\"https:\/\/wp.ufpel.edu.br\/prec\/2015\/10\/14\/resultado-do-edital-no-052015-selecao-de-bolsistas-de-extensao-e-cultura\/\">Acesse o Resultado final do edital n\u00ba 05\/2015<\/a><\/p>\n<p><a href=\"https:\/\/wp.ufpel.edu.br\/prec\/2015\/05\/28\/resultado-final-do-edital-no-012015-demanda-anual\/\" target=\"_blank\" rel=\"noopener noreferrer\">Acesse o Resultado final do edital n\u00ba 01\/2015 \u2013 Demanda Anual<\/a><\/p>\n<p><a href=\"https:\/\/wp.ufpel.edu.br\/prec\/2015\/05\/28\/resultado-final-do-edital-no-022015-demanda-espontanea\/\" target=\"_blank\" rel=\"noopener noreferrer\">Acesse o Resultado final do edital n\u00ba 02\/2015 \u2013 Demanda Espont\u00e2nea<\/a><\/p>\n<p><a href=\"https:\/\/wp.ufpel.edu.br\/prec\/2015\/05\/13\/resultado-final-do-projeto-ponto-a-punto\/\" target=\"_blank\" rel=\"noopener noreferrer\">Acesse o Resultado Final &#8211; Projeto Ponto a Punto<\/a><\/p>\n<p><a href=\"https:\/\/wp.ufpel.edu.br\/prec\/files\/2015\/05\/Resultado-Final-Bolsa-Institucional.pdf\">Acesse o Resultado Final &#8211; Edital 03\/2015 &#8211; Bolsa Institucional<\/a><\/p>\n<p><a href=\"https:\/\/wp.ufpel.edu.br\/prec\/2015\/04\/24\/resultado-final-do-edital-de-selecao-interna-do-proext-2016\/\">Acesse o Resultado final do edital de sele\u00e7\u00e3o interna do ProExt 2016<\/a><\/p>\n<p>&nbsp;<\/p>\n<p><strong>2014<\/strong><\/p>\n<p><a href=\"https:\/\/wp.ufpel.edu.br\/prec\/files\/2013\/06\/resultdo-edital-15-2014.docx\">Acesse o Resultado Edital 15\/2014<\/a><\/p>\n<p><a href=\"https:\/\/wp.ufpel.edu.br\/prec\/files\/2014\/10\/Resultado-edital-n\u00ba-13-2014.pdf\">Acesse o Resultado edital n\u00ba 13-2014<\/a><\/p>\n<p><a href=\"https:\/\/wp.ufpel.edu.br\/prec\/2014\/10\/01\/divulgado-o-resultado-do-edital-no12-bolsista-de-arquitetura-e-urbanismo\/\">Acesse o Resultado Edital n\u00ba12\/2014<\/a><\/p>\n<p><a href=\"https:\/\/wp.ufpel.edu.br\/prec\/files\/2014\/08\/Resultado-Final-Projeto-Rondon-2015.pdf\">Acesse o Resultado Final &#8211; Projeto Rondon 2015<\/a><\/p>\n<p><a href=\"https:\/\/wp.ufpel.edu.br\/prec\/files\/2014\/08\/RESULTADO-FINAL-DO-EDITAL-11-2014-PROBEC-DEMANDA-ESPONT\u00c2NEA-2014.pdf\">Acesse o Resultado Final do Edital n\u00ba11-2014 PROBEC<\/a><\/p>\n<p><a href=\"https:\/\/wp.ufpel.edu.br\/prec\/2014\/08\/04\/divulgado-o-resultado-do-edital-no10-de-selecao-de-bolsistas\/\">Acesse o Resultado do Edital n\u00ba 10 &#8211; Sele\u00e7\u00e3o de Bolsistas\u00a0de Extens\u00e3o e Cultura<\/a><\/p>\n<p><a href=\"https:\/\/wp.ufpel.edu.br\/prec\/files\/2013\/06\/Resultado_Final_-_Edital_08_-_Apoio_\u00e0_divulga\u00e7\u00e3o_de_eventos.pdf\" target=\"_blank\" rel=\"noopener noreferrer\">Acesse o Resultado Final &#8211; Edital 08 &#8211; Apoio \u00e0 divulga\u00e7\u00e3o de eventos<\/a><\/p>\n<p><a href=\"https:\/\/wp.ufpel.edu.br\/prec\/files\/2013\/06\/Resultado-da-Sele\u00e7\u00e3o-Edital-09-2014.pdf\">Acesse o Resultado da Sele\u00e7\u00e3o &#8211; Edital 09\/2014<\/a><\/p>\n<p><a href=\"https:\/\/wp.ufpel.edu.br\/prec\/files\/2013\/06\/Resultado_do_Edital_de_Sele\u00e7\u00e3o_Art\u00edstica.pdf\">Acesse o Resultado do Edital de Sele\u00e7\u00e3o Art\u00edstica<\/a><\/p>\n<p><a href=\"https:\/\/wp.ufpel.edu.br\/prec\/files\/2014\/06\/RELA%C3%87%C3%83O-PROPOSTAS-ESPONTANEA-FINAL-16-06.pdf\">Acesse o Resultado do Edital n\u00b007 Probec\/Espont\u00e2nea<\/a><\/p>\n<p><a href=\"https:\/\/wp.ufpel.edu.br\/prec\/files\/2014\/06\/Resultado-Final-dos-Candidatos-a-Bolsistas.pdf\">Acesse o Resultado do Edital n\u00b06\/Bolsas de Inicia\u00e7\u00e3o ao Trabalho<\/a><\/p>\n<p><a href=\"https:\/\/wp.ufpel.edu.br\/prec\/2014\/06\/12\/resultado-do-edital-n0514-probecdemanda-institucional\/\">Acesse o Resultado Edital n\u00ba5 Probec\/Demanda Institucional<\/a><\/p>\n","protected":false},"excerpt":{"rendered":"<p>2026 Acesse o Resultado FINAL \u2013 Edital 01\/2026 &#8211; Ampla Concorr\u00eancia Acesse o Resultado FINAL \u2013 Edital 02\/2026 &#8211; A\u00e7\u00f5es Afirmativas Acesse o Resultado FINAL \u2013 Edital 03\/2026 &#8211; Bolsas para estudantes com defici\u00eancia &nbsp; 2025 Acesse o Resultado FINAL \u2013 Edital 01\/2025 &#8211; Ampla Concorr\u00eancia Acesse o Resultado FINAL \u2013 Edital 02\/2025 &#8211; A\u00e7\u00f5es [&hellip;]<\/p>\n","protected":false},"author":34,"featured_media":0,"parent":0,"menu_order":0,"comment_status":"closed","ping_status":"closed","template":"","meta":{"footnotes":""},"class_list":["post-1188","page","type-page","status-publish","hentry"],"jetpack_sharing_enabled":true,"jetpack_shortlink":"https:\/\/wp.me\/P70d9s-ja","_links":{"self":[{"href":"https:\/\/wp.ufpel.edu.br\/prec\/wp-json\/wp\/v2\/pages\/1188","targetHints":{"allow":["GET"]}}],"collection":[{"href":"https:\/\/wp.ufpel.edu.br\/prec\/wp-json\/wp\/v2\/pages"}],"about":[{"href":"https:\/\/wp.ufpel.edu.br\/prec\/wp-json\/wp\/v2\/types\/page"}],"author":[{"embeddable":true,"href":"https:\/\/wp.ufpel.edu.br\/prec\/wp-json\/wp\/v2\/users\/34"}],"replies":[{"embeddable":true,"href":"https:\/\/wp.ufpel.edu.br\/prec\/wp-json\/wp\/v2\/comments?post=1188"}],"version-history":[{"count":4,"href":"https:\/\/wp.ufpel.edu.br\/prec\/wp-json\/wp\/v2\/pages\/1188\/revisions"}],"predecessor-version":[{"id":24081,"href":"https:\/\/wp.ufpel.edu.br\/prec\/wp-json\/wp\/v2\/pages\/1188\/revisions\/24081"}],"wp:attachment":[{"href":"https:\/\/wp.ufpel.edu.br\/prec\/wp-json\/wp\/v2\/media?parent=1188"}],"curies":[{"name":"wp","href":"https:\/\/api.w.org\/{rel}","templated":true}]}}