{"id":7902,"date":"2024-09-25T15:12:00","date_gmt":"2024-09-25T18:12:00","guid":{"rendered":"https:\/\/wp.ufpel.edu.br\/pre\/?page_id=7902"},"modified":"2025-09-23T12:08:06","modified_gmt":"2025-09-23T15:08:06","slug":"seguro","status":"publish","type":"page","link":"https:\/\/wp.ufpel.edu.br\/pre\/seguro\/","title":{"rendered":"Seguro"},"content":{"rendered":"<p><strong>SEGURO CONTRA ACIDENTES PESSOAIS<\/strong><\/p>\n<p>&nbsp;<\/p>\n<p>O seguro contra acidentes pessoais destina-se aos alunos de Gradua\u00e7\u00e3o e P\u00f3s-Gradua\u00e7\u00e3o em est\u00e1gios, atividades pr\u00e1ticas em geral, atividades extensionistas, projetos, sa\u00eddas de campo, visitas t\u00e9cnicas, atividades de resid\u00eancia e quaisquer outras atividades com risco aumentado.\u00a0 As inclus\u00f5es\/exclus\u00f5es ocorrem mensalmente, conforme orienta\u00e7\u00e3o encaminhada via processo SEI.<\/p>\n<p>&nbsp;<\/p>\n<p>Contrato n\u00ba 24\/2023 &#8211; <strong><a href=\"https:\/\/wp.ufpel.edu.br\/pre\/files\/2024\/09\/SEI_23110.012290_2024_78-4.pdf\">Termo Aditivo n\u00ba 01\/2024<\/a><\/strong><\/p>\n<p>Seguradora: <strong>SEGUROS SURA S.A.\u200b<\/strong><\/p>\n<p>Valor de Cobertura:\u00a0 <strong>R$ 20.000,00<\/strong> (IPA e MA)<\/p>\n<p>Ap\u00f3lice: <strong><a href=\"https:\/\/docs.ufpel.edu.br\/index.php\/s\/2yYvQLano62HsNF\">4<\/a><\/strong><\/p>\n","protected":false},"excerpt":{"rendered":"<p>SEGURO CONTRA ACIDENTES PESSOAIS &nbsp; O seguro contra acidentes pessoais destina-se aos alunos de Gradua\u00e7\u00e3o e P\u00f3s-Gradua\u00e7\u00e3o em est\u00e1gios, atividades pr\u00e1ticas em geral, atividades extensionistas, projetos, sa\u00eddas de campo, visitas t\u00e9cnicas, atividades de resid\u00eancia e quaisquer outras atividades com risco aumentado.\u00a0 As inclus\u00f5es\/exclus\u00f5es ocorrem mensalmente, conforme orienta\u00e7\u00e3o encaminhada via processo SEI. &nbsp; Contrato n\u00ba 24\/2023 [&hellip;]<\/p>\n","protected":false},"author":174,"featured_media":0,"parent":0,"menu_order":0,"comment_status":"closed","ping_status":"closed","template":"","meta":{"jetpack_post_was_ever_published":false,"footnotes":"","_links_to":"","_links_to_target":""},"class_list":["post-7902","page","type-page","status-publish","hentry"],"jetpack_sharing_enabled":true,"_links":{"self":[{"href":"https:\/\/wp.ufpel.edu.br\/pre\/wp-json\/wp\/v2\/pages\/7902","targetHints":{"allow":["GET"]}}],"collection":[{"href":"https:\/\/wp.ufpel.edu.br\/pre\/wp-json\/wp\/v2\/pages"}],"about":[{"href":"https:\/\/wp.ufpel.edu.br\/pre\/wp-json\/wp\/v2\/types\/page"}],"author":[{"embeddable":true,"href":"https:\/\/wp.ufpel.edu.br\/pre\/wp-json\/wp\/v2\/users\/174"}],"replies":[{"embeddable":true,"href":"https:\/\/wp.ufpel.edu.br\/pre\/wp-json\/wp\/v2\/comments?post=7902"}],"version-history":[{"count":3,"href":"https:\/\/wp.ufpel.edu.br\/pre\/wp-json\/wp\/v2\/pages\/7902\/revisions"}],"predecessor-version":[{"id":8888,"href":"https:\/\/wp.ufpel.edu.br\/pre\/wp-json\/wp\/v2\/pages\/7902\/revisions\/8888"}],"wp:attachment":[{"href":"https:\/\/wp.ufpel.edu.br\/pre\/wp-json\/wp\/v2\/media?parent=7902"}],"curies":[{"name":"wp","href":"https:\/\/api.w.org\/{rel}","templated":true}]}}