{"id":6141,"date":"2022-09-02T15:03:40","date_gmt":"2022-09-02T18:03:40","guid":{"rendered":"https:\/\/wp.ufpel.edu.br\/pre\/?page_id=6141"},"modified":"2026-04-01T16:39:15","modified_gmt":"2026-04-01T19:39:15","slug":"acordos-de-cooperacao-de-estagios","status":"publish","type":"page","link":"https:\/\/wp.ufpel.edu.br\/pre\/acordos-de-cooperacao-de-estagios\/","title":{"rendered":"Acordos de Coopera\u00e7\u00e3o de Est\u00e1gios"},"content":{"rendered":"<p style=\"text-align: center;\"><strong>Acordos de Coopera\u00e7\u00e3o de Est\u00e1gios intermediados pela PRE<\/strong><\/p>\n<table style=\"width: 761px;\" border=\"1\" width=\"761\">\n<tbody>\n<tr style=\"height: 24px;\">\n<td style=\"height: 24px; width: 330px;\" width=\"430\">Institui\u00e7\u00e3o<\/td>\n<td style=\"height: 24px; width: 145px;\" width=\"128\">CNPJ<\/td>\n<td style=\"height: 24px; width: 104px;\" width=\"75\">Vig\u00eancia<\/td>\n<td style=\"height: 24px; width: 76px;\" width=\"64\">Cursos<\/td>\n<td style=\"height: 24px; width: 92px;\" width=\"64\">Tipo<\/td>\n<\/tr>\n<tr style=\"height: 48px;\">\n<td style=\"height: 48px; width: 330px;\">ABRE PELOTAS<\/td>\n<td style=\"height: 48px; width: 145px;\">47.094.616\/0001-32<\/td>\n<td style=\"height: 48px; width: 104px;\">30\/10\/2027<\/td>\n<td style=\"height: 48px; width: 76px;\">NE<\/td>\n<td style=\"height: 48px; width: 92px;\">Agente de Integra\u00e7\u00e3o<\/td>\n<\/tr>\n<tr style=\"height: 48px;\">\n<td style=\"height: 48px; width: 330px;\">AGIEL<\/td>\n<td style=\"height: 48px; width: 145px;\">01.406.617\/0001-74<\/td>\n<td style=\"height: 48px; width: 104px;\">11\/01\/2029<\/td>\n<td style=\"height: 48px; width: 76px;\">NE<\/td>\n<td style=\"height: 48px; width: 92px;\">Agente de Integra\u00e7\u00e3o<\/td>\n<\/tr>\n<tr style=\"height: 48px;\">\n<td style=\"width: 330px; height: 48px;\">ASSOCIACAO DE PAIS E AMIGOS DOS EXCEPCIONAIS DE PELOTAS &#8211;\u00a0APAE<\/td>\n<td style=\"width: 145px; height: 48px;\">89.875.090\/0001-78<\/td>\n<td style=\"width: 104px; height: 48px;\">17\/04\/2029<\/td>\n<td style=\"width: 76px; height: 48px;\">NE<\/td>\n<td style=\"width: 92px; height: 48px;\"><a href=\"https:\/\/docs.ufpel.edu.br\/index.php\/s\/byb6nuCraykm3hV\">Concedente<\/a><\/td>\n<\/tr>\n<tr style=\"height: 24px;\">\n<td style=\"height: 24px; width: 330px;\">BELLO ALIMENTOS<\/td>\n<td style=\"height: 24px; width: 145px;\">08.201770\/0001-04<\/td>\n<td style=\"height: 24px; width: 104px;\">04\/09\/2028<\/td>\n<td style=\"height: 24px; width: 76px;\">NE<\/td>\n<td style=\"height: 24px; width: 92px;\">Concedente<\/td>\n<\/tr>\n<tr style=\"height: 48px;\">\n<td style=\"height: 48px; width: 330px;\">CIEE &#8211; RS<\/td>\n<td style=\"height: 48px; width: 145px;\">92.954.957\/0001-95<\/td>\n<td style=\"height: 48px; width: 104px;\">05\/03\/2025<\/td>\n<td style=\"height: 48px; width: 76px;\">NE<\/td>\n<td style=\"height: 48px; width: 92px;\">Agente de Integra\u00e7\u00e3o<\/td>\n<\/tr>\n<tr style=\"height: 48px;\">\n<td style=\"width: 330px; height: 48px;\">CLINICA IMAGINARE<\/td>\n<td style=\"width: 145px; height: 48px;\">33.236.03\/0001-67<\/td>\n<td style=\"width: 104px; height: 48px;\">17\/10\/2025<\/td>\n<td style=\"width: 76px; height: 48px;\">NE<\/td>\n<td style=\"width: 92px; height: 48px;\"><a href=\"https:\/\/docs.ufpel.edu.br\/index.php\/s\/MNQFZF4EHooSUnh\">Concedente<\/a><\/td>\n<\/tr>\n<tr style=\"height: 48px;\">\n<td style=\"width: 330px; height: 48px;\">CLINICA DESENVOLVE<\/td>\n<td style=\"width: 145px; height: 48px;\">44.065.479\/0001-10,<\/td>\n<td style=\"width: 104px; height: 48px;\">15\/04\/2028<\/td>\n<td style=\"width: 76px; height: 48px;\">NE<\/td>\n<td style=\"width: 92px; height: 48px;\"><a href=\"https:\/\/wp.ufpel.edu.br\/pre\/files\/2025\/04\/Clinica-Desenvolve-16042025-60-meses.pdf\">Concedente<\/a><\/td>\n<\/tr>\n<tr style=\"height: 48px;\">\n<td style=\"width: 330px; height: 48px;\">CLINICA SENSORIAL<\/td>\n<td style=\"width: 145px; height: 48px;\">21.037.015\/0001-02<\/td>\n<td style=\"width: 104px; height: 48px;\">23\/10\/2030<\/td>\n<td style=\"width: 76px; height: 48px;\">NE<\/td>\n<td style=\"width: 92px; height: 48px;\"><a href=\"https:\/\/docs.ufpel.edu.br\/index.php\/s\/V1c87NKg2znMdh1\">Concedente<\/a><\/td>\n<\/tr>\n<tr style=\"height: 48px;\">\n<td style=\"width: 330px; height: 48px;\">COINPEL<\/td>\n<td style=\"width: 145px; height: 48px;\">91.560.573\/0001-25<\/td>\n<td style=\"width: 104px; height: 48px;\">28\/08\/2030<\/td>\n<td style=\"width: 76px; height: 48px;\">NE<\/td>\n<td style=\"width: 92px; height: 48px;\"><a href=\"https:\/\/docs.ufpel.edu.br\/index.php\/s\/Bo4siFjUYsMO5Q6\">Concedente<\/a><\/td>\n<\/tr>\n<tr style=\"height: 48px;\">\n<td style=\"width: 330px; height: 48px;\"><span dir=\"ltr\" role=\"presentation\">COOPERATIVA CENTRAL <\/span><br role=\"presentation\" \/><span dir=\"ltr\" role=\"presentation\">GA\u00daCHA \u2013 CCGL<\/span><\/td>\n<td style=\"width: 145px; height: 48px;\">88.933.114\/0001-35<\/td>\n<td style=\"width: 104px; height: 48px;\">16\/11\/2025<\/td>\n<td style=\"width: 76px; height: 48px;\">NE<\/td>\n<td style=\"width: 92px; height: 48px;\"><a href=\"https:\/\/docs.ufpel.edu.br\/index.php\/s\/wrKxRTrhITy3dz0\">Concedente<\/a><\/td>\n<\/tr>\n<tr style=\"height: 48px;\">\n<td style=\"width: 330px; height: 48px;\">COTRIBA<\/td>\n<td style=\"width: 145px; height: 48px;\">90.657.289\/0001-09<\/td>\n<td style=\"width: 104px; height: 48px;\">07\/10\/2025<\/td>\n<td style=\"width: 76px; height: 48px;\">NE<\/td>\n<td style=\"width: 92px; height: 48px;\"><a href=\"https:\/\/docs.ufpel.edu.br\/index.php\/s\/Lh84k9jk2KnvFkZ\">Concedente<\/a><\/td>\n<\/tr>\n<tr style=\"height: 48px;\">\n<td style=\"height: 48px; width: 330px;\">COTRIPAL AGROPECU\u00c1RIA COOPERATIVA<\/td>\n<td style=\"height: 48px; width: 145px;\">91.982.496\/0001\u201300<\/td>\n<td style=\"height: 48px; width: 104px;\">05\/08\/2027<\/td>\n<td style=\"height: 48px; width: 76px;\">NE<\/td>\n<td style=\"height: 48px; width: 92px;\">Concedente<\/td>\n<\/tr>\n<tr style=\"height: 48px;\">\n<td style=\"height: 48px; width: 330px;\">Empresa Brasileira de Pesquisa Agropecu\u00e1ria &#8211; EMBRAPA<\/td>\n<td style=\"height: 48px; width: 145px;\">00.348.003\/0137-94<\/td>\n<td style=\"height: 48px; width: 104px;\">12\/07\/2029<\/td>\n<td style=\"height: 48px; width: 76px;\">NE<\/td>\n<td style=\"height: 48px; width: 92px;\">Concedente<\/td>\n<\/tr>\n<tr style=\"height: 48px;\">\n<td style=\"height: 48px; width: 330px;\">ESTAGIO SUL Recursos Humanos<\/td>\n<td style=\"height: 48px; width: 145px;\">05.555.705\/0001-99<\/td>\n<td style=\"height: 48px; width: 104px;\">14\/02\/2028<\/td>\n<td style=\"height: 48px; width: 76px;\">NE<\/td>\n<td style=\"height: 48px; width: 92px;\">Agente de Integra\u00e7\u00e3o<\/td>\n<\/tr>\n<tr style=\"height: 48px;\">\n<td style=\"width: 330px; height: 48px;\">ESTANCIA DEL SUR AGROPECUARIA LTDA<\/td>\n<td style=\"width: 145px; height: 48px;\">10.652.670\/0001-46<\/td>\n<td style=\"width: 104px; height: 48px;\">25\/03\/2031<\/td>\n<td style=\"width: 76px; height: 48px;\">NE<\/td>\n<td style=\"width: 92px; height: 48px;\"><a href=\"https:\/\/docs.ufpel.edu.br\/index.php\/s\/pdhkEdpjv8IhJE7\">Concedente<\/a><\/td>\n<\/tr>\n<tr style=\"height: 48px;\">\n<td style=\"height: 48px; width: 330px;\">FA MORELLI APOIO A EDUCACAO LTDA &#8211; Estag.me<\/td>\n<td style=\"height: 48px; width: 145px;\">36.520.175\/0001-77<\/td>\n<td style=\"height: 48px; width: 104px;\">01\/09\/2027<\/td>\n<td style=\"height: 48px; width: 76px;\">NE<\/td>\n<td style=\"height: 48px; width: 92px;\">Agente de Integra\u00e7\u00e3o<\/td>\n<\/tr>\n<tr style=\"height: 48px;\">\n<td style=\"height: 48px; width: 330px;\">FUNDA\u00c7\u00c3O ULBRA<\/td>\n<td style=\"height: 48px; width: 145px;\">03.286.299\/0001-80<\/td>\n<td style=\"height: 48px; width: 104px;\">25\/06\/2026<\/td>\n<td style=\"height: 48px; width: 76px;\">NE<\/td>\n<td style=\"height: 48px; width: 92px;\">Agente de Integra\u00e7\u00e3o<\/td>\n<\/tr>\n<tr style=\"height: 48px;\">\n<td style=\"height: 48px; width: 330px;\">FMVZ-USP<\/td>\n<td style=\"height: 48px; width: 145px;\">63.025.530\/0001-04<\/td>\n<td style=\"height: 48px; width: 104px;\">30\/09\/2029<\/td>\n<td style=\"height: 48px; width: 76px;\">NE<\/td>\n<td style=\"height: 48px; width: 92px;\">Concedente<\/td>\n<\/tr>\n<tr style=\"height: 24px;\">\n<td style=\"width: 330px; height: 24px;\">GRAACC<\/td>\n<td style=\"width: 145px; height: 24px;\">67.185.694\/0001-50<\/td>\n<td style=\"width: 104px; height: 24px;\">26\/03\/2030<\/td>\n<td style=\"width: 76px; height: 24px;\">NE<\/td>\n<td style=\"width: 92px; height: 24px;\"><a href=\"https:\/\/wp.ufpel.edu.br\/pre\/files\/2025\/03\/PRE_Acordo_de_Cooperacao_de_Estagios.pdf\">Concedente<\/a><\/td>\n<\/tr>\n<tr style=\"height: 48px;\">\n<td style=\"height: 48px; width: 330px;\">GRUPO HOSPITALAR CONCEI\u00c7\u00c3O &#8211; GHC<\/td>\n<td style=\"height: 48px; width: 145px;\">92.787.118\/0001-20<\/td>\n<td style=\"height: 48px; width: 104px;\">09\/07\/2026<\/td>\n<td style=\"height: 48px; width: 76px;\">Medicina<\/td>\n<td style=\"height: 48px; width: 92px;\">Concedente<\/td>\n<\/tr>\n<tr style=\"height: 48px;\">\n<td style=\"height: 48px; width: 330px;\">HOSPITAL CLINICANP LTDA<\/td>\n<td style=\"height: 48px; width: 145px;\">94.964.392\/0001-52<\/td>\n<td style=\"height: 48px; width: 104px;\">05\/08\/2026<\/td>\n<td style=\"height: 48px; width: 76px;\">NE<\/td>\n<td style=\"height: 48px; width: 92px;\"><a href=\"https:\/\/wp.ufpel.edu.br\/pre\/files\/2025\/01\/SEI_1381998_PRE_Acordo_de_Cooperacao_de_Estagios_Clinicanp.pdf\">Concedente<\/a><\/td>\n<\/tr>\n<tr style=\"height: 24px;\">\n<td style=\"width: 330px; height: 24px;\">HOSPITAL S\u00c3O JER\u00d4NIMO<\/td>\n<td style=\"width: 145px; height: 24px;\">92.741.016\/0004-16<\/td>\n<td style=\"width: 104px; height: 24px;\">29\/10\/2027<\/td>\n<td style=\"width: 76px; height: 24px;\">NE<\/td>\n<td style=\"width: 92px; height: 24px;\"><a href=\"https:\/\/docs.ufpel.edu.br\/index.php\/s\/0caRGrrTtXUqEk8\">Concedente<\/a><\/td>\n<\/tr>\n<tr style=\"height: 153px;\">\n<td style=\"width: 330px; height: 153px;\">HU &#8211; FURG<\/td>\n<td style=\"width: 145px; height: 153px;\">15.126.437\/0030-88<\/td>\n<td style=\"width: 104px; height: 153px;\">15\/08\/2028<\/td>\n<td style=\"width: 76px; height: 153px;\">\n<p>Terapia Ocupacional<\/p>\n<p>Nutri\u00e7\u00e3o<\/p>\n<p>Enfermagem<\/td>\n<td style=\"width: 92px; height: 153px;\"><a href=\"https:\/\/wp.ufpel.edu.br\/pre\/files\/2025\/01\/Convenio-02-2022-UFPEL-e-HU-Furg-EBSERH.pdf\">Concedente<\/a><\/td>\n<\/tr>\n<tr style=\"height: 24px;\">\n<td style=\"width: 330px; height: 24px;\">IFRS<\/td>\n<td style=\"width: 145px; height: 24px;\">10.637.926\/0001-46<\/td>\n<td style=\"width: 104px; height: 24px;\">22\/10\/2030<\/td>\n<td style=\"width: 76px; height: 24px;\">NE<\/td>\n<td style=\"width: 92px; height: 24px;\"><a href=\"https:\/\/docs.ufpel.edu.br\/index.php\/s\/4QxRERhibCfumYd\">Concedente<\/a><\/td>\n<\/tr>\n<tr style=\"height: 48px;\">\n<td style=\"width: 330px; height: 48px;\">INQC<\/td>\n<td style=\"width: 145px; height: 48px;\">20.120.933\/0001-20<\/td>\n<td style=\"width: 104px; height: 48px;\">28\/08\/2030<\/td>\n<td style=\"width: 76px; height: 48px;\">NE<\/td>\n<td style=\"width: 92px; height: 48px;\"><a href=\"https:\/\/docs.ufpel.edu.br\/index.php\/s\/tMZvHnGm6YWtzm5\">Agente de Integra\u00e7\u00e3o<\/a><\/td>\n<\/tr>\n<tr style=\"height: 48px;\">\n<td style=\"height: 48px; width: 330px;\">INSTITUTO EUVALDO LODI &#8211; IEL\/GO<\/td>\n<td style=\"height: 48px; width: 145px;\">01.647.296\/0001-08<\/td>\n<td style=\"height: 48px; width: 104px;\">18\/04\/2027<\/td>\n<td style=\"height: 48px; width: 76px;\">NE<\/td>\n<td style=\"height: 48px; width: 92px;\">Agente de Integra\u00e7\u00e3o<\/td>\n<\/tr>\n<tr style=\"height: 48px;\">\n<td style=\"height: 48px; width: 330px;\">INSTITUTO EUVALDO LODI, N\u00daCLEO REGIONAL DA BAHIA \u2013 IEL\/BA<\/td>\n<td style=\"height: 48px; width: 145px;\">15.244.114\/0001-54<\/td>\n<td style=\"height: 48px; width: 104px;\">05\/08\/2027<\/td>\n<td style=\"height: 48px; width: 76px;\">NE<\/td>\n<td style=\"height: 48px; width: 92px;\">Agente de Integra\u00e7\u00e3o<\/td>\n<\/tr>\n<tr style=\"height: 48px;\">\n<td style=\"width: 330px; height: 48px;\">MILENA CAMPELO TERAPEUTA OCUPACIONAL<\/td>\n<td style=\"width: 145px; height: 48px;\">53.895.850\/0001-54<\/td>\n<td style=\"width: 104px; height: 48px;\">17\/02\/2031<\/td>\n<td style=\"width: 76px; height: 48px;\">NE<\/td>\n<td style=\"width: 92px; height: 48px;\"><a href=\"https:\/\/docs.ufpel.edu.br\/index.php\/s\/O77hWXNvQsWEta3\">Concedente<\/a><\/td>\n<\/tr>\n<tr style=\"height: 48px;\">\n<td style=\"height: 48px; width: 330px;\">MINIST\u00c9RIO P\u00daBLICO DO ESTADO DO RIO GRANDE DO SUL<\/td>\n<td style=\"height: 48px; width: 145px;\">93.802.833\/0001-57<\/td>\n<td style=\"height: 48px; width: 104px;\">20\/05\/2029<\/td>\n<td style=\"height: 48px; width: 76px;\">NE<\/td>\n<td style=\"height: 48px; width: 92px;\">Concedente<\/td>\n<\/tr>\n<tr style=\"height: 48px;\">\n<td style=\"height: 48px; width: 330px;\">MUNICIPIO DE CANGUCU<\/td>\n<td style=\"height: 48px; width: 145px;\">88.861.430\/0001-49<\/td>\n<td style=\"height: 48px; width: 104px;\">05\/09\/2028<\/td>\n<td style=\"height: 48px; width: 76px;\">NE<\/td>\n<td style=\"height: 48px; width: 92px;\">Concedente<\/td>\n<\/tr>\n<tr style=\"height: 48px;\">\n<td style=\"height: 48px; width: 330px;\">MUNIC\u00cdPIO DE PORTO ALEGRE &#8211; SMS<\/td>\n<td style=\"height: 48px; width: 145px;\">92.963.560\/0001-60<\/td>\n<td style=\"height: 48px; width: 104px;\">09\/05\/2027<\/td>\n<td style=\"height: 48px; width: 76px;\">NE<\/td>\n<td style=\"height: 48px; width: 92px;\">Concedente<\/td>\n<\/tr>\n<tr style=\"height: 48px;\">\n<td style=\"width: 330px; height: 48px;\">MUSEU PAULISTA &#8211; MRCI\/USP<\/td>\n<td style=\"width: 145px; height: 48px;\">63.025.530\/0001-04<\/td>\n<td style=\"width: 104px; height: 48px;\">19\/03\/2031<\/td>\n<td style=\"width: 76px; height: 48px;\">NE<\/td>\n<td style=\"width: 92px; height: 48px;\"><a href=\"https:\/\/docs.ufpel.edu.br\/index.php\/s\/Sl7l8ClZEV0prGa\">Concedente<\/a><\/td>\n<\/tr>\n<tr style=\"height: 48px;\">\n<td style=\"width: 330px; height: 48px;\">Prefeitura Municipal de Santa Vitoria do Palmar\/RS<\/td>\n<td style=\"width: 145px; height: 48px;\">88.824.099\/0001-97<\/td>\n<td style=\"width: 104px; height: 48px;\">06\/10\/2030<\/td>\n<td style=\"width: 76px; height: 48px;\">NE<\/td>\n<td style=\"width: 92px; height: 48px;\"><a href=\"https:\/\/docs.ufpel.edu.br\/index.php\/s\/bqoVY2ZywLWgsIT\">Concedente<\/a><\/td>\n<\/tr>\n<tr style=\"height: 48px;\">\n<td style=\"height: 48px; width: 330px;\">Prefeitura Municipal de Santo \u00c2ngelo\/RS<\/td>\n<td style=\"height: 48px; width: 145px;\">87.613.071\/0001-48<\/td>\n<td style=\"height: 48px; width: 104px;\">01\/09\/2027<\/td>\n<td style=\"height: 48px; width: 76px;\">NE<\/td>\n<td style=\"height: 48px; width: 92px;\">Concedente<\/td>\n<\/tr>\n<tr style=\"height: 48px;\">\n<td style=\"width: 330px; height: 48px;\">Prefeitura Municipal de Igarap\u00e9\/MG<\/td>\n<td style=\"width: 145px; height: 48px;\">18.715.474\/0001-85<\/td>\n<td style=\"width: 104px; height: 48px;\">27\/04\/2030<\/td>\n<td style=\"width: 76px; height: 48px;\">NE<\/td>\n<td style=\"width: 92px; height: 48px;\"><a href=\"https:\/\/wp.ufpel.edu.br\/pre\/files\/2025\/04\/Prefeitura-Municipal-de-Igarape-28042025-60-meses.pdf\">Concedente<\/a><\/td>\n<\/tr>\n<tr>\n<td style=\"width: 330px;\">Prefeitura Municipal de Restinga Seca\/RS<\/td>\n<td style=\"width: 145px;\">87.490.306\/0001-51<\/td>\n<td style=\"width: 104px;\">23\/03\/2026<\/td>\n<td style=\"width: 76px;\">NE<\/td>\n<td style=\"width: 92px;\"><a href=\"https:\/\/docs.ufpel.edu.br\/index.php\/s\/kriANUd0xB4jZ35\">Concedente<\/a><\/td>\n<\/tr>\n<tr style=\"height: 48px;\">\n<td style=\"width: 330px; height: 48px;\">SANTA CASA DE MISERIC\u00d3RDIA DE PELOTAS<\/td>\n<td style=\"width: 145px; height: 48px;\">92.219.559\/0001-25<\/td>\n<td style=\"width: 104px; height: 48px;\">14\/06\/2026<\/td>\n<td style=\"width: 76px; height: 48px;\">NE<\/td>\n<td style=\"width: 92px; height: 48px;\"><a href=\"https:\/\/wp.ufpel.edu.br\/pre\/files\/2025\/01\/ACORDO-DE-COOPERACAO-004.2024_Santa-Casa.pdf\">Concedente<\/a><\/td>\n<\/tr>\n<tr style=\"height: 48px;\">\n<td style=\"width: 330px; height: 48px;\">SANTA CASA DE MISERIC\u00d3RDIA DE S\u00c3O LOUREN\u00c7O DO SUL<\/td>\n<td style=\"width: 145px; height: 48px;\">97.011.688\/0001-47<\/td>\n<td style=\"width: 104px; height: 48px;\">17\/02\/2028<\/td>\n<td style=\"width: 76px; height: 48px;\">NE<\/td>\n<td style=\"width: 92px; height: 48px;\"><a href=\"https:\/\/docs.ufpel.edu.br\/index.php\/s\/Qx1mWlsLPHoYexH\">Concedente<\/a><\/td>\n<\/tr>\n<tr style=\"height: 48px;\">\n<td style=\"height: 48px; width: 330px;\">SECRETARIA DO MEIO AMBIENTE E INFRAESTRUTURA &#8211; SEMA\/RS<\/td>\n<td style=\"height: 48px; width: 145px;\">03.330.683\/0001-33<\/td>\n<td style=\"height: 48px; width: 104px;\">15\/06\/2027<\/td>\n<td style=\"height: 48px; width: 76px;\">NE<\/td>\n<td style=\"height: 48px; width: 92px;\">Concedente<\/td>\n<\/tr>\n<tr style=\"height: 48px;\">\n<td style=\"height: 48px; width: 330px;\">SUCESSOR &#8211; RH SELECAO E DESENVOLVIMENTO DE PESSOAS LTDA<\/td>\n<td style=\"height: 48px; width: 145px;\">08.930.651\/0001-92<\/td>\n<td style=\"height: 48px; width: 104px;\">24\/03\/2027<\/td>\n<td style=\"height: 48px; width: 76px;\">NE<\/td>\n<td style=\"height: 48px; width: 92px;\">Agente de Integra\u00e7\u00e3o<\/td>\n<\/tr>\n<tr style=\"height: 48px;\">\n<td style=\"height: 48px; width: 330px;\">TRIBUNAL DE CONTAS DO ESTADO DO RIO GRANDE DO SUL &#8211; TCE\/RS<\/td>\n<td style=\"height: 48px; width: 145px;\">89.550.032\/0001-74<\/td>\n<td style=\"height: 48px; width: 104px;\">13\/07\/2026<\/td>\n<td style=\"height: 48px; width: 76px;\">NE<\/td>\n<td style=\"height: 48px; width: 92px;\">Concedente<\/td>\n<\/tr>\n<tr style=\"height: 48px;\">\n<td style=\"width: 330px; height: 48px;\">TRIBUNAL DE JUSTI\u00c7A DO ESTADO DO RIO GRANDE DO SUL<\/td>\n<td style=\"width: 145px; height: 48px;\">89.522.064\/0001-66<\/td>\n<td style=\"width: 104px; height: 48px;\">08\/10\/2025<\/td>\n<td style=\"width: 76px; height: 48px;\">NE<\/td>\n<td style=\"width: 92px; height: 48px;\"><a href=\"https:\/\/docs.ufpel.edu.br\/index.php\/s\/HgMzvCsOeYR5MtU\">Concedente<\/a><\/td>\n<\/tr>\n<tr style=\"height: 48px;\">\n<td style=\"height: 48px; width: 330px;\">Universidade Cat\u00f3lica de Pelotas &#8211; UCPEL<\/td>\n<td style=\"height: 48px; width: 145px;\">92.238.914\/0001-03<\/td>\n<td style=\"height: 48px; width: 104px;\">23\/12\/2026<\/td>\n<td style=\"height: 48px; width: 76px;\">Nutri\u00e7\u00e3o<\/td>\n<td style=\"height: 48px; width: 92px;\">Concedente<\/td>\n<\/tr>\n<tr style=\"height: 48px;\">\n<td style=\"height: 48px; width: 330px;\">WALL JOBS TECNOLOGIA LTDA<\/td>\n<td style=\"height: 48px; width: 145px;\">23.251.141\/0001-82<\/td>\n<td style=\"height: 48px; width: 104px;\">05\/08\/2027<\/td>\n<td style=\"height: 48px; width: 76px;\">NE<\/td>\n<td style=\"height: 48px; width: 92px;\">Agente de Integra\u00e7\u00e3o<\/td>\n<\/tr>\n<\/tbody>\n<\/table>\n<p>*NE &#8211; N\u00e3o Especificado<\/p>\n<p><a href=\"http:\/\/www.planalto.gov.br\/ccivil_03\/_ato2007-2010\/2008\/lei\/l11788.htm\">LEI N\u00ba 11788\/2008<\/a><\/p>\n<p><a href=\"https:\/\/wp.ufpel.edu.br\/scs\/files\/2024\/11\/SEI_2848555_Resolucao_87.2024COCEPE.pdf\">RESOLU\u00c7\u00c3O N\u00ba 87, DE 14 DE NOVEMBRO DE 2024<\/a><\/p>\n","protected":false},"excerpt":{"rendered":"<p>Acordos de Coopera\u00e7\u00e3o de Est\u00e1gios intermediados pela PRE Institui\u00e7\u00e3o CNPJ Vig\u00eancia Cursos Tipo ABRE PELOTAS 47.094.616\/0001-32 30\/10\/2027 NE Agente de Integra\u00e7\u00e3o AGIEL 01.406.617\/0001-74 11\/01\/2029 NE Agente de Integra\u00e7\u00e3o ASSOCIACAO DE PAIS E AMIGOS DOS EXCEPCIONAIS DE PELOTAS &#8211;\u00a0APAE 89.875.090\/0001-78 17\/04\/2029 NE Concedente BELLO ALIMENTOS 08.201770\/0001-04 04\/09\/2028 NE Concedente CIEE &#8211; RS 92.954.957\/0001-95 05\/03\/2025 NE Agente [&hellip;]<\/p>\n","protected":false},"author":174,"featured_media":0,"parent":0,"menu_order":0,"comment_status":"closed","ping_status":"closed","template":"","meta":{"jetpack_post_was_ever_published":false,"footnotes":"","_links_to":"","_links_to_target":""},"class_list":["post-6141","page","type-page","status-publish","hentry"],"jetpack_sharing_enabled":true,"_links":{"self":[{"href":"https:\/\/wp.ufpel.edu.br\/pre\/wp-json\/wp\/v2\/pages\/6141","targetHints":{"allow":["GET"]}}],"collection":[{"href":"https:\/\/wp.ufpel.edu.br\/pre\/wp-json\/wp\/v2\/pages"}],"about":[{"href":"https:\/\/wp.ufpel.edu.br\/pre\/wp-json\/wp\/v2\/types\/page"}],"author":[{"embeddable":true,"href":"https:\/\/wp.ufpel.edu.br\/pre\/wp-json\/wp\/v2\/users\/174"}],"replies":[{"embeddable":true,"href":"https:\/\/wp.ufpel.edu.br\/pre\/wp-json\/wp\/v2\/comments?post=6141"}],"version-history":[{"count":4,"href":"https:\/\/wp.ufpel.edu.br\/pre\/wp-json\/wp\/v2\/pages\/6141\/revisions"}],"predecessor-version":[{"id":7163,"href":"https:\/\/wp.ufpel.edu.br\/pre\/wp-json\/wp\/v2\/pages\/6141\/revisions\/7163"}],"wp:attachment":[{"href":"https:\/\/wp.ufpel.edu.br\/pre\/wp-json\/wp\/v2\/media?parent=6141"}],"curies":[{"name":"wp","href":"https:\/\/api.w.org\/{rel}","templated":true}]}}