{"id":5807,"date":"2022-05-19T09:12:30","date_gmt":"2022-05-19T12:12:30","guid":{"rendered":"https:\/\/wp.ufpel.edu.br\/pre\/?page_id=5807"},"modified":"2025-07-07T11:28:20","modified_gmt":"2025-07-07T14:28:20","slug":"estagio","status":"publish","type":"page","link":"https:\/\/wp.ufpel.edu.br\/pre\/estagio\/","title":{"rendered":"Est\u00e1gios"},"content":{"rendered":"<p style=\"text-align: justify;\"><span style=\"color: #000000;\">Por defini\u00e7\u00e3o do Art. 1\u00ba da lei n\u00ba 11788, de 25 de setembro de 2008, \u201co est\u00e1gio \u00e9 ato educativo escolar supervisionado, desenvolvido no ambiente de trabalho, que visa \u00e0 prepara\u00e7\u00e3o para o trabalho produtivo dos educandos, na modalidade profissional de jovens e adultos\u201d. A referida legisla\u00e7\u00e3o classifica-o em est\u00e1gio curricular obrigat\u00f3rio e n\u00e3o obrigat\u00f3rio.<\/span><\/p>\n<p style=\"text-align: justify;\"><span style=\"color: #000000;\">O est\u00e1gio curricular obrigat\u00f3rio \u00e9 aquele definido no projeto pedag\u00f3gico do curso de acordo com os requisitos para a obten\u00e7\u00e3o de aprova\u00e7\u00e3o e tem sua fundamenta\u00e7\u00e3o nas Diretrizes Curriculares Nacionais de cada curso. E o est\u00e1gio curricular n\u00e3o obrigat\u00f3rio \u00e9 aquele que necessariamente n\u00e3o atende a todos os alunos, tendo as horas realizadas computadas al\u00e9m da carga-hor\u00e1ria m\u00ednima para integraliza\u00e7\u00e3o curricular de cada curso. Esta tipologia de est\u00e1gio n\u00e3o \u00e9 exigida para obten\u00e7\u00e3o de diploma, por\u00e9m deve estar prevista no Projeto Pedag\u00f3gico de cada curso. Tanto o est\u00e1gio curricular obrigat\u00f3rio como o n\u00e3o obrigat\u00f3rio proporcionam oportunidades de aprendizado e do desenvolvimento de habilidades referentes \u00e0s rela\u00e7\u00f5es sociais do mundo profissional.<\/span><\/p>\n<p style=\"text-align: center;\"><span style=\"color: #000000;\">Legisla\u00e7\u00e3o sobre Est\u00e1gio<\/span><\/p>\n<p><span style=\"color: #000000;\"><span style=\"color: #0000ff;\"><a style=\"color: #0000ff;\" href=\"http:\/\/www.planalto.gov.br\/ccivil_03\/_ato2007-2010\/2008\/lei\/l11788.htm\">Lei 11788\/2008<\/a><\/span> &#8211; Disp\u00f5e sobre est\u00e1gio de estudantes<\/span><\/p>\n<p><span style=\"color: #0000ff;\"><a style=\"color: #0000ff;\" href=\"https:\/\/wp.ufpel.edu.br\/cec\/files\/2013\/04\/cartilha_lei_estagio.pdf\">Cartilha M<\/a>TE<\/span><span style=\"color: #000000;\"> &#8211; Cartilha Esclarecedora Sobre a Lei do Est\u00e1gio &#8211; Minist\u00e9rio do Trabalho e Emprego<\/span><\/p>\n<p>&nbsp;<\/p>\n<p style=\"text-align: center;\"><span style=\"color: #000000;\">Resolu\u00e7\u00f5es COCEPE<\/span><\/p>\n<p><span style=\"color: #000000;\"><span style=\"color: #0000ff;\"><a style=\"color: #0000ff;\" href=\"https:\/\/wp.ufpel.edu.br\/scs\/files\/2010\/08\/2009_03.pdf\">03\/2009<\/a><\/span>\u00a0\u2013\u00a0Normatiza os Est\u00e1gios obrigat\u00f3rios e n\u00e3o obrigat\u00f3rios, concedidos pela Universidade Federal de Pelotas<\/span><\/p>\n<p><span style=\"color: #000000;\"><span style=\"color: #0000ff;\"><a style=\"color: #0000ff;\" href=\"https:\/\/wp.ufpel.edu.br\/scs\/files\/2024\/11\/SEI_2848555_Resolucao_87.2024COCEPE.pdf\">87\/2024<\/a><\/span> \u2013 Disp\u00f5e sobre est\u00e1gios obrigat\u00f3rios e n\u00e3o obrigat\u00f3rios realizados por discentes regularmente matriculados nos cursos da UFPEL.<\/span><\/p>\n<p>&nbsp;<\/p>\n<p style=\"text-align: center;\"><span style=\"color: #000000;\">Termo de Compromisso<\/span><\/p>\n<p><span style=\"color: #000000;\">UFPEL &#8211; Institui\u00e7\u00e3o de Ensino<\/span><\/p>\n<p><span style=\"color: #0000ff;\"><a style=\"color: #0000ff;\" href=\"https:\/\/wp.ufpel.edu.br\/pre\/files\/2025\/07\/Termo-de-Compromisso-UFPel-como-INSTITUICAO-DE-ENSINO-4.doc\">Termo de Compromisso &#8211; UFPEL IES<\/a><\/span><\/p>\n<p><span style=\"color: #0000ff;\"><a style=\"color: #0000ff;\" href=\"https:\/\/wp.ufpel.edu.br\/pre\/files\/2022\/08\/Plano-de-atividades.docx\">Plano de Atividades &#8211; TCE<\/a><\/span><\/p>\n<p><span style=\"color: #0000ff;\"><a style=\"color: #0000ff;\" href=\"https:\/\/wp.ufpel.edu.br\/pre\/files\/2022\/08\/Termo-Aditivo-TCE.doc\">Termo Aditivo &#8211; TCE<\/a><\/span><\/p>\n<p><span style=\"color: #0000ff;\"><a style=\"color: #0000ff;\" href=\"https:\/\/wp.ufpel.edu.br\/pre\/files\/2022\/09\/Termo-de-Distrato-Editado.doc\">Termo de Distrato &#8211; TCE<\/a><\/span><\/p>\n<p>&nbsp;<\/p>\n<p><span style=\"color: #000000;\">UFPEL &#8211; Concedente<\/span><\/p>\n<p><span style=\"color: #0000ff;\"><a style=\"color: #0000ff;\" href=\"https:\/\/wp.ufpel.edu.br\/pre\/files\/2022\/08\/Termo-de-Compromisso-UFPel-como-PARTE-CONCEDENTE.doc\">Termo de Compromisso &#8211; UFPEL Concedente<\/a><\/span><\/p>\n","protected":false},"excerpt":{"rendered":"<p>Por defini\u00e7\u00e3o do Art. 1\u00ba da lei n\u00ba 11788, de 25 de setembro de 2008, \u201co est\u00e1gio \u00e9 ato educativo escolar supervisionado, desenvolvido no ambiente de trabalho, que visa \u00e0 prepara\u00e7\u00e3o para o trabalho produtivo dos educandos, na modalidade profissional de jovens e adultos\u201d. A referida legisla\u00e7\u00e3o classifica-o em est\u00e1gio curricular obrigat\u00f3rio e n\u00e3o obrigat\u00f3rio. [&hellip;]<\/p>\n","protected":false},"author":174,"featured_media":0,"parent":0,"menu_order":0,"comment_status":"closed","ping_status":"closed","template":"","meta":{"jetpack_post_was_ever_published":false,"footnotes":"","_links_to":"","_links_to_target":""},"class_list":["post-5807","page","type-page","status-publish","hentry"],"jetpack_sharing_enabled":true,"_links":{"self":[{"href":"https:\/\/wp.ufpel.edu.br\/pre\/wp-json\/wp\/v2\/pages\/5807","targetHints":{"allow":["GET"]}}],"collection":[{"href":"https:\/\/wp.ufpel.edu.br\/pre\/wp-json\/wp\/v2\/pages"}],"about":[{"href":"https:\/\/wp.ufpel.edu.br\/pre\/wp-json\/wp\/v2\/types\/page"}],"author":[{"embeddable":true,"href":"https:\/\/wp.ufpel.edu.br\/pre\/wp-json\/wp\/v2\/users\/174"}],"replies":[{"embeddable":true,"href":"https:\/\/wp.ufpel.edu.br\/pre\/wp-json\/wp\/v2\/comments?post=5807"}],"version-history":[{"count":14,"href":"https:\/\/wp.ufpel.edu.br\/pre\/wp-json\/wp\/v2\/pages\/5807\/revisions"}],"predecessor-version":[{"id":8704,"href":"https:\/\/wp.ufpel.edu.br\/pre\/wp-json\/wp\/v2\/pages\/5807\/revisions\/8704"}],"wp:attachment":[{"href":"https:\/\/wp.ufpel.edu.br\/pre\/wp-json\/wp\/v2\/media?parent=5807"}],"curies":[{"name":"wp","href":"https:\/\/api.w.org\/{rel}","templated":true}]}}