{"id":5460,"date":"2021-11-08T16:17:42","date_gmt":"2021-11-08T19:17:42","guid":{"rendered":"https:\/\/wp.ufpel.edu.br\/pre\/?page_id=5460"},"modified":"2021-11-08T20:23:29","modified_gmt":"2021-11-08T23:23:29","slug":"proposta-2-2021-2-e-2022-1-sem-recuperacao-de-calendario","status":"publish","type":"page","link":"https:\/\/wp.ufpel.edu.br\/pre\/proposta-2-2021-2-e-2022-1-sem-recuperacao-de-calendario\/","title":{"rendered":"Proposta 2 &#8211; 2021\/2 e 2022\/2 (sem recupera\u00e7\u00e3o de calend\u00e1rio)"},"content":{"rendered":"<p style=\"text-align: center\"><strong>Consulta P\u00fablica \u00e0 Comunidade Acad\u00eamica &#8211; Calend\u00e1rio Acad\u00eamico do ano civil de 2022<\/strong><\/p>\n<p>Proposta 2 &#8211; 2021\/2 e 2022\/1 (sem recupera\u00e7\u00e3o de calend\u00e1rio)<\/p>\n<p>Detalhamento:<\/p>\n<table width=\"679\">\n<tbody>\n<tr>\n<td width=\"339\">\n<p style=\"text-align: center\"><strong>Proposta 02<\/strong><\/p>\n<\/td>\n<\/tr>\n<tr>\n<td width=\"339\">In\u00edcio em Mar\u00e7o de 2022, com 15 semanas, correspondente a 2021\/2.<\/td>\n<\/tr>\n<tr>\n<td width=\"339\">02 calend\u00e1rios no ano.<\/td>\n<\/tr>\n<tr>\n<td width=\"339\">Esta proposta permite o atendimento \u00e0s demandas do 2021\/2 (ingressantes, disciplinas ofertadas em semestres pares, concluintes), mas n\u00e3o apresenta possibilidade de regulariza\u00e7\u00e3o do calend\u00e1rio acad\u00eamico em curto e m\u00e9dio prazo.<\/td>\n<\/tr>\n<tr>\n<td width=\"339\">&nbsp;<\/p>\n<table class=\" aligncenter\" style=\"width: 473px\" width=\"473\">\n<tbody>\n<tr>\n<td style=\"width: 473px\" colspan=\"4\" width=\"323\">\n<p style=\"text-align: center\">Proposta 02 &#8211; 2021\/2 e 2022\/1 (sem recupera\u00e7\u00e3o de calend\u00e1rio)<\/p>\n<\/td>\n<\/tr>\n<tr>\n<td style=\"width: 59px\" rowspan=\"3\" width=\"57\">2021\/2<\/td>\n<td style=\"width: 103px\" rowspan=\"3\" width=\"66\">15 semanas<\/td>\n<td style=\"width: 75px\" width=\"67\">In\u00edcio<\/td>\n<td style=\"width: 236px\" width=\"132\">07\/03\/2022<\/td>\n<\/tr>\n<tr>\n<td style=\"width: 75px\" width=\"67\">Fim<\/td>\n<td style=\"width: 236px\" width=\"132\">18\/06\/2022<\/td>\n<\/tr>\n<tr>\n<td style=\"width: 75px\" width=\"67\">Exames<\/td>\n<td style=\"width: 236px\" width=\"132\">De 20 a 25 junho<\/td>\n<\/tr>\n<tr>\n<td style=\"width: 59px\" rowspan=\"3\" width=\"57\">2022\/1<\/td>\n<td style=\"width: 103px\" rowspan=\"3\" width=\"66\">18 semanas<\/td>\n<td style=\"width: 75px\" width=\"67\">In\u00edcio<\/td>\n<td style=\"width: 236px\" width=\"132\">01\/08\/2022<\/td>\n<\/tr>\n<tr>\n<td style=\"width: 75px\" width=\"67\">Fim<\/td>\n<td style=\"width: 236px\" width=\"132\">02\/12\/2022<\/td>\n<\/tr>\n<tr>\n<td style=\"width: 75px\" width=\"67\">Exames<\/td>\n<td style=\"width: 236px\" width=\"132\">De 05 a 10 dezembro<\/td>\n<\/tr>\n<\/tbody>\n<\/table>\n<\/td>\n<\/tr>\n<\/tbody>\n<\/table>\n<p>&nbsp;<\/p>\n","protected":false},"excerpt":{"rendered":"<p>Consulta P\u00fablica \u00e0 Comunidade Acad\u00eamica &#8211; Calend\u00e1rio Acad\u00eamico do ano civil de 2022 Proposta 2 &#8211; 2021\/2 e 2022\/1 (sem recupera\u00e7\u00e3o de calend\u00e1rio) Detalhamento: Proposta 02 In\u00edcio em Mar\u00e7o de 2022, com 15 semanas, correspondente a 2021\/2. 02 calend\u00e1rios no ano. Esta proposta permite o atendimento \u00e0s demandas do 2021\/2 (ingressantes, disciplinas ofertadas em semestres [&hellip;]<\/p>\n","protected":false},"author":174,"featured_media":0,"parent":0,"menu_order":0,"comment_status":"closed","ping_status":"closed","template":"","meta":{"jetpack_post_was_ever_published":false,"footnotes":"","_links_to":"","_links_to_target":""},"class_list":["post-5460","page","type-page","status-publish","hentry"],"jetpack_sharing_enabled":true,"_links":{"self":[{"href":"https:\/\/wp.ufpel.edu.br\/pre\/wp-json\/wp\/v2\/pages\/5460","targetHints":{"allow":["GET"]}}],"collection":[{"href":"https:\/\/wp.ufpel.edu.br\/pre\/wp-json\/wp\/v2\/pages"}],"about":[{"href":"https:\/\/wp.ufpel.edu.br\/pre\/wp-json\/wp\/v2\/types\/page"}],"author":[{"embeddable":true,"href":"https:\/\/wp.ufpel.edu.br\/pre\/wp-json\/wp\/v2\/users\/174"}],"replies":[{"embeddable":true,"href":"https:\/\/wp.ufpel.edu.br\/pre\/wp-json\/wp\/v2\/comments?post=5460"}],"version-history":[{"count":9,"href":"https:\/\/wp.ufpel.edu.br\/pre\/wp-json\/wp\/v2\/pages\/5460\/revisions"}],"predecessor-version":[{"id":5514,"href":"https:\/\/wp.ufpel.edu.br\/pre\/wp-json\/wp\/v2\/pages\/5460\/revisions\/5514"}],"wp:attachment":[{"href":"https:\/\/wp.ufpel.edu.br\/pre\/wp-json\/wp\/v2\/media?parent=5460"}],"curies":[{"name":"wp","href":"https:\/\/api.w.org\/{rel}","templated":true}]}}