{"id":5458,"date":"2021-11-08T16:17:27","date_gmt":"2021-11-08T19:17:27","guid":{"rendered":"https:\/\/wp.ufpel.edu.br\/pre\/?page_id=5458"},"modified":"2021-11-08T20:23:05","modified_gmt":"2021-11-08T23:23:05","slug":"proposta-1-2021-2-2022-1-e-inicio-de-2022-2","status":"publish","type":"page","link":"https:\/\/wp.ufpel.edu.br\/pre\/proposta-1-2021-2-2022-1-e-inicio-de-2022-2\/","title":{"rendered":"Proposta 1 &#8211; 2021\/2, 2022\/1 e inicio de 2022\/2"},"content":{"rendered":"<p style=\"text-align: center\"><strong>Consulta P\u00fablica \u00e0 Comunidade Acad\u00eamica &#8211; Calend\u00e1rio Acad\u00eamico do ano civil de 2022<\/strong><\/p>\n<p>Proposta 1 &#8211; 2021\/2, 2022\/1 e inicio de 2022\/2<\/p>\n<p>Detalhamento:<\/p>\n<table width=\"679\">\n<tbody>\n<tr>\n<td width=\"339\">\n<p style=\"text-align: center\"><strong>Proposta 01<\/strong><\/p>\n<\/td>\n<\/tr>\n<tr>\n<td width=\"339\">In\u00edcio em Fevereiro de 2022, com 15 semanas, correspondente ao 2021\/2.<\/td>\n<\/tr>\n<tr>\n<td width=\"339\">02 calend\u00e1rios e meio no ano de 2022 (2021\/2, 2022\/1 e parte de 2022\/2).<\/td>\n<\/tr>\n<tr>\n<td width=\"339\">Esta proposta permite o atendimento \u00e0s demandas do 2021\/2 (ingressantes, disciplinas ofertadas em semestres pares, concluintes) e d\u00e1 in\u00edcio ao processo de regulariza\u00e7\u00e3o do calend\u00e1rio acad\u00eamico.<\/td>\n<\/tr>\n<tr>\n<td width=\"339\">&nbsp;<\/p>\n<table class=\" aligncenter\" style=\"width: 467px\" width=\"467\">\n<tbody>\n<tr>\n<td style=\"width: 1137.03px\" colspan=\"7\">\n<p style=\"text-align: center\">Proposta 01 &#8211; 2021\/2, 2022\/1 e inicio de 2022\/2<\/p>\n<\/td>\n<\/tr>\n<tr>\n<td style=\"width: 58px\" rowspan=\"3\">2021\/2<\/td>\n<td style=\"width: 238.719px\" colspan=\"2\" rowspan=\"3\">15 semanas<\/td>\n<td style=\"width: 502.516px\" colspan=\"2\">In\u00edcio<\/td>\n<td style=\"width: 337.797px\" colspan=\"2\">07\/02\/2022<\/td>\n<\/tr>\n<tr>\n<td style=\"width: 502.516px\" colspan=\"2\">Fim<\/td>\n<td style=\"width: 337.797px\" colspan=\"2\">21\/05\/2022<\/td>\n<\/tr>\n<tr>\n<td style=\"width: 502.516px\" colspan=\"2\">Exames<\/td>\n<td style=\"width: 337.797px\" colspan=\"2\">De 23 a 28 maio<\/td>\n<\/tr>\n<tr>\n<td style=\"width: 58px\" rowspan=\"3\">2022\/1<\/td>\n<td style=\"width: 238.719px\" colspan=\"2\" rowspan=\"3\">18 semanas<\/td>\n<td style=\"width: 502.516px\" colspan=\"2\">In\u00edcio<\/td>\n<td style=\"width: 337.797px\" colspan=\"2\">13\/06\/2022<\/td>\n<\/tr>\n<tr>\n<td style=\"width: 502.516px\" colspan=\"2\">Fim<\/td>\n<td style=\"width: 337.797px\" colspan=\"2\">15\/10\/2022<\/td>\n<\/tr>\n<tr>\n<td style=\"width: 502.516px\" colspan=\"2\">Exames<\/td>\n<td style=\"width: 337.797px\" colspan=\"2\">De 17 a 22 outubro<\/td>\n<\/tr>\n<tr>\n<td style=\"width: 58px\" rowspan=\"5\">2022\/2<\/td>\n<td style=\"width: 238.719px\" colspan=\"2\" rowspan=\"5\">18 semanas<\/td>\n<td style=\"width: 502.516px\" colspan=\"2\">In\u00edcio<\/td>\n<td style=\"width: 337.797px\" colspan=\"2\">07\/11\/2022<\/td>\n<\/tr>\n<tr>\n<td style=\"width: 502.516px\" colspan=\"2\">In\u00edcio do recesso<\/td>\n<td style=\"width: 337.797px\" colspan=\"2\">17\/12\/2022<\/td>\n<\/tr>\n<tr>\n<td style=\"width: 502.516px\" colspan=\"2\">Retorno do recesso<\/td>\n<td style=\"width: 337.797px\" colspan=\"2\">06\/02\/2023<\/td>\n<\/tr>\n<tr>\n<td style=\"width: 502.516px\" colspan=\"2\">Fim<\/td>\n<td style=\"width: 337.797px\" colspan=\"2\">29\/04\/2023<\/td>\n<\/tr>\n<tr>\n<td style=\"width: 502.516px\" colspan=\"2\">Exames<\/td>\n<td style=\"width: 337.797px\" colspan=\"2\">De 01 a 06 maio<\/td>\n<\/tr>\n<\/tbody>\n<\/table>\n<\/td>\n<\/tr>\n<\/tbody>\n<\/table>\n<p>&nbsp;<\/p>\n","protected":false},"excerpt":{"rendered":"<p>Consulta P\u00fablica \u00e0 Comunidade Acad\u00eamica &#8211; Calend\u00e1rio Acad\u00eamico do ano civil de 2022 Proposta 1 &#8211; 2021\/2, 2022\/1 e inicio de 2022\/2 Detalhamento: Proposta 01 In\u00edcio em Fevereiro de 2022, com 15 semanas, correspondente ao 2021\/2. 02 calend\u00e1rios e meio no ano de 2022 (2021\/2, 2022\/1 e parte de 2022\/2). Esta proposta permite o atendimento [&hellip;]<\/p>\n","protected":false},"author":174,"featured_media":0,"parent":0,"menu_order":0,"comment_status":"closed","ping_status":"closed","template":"","meta":{"jetpack_post_was_ever_published":false,"footnotes":"","_links_to":"","_links_to_target":""},"class_list":["post-5458","page","type-page","status-publish","hentry"],"jetpack_sharing_enabled":true,"_links":{"self":[{"href":"https:\/\/wp.ufpel.edu.br\/pre\/wp-json\/wp\/v2\/pages\/5458","targetHints":{"allow":["GET"]}}],"collection":[{"href":"https:\/\/wp.ufpel.edu.br\/pre\/wp-json\/wp\/v2\/pages"}],"about":[{"href":"https:\/\/wp.ufpel.edu.br\/pre\/wp-json\/wp\/v2\/types\/page"}],"author":[{"embeddable":true,"href":"https:\/\/wp.ufpel.edu.br\/pre\/wp-json\/wp\/v2\/users\/174"}],"replies":[{"embeddable":true,"href":"https:\/\/wp.ufpel.edu.br\/pre\/wp-json\/wp\/v2\/comments?post=5458"}],"version-history":[{"count":6,"href":"https:\/\/wp.ufpel.edu.br\/pre\/wp-json\/wp\/v2\/pages\/5458\/revisions"}],"predecessor-version":[{"id":5513,"href":"https:\/\/wp.ufpel.edu.br\/pre\/wp-json\/wp\/v2\/pages\/5458\/revisions\/5513"}],"wp:attachment":[{"href":"https:\/\/wp.ufpel.edu.br\/pre\/wp-json\/wp\/v2\/media?parent=5458"}],"curies":[{"name":"wp","href":"https:\/\/api.w.org\/{rel}","templated":true}]}}