{"id":5450,"date":"2021-11-08T16:11:21","date_gmt":"2021-11-08T19:11:21","guid":{"rendered":"https:\/\/wp.ufpel.edu.br\/pre\/?page_id=5450"},"modified":"2021-12-02T14:55:55","modified_gmt":"2021-12-02T17:55:55","slug":"consulta-publica-calendario-academico-2022","status":"publish","type":"page","link":"https:\/\/wp.ufpel.edu.br\/pre\/consulta-publica-calendario-academico-2022\/","title":{"rendered":"Consulta P\u00fablica \u00e0 Comunidade Acad\u00eamica &#8211; Calend\u00e1rio Acad\u00eamico 2022"},"content":{"rendered":"<p style=\"text-align: center\"><strong>Consulta P\u00fablica \u00e0 Comunidade Acad\u00eamica &#8211; Calend\u00e1rio Acad\u00eamico do ano civil de 2022<\/strong><\/p>\n<p>&nbsp;<\/p>\n<p><a href=\"https:\/\/wp.ufpel.edu.br\/pre\/files\/2021\/11\/Respostas-Live-Calendario-10112021.pdf\">Respostas \u00e0s perguntas enviadas individualmente ao e-mail calendario2022ufpel@gmail.com, decorrentes da live do dia 10\/11\/2021 sobre as propostas para o pr\u00f3ximo calend\u00e1rio acad\u00eamico.<\/a><\/p>\n<p>&nbsp;<\/p>\n<p>08\/11 &#8211; <a href=\"https:\/\/wp.ufpel.edu.br\/pre\/files\/2021\/11\/SEI_UFPel-1491305-Edital-para-Votacao-Eletronica.pdf\">Edital de Consulta \u00e0 Comunidade Acad\u00eamica<\/a><\/p>\n<p style=\"padding-left: 40px\">Proposta 1 &#8211;\u00a02021\/2, 2022\/1 e inicio de 2022\/2 (<a href=\"https:\/\/wp.ufpel.edu.br\/pre\/proposta-1\/\" target=\"_blank\" rel=\"noopener\">maiores detalhes da proposta 1<\/a>)<\/p>\n<p style=\"padding-left: 40px\">Proposta 2 &#8211; 2021\/2 e 2022\/1 (sem recupera\u00e7\u00e3o de calend\u00e1rio) (<a href=\"https:\/\/wp.ufpel.edu.br\/pre\/proposta-2\/\" target=\"_blank\" rel=\"noopener\">maiores detalhes da proposta 2<\/a>)<\/p>\n<p style=\"padding-left: 40px\">Lista preliminar de votantes (<a href=\"https:\/\/wp.ufpel.edu.br\/pre\/files\/2021\/11\/Alunos_Calendario_Academico.pdf\">Discentes<\/a>, <a href=\"https:\/\/wp.ufpel.edu.br\/pre\/files\/2021\/11\/Tecnicos_Calendario_Academico.pdf\">T\u00e9cnicos<\/a> e <a href=\"https:\/\/wp.ufpel.edu.br\/pre\/files\/2021\/11\/Docentes_Calendario_Academico.pdf\">Docentes<\/a>)<\/p>\n<p>11\/11 &#8211; Lista final de votantes (<a href=\"https:\/\/wp.ufpel.edu.br\/pre\/files\/2021\/11\/Alunos-lista-final-Calendario-Academico.pdf\">Discentes<\/a>, <a href=\"https:\/\/wp.ufpel.edu.br\/pre\/files\/2021\/11\/Tecnicos_Calendario_Academico.pdf\">T\u00e9cnicos<\/a> e <a href=\"https:\/\/wp.ufpel.edu.br\/pre\/files\/2021\/11\/Docentes_Calendario_Academico.pdf\">Docentes<\/a>)<\/p>\n<p>&nbsp;<\/p>\n<p>ABERTURA DAS URNAS:<\/p>\n<p>Dia 17\/11\/2021 a partir das 17h15m<\/p>\n<p><a href=\"https:\/\/webconf.ufpel.edu.br\/b\/cla-e3d-6kv\">https:\/\/webconf.ufpel.edu.br\/b\/cla-e3d-6kv<\/a> (limitada a 70 pessoas)<\/p>\n<p>ou<\/p>\n<p><iframe title=\"Consulta P\u00fablica Calend\u00e1rio Acad\u00eamico UFPEL - Abertura das Urnas\" width=\"500\" height=\"281\" src=\"https:\/\/www.youtube.com\/embed\/ZTrj4iFvr98?feature=oembed\" frameborder=\"0\" allow=\"accelerometer; autoplay; clipboard-write; encrypted-media; gyroscope; picture-in-picture; web-share\" referrerpolicy=\"strict-origin-when-cross-origin\" allowfullscreen><\/iframe><\/p>\n<p>&nbsp;<\/p>\n<p>Dados da Consulta:<\/p>\n<p><strong>Proposta 1 &#8211; 46,03% dos votos<\/strong><\/p>\n<p><strong>Proposta 2 &#8211; 53,97% dos votos<\/strong><\/p>\n<table class=\"alignleft\" style=\"height: 104px;width: 56.0074%;border-collapse: collapse\" border=\"1\">\n<tbody>\n<tr style=\"height: 24px\">\n<td style=\"width: 12.3636%;text-align: center;height: 24px\"><strong>Categoria<\/strong><\/td>\n<td style=\"width: 24.2165%;text-align: center;height: 24px\"><strong>N\u00famero de Eleitores<\/strong><\/td>\n<td style=\"width: 19.4272%;text-align: center;height: 24px\"><strong>Votos Lan\u00e7ados<\/strong><\/td>\n<\/tr>\n<tr style=\"height: 24px\">\n<td style=\"width: 12.3636%;height: 24px\">Discentes<\/td>\n<td style=\"width: 24.2165%;text-align: center;height: 24px\">16996<\/td>\n<td style=\"width: 19.4272%;text-align: center;height: 24px\">4054<\/td>\n<\/tr>\n<tr style=\"height: 24px\">\n<td style=\"width: 12.3636%;height: 24px\">T\u00e9cnicos<\/td>\n<td style=\"width: 24.2165%;text-align: center;height: 24px\">1248<\/td>\n<td style=\"width: 19.4272%;text-align: center;height: 24px\">175<\/td>\n<\/tr>\n<tr style=\"height: 32px\">\n<td style=\"width: 12.3636%;height: 32px\">Docentes<\/td>\n<td style=\"width: 24.2165%;text-align: center;height: 32px\">1455<\/td>\n<td style=\"width: 19.4272%;text-align: center;height: 32px\">756<\/td>\n<\/tr>\n<\/tbody>\n<\/table>\n<p>&nbsp;<\/p>\n<p>&nbsp;<\/p>\n<p>&nbsp;<\/p>\n<p>&nbsp;<\/p>\n<p>&nbsp;<\/p>\n<table class=\"alignleft\" style=\"height: 168px;width: 707px\" border=\"1\" width=\"707\">\n<tbody>\n<tr style=\"height: 24px\">\n<td style=\"height: 24px;width: 118px\" width=\"64\"><\/td>\n<td style=\"width: 48px\"><strong>VP1<\/strong><\/td>\n<td style=\"width: 70px\"><strong>%VP1<\/strong><\/td>\n<td style=\"width: 67px\"><strong>VP2<\/strong><\/td>\n<td style=\"width: 82px\"><strong>%VP2<\/strong><\/td>\n<td style=\"width: 141px\"><strong>\u2211 % Categoria<\/strong><\/td>\n<td style=\"width: 73px;text-align: center\"><strong>TV<\/strong><\/td>\n<td style=\"width: 108px\"><strong>Pondera\u00e7\u00e3o<\/strong><\/td>\n<\/tr>\n<tr style=\"height: 24px\">\n<td style=\"font-weight: 400;height: 24px;width: 118px\">Discentes<\/td>\n<td style=\"font-weight: 400;height: 24px;width: 48px\">2556<\/td>\n<td style=\"font-weight: 400;height: 24px;width: 70px\">21,02<\/td>\n<td style=\"font-weight: 400;height: 24px;width: 67px\">1498<\/td>\n<td style=\"font-weight: 400;height: 24px;width: 82px\">12,32<\/td>\n<td style=\"font-weight: 400;height: 24px;width: 141px\">33,3333333<\/td>\n<td style=\"font-weight: 400;height: 24px;width: 73px\">4054<\/td>\n<td style=\"font-weight: 400;height: 24px;width: 108px\">\u00a01\/3<\/td>\n<\/tr>\n<tr style=\"height: 48px\">\n<td style=\"font-weight: 400;height: 48px;width: 118px\">T\u00e9nicos Administrativos<\/td>\n<td style=\"font-weight: 400;height: 48px;width: 48px\">76<\/td>\n<td style=\"font-weight: 400;height: 48px;width: 70px\">14,48<\/td>\n<td style=\"font-weight: 400;height: 48px;width: 67px\">99<\/td>\n<td style=\"font-weight: 400;height: 48px;width: 82px\">18,86<\/td>\n<td style=\"font-weight: 400;height: 48px;width: 141px\">33,3333333<\/td>\n<td style=\"font-weight: 400;height: 48px;width: 73px\">175<\/td>\n<td style=\"font-weight: 400;height: 48px;width: 108px\">\u00a01\/3<\/td>\n<\/tr>\n<tr style=\"height: 24px\">\n<td style=\"font-weight: 400;height: 24px;width: 118px\">Docentes<\/td>\n<td style=\"font-weight: 400;height: 24px;width: 48px\">239<\/td>\n<td style=\"font-weight: 400;height: 24px;width: 70px\">10,54<\/td>\n<td style=\"font-weight: 400;height: 24px;width: 67px\">517<\/td>\n<td style=\"font-weight: 400;height: 24px;width: 82px\">22,80<\/td>\n<td style=\"font-weight: 400;height: 24px;width: 141px\">33,3333333<\/td>\n<td style=\"font-weight: 400;height: 24px;width: 73px\">756<\/td>\n<td style=\"font-weight: 400;height: 24px;width: 108px\">\u00a01\/3<\/td>\n<\/tr>\n<tr style=\"height: 24px\">\n<td style=\"height: 24px;width: 118px\"><strong>Total<\/strong><\/td>\n<td style=\"height: 24px;width: 48px\">2871<\/td>\n<td style=\"height: 24px;width: 70px\">46,03<\/td>\n<td style=\"height: 24px;width: 67px\">2114<\/td>\n<td style=\"height: 24px;width: 82px\">53,97<\/td>\n<td style=\"height: 24px;width: 141px\">100<\/td>\n<td style=\"height: 24px;width: 73px\">4985<\/td>\n<td style=\"height: 24px;width: 108px\">1<\/td>\n<\/tr>\n<\/tbody>\n<\/table>\n<p>&nbsp;<\/p>\n<p>&nbsp;<\/p>\n<p>&nbsp;<\/p>\n<p>&nbsp;<\/p>\n<p>&nbsp;<\/p>\n<p>&nbsp;<\/p>\n<p>VP1 &#8211; Votos na Proposta 1<br \/>\nVP2 &#8211; Votos na Proposta 2<br \/>\n% VP1 &#8211; Percentual de votos na Proposta 1, ponderado.<br \/>\n% VP2 &#8211; Percentual de votos na Proposta 2, ponderado.<br \/>\nTV &#8211; Total de Votos<\/p>\n<p>C\u00e1lculo da Consulta:<br \/>\n%VP1 = ((VP1\/TV) x (1\/3)) x 100<br \/>\n\u2211 % Categoria\u00a0<strong>=\u00a0<\/strong>%VP1 + %VP2<br \/>\nTotal %VP1 = \u2211%VP1 (cada categoria)<\/p>\n<p>&nbsp;<\/p>\n<p><span style=\"font-size: 10pt\"><strong>Cronograma:<\/strong><\/span><br \/>\n<span style=\"font-size: 10pt\"><strong>Publica\u00e7\u00e3o do Edital<\/strong> (08\/11\/2021)<\/span><br \/>\n<span style=\"font-size: 10pt\"><strong>Lista preliminar de votante<\/strong>s (08\/11\/2021)<\/span><br \/>\n<span style=\"font-size: 10pt\"><strong>Recursos contra a lista preliminar<\/strong> (at\u00e9 o dia 10\/11\/2021)<\/span><br \/>\n<span style=\"font-size: 10pt\"><strong>Lista final de votantes<\/strong> (dispon\u00edvel a partir do dia 11\/11\/2021)<\/span><br \/>\n<span style=\"font-size: 10pt\"><strong>Consulta<\/strong> das 08h do dia 13\/11 at\u00e9 as 17h do dia 17\/11\/2021<\/span><\/p>\n<p>&nbsp;<\/p>\n<p style=\"text-align: center\"><span style=\"font-size: 12pt\"><strong>Informa\u00e7\u00f5es importantes:<\/strong><\/span><\/p>\n<p><span style=\"font-size: 12pt\"><strong>O que \u00e9 o H\u00e9lios Voting?<\/strong> <a href=\"https:\/\/wp.ufpel.edu.br\/votacao\">https:\/\/wp.ufpel.edu.br\/votacao<\/a><\/span><\/p>\n<p><span style=\"font-size: 12pt\"><strong>Como votar?<\/strong> <a href=\"https:\/\/wp.ufpel.edu.br\/votacao\/como-votar\/\">https:\/\/wp.ufpel.edu.br\/votacao\/como-votar\/<\/a><\/span><\/p>\n<p><span style=\"font-size: 12pt\"><strong>Como acesso a cabine de vota\u00e7\u00e3o?<\/strong> O eleitor receber\u00e1 em seu e-mail uma mensagem eletr\u00f4nica do sistema de vota\u00e7\u00e3o com o link para a cabine de vota\u00e7\u00e3o da consulta. Neste e-mail ser\u00e3o fornecidos login e senha de acesso individuais para a cabine de vota\u00e7\u00e3o. Os servidores receber\u00e3o atrav\u00e9s de seu e-mail institucional e os discentes receber\u00e3o atrav\u00e9s de seu e-mail cadastrado como principal no cobalto.<\/span><\/p>\n<p><span style=\"font-size: 12pt\"><strong>Quem pode votar?<\/strong> a) Docentes com v\u00ednculo ativo junto \u00e0 UFPEL, b) T\u00e9cnicos Administrativos com v\u00ednculo ativo junto \u00e0 UFPEL e c) Discentes regularmente matriculados em cursos de gradua\u00e7\u00e3o presenciais da UFPel.<\/span><\/p>\n<p><span style=\"font-size: 12pt\"><strong>Para onde enviar recurso contra a lista preliminar?<\/strong> Para o email da comiss\u00e3o: consultacalendario2022@ufpel.edu.br<\/span><\/p>\n<p><span style=\"font-size: 12pt\"><strong>Qual o prazo para envio do recurso contra a lista preliminar?<\/strong> 10 de novembro de 2021.<\/span><\/p>\n<p><span style=\"font-size: 12pt\"><strong>Quando votar?<\/strong> das 08h do dia 13 de novembro de 2021 at\u00e9 as 17h do dia 17 de novembro de 2021.<\/span><\/p>\n<p><span style=\"font-size: 12pt\"><strong>Como os votos ser\u00e3o contabilizados?<\/strong> A vota\u00e7\u00e3o ser\u00e1 parit\u00e1ria e cada categoria representar\u00e1 1\/3 do total de votos.<\/span><\/p>\n<p><span style=\"font-size: 12pt\"><strong>Se eu n\u00e3o receber o email com o link da cabine de vota\u00e7\u00e3o?<\/strong> Os eleitores ter\u00e3o (at\u00e9 o quarto dia de elei\u00e7\u00e3o \u00e0s 12:00) at\u00e9 dia 16 de novembro de 2021 \u00e0s 12:00 horas para indicarem problemas com recebimentos de e-mail para vota\u00e7\u00e3o atrav\u00e9s do e-mail da Comiss\u00e3o Especial (consultacalendario2022@ufpel.edu.br).<\/span><\/p>\n<p>&nbsp;<\/p>\n","protected":false},"excerpt":{"rendered":"<p>Consulta P\u00fablica \u00e0 Comunidade Acad\u00eamica &#8211; Calend\u00e1rio Acad\u00eamico do ano civil de 2022 &nbsp; Respostas \u00e0s perguntas enviadas individualmente ao e-mail calendario2022ufpel@gmail.com, decorrentes da live do dia 10\/11\/2021 sobre as propostas para o pr\u00f3ximo calend\u00e1rio acad\u00eamico. &nbsp; 08\/11 &#8211; Edital de Consulta \u00e0 Comunidade Acad\u00eamica Proposta 1 &#8211;\u00a02021\/2, 2022\/1 e inicio de 2022\/2 (maiores detalhes [&hellip;]<\/p>\n","protected":false},"author":174,"featured_media":0,"parent":0,"menu_order":0,"comment_status":"closed","ping_status":"closed","template":"","meta":{"jetpack_post_was_ever_published":false,"footnotes":"","_links_to":"","_links_to_target":""},"class_list":["post-5450","page","type-page","status-publish","hentry"],"jetpack_sharing_enabled":true,"_links":{"self":[{"href":"https:\/\/wp.ufpel.edu.br\/pre\/wp-json\/wp\/v2\/pages\/5450","targetHints":{"allow":["GET"]}}],"collection":[{"href":"https:\/\/wp.ufpel.edu.br\/pre\/wp-json\/wp\/v2\/pages"}],"about":[{"href":"https:\/\/wp.ufpel.edu.br\/pre\/wp-json\/wp\/v2\/types\/page"}],"author":[{"embeddable":true,"href":"https:\/\/wp.ufpel.edu.br\/pre\/wp-json\/wp\/v2\/users\/174"}],"replies":[{"embeddable":true,"href":"https:\/\/wp.ufpel.edu.br\/pre\/wp-json\/wp\/v2\/comments?post=5450"}],"version-history":[{"count":31,"href":"https:\/\/wp.ufpel.edu.br\/pre\/wp-json\/wp\/v2\/pages\/5450\/revisions"}],"predecessor-version":[{"id":5546,"href":"https:\/\/wp.ufpel.edu.br\/pre\/wp-json\/wp\/v2\/pages\/5450\/revisions\/5546"}],"wp:attachment":[{"href":"https:\/\/wp.ufpel.edu.br\/pre\/wp-json\/wp\/v2\/media?parent=5450"}],"curies":[{"name":"wp","href":"https:\/\/api.w.org\/{rel}","templated":true}]}}