{"id":4766,"date":"2020-08-27T10:41:13","date_gmt":"2020-08-27T13:41:13","guid":{"rendered":"https:\/\/wp.ufpel.edu.br\/pre\/?page_id=4766"},"modified":"2024-06-10T09:20:07","modified_gmt":"2024-06-10T12:20:07","slug":"pagina-principal","status":"publish","type":"page","link":"https:\/\/wp.ufpel.edu.br\/pre\/pagina-principal\/","title":{"rendered":"P\u00e1gina Principal"},"content":{"rendered":"<p>&nbsp;<\/p>\n<p style=\"text-align: left;\"><span style=\"font-size: 18pt; color: #000000;\"><strong>Normativas internas na UFPEL<\/strong><\/span><\/p>\n<ul>\n<li><span style=\"color: #000000;\"><strong>PARECER NORMATIVO N\u00ba 108, DE 06 DE JUNHO DE 2024, COCEPE<\/strong><\/span> &#8211; <a href=\"https:\/\/wp.ufpel.edu.br\/pre\/files\/2024\/06\/SEI_23110.014747_2024_89.pdf\">Regulamenta a retomada das atividades de ensino de Gradua\u00e7\u00e3o e dos cursos de P\u00f3s-Gradua\u00e7\u00e3o do primeiro semestre letivo de 2024 na Universidade Federal de Pelotas, suspensas em raz\u00e3o do estado de calamidade p\u00fablica causada por eventos clim\u00e1ticos.<\/a><\/li>\n<li><a href=\"https:\/\/wp.ufpel.edu.br\/cra\/calendarios-academicos\/\"><strong>Calend\u00e1rio Acad\u00eamico<\/strong><\/a><\/li>\n<\/ul>\n<ul>\n<li>\n<p style=\"text-align: justify;\"><span style=\"color: #000000;\"><strong>Resolu\u00e7\u00e3o N\u00ba 29, DE 13 DE SETEMBRO DE 2018<\/strong><\/span> &#8211; <a href=\"https:\/\/wp.ufpel.edu.br\/pre\/files\/2018\/10\/SEI_Resolucao-29.2018-Regulamento-Ensino-de-Graduacao-I.pdf\">Regulamento do Ensino de Gradua\u00e7\u00e3o.<\/a><\/p>\n<\/li>\n<\/ul>\n<p style=\"text-align: justify;\"><span style=\"font-size: 14pt; color: #000000;\"><strong>Normativas dos \u00d3rg\u00e3os Superiores<\/strong><\/span><\/p>\n<ul style=\"text-align: justify;\">\n<li><a href=\"http:\/\/portal.mec.gov.br\/index.php?option=com_docman&amp;view=download&amp;alias=145011-pcp005-20&amp;category_slug=marco-2020-pdf&amp;Itemid=30192\">Parecer CNE\/CP n\u00ba 5, de 28 de abril de 2020<\/a><\/li>\n<li><a href=\"http:\/\/portal.mec.gov.br\/index.php?option=com_docman&amp;view=download&amp;alias=148391-pcp011-20&amp;category_slug=julho-2020-pdf&amp;Itemid=30192\">Parecer CNE\/CP n\u00ba 11, de 07 de julho de 2020<\/a><\/li>\n<li><a href=\"https:\/\/www.in.gov.br\/en\/web\/dou\/-\/portaria-n-544-de-16-de-junho-de-2020-261924872\">Portaria MEC n\u00ba 544, de 16 de junho de 2020<\/a><\/li>\n<li><a href=\"https:\/\/www.in.gov.br\/en\/web\/dou\/-\/lei-n-14.040-de-18-de-agosto-de-2020-272981525\">LEI N\u00ba 14.040, de 18 de agosto de 2020<\/a><\/li>\n<\/ul>\n","protected":false},"excerpt":{"rendered":"<p>&nbsp; Normativas internas na UFPEL PARECER NORMATIVO N\u00ba 108, DE 06 DE JUNHO DE 2024, COCEPE &#8211; Regulamenta a retomada das atividades de ensino de Gradua\u00e7\u00e3o e dos cursos de P\u00f3s-Gradua\u00e7\u00e3o do primeiro semestre letivo de 2024 na Universidade Federal de Pelotas, suspensas em raz\u00e3o do estado de calamidade p\u00fablica causada por eventos clim\u00e1ticos. Calend\u00e1rio [&hellip;]<\/p>\n","protected":false},"author":174,"featured_media":0,"parent":0,"menu_order":0,"comment_status":"closed","ping_status":"closed","template":"","meta":{"jetpack_post_was_ever_published":false,"footnotes":"","_links_to":"","_links_to_target":""},"class_list":["post-4766","page","type-page","status-publish","hentry"],"jetpack_sharing_enabled":true,"_links":{"self":[{"href":"https:\/\/wp.ufpel.edu.br\/pre\/wp-json\/wp\/v2\/pages\/4766","targetHints":{"allow":["GET"]}}],"collection":[{"href":"https:\/\/wp.ufpel.edu.br\/pre\/wp-json\/wp\/v2\/pages"}],"about":[{"href":"https:\/\/wp.ufpel.edu.br\/pre\/wp-json\/wp\/v2\/types\/page"}],"author":[{"embeddable":true,"href":"https:\/\/wp.ufpel.edu.br\/pre\/wp-json\/wp\/v2\/users\/174"}],"replies":[{"embeddable":true,"href":"https:\/\/wp.ufpel.edu.br\/pre\/wp-json\/wp\/v2\/comments?post=4766"}],"version-history":[{"count":88,"href":"https:\/\/wp.ufpel.edu.br\/pre\/wp-json\/wp\/v2\/pages\/4766\/revisions"}],"predecessor-version":[{"id":7623,"href":"https:\/\/wp.ufpel.edu.br\/pre\/wp-json\/wp\/v2\/pages\/4766\/revisions\/7623"}],"wp:attachment":[{"href":"https:\/\/wp.ufpel.edu.br\/pre\/wp-json\/wp\/v2\/media?parent=4766"}],"curies":[{"name":"wp","href":"https:\/\/api.w.org\/{rel}","templated":true}]}}