{"id":4547,"date":"2020-06-18T10:51:07","date_gmt":"2020-06-18T13:51:07","guid":{"rendered":"https:\/\/wp.ufpel.edu.br\/pre\/?page_id=4547"},"modified":"2024-09-25T15:21:19","modified_gmt":"2024-09-25T18:21:19","slug":"fale-com-a-pre","status":"publish","type":"page","link":"https:\/\/wp.ufpel.edu.br\/pre\/fale-com-a-pre\/","title":{"rendered":"Fale"},"content":{"rendered":"<p><strong>O que voc\u00ea procura?<\/strong><\/p>\n<p><em>Coordena\u00e7\u00e3o de Registros Acad\u00eamicos<\/em>: <span style=\"font-size: 10pt;\">Matr\u00edculas, cadastro de disciplinas, hist\u00f3ricos, \u2026<\/span><br \/>\n<span style=\"font-size: 10pt;\">CRA \u2013 <a href=\"http:\/\/atendimento.ufpel.edu.br\">atendimento.ufpel.edu.br<\/a><\/span><\/p>\n<p><em>Coordena\u00e7\u00e3o de Ensino e Curr\u00edculo<\/em>: <span style=\"font-size: 10pt;\">Projetos Pol\u00edticos Pedag\u00f3gicos, &#8230;<\/span><br \/>\n<span style=\"font-size: 10pt;\">CEC \u2013 cec.pre@ufpel.edu.br<\/span><br \/>\n<span style=\"font-size: 10pt;\">NUBATEC \u2013 nubatec@ufpel.edu.br<\/span><br \/>\n<span style=\"font-size: 10pt;\">NULIC \u2013 nulicufpel@ufpel.edu.br<\/span><\/p>\n<p style=\"padding-left: 40px;\"><em>N\u00facleo de Programas e Projetos<\/em>: <span style=\"font-size: 10pt;\">Monitorias, bolsas, projetos de ensino, \u2026<\/span><br \/>\n<span style=\"font-size: 10pt;\">NUPROP \u2013 nuprop@ufpel.edu.br<\/span><\/p>\n<p><em>N\u00facleo de Politicas de Educa\u00e7\u00e3o a Dist\u00e2ncia<\/em>: <span style=\"font-size: 10pt;\">Ensino \u00e0 distancia, UAB, E-Aula &#8230;<\/span><br \/>\n<span style=\"font-size: 10pt;\">NUPED \u2013 nuped@ufpel.edu.br<\/span><\/p>\n<p><em>Coordena\u00e7\u00e3o de Pedagogia Universit\u00e1ria<\/em>: <span style=\"font-size: 10pt;\">Forma\u00e7\u00e3o de professores, Articula\u00e7\u00e3o com as Coordena\u00e7\u00f5es de cursos\u2026<\/span><br \/>\n<span style=\"font-size: 10pt;\">NUAC \u2013 nuac.ufpel@gmail.com<\/span><br \/>\n<span style=\"font-size: 10pt;\">NUFOR \u2013 nufor.ufpel@gmail.com<\/span><\/p>\n<p>Assuntos n\u00e3o contemplados acima<br \/>\nSecretaria PRE &#8211; pre@ufpel.edu.br<br \/>\nFone: 32844060<\/p>\n","protected":false},"excerpt":{"rendered":"<p>O que voc\u00ea procura? Coordena\u00e7\u00e3o de Registros Acad\u00eamicos: Matr\u00edculas, cadastro de disciplinas, hist\u00f3ricos, \u2026 CRA \u2013 atendimento.ufpel.edu.br Coordena\u00e7\u00e3o de Ensino e Curr\u00edculo: Projetos Pol\u00edticos Pedag\u00f3gicos, &#8230; CEC \u2013 cec.pre@ufpel.edu.br NUBATEC \u2013 nubatec@ufpel.edu.br NULIC \u2013 nulicufpel@ufpel.edu.br N\u00facleo de Programas e Projetos: Monitorias, bolsas, projetos de ensino, \u2026 NUPROP \u2013 nuprop@ufpel.edu.br N\u00facleo de Politicas de Educa\u00e7\u00e3o a [&hellip;]<\/p>\n","protected":false},"author":174,"featured_media":0,"parent":0,"menu_order":0,"comment_status":"closed","ping_status":"closed","template":"","meta":{"jetpack_post_was_ever_published":false,"footnotes":"","_links_to":"","_links_to_target":""},"class_list":["post-4547","page","type-page","status-publish","hentry"],"jetpack_sharing_enabled":true,"_links":{"self":[{"href":"https:\/\/wp.ufpel.edu.br\/pre\/wp-json\/wp\/v2\/pages\/4547","targetHints":{"allow":["GET"]}}],"collection":[{"href":"https:\/\/wp.ufpel.edu.br\/pre\/wp-json\/wp\/v2\/pages"}],"about":[{"href":"https:\/\/wp.ufpel.edu.br\/pre\/wp-json\/wp\/v2\/types\/page"}],"author":[{"embeddable":true,"href":"https:\/\/wp.ufpel.edu.br\/pre\/wp-json\/wp\/v2\/users\/174"}],"replies":[{"embeddable":true,"href":"https:\/\/wp.ufpel.edu.br\/pre\/wp-json\/wp\/v2\/comments?post=4547"}],"version-history":[{"count":16,"href":"https:\/\/wp.ufpel.edu.br\/pre\/wp-json\/wp\/v2\/pages\/4547\/revisions"}],"predecessor-version":[{"id":7913,"href":"https:\/\/wp.ufpel.edu.br\/pre\/wp-json\/wp\/v2\/pages\/4547\/revisions\/7913"}],"wp:attachment":[{"href":"https:\/\/wp.ufpel.edu.br\/pre\/wp-json\/wp\/v2\/media?parent=4547"}],"curies":[{"name":"wp","href":"https:\/\/api.w.org\/{rel}","templated":true}]}}