{"id":3581,"date":"2018-08-20T11:38:39","date_gmt":"2018-08-20T14:38:39","guid":{"rendered":"https:\/\/wp.ufpel.edu.br\/pre\/?page_id=3581"},"modified":"2020-08-19T15:49:25","modified_gmt":"2020-08-19T18:49:25","slug":"orientacoes-regramentos","status":"publish","type":"page","link":"https:\/\/wp.ufpel.edu.br\/pre\/orientacoes-regramentos\/","title":{"rendered":"Orienta\u00e7\u00f5es e Regramentos"},"content":{"rendered":"<ul>\n<li><a href=\"https:\/\/wp.ufpel.edu.br\/pre\/files\/2018\/10\/SEI_Resolucao-29.2018-Regulamento-Ensino-de-Graduacao-I.pdf\">Regulamento do Ensino de Gradua\u00e7\u00e3o<\/a><\/li>\n<li><a href=\"https:\/\/wp.ufpel.edu.br\/scs\/files\/2020\/05\/SEI_UFPel-0958816-Parecer-Normativo-COCEPE-12.pdf\">Parecer Normativo &#8211; Calend\u00e1rio Acad\u00eamico Alternativo<\/a><\/li>\n<li><a href=\"https:\/\/wp.ufpel.edu.br\/pre\/files\/2020\/06\/SEI_23110.054938_2019_16-7.pdf\">Normas para implementa\u00e7\u00e3o de bolsas \u2013 Projetos com atividades remotas<\/a><\/li>\n<li><a href=\"https:\/\/wp.ufpel.edu.br\/pre\/files\/2020\/06\/SEI_UFPel-0977441-Memorando-Circular.pdf\">Orienta\u00e7\u00f5es aos Colegiados de Curso de Gradua\u00e7\u00e3o quanto aos Est\u00e1gios N\u00e3o Obrigat\u00f3rios<\/a> &#8211; <a href=\"https:\/\/wp.ufpel.edu.br\/pre\/files\/2020\/07\/Termo-de-Responsabilidade-Estago-Nao-Obrigatorio-Memo-25.docx\">Termo de Responsabilidade Est\u00e1gio N\u00e3o Obrigat\u00f3rio<\/a><\/li>\n<li><a href=\"https:\/\/wp.ufpel.edu.br\/pre\/files\/2020\/08\/SEI_23110.020921_2020_07-Memorando-Circular-352020PRE.pdf\">Orienta\u00e7\u00f5es sobre ofertas de Est\u00e1gios, TCCs e demais componentes ou disciplinas com car\u00e1ter pr\u00e1tico<\/a> &#8211; <a href=\"https:\/\/wp.ufpel.edu.br\/pre\/files\/2020\/08\/Termo-de-Responsabilidade-Memorando-Circular-35-1.docx\">Termo de Responsabilidade Est\u00e1gio Obrigat\u00f3rio<\/a><\/li>\n<li><a href=\"https:\/\/wp.ufpel.edu.br\/scs\/parecer-normativo\/2020-2\/\">Pareceres COCEPE\/UFPEL, ano de 2020<\/a><\/li>\n<li><a href=\"http:\/\/portal.mec.gov.br\/index.php?option=com_docman&amp;view=download&amp;alias=145011-pcp005-20&amp;category_slug=marco-2020-pdf&amp;Itemid=30192\">Parecer CNE\/CP n\u00ba 5, de 28 de abril de 2020<\/a><\/li>\n<li><a href=\"http:\/\/portal.mec.gov.br\/index.php?option=com_docman&amp;view=download&amp;alias=148391-pcp011-20&amp;category_slug=julho-2020-pdf&amp;Itemid=30192\">Parecer CNE\/CP n\u00ba 11, de 07 de julho de 2020<\/a><\/li>\n<li><a href=\"https:\/\/www.in.gov.br\/en\/web\/dou\/-\/portaria-n-544-de-16-de-junho-de-2020-261924872\">Portaria MEC n\u00ba 544, de 16 de junho de 2020<\/a><\/li>\n<li><a href=\"https:\/\/www.in.gov.br\/en\/web\/dou\/-\/lei-n-14.040-de-18-de-agosto-de-2020-272981525\">LEI N\u00ba 14.040, DE 18 DE AGOSTO DE 2020<\/a><\/li>\n<li><a href=\"https:\/\/wp.ufpel.edu.br\/pre\/files\/2020\/08\/Perguntas-e-Respostas-Novo-Calendario-Academico.pdf\">Perguntas e Respostas sobre Novo Calend\u00e1rio Acad\u00eamico (Demandas dos Colegiados de Gradua\u00e7\u00e3o)<\/a><\/li>\n<\/ul>\n","protected":false},"excerpt":{"rendered":"<p>Regulamento do Ensino de Gradua\u00e7\u00e3o Parecer Normativo &#8211; Calend\u00e1rio Acad\u00eamico Alternativo Normas para implementa\u00e7\u00e3o de bolsas \u2013 Projetos com atividades remotas Orienta\u00e7\u00f5es aos Colegiados de Curso de Gradua\u00e7\u00e3o quanto aos Est\u00e1gios N\u00e3o Obrigat\u00f3rios &#8211; Termo de Responsabilidade Est\u00e1gio N\u00e3o Obrigat\u00f3rio Orienta\u00e7\u00f5es sobre ofertas de Est\u00e1gios, TCCs e demais componentes ou disciplinas com car\u00e1ter pr\u00e1tico &#8211; [&hellip;]<\/p>\n","protected":false},"author":174,"featured_media":0,"parent":0,"menu_order":0,"comment_status":"closed","ping_status":"closed","template":"","meta":{"jetpack_post_was_ever_published":false,"footnotes":"","_links_to":"","_links_to_target":""},"class_list":["post-3581","page","type-page","status-publish","hentry"],"jetpack_sharing_enabled":true,"_links":{"self":[{"href":"https:\/\/wp.ufpel.edu.br\/pre\/wp-json\/wp\/v2\/pages\/3581","targetHints":{"allow":["GET"]}}],"collection":[{"href":"https:\/\/wp.ufpel.edu.br\/pre\/wp-json\/wp\/v2\/pages"}],"about":[{"href":"https:\/\/wp.ufpel.edu.br\/pre\/wp-json\/wp\/v2\/types\/page"}],"author":[{"embeddable":true,"href":"https:\/\/wp.ufpel.edu.br\/pre\/wp-json\/wp\/v2\/users\/174"}],"replies":[{"embeddable":true,"href":"https:\/\/wp.ufpel.edu.br\/pre\/wp-json\/wp\/v2\/comments?post=3581"}],"version-history":[{"count":37,"href":"https:\/\/wp.ufpel.edu.br\/pre\/wp-json\/wp\/v2\/pages\/3581\/revisions"}],"predecessor-version":[{"id":4729,"href":"https:\/\/wp.ufpel.edu.br\/pre\/wp-json\/wp\/v2\/pages\/3581\/revisions\/4729"}],"wp:attachment":[{"href":"https:\/\/wp.ufpel.edu.br\/pre\/wp-json\/wp\/v2\/media?parent=3581"}],"curies":[{"name":"wp","href":"https:\/\/api.w.org\/{rel}","templated":true}]}}