{"id":9206,"date":"2019-12-26T20:09:49","date_gmt":"2019-12-26T23:09:49","guid":{"rendered":"https:\/\/wp.ufpel.edu.br\/prae\/?page_id=9206"},"modified":"2019-12-27T10:08:16","modified_gmt":"2019-12-27T13:08:16","slug":"avaliacao-de-rendimento-academico-2019-1","status":"publish","type":"page","link":"https:\/\/wp.ufpel.edu.br\/prae\/avaliacao-de-rendimento-academico-2019-1\/","title":{"rendered":"Avalia\u00e7\u00e3o de rendimento acad\u00eamico 2019\/1"},"content":{"rendered":"<ul>\n<li>Confira as fases da avalia\u00e7\u00e3o 2019\/1:\u00a0<a href=\"https:\/\/wp.ufpel.edu.br\/prae\/2019\/07\/25\/avaliacao-de-rendimento-academico-2019-1\/\">https:\/\/wp.ufpel.edu.br\/prae\/2019\/07\/25\/avaliacao-de-rendimento-academico-2019-1\/<\/a><\/li>\n<li>Confira o primeiro chamado para a fase 2:\u00a0<a href=\"https:\/\/wp.ufpel.edu.br\/prae\/2019\/07\/29\/justificativa-de-baixo-rendimento-academico-2019-1\/\">https:\/\/wp.ufpel.edu.br\/prae\/2019\/07\/29\/justificativa-de-baixo-rendimento-academico-2019-1\/<\/a><\/li>\n<li>Confira a prorroga\u00e7\u00e3o do chamado para a fase 2:\u00a0<a href=\"https:\/\/wp.ufpel.edu.br\/prae\/2019\/08\/05\/prorrogacao-da-justificativa-de-baixo-rendimento-academico-2019-1\/\">https:\/\/wp.ufpel.edu.br\/prae\/2019\/08\/05\/prorrogacao-da-justificativa-de-baixo-rendimento-academico-2019-1\/<\/a><\/li>\n<li>Confira o prazo de recursos:<a href=\"https:\/\/wp.ufpel.edu.br\/prae\/2019\/08\/12\/prorrogacao-ausencia-de-justificativa-de-baixo-rendimento-academico-2019-1\/\">\u00a0https:\/\/wp.ufpel.edu.br\/prae\/2019\/08\/12\/prorrogacao-ausencia-de-justificativa-de-baixo-rendimento-academico-2019-1\/<\/a><\/li>\n<li>Confira o encaminhamento para quem n\u00e3o justificou no prazo:\u00a0<a href=\"https:\/\/wp.ufpel.edu.br\/prae\/2019\/08\/15\/rendimento-academico-2019-1-discentes-que-nao-justificaram-em-tempo-habil\/\">https:\/\/wp.ufpel.edu.br\/prae\/2019\/08\/15\/rendimento-academico-2019-1-discentes-que-nao-justificaram-em-tempo-habil\/<\/a><\/li>\n<li>Confira o encaminhamento inicial para quem justificou no prazo:\u00a0<a href=\"https:\/\/wp.ufpel.edu.br\/prae\/2019\/08\/07\/rendimento-academico-2019-1\/\">https:\/\/wp.ufpel.edu.br\/prae\/2019\/08\/07\/rendimento-academico-2019-1\/<\/a><\/li>\n<li>Confira o resultado final da avalia\u00e7\u00e3o de rendimento acad\u00eamico 2019\/1: <a href=\"https:\/\/wp.ufpel.edu.br\/prae\/2019\/08\/29\/resultado-avaliacao-de-rendimento-academico-2019-1\/\">https:\/\/wp.ufpel.edu.br\/prae\/2019\/08\/29\/resultado-avaliacao-de-rendimento-academico-2019-1\/<\/a><\/li>\n<\/ul>\n","protected":false},"excerpt":{"rendered":"<p>Confira as fases da avalia\u00e7\u00e3o 2019\/1:\u00a0https:\/\/wp.ufpel.edu.br\/prae\/2019\/07\/25\/avaliacao-de-rendimento-academico-2019-1\/ Confira o primeiro chamado para a fase 2:\u00a0https:\/\/wp.ufpel.edu.br\/prae\/2019\/07\/29\/justificativa-de-baixo-rendimento-academico-2019-1\/ Confira a prorroga\u00e7\u00e3o do chamado para a fase 2:\u00a0https:\/\/wp.ufpel.edu.br\/prae\/2019\/08\/05\/prorrogacao-da-justificativa-de-baixo-rendimento-academico-2019-1\/ Confira o prazo de recursos:\u00a0https:\/\/wp.ufpel.edu.br\/prae\/2019\/08\/12\/prorrogacao-ausencia-de-justificativa-de-baixo-rendimento-academico-2019-1\/ Confira o encaminhamento para quem n\u00e3o justificou no prazo:\u00a0https:\/\/wp.ufpel.edu.br\/prae\/2019\/08\/15\/rendimento-academico-2019-1-discentes-que-nao-justificaram-em-tempo-habil\/ Confira o encaminhamento inicial para quem justificou no prazo:\u00a0https:\/\/wp.ufpel.edu.br\/prae\/2019\/08\/07\/rendimento-academico-2019-1\/ Confira o resultado final da avalia\u00e7\u00e3o de rendimento acad\u00eamico &hellip; <\/p>\n<p class=\"link-more\"><a href=\"https:\/\/wp.ufpel.edu.br\/prae\/avaliacao-de-rendimento-academico-2019-1\/\" class=\"more-link\">Continue lendo<span class=\"screen-reader-text\"> &#8220;Avalia\u00e7\u00e3o de rendimento acad\u00eamico 2019\/1&#8221;<\/span><\/a><\/p>\n","protected":false},"author":229,"featured_media":0,"parent":0,"menu_order":0,"comment_status":"closed","ping_status":"closed","template":"","meta":{"footnotes":""},"class_list":["post-9206","page","type-page","status-publish","hentry"],"_links":{"self":[{"href":"https:\/\/wp.ufpel.edu.br\/prae\/wp-json\/wp\/v2\/pages\/9206","targetHints":{"allow":["GET"]}}],"collection":[{"href":"https:\/\/wp.ufpel.edu.br\/prae\/wp-json\/wp\/v2\/pages"}],"about":[{"href":"https:\/\/wp.ufpel.edu.br\/prae\/wp-json\/wp\/v2\/types\/page"}],"author":[{"embeddable":true,"href":"https:\/\/wp.ufpel.edu.br\/prae\/wp-json\/wp\/v2\/users\/229"}],"replies":[{"embeddable":true,"href":"https:\/\/wp.ufpel.edu.br\/prae\/wp-json\/wp\/v2\/comments?post=9206"}],"version-history":[{"count":5,"href":"https:\/\/wp.ufpel.edu.br\/prae\/wp-json\/wp\/v2\/pages\/9206\/revisions"}],"predecessor-version":[{"id":9217,"href":"https:\/\/wp.ufpel.edu.br\/prae\/wp-json\/wp\/v2\/pages\/9206\/revisions\/9217"}],"wp:attachment":[{"href":"https:\/\/wp.ufpel.edu.br\/prae\/wp-json\/wp\/v2\/media?parent=9206"}],"curies":[{"name":"wp","href":"https:\/\/api.w.org\/{rel}","templated":true}]}}