{"id":9148,"date":"2019-12-10T11:34:58","date_gmt":"2019-12-10T14:34:58","guid":{"rendered":"https:\/\/wp.ufpel.edu.br\/prae\/?page_id=9148"},"modified":"2020-03-02T16:10:39","modified_gmt":"2020-03-02T19:10:39","slug":"avaliacao-de-rendimento-academico-2019-2","status":"publish","type":"page","link":"https:\/\/wp.ufpel.edu.br\/prae\/programa-de-acompanhamento-pedagogico\/acompanhamento-pedagogico-justificativa-baixo-aproveitamento-academico\/avaliacao-de-rendimento-academico-2019-2\/","title":{"rendered":"Avalia\u00e7\u00e3o de Rendimento Acad\u00eamico 2019\/2"},"content":{"rendered":"<p><span style=\"color: #ff0000\"><strong>Avalia\u00e7\u00e3o 2019\/2 (exceto ODONTO)*:<\/strong><\/span><\/p>\n<ul>\n<li>Confira as fases da avalia\u00e7\u00e3o 2019\/2: <a href=\"https:\/\/wp.ufpel.edu.br\/prae\/2019\/12\/10\/avaliacao-de-rendimento-academico-2019-2\/\">https:\/\/wp.ufpel.edu.br\/prae\/2019\/12\/10\/avaliacao-de-rendimento-academico-2019-2\/<\/a><\/li>\n<li>Confira o chamamento para a fase 2: <a href=\"https:\/\/wp.ufpel.edu.br\/prae\/2019\/12\/27\/chamado-para-justificativa-de-rendimento-academico-insuficiente-2019-2\/\">https:\/\/wp.ufpel.edu.br\/prae\/2019\/12\/27\/chamado-para-justificativa-de-rendimento-academico-insuficiente-2019-2\/<\/a><\/li>\n<li>Confira o resultado final: <a href=\"https:\/\/wp.ufpel.edu.br\/prae\/2020\/02\/04\/resultado-avaliacao-de-rendimento-academico-2019-2\/\">https:\/\/wp.ufpel.edu.br\/prae\/2020\/02\/04\/resultado-avaliacao-de-rendimento-academico-2019-2\/<\/a><\/li>\n<\/ul>\n<p>&nbsp;<\/p>\n<p><span style=\"color: #ff0000\"><strong>Avalia\u00e7\u00e3o 2019\/2 &#8211; ODONTO<\/strong><\/span><\/p>\n<ul>\n<li>Confira as fases da avalia\u00e7\u00e3o 2019\/2: <a href=\"https:\/\/wp.ufpel.edu.br\/prae\/2020\/03\/02\/avaliacao-de-rendimento-academico-2019-2-odontologia\/\">https:\/\/wp.ufpel.edu.br\/prae\/2020\/03\/02\/avaliacao-de-rendimento-academico-2019-2-odontologia\/<\/a><\/li>\n<li>Confira o chamamento para a fase 2: <a href=\"https:\/\/wp.ufpel.edu.br\/prae\/2020\/03\/02\/chamado-para-justificativa-de-rendimento-academico-insuficiente-2019-2-odontologia\/\">https:\/\/wp.ufpel.edu.br\/prae\/2020\/03\/02\/chamado-para-justificativa-de-rendimento-academico-insuficiente-2019-2-odontologia\/<\/a><\/li>\n<\/ul>\n<p>&nbsp;<\/p>\n<p>* Odontologia possui Calend\u00e1rio Acad\u00eamico espec\u00edfico.<\/p>\n","protected":false},"excerpt":{"rendered":"<p>Avalia\u00e7\u00e3o 2019\/2 (exceto ODONTO)*: Confira as fases da avalia\u00e7\u00e3o 2019\/2: https:\/\/wp.ufpel.edu.br\/prae\/2019\/12\/10\/avaliacao-de-rendimento-academico-2019-2\/ Confira o chamamento para a fase 2: https:\/\/wp.ufpel.edu.br\/prae\/2019\/12\/27\/chamado-para-justificativa-de-rendimento-academico-insuficiente-2019-2\/ Confira o resultado final: https:\/\/wp.ufpel.edu.br\/prae\/2020\/02\/04\/resultado-avaliacao-de-rendimento-academico-2019-2\/ &nbsp; Avalia\u00e7\u00e3o 2019\/2 &#8211; ODONTO Confira as fases da avalia\u00e7\u00e3o 2019\/2: https:\/\/wp.ufpel.edu.br\/prae\/2020\/03\/02\/avaliacao-de-rendimento-academico-2019-2-odontologia\/ Confira o chamamento para a fase 2: https:\/\/wp.ufpel.edu.br\/prae\/2020\/03\/02\/chamado-para-justificativa-de-rendimento-academico-insuficiente-2019-2-odontologia\/ &nbsp; * Odontologia possui Calend\u00e1rio Acad\u00eamico espec\u00edfico.<\/p>\n","protected":false},"author":229,"featured_media":0,"parent":7710,"menu_order":0,"comment_status":"closed","ping_status":"closed","template":"","meta":{"footnotes":""},"class_list":["post-9148","page","type-page","status-publish","hentry"],"_links":{"self":[{"href":"https:\/\/wp.ufpel.edu.br\/prae\/wp-json\/wp\/v2\/pages\/9148","targetHints":{"allow":["GET"]}}],"collection":[{"href":"https:\/\/wp.ufpel.edu.br\/prae\/wp-json\/wp\/v2\/pages"}],"about":[{"href":"https:\/\/wp.ufpel.edu.br\/prae\/wp-json\/wp\/v2\/types\/page"}],"author":[{"embeddable":true,"href":"https:\/\/wp.ufpel.edu.br\/prae\/wp-json\/wp\/v2\/users\/229"}],"replies":[{"embeddable":true,"href":"https:\/\/wp.ufpel.edu.br\/prae\/wp-json\/wp\/v2\/comments?post=9148"}],"version-history":[{"count":6,"href":"https:\/\/wp.ufpel.edu.br\/prae\/wp-json\/wp\/v2\/pages\/9148\/revisions"}],"predecessor-version":[{"id":9390,"href":"https:\/\/wp.ufpel.edu.br\/prae\/wp-json\/wp\/v2\/pages\/9148\/revisions\/9390"}],"up":[{"embeddable":true,"href":"https:\/\/wp.ufpel.edu.br\/prae\/wp-json\/wp\/v2\/pages\/7710"}],"wp:attachment":[{"href":"https:\/\/wp.ufpel.edu.br\/prae\/wp-json\/wp\/v2\/media?parent=9148"}],"curies":[{"name":"wp","href":"https:\/\/api.w.org\/{rel}","templated":true}]}}