{"id":8966,"date":"2023-12-01T12:13:22","date_gmt":"2023-12-01T15:13:22","guid":{"rendered":"https:\/\/wp.ufpel.edu.br\/prae\/?page_id=8966"},"modified":"2024-10-14T12:46:52","modified_gmt":"2024-10-14T15:46:52","slug":"duvidas-sugestoes-reclamacoes","status":"publish","type":"page","link":"https:\/\/wp.ufpel.edu.br\/prae\/restaurante-universitario\/duvidas-sugestoes-reclamacoes\/","title":{"rendered":"D\u00favidas, sugest\u00f5es e reclama\u00e7\u00f5es"},"content":{"rendered":"<p style=\"text-align: justify\">Os RUs possuem nutricionista respons\u00e1vel pelo servi\u00e7o de alimenta\u00e7\u00e3o \u00e0\u00a0 disposi\u00e7\u00e3o dos comensais, que podem retirar d\u00favidas e devem ser contatados imediatamente no caso de qualquer intercorr\u00eancia.<\/p>\n<p style=\"text-align: justify\">Al\u00e9m disso, pode-se entrar em contato com a Se\u00e7\u00e3o de Apoio aos Restaurantes <span style=\"font-size: 1rem\">Universit\u00e1rios (SARE) atrav\u00e9s dos seguintes canais de atendimento:<\/span><\/p>\n<p style=\"text-align: justify\">&#8211; E-mail: ru.praeufpel@gmail.com<br \/>\n&#8211; Pessoalmente na PRAE: Rua Almirante Barroso, 1202, sala G116.<\/p>\n<p style=\"text-align: justify\">Ao entrar em contato com a SARE para o registro formal de reclama\u00e7\u00f5es, o setor pode realizar a apura\u00e7\u00e3o, solicitar esclarecimento e notificar a empresa respons\u00e1vel pelos RUs quando necess\u00e1rio.<\/p>\n<p style=\"text-align: justify\">Ainda den\u00fancias podem ser encaminhadas diretamente \u00e0 Ouvidoria da UFPel: <a href=\"https:\/\/wp.ufpel.edu.br\/ouvidoria\/\" target=\"_blank\" rel=\"noopener\">https:\/\/wp.ufpel.edu.br\/ouvidoria\/ <\/a>ou diretamente \u00e0 Vigil\u00e2ncia Sanit\u00e1ria Municipal (Em Pelotas: (53) 3284-7733)<\/p>\n<p style=\"text-align: center\"><span style=\"background-color: #ffff99\"><strong>D\u00daVIDAS FREQUENTES<\/strong><\/span><\/p>\n<p style=\"text-align: justify\"><strong>\u00c9 permitido retirar alimentos do RU?<\/strong><\/p>\n<p style=\"text-align: justify\">N\u00e3o, somente nos casos de dificuldade de locomo\u00e7\u00e3o, mediante apresenta\u00e7\u00e3o de atestado m\u00e9dico. Isso ocorre pois a manipula\u00e7\u00e3o e consumo destes alimentos fora dos Restaurantes Universit\u00e1rios inviabiliza o controle higienicossanit\u00e1rio das prepara\u00e7\u00f5es pela equipe t\u00e9cnica. Assim, a institui\u00e7\u00e3o s\u00f3 pode garantir a seguran\u00e7a dos alimentos enquanto estiverem dentro dos Restaurantes.<\/p>\n<p style=\"text-align: justify\">Ainda assim, nesses casos, o alimento \u00e9 porcionado em embalagem pr\u00f3pria para este fim, fornecida pelo RU e a orienta\u00e7\u00e3o \u00e9 de consumo da refei\u00e7\u00e3o em at\u00e9 30 minutos ap\u00f3s a sua retirada.<\/p>\n<p style=\"text-align: justify\"><strong>\u00c9 permitido reaproveitar alimentos nos RUs?<\/strong><\/p>\n<p style=\"text-align: justify\">Uma das condi\u00e7\u00f5es fundamentais para o bom desempenho de uma Unidade de Alimenta\u00e7\u00e3o e Nutri\u00e7\u00e3o (UAN) \u00e9 o planejamento adequado do volume de refei\u00e7\u00f5es a ser preparado, buscando-se diminuir ou controlar o desperd\u00edcio de alimentos (MEZOMO, 2002).<\/p>\n<p style=\"text-align: justify\">Al\u00e9m disso, sabe-se que a fome ainda afeta 8,4 milh\u00f5es de brasileiros (FAO, 2024), de forma que o controle das perdas em uma UAN trata-se de uma quest\u00e3o econ\u00f4mica, ambiental e pol\u00edtico-social. Assim, caso ocorra sobra de alimentos em uma UAN, deve-se seguir rigorosamente alguns crit\u00e9rios t\u00e9cnicos para aproveit\u00e1-los de forma segura e evitar o desperd\u00edcio.<\/p>\n<p style=\"text-align: justify\">As sobras s\u00e3o divididas em sobra limpa e sobra suja. Sobra limpa pode ser definida como os alimentos que foram produzidos, mas n\u00e3o foram distribu\u00eddos nos <em>buffets<\/em>, <strong>podendo ser aproveitados em prepara\u00e7\u00f5es futuras se houver controle de tempo de exposi\u00e7\u00e3o e temperatura<\/strong>. A sobra suja, ou n\u00e3o aproveit\u00e1vel, pode ser definida como os alimentos que foram produzidos, distribu\u00eddos, mas n\u00e3o foram consumidos. O resto \u00e9 todo o alimento devolvido no prato ou bandeja (VAZ, 2011).<\/p>\n<p style=\"text-align: justify\">Assim, caso haja alimentos produzidos, mas que n\u00e3o foram distribu\u00eddos nos RUs, estes s\u00e3o reaproveitados, respeitando a legisla\u00e7\u00e3o com rela\u00e7\u00e3o aos crit\u00e9rios de tempo e temperatura de armazenamento. Para isso, existem planilhas de controle desses par\u00e2metros, as quais s\u00e3o analisadas pelas fiscais de contrato e que ficam dispon\u00edveis \u00e0 Vigil\u00e2ncia Sanit\u00e1ria Municipal, por at\u00e9 30 dias.<\/p>\n<p style=\"text-align: justify\">Refer\u00eancias:<\/p>\n<p style=\"text-align: justify\">MEZOMO, I.B. (2002) Os Servi\u00e7os de Alimenta\u00e7\u00e3o: planejamento e administra\u00e7\u00e3o. 5. ed. S\u00e3o Paulo: Manole. 413 p<\/p>\n<p style=\"text-align: justify\">FAO, IFAD, UNICEF, WFP and WHO. 2024. In Brief to The State of Food Security and Nutrition in the World 2024 \u2013 Financing to end hunger, food insecurity and malnutrition in all its forms. Rome, FAO. <a href=\"https:\/\/doi.org\/10.4060\/cd1276en\">https:\/\/doi.org\/10.4060\/cd1276en<\/a><\/p>\n<p style=\"text-align: justify\">VAZ, C. S. Restaurantes: controlando custos e aumentando lucros. 2. ed. Bras\u00edlia: METHA LGE, 2011. 193 p<\/p>\n","protected":false},"excerpt":{"rendered":"<p>Os RUs possuem nutricionista respons\u00e1vel pelo servi\u00e7o de alimenta\u00e7\u00e3o \u00e0\u00a0 disposi\u00e7\u00e3o dos comensais, que podem retirar d\u00favidas e devem ser contatados imediatamente no caso de qualquer intercorr\u00eancia. Al\u00e9m disso, pode-se entrar em contato com a Se\u00e7\u00e3o de Apoio aos Restaurantes Universit\u00e1rios (SARE) atrav\u00e9s dos seguintes canais de atendimento: &#8211; E-mail: ru.praeufpel@gmail.com &#8211; Pessoalmente na PRAE: &hellip; <\/p>\n<p class=\"link-more\"><a href=\"https:\/\/wp.ufpel.edu.br\/prae\/restaurante-universitario\/duvidas-sugestoes-reclamacoes\/\" class=\"more-link\">Continue lendo<span class=\"screen-reader-text\"> &#8220;D\u00favidas, sugest\u00f5es e reclama\u00e7\u00f5es&#8221;<\/span><\/a><\/p>\n","protected":false},"author":229,"featured_media":0,"parent":2849,"menu_order":0,"comment_status":"closed","ping_status":"closed","template":"","meta":{"footnotes":""},"class_list":["post-8966","page","type-page","status-publish","hentry"],"_links":{"self":[{"href":"https:\/\/wp.ufpel.edu.br\/prae\/wp-json\/wp\/v2\/pages\/8966","targetHints":{"allow":["GET"]}}],"collection":[{"href":"https:\/\/wp.ufpel.edu.br\/prae\/wp-json\/wp\/v2\/pages"}],"about":[{"href":"https:\/\/wp.ufpel.edu.br\/prae\/wp-json\/wp\/v2\/types\/page"}],"author":[{"embeddable":true,"href":"https:\/\/wp.ufpel.edu.br\/prae\/wp-json\/wp\/v2\/users\/229"}],"replies":[{"embeddable":true,"href":"https:\/\/wp.ufpel.edu.br\/prae\/wp-json\/wp\/v2\/comments?post=8966"}],"version-history":[{"count":8,"href":"https:\/\/wp.ufpel.edu.br\/prae\/wp-json\/wp\/v2\/pages\/8966\/revisions"}],"predecessor-version":[{"id":17118,"href":"https:\/\/wp.ufpel.edu.br\/prae\/wp-json\/wp\/v2\/pages\/8966\/revisions\/17118"}],"up":[{"embeddable":true,"href":"https:\/\/wp.ufpel.edu.br\/prae\/wp-json\/wp\/v2\/pages\/2849"}],"wp:attachment":[{"href":"https:\/\/wp.ufpel.edu.br\/prae\/wp-json\/wp\/v2\/media?parent=8966"}],"curies":[{"name":"wp","href":"https:\/\/api.w.org\/{rel}","templated":true}]}}