{"id":8879,"date":"2019-10-10T09:14:46","date_gmt":"2019-10-10T12:14:46","guid":{"rendered":"https:\/\/wp.ufpel.edu.br\/prae\/?page_id=8879"},"modified":"2025-02-25T21:35:28","modified_gmt":"2025-02-26T00:35:28","slug":"editais-ru","status":"publish","type":"page","link":"https:\/\/wp.ufpel.edu.br\/prae\/restaurante-universitario\/editais-ru\/","title":{"rendered":"Editais SARE"},"content":{"rendered":"<p><span style=\"color: #ff0000\"><strong>EDITAIS ABERTOS<\/strong><\/span><\/p>\n<p style=\"text-align: justify\">EDITAL 01\/2025 &#8211; EDITAL P\u00daBLICO PARA CREDENCIAMENTO DE AGRICULTORES FAMILIARES E SUAS ORGANIZA\u00c7\u00d5ES APTAS A FORNECEREM INSUMOS ALIMENTARES PARA AS EMPRESAS DE ALIMENTA\u00c7\u00c3O COLETIVA CONTRATADAS PELA UFPEL PARA O ATENDIMENTO AOS RESTAURANTES UNIVERSIT\u00c1RIOS.<\/p>\n<p><a href=\"https:\/\/wp.ufpel.edu.br\/prae\/files\/2025\/02\/SEI_2966950_Edital_01-1-1.pdf\">EDITAL 01\/2025<\/a><\/p>\n<p>&nbsp;<\/p>\n<p><strong>EDITAIS ENCERRADOS<\/strong><\/p>\n<p style=\"text-align: justify\"><strong>EDITAL 01\/2022<\/strong> &#8211; EDITAL P\u00daBLICO PARA CREDENCIAMENTO DE AGRICULTORES FAMILIARES E SUAS ORGANIZA\u00c7\u00d5ES APTAS A FORNECEREM INSUMOS ALIMENTARES PARA AS EMPRESAS DE ALIMENTA\u00c7\u00c3O COLETIVA CONTRATADAS PELA UFPEL PARA O ATENDIMENTO AOS RESTAURANTES UNIVERSIT\u00c1RIOS.<\/p>\n<p><a href=\"https:\/\/wp.ufpel.edu.br\/prae\/files\/2022\/06\/Resultado-final.pdf\">RESULTADO FINAL &#8211; EDITAL 01-22<\/a><\/p>\n<p><a href=\"https:\/\/wp.ufpel.edu.br\/prae\/files\/2022\/05\/SEI_23110.015506_2022_95.pdf\">EDITAL 01-22 &#8211; CREDENCIAMENTO AGRICULTORES FAMILIARES<\/a><\/p>\n<p><a href=\"https:\/\/wp.ufpel.edu.br\/prae\/files\/2022\/06\/Retificacao-edital-AF.pdf\">RETIFICA\u00c7\u00c3O EDITAL 01-22<\/a><\/p>\n<p><a href=\"https:\/\/wp.ufpel.edu.br\/prae\/files\/2022\/05\/ANEXO-I.doc\">ANEXO I<\/a><\/p>\n<p><a href=\"https:\/\/wp.ufpel.edu.br\/prae\/files\/2022\/05\/ANEXO-II.doc\">ANEXO II<\/a><\/p>\n<p><a href=\"https:\/\/wp.ufpel.edu.br\/prae\/files\/2022\/05\/ANEXO-III.doc\">ANEXO III<\/a><\/p>\n<p><a href=\"https:\/\/wp.ufpel.edu.br\/prae\/files\/2022\/05\/ANEXO-IV.doc\">ANEXO IV<\/a><\/p>\n<p><a href=\"https:\/\/wp.ufpel.edu.br\/prae\/files\/2022\/05\/ANEXO-V-1.doc\">ANEXO-V<\/a><\/p>\n<p><a href=\"https:\/\/wp.ufpel.edu.br\/prae\/files\/2022\/05\/ANEXO-VI.doc\">ANEXO VI<\/a><\/p>\n<p><a href=\"https:\/\/wp.ufpel.edu.br\/prae\/files\/2022\/06\/DECLARACAO-DE-PRODUCAO-PROPRIA-1.doc\">ANEXO VII<\/a><\/p>\n<p><strong>EDITAL SARE\/CPE\/PRAE\/UFPEL N\u00ba 02\/2022 &#8211;\u00a0<\/strong>DOA\u00c7\u00c3O DE MATERIAIS DE CONSUMO (Potes T\u00e9rmicos &#8211; Marmita)<br \/>\n<a href=\"https:\/\/wp.ufpel.edu.br\/prae\/files\/2022\/06\/EDITAL-DOACAO-DE-MARMITAS.pdf\" target=\"_blank\" rel=\"noopener\">EDITAL N\u00ba 02\/2022<\/a><\/p>\n<p>FORMUL\u00c1RIO DIGITAL para requisi\u00e7\u00e3o dispon\u00edvel neste link:\u00a0<a href=\"https:\/\/forms.gle\/xNwcfhhGn2jmHagq9\">https:\/\/forms.gle\/xNwcfhhGn2jmHagq9<\/a><\/p>\n<p>&#8212;<\/p>\n<p><strong>EDITAL 01\/2019<\/strong> &#8211; PRORROGA\u00c7\u00c3O DA VIG\u00caNCIA DO CONTRATO<\/p>\n<p><a href=\"https:\/\/wp.ufpel.edu.br\/prae\/files\/2020\/07\/Aviso-Prorroga\u00e7\u00e3o-vig_encia-Edital-AF.pdf\">Aviso Prorroga\u00e7\u00e3o vig_encia Edital AF<\/a><\/p>\n<p style=\"text-align: justify\"><strong>EDITAL 01\/2019<\/strong> &#8211; EDITAL P\u00daBLICO PARA CREDENCIAMENTO DE AGRICULTORES FAMILIARES E SUAS ORGANIZA\u00c7\u00d5ES APTAS A FORNECEREM INSUMOS ALIMENTARES PARA AS EMPRESAS DE ALIMENTA\u00c7\u00c3O COLETIVA CONTRATADAS PELA UFPEL PARA O ATENDIMENTO AOS RESTAURANTES UNIVERSIT\u00c1RIOS.<\/p>\n<p><a href=\"https:\/\/wp.ufpel.edu.br\/prae\/files\/2019\/11\/SEI_23110.043868_2019_71.pdf\">EDITAL 01\/2019 &#8211; Credenciamento de agricultores familiares e suas organiza\u00e7\u00f5es<\/a><\/p>\n<p><a href=\"https:\/\/wp.ufpel.edu.br\/prae\/files\/2019\/11\/Anexo-I.docx\">Anexo I<\/a><\/p>\n<p><a href=\"https:\/\/wp.ufpel.edu.br\/prae\/files\/2019\/11\/Anexo-II.docx\">Anexo II<\/a><\/p>\n<p><a href=\"https:\/\/wp.ufpel.edu.br\/prae\/files\/2019\/11\/Anexo-III.docx\">Anexo III<\/a><\/p>\n<p><a href=\"https:\/\/wp.ufpel.edu.br\/prae\/files\/2019\/11\/Anexo-IV.docx\">Anexo IV<\/a><\/p>\n<p><a href=\"https:\/\/wp.ufpel.edu.br\/prae\/files\/2019\/11\/Anexo-V.docx\">Anexo V<\/a><\/p>\n","protected":false},"excerpt":{"rendered":"<p>EDITAIS ABERTOS EDITAL 01\/2025 &#8211; EDITAL P\u00daBLICO PARA CREDENCIAMENTO DE AGRICULTORES FAMILIARES E SUAS ORGANIZA\u00c7\u00d5ES APTAS A FORNECEREM INSUMOS ALIMENTARES PARA AS EMPRESAS DE ALIMENTA\u00c7\u00c3O COLETIVA CONTRATADAS PELA UFPEL PARA O ATENDIMENTO AOS RESTAURANTES UNIVERSIT\u00c1RIOS. EDITAL 01\/2025 &nbsp; EDITAIS ENCERRADOS EDITAL 01\/2022 &#8211; EDITAL P\u00daBLICO PARA CREDENCIAMENTO DE AGRICULTORES FAMILIARES E SUAS ORGANIZA\u00c7\u00d5ES APTAS A &hellip; <\/p>\n<p class=\"link-more\"><a href=\"https:\/\/wp.ufpel.edu.br\/prae\/restaurante-universitario\/editais-ru\/\" class=\"more-link\">Continue lendo<span class=\"screen-reader-text\"> &#8220;Editais SARE&#8221;<\/span><\/a><\/p>\n","protected":false},"author":229,"featured_media":0,"parent":2849,"menu_order":0,"comment_status":"closed","ping_status":"closed","template":"","meta":{"footnotes":""},"class_list":["post-8879","page","type-page","status-publish","hentry"],"_links":{"self":[{"href":"https:\/\/wp.ufpel.edu.br\/prae\/wp-json\/wp\/v2\/pages\/8879","targetHints":{"allow":["GET"]}}],"collection":[{"href":"https:\/\/wp.ufpel.edu.br\/prae\/wp-json\/wp\/v2\/pages"}],"about":[{"href":"https:\/\/wp.ufpel.edu.br\/prae\/wp-json\/wp\/v2\/types\/page"}],"author":[{"embeddable":true,"href":"https:\/\/wp.ufpel.edu.br\/prae\/wp-json\/wp\/v2\/users\/229"}],"replies":[{"embeddable":true,"href":"https:\/\/wp.ufpel.edu.br\/prae\/wp-json\/wp\/v2\/comments?post=8879"}],"version-history":[{"count":21,"href":"https:\/\/wp.ufpel.edu.br\/prae\/wp-json\/wp\/v2\/pages\/8879\/revisions"}],"predecessor-version":[{"id":17670,"href":"https:\/\/wp.ufpel.edu.br\/prae\/wp-json\/wp\/v2\/pages\/8879\/revisions\/17670"}],"up":[{"embeddable":true,"href":"https:\/\/wp.ufpel.edu.br\/prae\/wp-json\/wp\/v2\/pages\/2849"}],"wp:attachment":[{"href":"https:\/\/wp.ufpel.edu.br\/prae\/wp-json\/wp\/v2\/media?parent=8879"}],"curies":[{"name":"wp","href":"https:\/\/api.w.org\/{rel}","templated":true}]}}