{"id":8403,"date":"2019-07-22T10:24:28","date_gmt":"2019-07-22T13:24:28","guid":{"rendered":"https:\/\/wp.ufpel.edu.br\/prae\/?page_id=8403"},"modified":"2019-07-22T10:24:28","modified_gmt":"2019-07-22T13:24:28","slug":"solicitacao-de-manutencao-moradia-estudantil","status":"publish","type":"page","link":"https:\/\/wp.ufpel.edu.br\/prae\/coordenacao-de-politicas-estudantis\/programa-de-moradia-estudantil\/nucleo-de-moradia-estudantil\/solicitacao-de-manutencao-moradia-estudantil\/","title":{"rendered":"Solicita\u00e7\u00e3o de Manuten\u00e7\u00e3o &#8211; Moradia Estudantil"},"content":{"rendered":"<p>ATEN\u00c7\u00c3O: somente para benefici\u00e1rios do Programa de Moradia Estudantil<\/p>\n<p>&nbsp;<\/p>\n<p>Para realizar pedido de manuten\u00e7\u00e3o, preencha o formul\u00e1rio abaixo:<\/p>\n<p><a href=\"https:\/\/forms.gle\/agBgtZ5g13CWVD47A\">Formul\u00e1rio de Solicita\u00e7\u00e3o de Manuten\u00e7\u00e3o<\/a><\/p>\n","protected":false},"excerpt":{"rendered":"<p>ATEN\u00c7\u00c3O: somente para benefici\u00e1rios do Programa de Moradia Estudantil &nbsp; Para realizar pedido de manuten\u00e7\u00e3o, preencha o formul\u00e1rio abaixo: Formul\u00e1rio de Solicita\u00e7\u00e3o de Manuten\u00e7\u00e3o<\/p>\n","protected":false},"author":229,"featured_media":0,"parent":7568,"menu_order":0,"comment_status":"closed","ping_status":"closed","template":"","meta":{"footnotes":""},"class_list":["post-8403","page","type-page","status-publish","hentry"],"_links":{"self":[{"href":"https:\/\/wp.ufpel.edu.br\/prae\/wp-json\/wp\/v2\/pages\/8403","targetHints":{"allow":["GET"]}}],"collection":[{"href":"https:\/\/wp.ufpel.edu.br\/prae\/wp-json\/wp\/v2\/pages"}],"about":[{"href":"https:\/\/wp.ufpel.edu.br\/prae\/wp-json\/wp\/v2\/types\/page"}],"author":[{"embeddable":true,"href":"https:\/\/wp.ufpel.edu.br\/prae\/wp-json\/wp\/v2\/users\/229"}],"replies":[{"embeddable":true,"href":"https:\/\/wp.ufpel.edu.br\/prae\/wp-json\/wp\/v2\/comments?post=8403"}],"version-history":[{"count":1,"href":"https:\/\/wp.ufpel.edu.br\/prae\/wp-json\/wp\/v2\/pages\/8403\/revisions"}],"predecessor-version":[{"id":8405,"href":"https:\/\/wp.ufpel.edu.br\/prae\/wp-json\/wp\/v2\/pages\/8403\/revisions\/8405"}],"up":[{"embeddable":true,"href":"https:\/\/wp.ufpel.edu.br\/prae\/wp-json\/wp\/v2\/pages\/7568"}],"wp:attachment":[{"href":"https:\/\/wp.ufpel.edu.br\/prae\/wp-json\/wp\/v2\/media?parent=8403"}],"curies":[{"name":"wp","href":"https:\/\/api.w.org\/{rel}","templated":true}]}}