{"id":8200,"date":"2019-06-10T17:23:40","date_gmt":"2019-06-10T20:23:40","guid":{"rendered":"https:\/\/wp.ufpel.edu.br\/prae\/?page_id=8200"},"modified":"2020-01-10T12:00:43","modified_gmt":"2020-01-10T15:00:43","slug":"editais-2019","status":"publish","type":"page","link":"https:\/\/wp.ufpel.edu.br\/prae\/coordenacao_de_ingresso_e_beneficios\/editais\/editais-2019\/","title":{"rendered":"Editais 2019"},"content":{"rendered":"<p style=\"text-align: center\"><span style=\"color: #999999\">ATEN\u00c7\u00c3O: Ao abrir qualquer documento, pressione F5 em seu navegador para atualizar o cache<\/span><\/p>\n<p><strong>SISU e PAVE 2019\/2 &#8211; <\/strong><strong>L1, L2, L9 e L10<\/strong><\/p>\n<p style=\"padding-left: 40px\">Chamada Regular:<\/p>\n<p style=\"padding-left: 80px\"><a href=\"https:\/\/wp.ufpel.edu.br\/prae\/files\/2019\/07\/SEI_23110.027271_2019_89_Edital_03.pdf\">Edital PRAE 03\/2019 &#8211; Chamada Regular SISU e PAVE 2019\/2<\/a><\/p>\n<p style=\"padding-left: 80px\">Lista de homologa\u00e7\u00f5es: <a href=\"https:\/\/wp.ufpel.edu.br\/prae\/files\/2019\/07\/SEI_23110.027271_2019_89_Edital_03.pdf\">Lista de homologados Edital PRAE 03\/2019<\/a><\/p>\n<p style=\"padding-left: 80px\">Resultado Parcial: <a href=\"https:\/\/wp.ufpel.edu.br\/prae\/files\/2019\/07\/SEI_23110.027271_2019_89_Edital_03.pdf\">Resultado parcial Edital PRAE 03\/2019<\/a><\/p>\n<p style=\"padding-left: 80px\">Resultado P\u00f3s-Recursos: <a href=\"https:\/\/wp.ufpel.edu.br\/prae\/files\/2019\/07\/SEI_23110.027271_2019_89_Edital_03.pdf\">Resultado p\u00f3s-recursos Edital PRAE 03\/2019<\/a><\/p>\n<p style=\"padding-left: 80px\">Resultado Final: <a href=\"https:\/\/wp.ufpel.edu.br\/prae\/files\/2019\/07\/SEI_23110.027271_2019_89_Edital_03.pdf\">Resultado final Edital PRAE 03\/2019<\/a><\/p>\n<p style=\"padding-left: 40px\">Primeira Convoca\u00e7\u00e3o:<\/p>\n<p style=\"padding-left: 80px\"><a href=\"https:\/\/wp.ufpel.edu.br\/prae\/files\/2019\/07\/SEI_23110.026728_2019_38_Edital_04.pdf\" target=\"_blank\" rel=\"noopener noreferrer\">Edital PRAE 04\/2019 &#8211; Primeira convoca\u00e7\u00e3o SISU e PAVE 2019\/2<\/a><\/p>\n<p style=\"padding-left: 80px\">Lista de homologa\u00e7\u00f5es: <a href=\"https:\/\/wp.ufpel.edu.br\/prae\/files\/2019\/07\/SEI_23110.026728_2019_38_Edital_04.pdf\" target=\"_blank\" rel=\"noopener noreferrer\">Lista de homologados Edital PRAE 04\/2019<\/a><\/p>\n<p style=\"padding-left: 80px\">Resultado Parcial: <a href=\"https:\/\/wp.ufpel.edu.br\/prae\/files\/2019\/07\/SEI_23110.026728_2019_38_Edital_04.pdf\">Resultado parcial Edital PRAE 04\/2019<\/a><\/p>\n<p style=\"padding-left: 80px\">Resultado P\u00f3s-Recursos: <a href=\"https:\/\/wp.ufpel.edu.br\/prae\/files\/2019\/07\/SEI_23110.026728_2019_38_Edital_04.pdf\">Resultado P\u00f3s-Recursos Edital PRAE 04\/2019<\/a><\/p>\n<p style=\"padding-left: 80px\">Resultado Final: <a href=\"https:\/\/wp.ufpel.edu.br\/prae\/files\/2019\/07\/SEI_23110.026728_2019_38_Edital_04.pdf\">Resultado final Edital PRAE 04\/2019<\/a><\/p>\n<p style=\"padding-left: 40px\">Segunda Convoca\u00e7\u00e3o:<\/p>\n<p style=\"padding-left: 80px\"><a href=\"https:\/\/wp.ufpel.edu.br\/prae\/files\/2019\/07\/SEI_23110.028511_2019_62_Edital_05.pdf\" target=\"_blank\" rel=\"noopener noreferrer\">Edital PRAE 05\/2019 \u2013 Segunda convoca\u00e7\u00e3o SISU e PAVE 2019\/2<\/a><\/p>\n<p style=\"padding-left: 80px\">Lista de homologa\u00e7\u00f5es: <a href=\"https:\/\/wp.ufpel.edu.br\/prae\/files\/2019\/07\/SEI_23110.028511_2019_62_Edital_05.pdf\" target=\"_blank\" rel=\"noopener noreferrer\">Lista de homologados Edital PRAE 05\/2019<\/a><\/p>\n<p style=\"padding-left: 80px\">Resultado Parcial: <a href=\"https:\/\/wp.ufpel.edu.br\/prae\/files\/2019\/07\/SEI_23110.028511_2019_62_Edital_05.pdf\">Resultado parcial Edital PRAE 05\/2019<\/a><\/p>\n<p style=\"padding-left: 80px\">Resultado P\u00f3s-Recursos: <a href=\"https:\/\/wp.ufpel.edu.br\/prae\/files\/2019\/07\/SEI_23110.026728_2019_38_Edital_04.pdf\">Resultado P\u00f3s-Recursos Edital PRAE 05\/2019<\/a><\/p>\n<p style=\"padding-left: 80px\">Resultado Final: <a href=\"https:\/\/wp.ufpel.edu.br\/prae\/files\/2019\/07\/SEI_23110.028511_2019_62_Edital_05.pdf\">Resultado final Edital PRAE 05\/2019<\/a><\/p>\n<p style=\"padding-left: 40px\">Terceira convoca\u00e7\u00e3o:<\/p>\n<p style=\"padding-left: 80px\"><a href=\"https:\/\/wp.ufpel.edu.br\/prae\/files\/2019\/07\/SEI_23110.029535_2019_39_Edital-06-2019.pdf\">Edital PRAE 06\/2019 &#8211; Terceira convoca\u00e7\u00e3o SISU e PAVE 2019\/2<\/a><\/p>\n<p style=\"padding-left: 80px\">Lista de homologa\u00e7\u00f5es: <a href=\"https:\/\/wp.ufpel.edu.br\/prae\/files\/2019\/07\/SEI_23110.029535_2019_39_Edital-06-2019.pdf\">Lista de homologados Edital PRAE 06\/2019<\/a><\/p>\n<p style=\"padding-left: 80px\">Resultado Parcial: <a href=\"https:\/\/wp.ufpel.edu.br\/prae\/files\/2019\/07\/SEI_23110.029535_2019_39_Edital-06-2019.pdf\">Resultado parcial Edital PRAE 06\/2019<\/a><\/p>\n<p style=\"padding-left: 80px\">Resultado P\u00f3s-Recursos: <a href=\"https:\/\/wp.ufpel.edu.br\/prae\/files\/2019\/07\/SEI_23110.029535_2019_39_Edital-06-2019.pdf\">Resultado P\u00f3s-Recursos Edital PRAE 06\/2019<\/a><\/p>\n<p style=\"padding-left: 80px\">Resultado Final: <a href=\"https:\/\/wp.ufpel.edu.br\/prae\/files\/2019\/07\/SEI_23110.029535_2019_39_Edital-06-2019.pdf\">Resultado final Edital PRAE 06\/2019<\/a><\/p>\n<p style=\"padding-left: 40px\">Quarta convoca\u00e7\u00e3o:<\/p>\n<p style=\"padding-left: 80px\"><a href=\"https:\/\/wp.ufpel.edu.br\/prae\/files\/2019\/07\/SEI_23110.030409_2019_27_Edital_07.pdf\">Edital PRAE 07\/2019 &#8211; Quarta convoca\u00e7\u00e3o SISU e PAVE 2019\/2<\/a><\/p>\n<p style=\"padding-left: 80px\">Lista de homologa\u00e7\u00f5es: <a href=\"https:\/\/wp.ufpel.edu.br\/prae\/files\/2019\/07\/SEI_23110.030409_2019_27_Edital_07.pdf\">Lista de homologados Edital PRAE 07\/2019<\/a><\/p>\n<p style=\"padding-left: 80px\">Resultado Parcial: <a href=\"https:\/\/wp.ufpel.edu.br\/prae\/files\/2019\/07\/SEI_23110.030409_2019_27_Edital_07.pdf\">Resultado parcial Edital PRAE 07\/2019<\/a><\/p>\n<p style=\"padding-left: 80px\">Resultado P\u00f3s-Recursos: <a href=\"https:\/\/wp.ufpel.edu.br\/prae\/files\/2019\/07\/SEI_23110.030409_2019_27_Edital_07.pdf\">Resultado P\u00f3s-Recursos Edital PRAE 07\/2019<\/a><\/p>\n<p style=\"padding-left: 80px\">Resultado Final:<span style=\"color: #ff0000\"><strong> [ATUALIZADO]<\/strong><\/span> <a href=\"https:\/\/wp.ufpel.edu.br\/prae\/files\/2019\/07\/SEI_23110.030409_2019_27_Edital_07.pdf\">Resultado final Edital PRAE 07\/2019<\/a><\/p>\n<p style=\"padding-left: 40px\">Quinta convoca\u00e7\u00e3o:<\/p>\n<p style=\"padding-left: 80px\"><a href=\"https:\/\/wp.ufpel.edu.br\/prae\/files\/2019\/07\/SEI_23110.030409_2019_27_Edital_07.pdf\">Edital PRAE 09\/2019 &#8211; Quinta convoca\u00e7\u00e3o SISU e PAVE 2019\/2<\/a><\/p>\n<p style=\"padding-left: 80px\">Lista de homologa\u00e7\u00f5es <a href=\"https:\/\/wp.ufpel.edu.br\/prae\/files\/2019\/08\/SEI_23110.032584_2019_59_Edital_09.pdf\">Lista de homologados Edital PRAE 09\/2019<\/a><\/p>\n<p style=\"padding-left: 80px\">Resultado Parcial: <a href=\"https:\/\/wp.ufpel.edu.br\/prae\/files\/2019\/08\/SEI_23110.032584_2019_59_Edital_09.pdf\">Resultado parcial Edital PRAE 09\/2019<\/a><\/p>\n<p style=\"padding-left: 80px\">Resultado P\u00f3s-Recursos: <a href=\"https:\/\/wp.ufpel.edu.br\/prae\/files\/2019\/08\/SEI_23110.032584_2019_59_Edital_09.pdf\">Resultado P\u00f3s-Recursos Edital PRAE 09\/2019<\/a><\/p>\n<p style=\"padding-left: 80px\">Resultado Final: <span style=\"color: #ff0000\"><strong>[ATUALIZADO]<\/strong><\/span> <a href=\"https:\/\/wp.ufpel.edu.br\/prae\/files\/2019\/08\/SEI_23110.032584_2019_59_Edital_09.pdf\">Resultado final Edital PRAE 09\/2019<\/a><\/p>\n<p style=\"padding-left: 40px\">Sexta convoca\u00e7\u00e3o:<\/p>\n<p style=\"padding-left: 80px\"><a href=\"https:\/\/wp.ufpel.edu.br\/prae\/files\/2019\/08\/SEI_23110.034434_2019_80_Edital_10.pdf\">Edital PRAE 10\/2019 &#8211; Sexta convoca\u00e7\u00e3o SISU e PAVE 2019\/2<\/a><\/p>\n<p style=\"padding-left: 80px\">Lista de homologa\u00e7\u00f5es: <a href=\"https:\/\/wp.ufpel.edu.br\/prae\/files\/2019\/08\/SEI_23110.034434_2019_80_Edital_10.pdf\">Lista de homologados Edital PRAE 10\/2019<\/a><\/p>\n<p style=\"padding-left: 80px\">Resultado Parcial: <a href=\"https:\/\/wp.ufpel.edu.br\/prae\/files\/2019\/08\/SEI_23110.034434_2019_80_Edital_10.pdf\">Resultado Parcial do Edital PRAE 10\/2019<\/a><\/p>\n<p style=\"padding-left: 80px\">Resultado P\u00f3s-Recursos: <a href=\"https:\/\/wp.ufpel.edu.br\/prae\/files\/2019\/08\/SEI_23110.034434_2019_80_Edital_10.pdf\">Resultado P\u00f3s-Recursos Edital PRAE 10\/2019<\/a><\/p>\n<p style=\"padding-left: 80px\">Resultado Final: <a href=\"https:\/\/wp.ufpel.edu.br\/prae\/files\/2019\/08\/SEI_23110.034434_2019_80_Edital_10.pdf\">Resultado final Edital PRAE 10\/2019<\/a><\/p>\n<p style=\"padding-left: 40px\">S\u00e9tima convoca\u00e7\u00e3o:<\/p>\n<p style=\"padding-left: 80px\"><a href=\"https:\/\/wp.ufpel.edu.br\/prae\/files\/2019\/08\/SEI_23110.035704_2019_70_Edital_12.pdf\">Edital PRAE 12\/2019 &#8211; S\u00e9tima convoca\u00e7\u00e3o SISU e PAVE 2019\/2<\/a><\/p>\n<p style=\"padding-left: 80px\">Lista de homologa\u00e7\u00f5es: <a href=\"https:\/\/wp.ufpel.edu.br\/prae\/files\/2019\/08\/SEI_23110.035704_2019_70_Edital_12.pdf\">Lista de homologados Edital PRAE 12\/2019<\/a><\/p>\n<p style=\"padding-left: 80px\">Resultado Parcial: <a href=\"https:\/\/wp.ufpel.edu.br\/prae\/files\/2019\/08\/SEI_23110.035704_2019_70_Edital_12.pdf\">Resultado Parcial do Edital PRAE 12\/2019<\/a><\/p>\n<p style=\"padding-left: 80px\">Resultado P\u00f3s-Recursos: <a href=\"https:\/\/wp.ufpel.edu.br\/prae\/files\/2019\/08\/SEI_23110.035704_2019_70_Edital_12.pdf\">Resultado P\u00f3s-Recursos Edital PRAE 12\/2019<\/a><\/p>\n<p style=\"padding-left: 80px\">Resultado Final: <a href=\"https:\/\/wp.ufpel.edu.br\/prae\/files\/2019\/08\/SEI_23110.035704_2019_70_Edital_12.pdf\">Resultado final Edital PRAE 12\/2019<\/a><\/p>\n<p style=\"padding-left: 40px\">Oitava convoca\u00e7\u00e3o:<\/p>\n<p style=\"padding-left: 80px\"><a href=\"https:\/\/wp.ufpel.edu.br\/prae\/files\/2019\/09\/SEI_23110.038796_2019_40_Edital_13.pdf\">Edital PRAE 13\/2019 &#8211; Oitava convoca\u00e7\u00e3o SISU e PAVE 2019\/2<\/a><\/p>\n<p style=\"padding-left: 80px\">Resultado Final: <a href=\"https:\/\/wp.ufpel.edu.br\/prae\/files\/2019\/09\/SEI_23110.038796_2019_40_Edital_13.pdf\">Resultado final Edital PRAE 13\/2019<\/a><\/p>\n<p>&nbsp;<\/p>\n<p><strong>SISU e PAVE 2019\/2 &#8211; <\/strong><strong>L5, L6, L13, L14 e Ampla Concorr\u00eancia<\/strong><\/p>\n<p style=\"padding-left: 40px\">Edital PRAE 11\/2019 &#8211; Modalidade Sele\u00e7\u00e3o Permanente (ver abaixo)<\/p>\n<p>&nbsp;<\/p>\n<p><strong>Reop\u00e7\u00e3o, Reingresso, Transfer\u00eancia, Portador de Diploma 2019\/2<\/strong><\/p>\n<p style=\"padding-left: 40px\"><a href=\"https:\/\/wp.ufpel.edu.br\/prae\/files\/2019\/07\/SEI_23110.029535_2019_39_Edital-06-2019.pdf\">Edital PRAE 06\/2019 &#8211; Reop\u00e7\u00e3o, Reingresso, Transfer\u00eancia, Portador de Diploma 2019\/2<\/a><\/p>\n<p style=\"padding-left: 40px\">Lista de homologa\u00e7\u00f5es: <a href=\"https:\/\/wp.ufpel.edu.br\/prae\/files\/2019\/07\/SEI_23110.029535_2019_39_Edital-06-2019.pdf\">Lista de homologados Edital PRAE 06\/2019<\/a><\/p>\n<p style=\"padding-left: 40px\">Resultado Parcial: <a href=\"https:\/\/wp.ufpel.edu.br\/prae\/files\/2019\/07\/SEI_23110.029535_2019_39_Edital-06-2019.pdf\">Resultado parcial Edital PRAE 06\/2019<\/a><\/p>\n<p style=\"padding-left: 40px\">Resultado Final: <a href=\"https:\/\/wp.ufpel.edu.br\/prae\/files\/2019\/07\/SEI_23110.029535_2019_39_Edital-06-2019.pdf\">Resultado final Edital PRAE 06\/2019<\/a><\/p>\n<p>&nbsp;<\/p>\n<p><strong>Edital de Benef\u00edcios 2019\/2<\/strong><\/p>\n<p style=\"padding-left: 40px\"><a href=\"https:\/\/wp.ufpel.edu.br\/prae\/files\/2019\/08\/SEI_23110.031766_2019_11_Edital_08.pdf\">Edital PRAE 08\/2019 &#8211; Edital de Benef\u00edcios 2019\/2<\/a><\/p>\n<p style=\"padding-left: 40px\">Lista de homologa\u00e7\u00f5es:\u00a0<a href=\"https:\/\/wp.ufpel.edu.br\/prae\/files\/2019\/08\/SEI_23110.031766_2019_11_Edital_08.pdf\">Lista de homologados Edital PRAE 08\/2019<\/a><\/p>\n<p style=\"padding-left: 40px\">Resultado Parcial: <a href=\"https:\/\/wp.ufpel.edu.br\/prae\/files\/2019\/08\/SEI_23110.031766_2019_11_Edital_08.pdf\">Resultado Parcial Edital PRAE 08\/2019<\/a><\/p>\n<p style=\"padding-left: 40px\">Resultado P\u00f3s-Recursos: <a href=\"https:\/\/wp.ufpel.edu.br\/prae\/files\/2019\/08\/SEI_23110.031766_2019_11_Edital_08.pdf\">Resultado P\u00f3s-Recursos Edital PRAE 08\/2019<\/a><\/p>\n<p>&nbsp;<\/p>\n<p><strong>Edital Sele\u00e7\u00e3o P\u00f3s-Gradua\u00e7\u00e3o 2019\/2 &#8211; Moradia Estudantil<\/strong><\/p>\n<p style=\"padding-left: 40px\"><a href=\"https:\/\/wp.ufpel.edu.br\/prae\/files\/2019\/10\/SEI_23110.042798_2019_33_Edital_14.pdf\">Edital PRAE 14\/2019 &#8211; P\u00f3s-Gradua\u00e7\u00e3o Moradia Estudantil<\/a><\/p>\n<p style=\"padding-left: 40px\">Lista de homologa\u00e7\u00f5es: <a href=\"https:\/\/wp.ufpel.edu.br\/prae\/files\/2019\/10\/SEI_23110.042798_2019_33_Edital_14.pdf\">Lista de homologa\u00e7\u00f5es Edital PRAE 14\/2019 &#8211; P\u00f3s-Gradua\u00e7\u00e3o Moradia Estudantil<\/a><\/p>\n<p>\u00a0 \u00a0 \u00a0 \u00a0 \u00a0 Resultado Parcial: <a href=\"https:\/\/wp.ufpel.edu.br\/prae\/files\/2019\/11\/Resultado-Final-Edital-14-2019-P\u00f3s-Gradua\u00e7\u00e3o-Moradia-Estudantil.pdf\">Resultado Preliminar Edital 14-2019 P\u00f3s-Gradua\u00e7\u00e3o Moradia Estudantil<\/a><\/p>\n<p>&nbsp;<\/p>\n<p><span style=\"color: #99cc00\"><strong>Edital de Benef\u00edcios 2019\/2 &#8211; Modalidade Sele\u00e7\u00e3o Permanente<\/strong><\/span><\/p>\n<p style=\"padding-left: 40px\"><span style=\"color: #808080\">Abertura de inscri\u00e7\u00f5es: 19\/8\/2019 | Encerramento de inscri\u00e7\u00f5es: 31\/12\/2019<\/span><\/p>\n<p style=\"padding-left: 40px\"><a href=\"https:\/\/wp.ufpel.edu.br\/prae\/files\/2019\/08\/SEI_23110.034713_2019_43_Edital_11.pdf\">Edital PRAE 11\/2019 &#8211; Modalidade Sele\u00e7\u00e3o Permanente<\/a> <span style=\"color: #ff0000\"><strong>[INSCRI\u00c7\u00d5ES ENCERRADAS]<\/strong><\/span><\/p>\n<p style=\"padding-left: 80px\">Resultado Parcial:\u00a0<a href=\"https:\/\/wp.ufpel.edu.br\/prae\/files\/2019\/08\/SEI_23110.034713_2019_43_Edital_11.pdf\">Resultado Parcial Edital PRAE 11\/2019<\/a><\/p>\n<p style=\"padding-left: 80px\">Resultado P\u00f3s-Recursos: <a href=\"https:\/\/wp.ufpel.edu.br\/prae\/files\/2019\/08\/SEI_23110.034713_2019_43_Edital_11.pdf\">Resultado Parcial Edital PRAE 11\/2019<\/a><\/p>\n<p>\u00a0 \u00a0 \u00a0 \u00a0 \u00a0 <a href=\"https:\/\/wp.ufpel.edu.br\/prae\/files\/2019\/10\/Edital-15-2019-Modalidade-Sele\u00e7\u00e3o-Permanente-1.pdf\">Edital PRAE 15\/2019 &#8211; Modalidade Sele\u00e7\u00e3o Permanente<\/a> <span style=\"color: #ff0000\"><strong>[INSCRI\u00c7\u00d5ES ENCERRADAS]<\/strong><\/span><\/p>\n<p style=\"padding-left: 80px\">Homologados at\u00e9 24\/10: <a href=\"https:\/\/wp.ufpel.edu.br\/prae\/files\/2019\/10\/SEI_23110.043283_2019_51_lista_homologados_24_10.pdf\">Lista de homologados at\u00e9 24\/10<\/a><\/p>\n<p style=\"padding-left: 80px\">Resultado Parcial: <a href=\"https:\/\/wp.ufpel.edu.br\/prae\/files\/2019\/12\/SEI_23110.043283_2019_51_final.pdf\">Resultado Parcial<\/a><\/p>\n<p style=\"padding-left: 80px\">Resultado P\u00f3s-Recurso: <a href=\"https:\/\/wp.ufpel.edu.br\/prae\/files\/2019\/12\/Resultado-p\u00f3s-recurso-edital-15.pdf\">Resultado P\u00f3s-Recurso<\/a><\/p>\n<p style=\"padding-left: 40px\"><a href=\"https:\/\/wp.ufpel.edu.br\/prae\/files\/2019\/12\/SEI_23110.054228_2019_96_Edital_16.pdf\">Edital PRAE 16\/2019 &#8211; Modalidade Sele\u00e7\u00e3o Permanente<\/a><span style=\"color: #99cc00\"><strong> <span style=\"color: #ff0000\">[INSCRI\u00c7\u00d5ES ENCERRADAS]<\/span><\/strong><\/span><\/p>\n<p style=\"padding-left: 80px\">Homologados: <a href=\"https:\/\/wp.ufpel.edu.br\/prae\/files\/2020\/01\/Edital-lista-de-homologados-SP-Edital-16.pdf\">Lista de homologados Edital 16\/2019<\/a><\/p>\n<p>\u00a0 \u00a0 \u00a0 \u00a0 \u00a0 \u00a0 \u00a0 \u00a0 \u00a0 \u00a0 \u00a0Resultado Parcial: <a href=\"https:\/\/wp.ufpel.edu.br\/prae\/files\/2020\/01\/Resultado-parcial.pdf\">Resultado parcial <span style=\"color: #ff0000\"><strong>[ATUALIZADO]<\/strong><\/span><\/a><\/p>\n","protected":false},"excerpt":{"rendered":"<p>ATEN\u00c7\u00c3O: Ao abrir qualquer documento, pressione F5 em seu navegador para atualizar o cache SISU e PAVE 2019\/2 &#8211; L1, L2, L9 e L10 Chamada Regular: Edital PRAE 03\/2019 &#8211; Chamada Regular SISU e PAVE 2019\/2 Lista de homologa\u00e7\u00f5es: Lista de homologados Edital PRAE 03\/2019 Resultado Parcial: Resultado parcial Edital PRAE 03\/2019 Resultado P\u00f3s-Recursos: Resultado &hellip; <\/p>\n<p class=\"link-more\"><a href=\"https:\/\/wp.ufpel.edu.br\/prae\/coordenacao_de_ingresso_e_beneficios\/editais\/editais-2019\/\" class=\"more-link\">Continue lendo<span class=\"screen-reader-text\"> &#8220;Editais 2019&#8221;<\/span><\/a><\/p>\n","protected":false},"author":229,"featured_media":0,"parent":8205,"menu_order":0,"comment_status":"closed","ping_status":"closed","template":"","meta":{"footnotes":""},"class_list":["post-8200","page","type-page","status-publish","hentry"],"_links":{"self":[{"href":"https:\/\/wp.ufpel.edu.br\/prae\/wp-json\/wp\/v2\/pages\/8200","targetHints":{"allow":["GET"]}}],"collection":[{"href":"https:\/\/wp.ufpel.edu.br\/prae\/wp-json\/wp\/v2\/pages"}],"about":[{"href":"https:\/\/wp.ufpel.edu.br\/prae\/wp-json\/wp\/v2\/types\/page"}],"author":[{"embeddable":true,"href":"https:\/\/wp.ufpel.edu.br\/prae\/wp-json\/wp\/v2\/users\/229"}],"replies":[{"embeddable":true,"href":"https:\/\/wp.ufpel.edu.br\/prae\/wp-json\/wp\/v2\/comments?post=8200"}],"version-history":[{"count":90,"href":"https:\/\/wp.ufpel.edu.br\/prae\/wp-json\/wp\/v2\/pages\/8200\/revisions"}],"predecessor-version":[{"id":9277,"href":"https:\/\/wp.ufpel.edu.br\/prae\/wp-json\/wp\/v2\/pages\/8200\/revisions\/9277"}],"up":[{"embeddable":true,"href":"https:\/\/wp.ufpel.edu.br\/prae\/wp-json\/wp\/v2\/pages\/8205"}],"wp:attachment":[{"href":"https:\/\/wp.ufpel.edu.br\/prae\/wp-json\/wp\/v2\/media?parent=8200"}],"curies":[{"name":"wp","href":"https:\/\/api.w.org\/{rel}","templated":true}]}}