{"id":8074,"date":"2019-05-09T12:17:36","date_gmt":"2019-05-09T15:17:36","guid":{"rendered":"https:\/\/wp.ufpel.edu.br\/prae\/?page_id=8074"},"modified":"2019-05-09T12:22:58","modified_gmt":"2019-05-09T15:22:58","slug":"recadastramento-2019","status":"publish","type":"page","link":"https:\/\/wp.ufpel.edu.br\/prae\/programa-bolsa-permanencia\/recadastramento-2019\/","title":{"rendered":"Recadastramento 2019"},"content":{"rendered":"<p style=\"text-align: center\"><span style=\"color: #000000;background-color: #ff99cc;font-size: 18pt\"><strong>Programa Bolsa Perman\u00eancia do MEC Recadastramento 2019<\/strong><\/span><\/p>\n<p style=\"text-align: center\"><strong>Quem deve realizar??<\/strong><\/p>\n<p><strong>Todos os que ingressaram no Programa nos anos de 2013, 2015 e 2017, exceto: <\/strong><\/p>\n<p><strong>&#8211; formandos 2019, e<\/strong><\/p>\n<p><strong>&#8211; bolsistas cujo prazo de perman\u00eancia no programa esgotar\u00e1 em 2019.<\/strong><\/p>\n<p>A entrega dos documentos dever\u00e1 ser feita de 13\/05 a 31\/05\/2019, das 08h \u00e0s 20h na recep\u00e7\u00e3o da PRAE, em envelope fechado e identificado ou em \u00a0hor\u00e1rio agendado para atendimento individual, pelo telefone 32844300,<\/p>\n<p>O objetivo do Recadastramento \u00e9 atualizar os dados de renda, composi\u00e7\u00e3o familiar, resid\u00eancia e contato, realizando a an\u00e1lise do desempenho acad\u00eamico e a contagem do Prazo de Perman\u00eancia no Programa.<\/p>\n<p>Ind\u00edgenas e Quilombolas dever\u00e3o entregar, apenas, \u00a0o \u201cFormul\u00e1rio de Recadastramento\u201d devidamente preenchido e assinado.<\/p>\n<p>Todo aluno que constar na listagem divulgada e n\u00e3o realizar o Recadastramento ter\u00e1 o pagamento da bolsa suspenso a partir do m\u00eas de julho de 2019 (paga no m\u00eas de agosto)<\/p>\n<p><a href=\"https:\/\/wp.ufpel.edu.br\/prae\/files\/2019\/05\/Alunos-Recadastramento-PBP-2019-convertido.pdf\">Alunos-Recadastramento-PBP-2019-convertido<\/a><\/p>\n<p><a href=\"https:\/\/wp.ufpel.edu.br\/prae\/files\/2019\/05\/Orienta\u00e7\u00f5es-Recadastramento-PBP-2019-convertido.pdf\">Orienta\u00e7\u00f5es-Recadastramento-PBP-2019-convertido<\/a><\/p>\n<p><a href=\"https:\/\/wp.ufpel.edu.br\/prae\/files\/2019\/05\/Anexo-1-Formul\u00e1rio-Recadastramento-PBP-5.doc\">Anexo-1-Formul\u00e1rio-Recadastramento-PBP-5<\/a><\/p>\n<p><a href=\"https:\/\/wp.ufpel.edu.br\/prae\/files\/2019\/05\/Anexo-2-Declara\u00e7\u00e3o-n\u00e3o-possuir-CTPS-4.doc\">Anexo-2-Declara\u00e7\u00e3o-n\u00e3o-possuir-CTPS-4<\/a><\/p>\n<p><a href=\"https:\/\/wp.ufpel.edu.br\/prae\/files\/2019\/05\/Anexo-3-Declara\u00e7\u00e3o-de-n\u00e3o-possuir-contas-banc\u00e1rias-1.doc\">Anexo-3-Declara\u00e7\u00e3o-de-n\u00e3o-possuir-contas-banc\u00e1rias-1<\/a><\/p>\n<p><a href=\"https:\/\/wp.ufpel.edu.br\/prae\/files\/2019\/05\/Anexo-4-Declara\u00e7\u00e3o-de-Atividades-Rurais-7.doc\">Anexo-4-Declara\u00e7\u00e3o-de-Atividades-Rurais-7<\/a><\/p>\n<p><a href=\"https:\/\/wp.ufpel.edu.br\/prae\/files\/2019\/05\/Anexo-5-Declara\u00e7\u00e3o-de-Atividades-e-Rendimentos-Mensais-4.doc\">Anexo-5-Declara\u00e7\u00e3o-de-Atividades-e-Rendimentos-Mensais-4<\/a><\/p>\n<p><a href=\"https:\/\/wp.ufpel.edu.br\/prae\/files\/2019\/05\/Anexo-6-Declara\u00e7\u00e3o-Pagamento-Pens\u00e3o-Alimenticia-5.doc\">Anexo-6-Declara\u00e7\u00e3o-Pagamento-Pens\u00e3o-Alimenticia-5<\/a><\/p>\n","protected":false},"excerpt":{"rendered":"<p>Programa Bolsa Perman\u00eancia do MEC Recadastramento 2019 Quem deve realizar?? Todos os que ingressaram no Programa nos anos de 2013, 2015 e 2017, exceto: &#8211; formandos 2019, e &#8211; bolsistas cujo prazo de perman\u00eancia no programa esgotar\u00e1 em 2019. A entrega dos documentos dever\u00e1 ser feita de 13\/05 a 31\/05\/2019, das 08h \u00e0s 20h na &hellip; <\/p>\n<p class=\"link-more\"><a href=\"https:\/\/wp.ufpel.edu.br\/prae\/programa-bolsa-permanencia\/recadastramento-2019\/\" class=\"more-link\">Continue lendo<span class=\"screen-reader-text\"> &#8220;Recadastramento 2019&#8221;<\/span><\/a><\/p>\n","protected":false},"author":229,"featured_media":0,"parent":2444,"menu_order":0,"comment_status":"closed","ping_status":"closed","template":"","meta":{"footnotes":""},"class_list":["post-8074","page","type-page","status-publish","hentry"],"_links":{"self":[{"href":"https:\/\/wp.ufpel.edu.br\/prae\/wp-json\/wp\/v2\/pages\/8074","targetHints":{"allow":["GET"]}}],"collection":[{"href":"https:\/\/wp.ufpel.edu.br\/prae\/wp-json\/wp\/v2\/pages"}],"about":[{"href":"https:\/\/wp.ufpel.edu.br\/prae\/wp-json\/wp\/v2\/types\/page"}],"author":[{"embeddable":true,"href":"https:\/\/wp.ufpel.edu.br\/prae\/wp-json\/wp\/v2\/users\/229"}],"replies":[{"embeddable":true,"href":"https:\/\/wp.ufpel.edu.br\/prae\/wp-json\/wp\/v2\/comments?post=8074"}],"version-history":[{"count":2,"href":"https:\/\/wp.ufpel.edu.br\/prae\/wp-json\/wp\/v2\/pages\/8074\/revisions"}],"predecessor-version":[{"id":8087,"href":"https:\/\/wp.ufpel.edu.br\/prae\/wp-json\/wp\/v2\/pages\/8074\/revisions\/8087"}],"up":[{"embeddable":true,"href":"https:\/\/wp.ufpel.edu.br\/prae\/wp-json\/wp\/v2\/pages\/2444"}],"wp:attachment":[{"href":"https:\/\/wp.ufpel.edu.br\/prae\/wp-json\/wp\/v2\/media?parent=8074"}],"curies":[{"name":"wp","href":"https:\/\/api.w.org\/{rel}","templated":true}]}}