{"id":8042,"date":"2019-05-06T10:52:18","date_gmt":"2019-05-06T13:52:18","guid":{"rendered":"https:\/\/wp.ufpel.edu.br\/prae\/?page_id=8042"},"modified":"2025-01-28T19:02:59","modified_gmt":"2025-01-28T22:02:59","slug":"politicas-para-maes-e-pais","status":"publish","type":"page","link":"https:\/\/wp.ufpel.edu.br\/prae\/coordenacao-de-politicas-estudantis\/politicas-para-maes-e-pais\/","title":{"rendered":"Pol\u00edtica de M\u00e3es"},"content":{"rendered":"<p style=\"text-align: justify\"><span style=\"font-weight: 400\">A Pol\u00edtica de Assist\u00eancia Estudantil para M\u00e3es Universit\u00e1rias da Universidade Federal de Pelotas &#8211; UFPel, a provada pela <a href=\"https:\/\/wp.ufpel.edu.br\/scs\/files\/2025\/01\/SEI_2930651_Resolucao_90_2024___COCEPE.pdf\" target=\"_blank\" rel=\"noopener\">Resolu\u00e7\u00e3o n\u00ba 90 de 19 de dezembro de 2024<\/a> \u00e9 <\/span><span style=\"font-weight: 400\">vinculada \u00e0 Coordena\u00e7\u00e3o de Pol\u00edticas Estudantis (CPE) da Pr\u00f3-Reitoria de Assuntos Estudantis (PRAE). Voltada para estudantes m\u00e3es e pais regularmente matriculadas(os) em cursos de gradua\u00e7\u00e3o ou p\u00f3s-gradua\u00e7\u00e3o da UFPel, esta Pol\u00edtica se insere em uma proposta de assist\u00eancia psicol\u00f3gica, social e pedag\u00f3gica, contribuindo para a forma\u00e7\u00e3o integral, melhorando o desempenho acad\u00eamico e prevenindo a evas\u00e3o desse p\u00fablico, <\/span><span style=\"font-weight: 400\">auxiliando no trato das diferentes exig\u00eancias da vida acad\u00eamica que, somadas \u00e0s demandas atribu\u00eddas \u00e0 maternidade (ou paternidade), podem tornar a trajet\u00f3ria no curso ainda mais dif\u00edcil.\u00a0<\/span><\/p>\n<p>A Pol\u00edtica\u00a0tem a\u00e7\u00f5es direcinadas a estudantes em vulnerabilidade socioecon\u00f4mica ou n\u00e3o, de gradua\u00e7\u00e3o ou p\u00f3s-gradua\u00e7\u00e3o da UFPel.<\/p>\n<p>Destacam-se as a\u00e7\u00f5es:<\/p>\n<ul>\n<li><span style=\"font-weight: 400\">Crit\u00e9rios inclusivos para sele\u00e7\u00e3o, ingresso e perman\u00eancia nos Programas de Assist\u00eancia Estudantil da PRAE para estudantes m\u00e3es e pais;<\/span><\/li>\n<li><span style=\"font-weight: 400\">Incentivo \u00e0 coloca\u00e7\u00e3o de frald\u00e1rios e poltronas de amamenta\u00e7\u00e3o nas Unidades Acad\u00eamicas da UFPel;<\/span><\/li>\n<li><span style=\"font-weight: 400\">Acesso tempor\u00e1rio, mediante autoriza\u00e7\u00e3o, ao Transporte de Apoio e <\/span><span style=\"font-weight: 400\">aos Restaurantes Universit\u00e1rios(RUs) do(a)(s) filho(a)(s) com at\u00e9 12 anos incompletos, na mesma modalidade de acesso que a m\u00e3e ou pai, sendo que o acesso aos RUs poder\u00e1 ser estendido ap\u00f3s os 12 anos da crian\u00e7a e at\u00e9 seus 14 anos incompletos, passando para o valor integral da refei\u00e7\u00e3o. Ainda, para estudantes m\u00e3es e pais de pessoas com defici\u00eancia, \u00e9 garantido o acesso aos RUs a estes filhos, independentemente de sua idade;\u00a0<\/span><\/li>\n<\/ul>\n<p><span style=\"font-weight: 400\"><a href=\"https:\/\/wp.ufpel.edu.br\/prae\/coordenacao-de-politicas-estudantis\/politicas-para-maes-e-pais\/autorizacao-transporte-de-apoio\/\" target=\"_blank\" rel=\"noopener\">Para informa\u00e7\u00f5es quanto a solicita\u00e7\u00e3o da Autoriza\u00e7\u00e3o para o Transporte de Apoio, acesse aqui<\/a>);<\/span><\/p>\n<p><span style=\"font-weight: 400\"><a href=\"https:\/\/wp.ufpel.edu.br\/prae\/coordenacao-de-politicas-estudantis\/politicas-para-maes-e-pais\/autorizacao-restaurante-universitario\/\" target=\"_blank\" rel=\"noopener\">Para informa\u00e7\u00f5es quanto a solicita\u00e7\u00e3o da Autoriza\u00e7\u00e3o para o RU, acesse aqui;<\/a><\/span><\/p>\n<ul>\n<li><span style=\"font-weight: 400\">crit\u00e9rios de prioridade para o acolhimento psicopedag\u00f3gico e social de estudantes bolsistas da PRAE, com filhos de at\u00e9 2 anos incompletos;<\/span><\/li>\n<\/ul>\n<p>A Pol\u00edtica ainda est\u00e1 articulada ao Programa Aux\u00edlio Pr\u00e9-escolar (PAPE), regulamentado pela <a href=\"https:\/\/wp.ufpel.edu.br\/prae\/files\/2024\/09\/80_PAPE.pdf\" target=\"_blank\" rel=\"noopener\">Resolu\u00e7\u00e3o n\u00ba 80\/2024<\/a> que se constitui no custeio de parte das despesas relativas \u00e0 educa\u00e7\u00e3o e cuidados com <span style=\"text-align: justify\">filhas e filhos ou dependentes legais, <\/span>de 0 at\u00e9 6 anos incompletos (5 anos, 11 meses e 29 dias). <span style=\"text-align: justify;font-size: 1rem\">O benef\u00edcio do PAPE est\u00e1 indexado ao sal\u00e1rio m\u00ednimo, em uma propor\u00e7\u00e3o de 30% deste.<\/span><\/p>\n<p><a style=\"font-size: 1rem;text-align: justify\" href=\"https:\/\/wp.ufpel.edu.br\/prae\/atendimento-digital\/\" target=\"_blank\" rel=\"noopener\">Se voc\u00ea \u00e9 m\u00e3e (ou pai) de crian\u00e7as de at\u00e9 6 anos incompletos e j\u00e1 fez a an\u00e1lise socioecon\u00f4mica e s\u00f3 quer incluir o Aux\u00edlio Pr\u00e9-Escolar, clique aqui.<\/a><\/p>\n<p><span style=\"text-align: justify;font-size: 1rem\"><span style=\"font-weight: 400\"><a href=\"https:\/\/wp.ufpel.edu.br\/prae\/edital-dinamico\/\" target=\"_blank\" rel=\"noopener\">Para informa\u00e7\u00f5es quanto a solicita\u00e7\u00e3o de an\u00e1lise socioecon\u00f4mica acesse aqui.<\/a><\/span><\/span><\/p>\n<p><strong>Contato:<\/strong><\/p>\n<p><span style=\"font-weight: 400\">Coordena\u00e7\u00e3o de Pol\u00edticas Estudantis (CPE)<\/span>: cpe.prae.ufpel@gmail.com<\/p>\n<p><a href=\"https:\/\/wp.ufpel.edu.br\/prae\/files\/2022\/02\/CPE_PRAE.png\"><img loading=\"lazy\" decoding=\"async\" class=\"size-medium wp-image-13063 aligncenter\" src=\"https:\/\/wp.ufpel.edu.br\/prae\/files\/2022\/02\/CPE_PRAE-400x127.png\" alt=\"\" width=\"400\" height=\"127\" srcset=\"https:\/\/wp.ufpel.edu.br\/prae\/files\/2022\/02\/CPE_PRAE-400x127.png 400w, https:\/\/wp.ufpel.edu.br\/prae\/files\/2022\/02\/CPE_PRAE-768x243.png 768w, https:\/\/wp.ufpel.edu.br\/prae\/files\/2022\/02\/CPE_PRAE.png 940w\" sizes=\"auto, (max-width: 400px) 100vw, 400px\" \/><\/a><\/p>\n","protected":false},"excerpt":{"rendered":"<p>A Pol\u00edtica de Assist\u00eancia Estudantil para M\u00e3es Universit\u00e1rias da Universidade Federal de Pelotas &#8211; UFPel, a provada pela Resolu\u00e7\u00e3o n\u00ba 90 de 19 de dezembro de 2024 \u00e9 vinculada \u00e0 Coordena\u00e7\u00e3o de Pol\u00edticas Estudantis (CPE) da Pr\u00f3-Reitoria de Assuntos Estudantis (PRAE). Voltada para estudantes m\u00e3es e pais regularmente matriculadas(os) em cursos de gradua\u00e7\u00e3o ou p\u00f3s-gradua\u00e7\u00e3o &hellip; <\/p>\n<p class=\"link-more\"><a href=\"https:\/\/wp.ufpel.edu.br\/prae\/coordenacao-de-politicas-estudantis\/politicas-para-maes-e-pais\/\" class=\"more-link\">Continue lendo<span class=\"screen-reader-text\"> &#8220;Pol\u00edtica de M\u00e3es&#8221;<\/span><\/a><\/p>\n","protected":false},"author":229,"featured_media":0,"parent":3023,"menu_order":0,"comment_status":"closed","ping_status":"closed","template":"","meta":{"footnotes":""},"class_list":["post-8042","page","type-page","status-publish","hentry"],"_links":{"self":[{"href":"https:\/\/wp.ufpel.edu.br\/prae\/wp-json\/wp\/v2\/pages\/8042","targetHints":{"allow":["GET"]}}],"collection":[{"href":"https:\/\/wp.ufpel.edu.br\/prae\/wp-json\/wp\/v2\/pages"}],"about":[{"href":"https:\/\/wp.ufpel.edu.br\/prae\/wp-json\/wp\/v2\/types\/page"}],"author":[{"embeddable":true,"href":"https:\/\/wp.ufpel.edu.br\/prae\/wp-json\/wp\/v2\/users\/229"}],"replies":[{"embeddable":true,"href":"https:\/\/wp.ufpel.edu.br\/prae\/wp-json\/wp\/v2\/comments?post=8042"}],"version-history":[{"count":22,"href":"https:\/\/wp.ufpel.edu.br\/prae\/wp-json\/wp\/v2\/pages\/8042\/revisions"}],"predecessor-version":[{"id":17563,"href":"https:\/\/wp.ufpel.edu.br\/prae\/wp-json\/wp\/v2\/pages\/8042\/revisions\/17563"}],"up":[{"embeddable":true,"href":"https:\/\/wp.ufpel.edu.br\/prae\/wp-json\/wp\/v2\/pages\/3023"}],"wp:attachment":[{"href":"https:\/\/wp.ufpel.edu.br\/prae\/wp-json\/wp\/v2\/media?parent=8042"}],"curies":[{"name":"wp","href":"https:\/\/api.w.org\/{rel}","templated":true}]}}