{"id":8000,"date":"2019-04-24T14:49:24","date_gmt":"2019-04-24T17:49:24","guid":{"rendered":"https:\/\/wp.ufpel.edu.br\/prae\/?page_id=8000"},"modified":"2024-08-05T13:07:32","modified_gmt":"2024-08-05T16:07:32","slug":"autorizacao-transporte-de-apoio","status":"publish","type":"page","link":"https:\/\/wp.ufpel.edu.br\/prae\/coordenacao-de-politicas-estudantis\/politicas-para-maes-e-pais\/autorizacao-transporte-de-apoio\/","title":{"rendered":"Autoriza\u00e7\u00e3o Transporte de Apoio"},"content":{"rendered":"<p>Em vista de facilitar o acesso \u00e0 autoriza\u00e7\u00e3o para o Transporte de Apoio, necess\u00e1ria para m\u00e3es ou pais que fazem uso dos mesmos acompanhadas(os) de seus(as) filhos(as), a Coordena\u00e7\u00e3o de Pol\u00edticas Estudantis (CPE) disponibiliza o formul\u00e1rio dispon\u00edvel aqui:<\/p>\n<p><a href=\"https:\/\/forms.gle\/NGXGqZNiEatC7B5X8\" target=\"_blank\" rel=\"noopener\">Solicita\u00e7\u00e3o de autoriza\u00e7\u00e3o para RU e Transporte &#8211; Pol\u00edtica para M\u00e3es (e Pais) da UFPel<\/a><\/p>\n<p>Podem usufruir da pol\u00edtica as crian\u00e7as at\u00e9 os 12 anos incompletos.<\/p>\n<p><strong>Contato:<\/strong><\/p>\n<p>Coordena\u00e7\u00e3o de Pol\u00edticas Estudantis (CPE): cpe.prae.ufpel@gmail.com<\/p>\n<p><a href=\"https:\/\/wp.ufpel.edu.br\/prae\/files\/2022\/02\/CPE_PRAE.png\"><img loading=\"lazy\" decoding=\"async\" class=\"size-medium wp-image-13063 aligncenter\" src=\"https:\/\/wp.ufpel.edu.br\/prae\/files\/2022\/02\/CPE_PRAE-400x127.png\" alt=\"\" width=\"400\" height=\"127\" srcset=\"https:\/\/wp.ufpel.edu.br\/prae\/files\/2022\/02\/CPE_PRAE-400x127.png 400w, https:\/\/wp.ufpel.edu.br\/prae\/files\/2022\/02\/CPE_PRAE-768x243.png 768w, https:\/\/wp.ufpel.edu.br\/prae\/files\/2022\/02\/CPE_PRAE.png 940w\" sizes=\"auto, (max-width: 400px) 100vw, 400px\" \/><\/a><\/p>\n","protected":false},"excerpt":{"rendered":"<p>Em vista de facilitar o acesso \u00e0 autoriza\u00e7\u00e3o para o Transporte de Apoio, necess\u00e1ria para m\u00e3es ou pais que fazem uso dos mesmos acompanhadas(os) de seus(as) filhos(as), a Coordena\u00e7\u00e3o de Pol\u00edticas Estudantis (CPE) disponibiliza o formul\u00e1rio dispon\u00edvel aqui: Solicita\u00e7\u00e3o de autoriza\u00e7\u00e3o para RU e Transporte &#8211; Pol\u00edtica para M\u00e3es (e Pais) da UFPel Podem usufruir &hellip; <\/p>\n<p class=\"link-more\"><a href=\"https:\/\/wp.ufpel.edu.br\/prae\/coordenacao-de-politicas-estudantis\/politicas-para-maes-e-pais\/autorizacao-transporte-de-apoio\/\" class=\"more-link\">Continue lendo<span class=\"screen-reader-text\"> &#8220;Autoriza\u00e7\u00e3o Transporte de Apoio&#8221;<\/span><\/a><\/p>\n","protected":false},"author":229,"featured_media":0,"parent":8042,"menu_order":0,"comment_status":"closed","ping_status":"closed","template":"","meta":{"footnotes":""},"class_list":["post-8000","page","type-page","status-publish","hentry"],"_links":{"self":[{"href":"https:\/\/wp.ufpel.edu.br\/prae\/wp-json\/wp\/v2\/pages\/8000","targetHints":{"allow":["GET"]}}],"collection":[{"href":"https:\/\/wp.ufpel.edu.br\/prae\/wp-json\/wp\/v2\/pages"}],"about":[{"href":"https:\/\/wp.ufpel.edu.br\/prae\/wp-json\/wp\/v2\/types\/page"}],"author":[{"embeddable":true,"href":"https:\/\/wp.ufpel.edu.br\/prae\/wp-json\/wp\/v2\/users\/229"}],"replies":[{"embeddable":true,"href":"https:\/\/wp.ufpel.edu.br\/prae\/wp-json\/wp\/v2\/comments?post=8000"}],"version-history":[{"count":6,"href":"https:\/\/wp.ufpel.edu.br\/prae\/wp-json\/wp\/v2\/pages\/8000\/revisions"}],"predecessor-version":[{"id":16781,"href":"https:\/\/wp.ufpel.edu.br\/prae\/wp-json\/wp\/v2\/pages\/8000\/revisions\/16781"}],"up":[{"embeddable":true,"href":"https:\/\/wp.ufpel.edu.br\/prae\/wp-json\/wp\/v2\/pages\/8042"}],"wp:attachment":[{"href":"https:\/\/wp.ufpel.edu.br\/prae\/wp-json\/wp\/v2\/media?parent=8000"}],"curies":[{"name":"wp","href":"https:\/\/api.w.org\/{rel}","templated":true}]}}