{"id":7962,"date":"2019-04-18T11:48:37","date_gmt":"2019-04-18T14:48:37","guid":{"rendered":"https:\/\/wp.ufpel.edu.br\/prae\/?page_id=7962"},"modified":"2019-07-16T11:34:10","modified_gmt":"2019-07-16T14:34:10","slug":"acompanhamento-pedagogico-formulario-de-inscricao","status":"publish","type":"page","link":"https:\/\/wp.ufpel.edu.br\/prae\/programa-de-acompanhamento-pedagogico\/formularios\/acompanhamento-pedagogico-formulario-de-inscricao\/","title":{"rendered":"Acompanhamento Pedag\u00f3gico &#8211; Formul\u00e1rio de Inscri\u00e7\u00e3o"},"content":{"rendered":"<p>Os grupos de trabalho do Programa de Acompanhamento Pedag\u00f3gico tem encontros semanais:<\/p>\n<ul>\n<li>\u00c0s quintas-feiras, das 17 \u00e0s 19h<\/li>\n<li>Aos s\u00e1bados, das 10:30h \u00e0s 12h<\/li>\n<li>Local: Sala 106, no Campus II (Rua Alm. Barroso, 1202)<\/li>\n<\/ul>\n<p>Os pr\u00f3ximos grupos ser\u00e3o formados no segundo semestre de 2019.<\/p>\n","protected":false},"excerpt":{"rendered":"<p>Os grupos de trabalho do Programa de Acompanhamento Pedag\u00f3gico tem encontros semanais: \u00c0s quintas-feiras, das 17 \u00e0s 19h Aos s\u00e1bados, das 10:30h \u00e0s 12h Local: Sala 106, no Campus II (Rua Alm. Barroso, 1202) Os pr\u00f3ximos grupos ser\u00e3o formados no segundo semestre de 2019.<\/p>\n","protected":false},"author":229,"featured_media":0,"parent":8376,"menu_order":0,"comment_status":"closed","ping_status":"closed","template":"","meta":{"footnotes":""},"class_list":["post-7962","page","type-page","status-publish","hentry"],"_links":{"self":[{"href":"https:\/\/wp.ufpel.edu.br\/prae\/wp-json\/wp\/v2\/pages\/7962","targetHints":{"allow":["GET"]}}],"collection":[{"href":"https:\/\/wp.ufpel.edu.br\/prae\/wp-json\/wp\/v2\/pages"}],"about":[{"href":"https:\/\/wp.ufpel.edu.br\/prae\/wp-json\/wp\/v2\/types\/page"}],"author":[{"embeddable":true,"href":"https:\/\/wp.ufpel.edu.br\/prae\/wp-json\/wp\/v2\/users\/229"}],"replies":[{"embeddable":true,"href":"https:\/\/wp.ufpel.edu.br\/prae\/wp-json\/wp\/v2\/comments?post=7962"}],"version-history":[{"count":6,"href":"https:\/\/wp.ufpel.edu.br\/prae\/wp-json\/wp\/v2\/pages\/7962\/revisions"}],"predecessor-version":[{"id":8101,"href":"https:\/\/wp.ufpel.edu.br\/prae\/wp-json\/wp\/v2\/pages\/7962\/revisions\/8101"}],"up":[{"embeddable":true,"href":"https:\/\/wp.ufpel.edu.br\/prae\/wp-json\/wp\/v2\/pages\/8376"}],"wp:attachment":[{"href":"https:\/\/wp.ufpel.edu.br\/prae\/wp-json\/wp\/v2\/media?parent=7962"}],"curies":[{"name":"wp","href":"https:\/\/api.w.org\/{rel}","templated":true}]}}