{"id":7811,"date":"2019-03-07T18:15:02","date_gmt":"2019-03-07T21:15:02","guid":{"rendered":"https:\/\/wp.ufpel.edu.br\/prae\/?page_id=7811"},"modified":"2025-11-05T11:55:56","modified_gmt":"2025-11-05T14:55:56","slug":"contato-ouvidoria-pme","status":"publish","type":"page","link":"https:\/\/wp.ufpel.edu.br\/prae\/coordenacao-de-politicas-estudantis\/programa-de-moradia-estudantil\/contato-ouvidoria-pme\/","title":{"rendered":"CONTATOS"},"content":{"rendered":"<div class=\"textwidget\">\n<p style=\"text-align: center\">A PRAE localiza-se na rua Almirante Barroso, 1202, Centro, Pelotas\/RS, CEP 96010-280.<\/p>\n<p>&nbsp;<\/p>\n<p><strong>Contatos telef\u00f4nicos<\/strong><\/p>\n<p>Recep\u00e7\u00e3o da PRAE: (53) 32844300<\/p>\n<p>Secretaria: (53) 32844040<\/p>\n<p>&nbsp;<\/p>\n<p><strong>E-mails<\/strong><\/p>\n<p>Secretaria: praec@ufpel.edu.br<\/p>\n<p>Coordena\u00e7\u00e3o de Ingresso e Benef\u00edcios: ci.prae.ufpel@gmail.com<\/p>\n<p>N\u00facleo de Gest\u00e3o de Programas: ngp.prae.ufpel@gmail.com<\/p>\n<p>N\u00facleo de Servi\u00e7o Social: nsspraeufpel@gmail.com<\/p>\n<p>Coordena\u00e7\u00e3o de Pol\u00edticas Estudantis: cpe.prae.ufpel@gmail.com<\/p>\n<p>Coordena\u00e7\u00e3o de Perman\u00eancia: cp.prae.ufpel@gmail.com<\/p>\n<p>N\u00facleo Psicopedag\u00f3gico de Apoio ao Discente: nupadi.prae@gmail.com\/ apoiopedagogico.prae.ufpel@gmail.com<\/p>\n<p>Se\u00e7\u00e3o de Apoio aos Restaurantes Universit\u00e1rios: ru.praeufpel@gmail.com<\/p>\n<p>&nbsp;<\/p>\n<p><strong>Hor\u00e1rios de atendimento<\/strong><\/p>\n<p>Recep\u00e7\u00e3o da PRAE\/N\u00facleo de Gest\u00e3o de Programas: 8h \u00e0s 20h<\/p>\n<\/div>\n<p>Coordena\u00e7\u00e3o de Ingresso e Benef\u00edcios: 8h \u00e0s 12h, 14h \u00e0s 18h<\/p>\n<p>N\u00facleo de Servi\u00e7o Social : 8h \u00e0s 20h<\/p>\n<p>N\u00facleo Psicopedag\u00f3gico de Apoio ao Discente:\u00a08h \u00e0s 20h<\/p>\n<p>Coordena\u00e7\u00e3o de Pol\u00edticas Estudantis: 8h \u00e0s 12h, 14h \u00e0s 18h<\/p>\n<p>Coordena\u00e7\u00e3o de Perman\u00eancia: 8h \u00e0s 12h, 14h \u00e0s 18h<\/p>\n<p>Se\u00e7\u00e3o de Apoio aos Restaurantes Universit\u00e1rios: 8h \u00e0s 12h, 14h \u00e0s 18h<\/p>\n<p>&nbsp;<\/p>\n<p style=\"text-align: left\"><em><strong>Den\u00fancias: <\/strong><\/em><em><strong>Plataforma de Ouvidoria da UFPel <a href=\"https:\/\/wp.ufpel.edu.br\/ouvidoria\/\" target=\"_blank\" rel=\"noopener\">https:\/\/wp.ufpel.edu.br\/ouvidoria\/<\/a><\/strong><\/em><\/p>\n<p><a href=\"https:\/\/wp.ufpel.edu.br\/prae\/files\/2023\/08\/Marca-PRAE-8.png\"><img loading=\"lazy\" decoding=\"async\" class=\"size-medium wp-image-15309 aligncenter\" src=\"https:\/\/wp.ufpel.edu.br\/prae\/files\/2023\/08\/Marca-PRAE-8-400x172.png\" alt=\"\" width=\"400\" height=\"172\" srcset=\"https:\/\/wp.ufpel.edu.br\/prae\/files\/2023\/08\/Marca-PRAE-8-400x172.png 400w, https:\/\/wp.ufpel.edu.br\/prae\/files\/2023\/08\/Marca-PRAE-8-1024x441.png 1024w, https:\/\/wp.ufpel.edu.br\/prae\/files\/2023\/08\/Marca-PRAE-8-768x330.png 768w, https:\/\/wp.ufpel.edu.br\/prae\/files\/2023\/08\/Marca-PRAE-8.png 1218w\" sizes=\"auto, (max-width: 400px) 100vw, 400px\" \/><\/a><\/p>\n<p>&nbsp;<\/p>\n","protected":false},"excerpt":{"rendered":"<p>A PRAE localiza-se na rua Almirante Barroso, 1202, Centro, Pelotas\/RS, CEP 96010-280. &nbsp; Contatos telef\u00f4nicos Recep\u00e7\u00e3o da PRAE: (53) 32844300 Secretaria: (53) 32844040 &nbsp; E-mails Secretaria: praec@ufpel.edu.br Coordena\u00e7\u00e3o de Ingresso e Benef\u00edcios: ci.prae.ufpel@gmail.com N\u00facleo de Gest\u00e3o de Programas: ngp.prae.ufpel@gmail.com N\u00facleo de Servi\u00e7o Social: nsspraeufpel@gmail.com Coordena\u00e7\u00e3o de Pol\u00edticas Estudantis: cpe.prae.ufpel@gmail.com Coordena\u00e7\u00e3o de Perman\u00eancia: cp.prae.ufpel@gmail.com N\u00facleo Psicopedag\u00f3gico &hellip; <\/p>\n<p class=\"link-more\"><a href=\"https:\/\/wp.ufpel.edu.br\/prae\/coordenacao-de-politicas-estudantis\/programa-de-moradia-estudantil\/contato-ouvidoria-pme\/\" class=\"more-link\">Continue lendo<span class=\"screen-reader-text\"> &#8220;CONTATOS&#8221;<\/span><\/a><\/p>\n","protected":false},"author":229,"featured_media":0,"parent":7537,"menu_order":0,"comment_status":"closed","ping_status":"closed","template":"","meta":{"footnotes":""},"class_list":["post-7811","page","type-page","status-publish","hentry"],"_links":{"self":[{"href":"https:\/\/wp.ufpel.edu.br\/prae\/wp-json\/wp\/v2\/pages\/7811","targetHints":{"allow":["GET"]}}],"collection":[{"href":"https:\/\/wp.ufpel.edu.br\/prae\/wp-json\/wp\/v2\/pages"}],"about":[{"href":"https:\/\/wp.ufpel.edu.br\/prae\/wp-json\/wp\/v2\/types\/page"}],"author":[{"embeddable":true,"href":"https:\/\/wp.ufpel.edu.br\/prae\/wp-json\/wp\/v2\/users\/229"}],"replies":[{"embeddable":true,"href":"https:\/\/wp.ufpel.edu.br\/prae\/wp-json\/wp\/v2\/comments?post=7811"}],"version-history":[{"count":4,"href":"https:\/\/wp.ufpel.edu.br\/prae\/wp-json\/wp\/v2\/pages\/7811\/revisions"}],"predecessor-version":[{"id":18637,"href":"https:\/\/wp.ufpel.edu.br\/prae\/wp-json\/wp\/v2\/pages\/7811\/revisions\/18637"}],"up":[{"embeddable":true,"href":"https:\/\/wp.ufpel.edu.br\/prae\/wp-json\/wp\/v2\/pages\/7537"}],"wp:attachment":[{"href":"https:\/\/wp.ufpel.edu.br\/prae\/wp-json\/wp\/v2\/media?parent=7811"}],"curies":[{"name":"wp","href":"https:\/\/api.w.org\/{rel}","templated":true}]}}