{"id":7563,"date":"2019-01-22T12:24:16","date_gmt":"2019-01-22T14:24:16","guid":{"rendered":"https:\/\/wp.ufpel.edu.br\/prae\/?page_id=7563"},"modified":"2023-08-21T15:07:55","modified_gmt":"2023-08-21T18:07:55","slug":"formatura-institucional","status":"publish","type":"page","link":"https:\/\/wp.ufpel.edu.br\/prae\/coordenacao-de-politicas-estudantis\/formatura-institucional\/","title":{"rendered":"Formatura Institucional Externa"},"content":{"rendered":"<p style=\"padding-left: 40px\">As informa\u00e7\u00f5es sobre as Formaturas Institucionais agora est\u00e3o dispon\u00edveis em site pr\u00f3prio!<\/p>\n<p style=\"padding-left: 40px\">Acesse: <a href=\"https:\/\/wp.ufpel.edu.br\/formaturas\/\">https:\/\/wp.ufpel.edu.br\/formaturas\/<\/a><\/p>\n<p>&nbsp;<\/p>\n","protected":false},"excerpt":{"rendered":"<p>As informa\u00e7\u00f5es sobre as Formaturas Institucionais agora est\u00e3o dispon\u00edveis em site pr\u00f3prio! Acesse: https:\/\/wp.ufpel.edu.br\/formaturas\/ &nbsp;<\/p>\n","protected":false},"author":229,"featured_media":0,"parent":3023,"menu_order":0,"comment_status":"closed","ping_status":"closed","template":"","meta":{"footnotes":""},"class_list":["post-7563","page","type-page","status-publish","hentry"],"_links":{"self":[{"href":"https:\/\/wp.ufpel.edu.br\/prae\/wp-json\/wp\/v2\/pages\/7563","targetHints":{"allow":["GET"]}}],"collection":[{"href":"https:\/\/wp.ufpel.edu.br\/prae\/wp-json\/wp\/v2\/pages"}],"about":[{"href":"https:\/\/wp.ufpel.edu.br\/prae\/wp-json\/wp\/v2\/types\/page"}],"author":[{"embeddable":true,"href":"https:\/\/wp.ufpel.edu.br\/prae\/wp-json\/wp\/v2\/users\/229"}],"replies":[{"embeddable":true,"href":"https:\/\/wp.ufpel.edu.br\/prae\/wp-json\/wp\/v2\/comments?post=7563"}],"version-history":[{"count":18,"href":"https:\/\/wp.ufpel.edu.br\/prae\/wp-json\/wp\/v2\/pages\/7563\/revisions"}],"predecessor-version":[{"id":15329,"href":"https:\/\/wp.ufpel.edu.br\/prae\/wp-json\/wp\/v2\/pages\/7563\/revisions\/15329"}],"up":[{"embeddable":true,"href":"https:\/\/wp.ufpel.edu.br\/prae\/wp-json\/wp\/v2\/pages\/3023"}],"wp:attachment":[{"href":"https:\/\/wp.ufpel.edu.br\/prae\/wp-json\/wp\/v2\/media?parent=7563"}],"curies":[{"name":"wp","href":"https:\/\/api.w.org\/{rel}","templated":true}]}}