{"id":6942,"date":"2018-05-22T09:14:37","date_gmt":"2018-05-22T12:14:37","guid":{"rendered":"https:\/\/wp.ufpel.edu.br\/prae\/?page_id=6942"},"modified":"2024-07-15T16:44:09","modified_gmt":"2024-07-15T19:44:09","slug":"cardapio-ru","status":"publish","type":"page","link":"https:\/\/wp.ufpel.edu.br\/prae\/restaurante-universitario\/cardapio-ru\/","title":{"rendered":"Card\u00e1pio"},"content":{"rendered":"<p>O card\u00e1pio di\u00e1rio das unidades de Restaurante Universit\u00e1rio da UFPel pode ser conferido na p\u00e1gina inicial do Cobalto.<\/p>\n<p>Acesse: <a href=\"https:\/\/cobalto.ufpel.edu.br\/portal\/cardapios\/cardapioPublico\" target=\"_blank\" rel=\"noopener\">https:\/\/cobalto.ufpel.edu.br\/portal\/cardapios\/cardapioPublico<\/a><\/p>\n<p>O c<span style=\"font-size: 1rem\">ard\u00e1pio est\u00e1 sujeito a altera\u00e7\u00f5es.<\/span><a href=\"https:\/\/wp.ufpel.edu.br\/prae\/files\/2022\/02\/SARE.png\"><img loading=\"lazy\" decoding=\"async\" class=\"size-medium wp-image-12969 aligncenter\" src=\"https:\/\/wp.ufpel.edu.br\/prae\/files\/2022\/02\/SARE-400x146.png\" alt=\"\" width=\"400\" height=\"146\" srcset=\"https:\/\/wp.ufpel.edu.br\/prae\/files\/2022\/02\/SARE-400x146.png 400w, https:\/\/wp.ufpel.edu.br\/prae\/files\/2022\/02\/SARE-1024x373.png 1024w, https:\/\/wp.ufpel.edu.br\/prae\/files\/2022\/02\/SARE-768x280.png 768w, https:\/\/wp.ufpel.edu.br\/prae\/files\/2022\/02\/SARE.png 1245w\" sizes=\"auto, (max-width: 400px) 100vw, 400px\" \/><\/a><\/p>\n","protected":false},"excerpt":{"rendered":"<p>O card\u00e1pio di\u00e1rio das unidades de Restaurante Universit\u00e1rio da UFPel pode ser conferido na p\u00e1gina inicial do Cobalto. Acesse: https:\/\/cobalto.ufpel.edu.br\/portal\/cardapios\/cardapioPublico O card\u00e1pio est\u00e1 sujeito a altera\u00e7\u00f5es.<\/p>\n","protected":false},"author":229,"featured_media":0,"parent":2849,"menu_order":0,"comment_status":"closed","ping_status":"closed","template":"","meta":{"footnotes":""},"class_list":["post-6942","page","type-page","status-publish","hentry"],"_links":{"self":[{"href":"https:\/\/wp.ufpel.edu.br\/prae\/wp-json\/wp\/v2\/pages\/6942","targetHints":{"allow":["GET"]}}],"collection":[{"href":"https:\/\/wp.ufpel.edu.br\/prae\/wp-json\/wp\/v2\/pages"}],"about":[{"href":"https:\/\/wp.ufpel.edu.br\/prae\/wp-json\/wp\/v2\/types\/page"}],"author":[{"embeddable":true,"href":"https:\/\/wp.ufpel.edu.br\/prae\/wp-json\/wp\/v2\/users\/229"}],"replies":[{"embeddable":true,"href":"https:\/\/wp.ufpel.edu.br\/prae\/wp-json\/wp\/v2\/comments?post=6942"}],"version-history":[{"count":47,"href":"https:\/\/wp.ufpel.edu.br\/prae\/wp-json\/wp\/v2\/pages\/6942\/revisions"}],"predecessor-version":[{"id":16594,"href":"https:\/\/wp.ufpel.edu.br\/prae\/wp-json\/wp\/v2\/pages\/6942\/revisions\/16594"}],"up":[{"embeddable":true,"href":"https:\/\/wp.ufpel.edu.br\/prae\/wp-json\/wp\/v2\/pages\/2849"}],"wp:attachment":[{"href":"https:\/\/wp.ufpel.edu.br\/prae\/wp-json\/wp\/v2\/media?parent=6942"}],"curies":[{"name":"wp","href":"https:\/\/api.w.org\/{rel}","templated":true}]}}