{"id":6254,"date":"2017-09-01T12:18:53","date_gmt":"2017-09-01T15:18:53","guid":{"rendered":"https:\/\/wp.ufpel.edu.br\/prae\/?page_id=6254"},"modified":"2026-02-19T09:28:13","modified_gmt":"2026-02-19T12:28:13","slug":"passe-livre-nao-bolsistas-ou-renovacao-anual","status":"publish","type":"page","link":"https:\/\/wp.ufpel.edu.br\/prae\/coordenacao_de_ingresso_e_beneficios\/passe-livre\/passe-livre-nao-bolsistas-ou-renovacao-anual\/","title":{"rendered":"Passe F\u00e1cil Estudantil- Estudantes n\u00e3o bolsistas da PRAE"},"content":{"rendered":"<p><b>Passe F\u00e1cil Estudantil &#8211; Estudantes n\u00e3o bolsistas da PRAE<\/b><\/p>\n<p>Anexar os documentos solicitados abaixo em formato PDF ou JPG (onde indicado). Aten\u00e7\u00e3o, \u00e9 obrigat\u00f3rio que os documentos sejam nomeados conforme as orienta\u00e7\u00f5es abaixo.<\/p>\n\n<div class=\"wpcf7 no-js\" id=\"wpcf7-f6253-o1\" lang=\"pt-BR\" dir=\"ltr\" data-wpcf7-id=\"6253\">\n<div class=\"screen-reader-response\"><p role=\"status\" aria-live=\"polite\" aria-atomic=\"true\"><\/p> <ul><\/ul><\/div>\n<form action=\"\/prae\/wp-json\/wp\/v2\/pages\/6254#wpcf7-f6253-o1\" method=\"post\" class=\"wpcf7-form init\" aria-label=\"Formul\u00e1rios de contato\" enctype=\"multipart\/form-data\" novalidate=\"novalidate\" data-status=\"init\">\n<fieldset class=\"hidden-fields-container\"><input type=\"hidden\" name=\"_wpcf7\" value=\"6253\" \/><input type=\"hidden\" name=\"_wpcf7_version\" value=\"6.1.4\" \/><input type=\"hidden\" name=\"_wpcf7_locale\" value=\"pt_BR\" \/><input type=\"hidden\" name=\"_wpcf7_unit_tag\" value=\"wpcf7-f6253-o1\" \/><input type=\"hidden\" name=\"_wpcf7_container_post\" value=\"0\" \/><input type=\"hidden\" name=\"_wpcf7_posted_data_hash\" value=\"\" \/>\n<\/fieldset>\n<p><label> Seu nome<br \/>\n<span class=\"wpcf7-form-control-wrap\" data-name=\"nome\"><input size=\"40\" maxlength=\"400\" class=\"wpcf7-form-control wpcf7-text wpcf7-validates-as-required\" aria-required=\"true\" aria-invalid=\"false\" value=\"\" type=\"text\" name=\"nome\" \/><\/span> <\/label>\n<\/p>\n<p><label> Seu e-mail<br \/>\n<span class=\"wpcf7-form-control-wrap\" data-name=\"email\"><input size=\"40\" maxlength=\"400\" class=\"wpcf7-form-control wpcf7-email wpcf7-validates-as-required wpcf7-text wpcf7-validates-as-email\" aria-required=\"true\" aria-invalid=\"false\" value=\"\" type=\"email\" name=\"email\" \/><\/span> <\/label>\n<\/p>\n<p><label> N\u00famero de Matr\u00edcula<br \/>\n<span class=\"wpcf7-form-control-wrap\" data-name=\"matricula\"><input size=\"40\" maxlength=\"400\" class=\"wpcf7-form-control wpcf7-text wpcf7-validates-as-required\" aria-required=\"true\" aria-invalid=\"false\" value=\"\" type=\"text\" name=\"matricula\" \/><\/span> <\/label>\n<\/p>\n<p><label> N\u00famero do CPF:<br \/>\n<span class=\"wpcf7-form-control-wrap\" data-name=\"cpf\"><input size=\"40\" maxlength=\"400\" class=\"wpcf7-form-control wpcf7-text wpcf7-validates-as-required\" aria-required=\"true\" aria-invalid=\"false\" value=\"\" type=\"text\" name=\"cpf\" \/><\/span> <\/label>\n<\/p>\n<p><label> Rota:<\/label>\n<\/p>\n<table>\n\t<tr>\n\t\t<td>\n\t\t\t<p><span class=\"wpcf7-form-control-wrap\" data-name=\"rota-sjs_rg\"><span class=\"wpcf7-form-control wpcf7-checkbox\"><span class=\"wpcf7-list-item first last\"><input type=\"checkbox\" name=\"rota-sjs_rg[]\" value=\"S\u00e3o Jos\u00e9 do Norte x Rio Grande\" \/><span class=\"wpcf7-list-item-label\">S\u00e3o Jos\u00e9 do Norte x Rio Grande<\/span><\/span><\/span><\/span>\n\t\t\t<\/p>\n\t\t<\/td>\n\t<\/tr>\n\t<tr>\n\t\t<td>\n\t\t\t<p><span class=\"wpcf7-form-control-wrap\" data-name=\"rota-rg_pelotas\"><span class=\"wpcf7-form-control wpcf7-checkbox\"><span class=\"wpcf7-list-item first last\"><input type=\"checkbox\" name=\"rota-rg_pelotas[]\" value=\"Rio Grande x Pelotas\" \/><span class=\"wpcf7-list-item-label\">Rio Grande x Pelotas<\/span><\/span><\/span><\/span>\n\t\t\t<\/p>\n\t\t<\/td>\n\t<\/tr>\n\t<tr>\n\t\t<td>\n\t\t\t<p><span class=\"wpcf7-form-control-wrap\" data-name=\"rota-capao_pelotas\"><span class=\"wpcf7-form-control wpcf7-checkbox\"><span class=\"wpcf7-list-item first last\"><input type=\"checkbox\" name=\"rota-capao_pelotas[]\" value=\"Cap\u00e3o do Le\u00e3o x Pelotas\" \/><span class=\"wpcf7-list-item-label\">Cap\u00e3o do Le\u00e3o x Pelotas<\/span><\/span><\/span><\/span>\n\t\t\t<\/p>\n\t\t<\/td>\n\t<\/tr>\n\t<tr>\n\t\t<td>\n\t\t\t<p><span class=\"wpcf7-form-control-wrap\" data-name=\"rota-pelotas_capao\"><span class=\"wpcf7-form-control wpcf7-checkbox\"><span class=\"wpcf7-list-item first last\"><input type=\"checkbox\" name=\"rota-pelotas_capao[]\" value=\"Pelotas x Cap\u00e3o do Le\u00e3o\" \/><span class=\"wpcf7-list-item-label\">Pelotas x Cap\u00e3o do Le\u00e3o<\/span><\/span><\/span><\/span>\n\t\t\t<\/p>\n\t\t<\/td>\n\t<\/tr>\n<\/table>\n<p><label> Valor da passagem:<br \/>\n<span class=\"wpcf7-form-control-wrap\" data-name=\"valor\"><input size=\"40\" maxlength=\"400\" class=\"wpcf7-form-control wpcf7-text wpcf7-validates-as-required\" aria-required=\"true\" aria-invalid=\"false\" value=\"\" type=\"text\" name=\"valor\" \/><\/span> <\/label>\n<\/p>\n<p>&nbsp;\n<\/p>\n<p><label> Foto 3x4<br \/>\nOrienta\u00e7\u00f5es para nomear o arquivo: <em>n\u00famero_da_matr\u00edcula<\/em>-foto<br \/>\nEx: <strong>14300333-foto.pdf<\/strong> ou <strong>14300333-foto.jpg<\/strong><br \/>\n<span class=\"wpcf7-form-control-wrap\" data-name=\"anexo_foto\"><input size=\"40\" class=\"wpcf7-form-control wpcf7-file wpcf7-validates-as-required\" accept=\".pdf,.jpg\" aria-required=\"true\" aria-invalid=\"false\" type=\"file\" name=\"anexo_foto\" \/><\/span> <\/label>\n<\/p>\n<p><label> Atestado de matr\u00edcula atualizado<br \/>\nOrienta\u00e7\u00f5es para nomear o arquivo: <em>n\u00famero_da_matr\u00edcula<\/em>-atestado<br \/>\nEx: <strong>14300333-atestado.pdf<\/strong><br \/>\n<span class=\"wpcf7-form-control-wrap\" data-name=\"anexo_atestado\"><input size=\"40\" class=\"wpcf7-form-control wpcf7-file wpcf7-validates-as-required\" accept=\".pdf\" aria-required=\"true\" aria-invalid=\"false\" type=\"file\" name=\"anexo_atestado\" \/><\/span> <\/label>\n<\/p>\n<p><label> Comprovante de resid\u00eancia<br \/>\nOrienta\u00e7\u00f5es para nomear o arquivo: <em>n\u00famero_da_matr\u00edcula<\/em>-residencia<br \/>\nEx: <strong>14300333-residencia.pdf<\/strong> ou <strong>14300333-residencia.jpg<\/strong><br \/>\n<span class=\"wpcf7-form-control-wrap\" data-name=\"anexo_residencia\"><input size=\"40\" class=\"wpcf7-form-control wpcf7-file wpcf7-validates-as-required\" accept=\".pdf,.jpg\" aria-required=\"true\" aria-invalid=\"false\" type=\"file\" name=\"anexo_residencia\" \/><\/span> <\/label>\n<\/p>\n<p><label> Hist\u00f3rico Escolar de Gradua\u00e7\u00e3o<br \/>\nOrienta\u00e7\u00f5es para nomear o arquivo: <em>n\u00famero_da_matr\u00edcula<\/em>-historico<br \/>\nEx: <strong>14300333-historicodegraduacao.pdf<\/strong><br \/>\n<span class=\"wpcf7-form-control-wrap\" data-name=\"anexo_historico\"><input size=\"40\" class=\"wpcf7-form-control wpcf7-file wpcf7-validates-as-required\" accept=\".pdf\" aria-required=\"true\" aria-invalid=\"false\" type=\"file\" name=\"anexo_historico\" \/><\/span> <\/label>\n<\/p>\n<p><label> RG e CPF<br \/>\nOrienta\u00e7\u00f5es para nomear o arquivo: <em>n\u00famero_da_matr\u00edcula<\/em>-documentos-pessoais<br \/>\nEx: <strong>14300333-documentos-pessoais.pdf<\/strong> ou <strong>14300333-documentos-pessoais.jpg<\/strong><br \/>\n<span class=\"wpcf7-form-control-wrap\" data-name=\"anexo_documentos\"><input size=\"40\" class=\"wpcf7-form-control wpcf7-file wpcf7-validates-as-required\" accept=\".pdf,.jpg\" aria-required=\"true\" aria-invalid=\"false\" type=\"file\" name=\"anexo_documentos\" \/><\/span> <\/label>\n<\/p>\n<p><label> Carteirinha da UEE ou AERGS<br \/>\nOrienta\u00e7\u00f5es para nomear o arquivo: <em>n\u00famero_da_matr\u00edcula<\/em>-carteirinha<br \/>\nEx: <strong>14300333-carteirinha.pdf<\/strong> ou <strong>14300333-carteirinha.jpg<\/strong><br \/>\n<em><\/em><br \/>\n<span class=\"wpcf7-form-control-wrap\" data-name=\"anexo_carteirinha\"><input size=\"40\" class=\"wpcf7-form-control wpcf7-file wpcf7-validates-as-required\" accept=\".pdf,.jpg\" aria-required=\"true\" aria-invalid=\"false\" type=\"file\" name=\"anexo_carteirinha\" \/><\/span> <\/label>\n<\/p>\n<p><label> Declara\u00e7\u00e3o de composi\u00e7\u00e3o familiar (Anexo 1) (este documento deve ser reconhecido em cart\u00f3rio)<br \/>\nOrienta\u00e7\u00f5es para nomear o arquivo: <em>n\u00famero_da_matr\u00edcula<\/em>-anexo1<br \/>\nEx: <strong>14300333-anexo1.pdf<\/strong><br \/>\n<span class=\"wpcf7-form-control-wrap\" data-name=\"anexo_anexo1\"><input size=\"40\" class=\"wpcf7-form-control wpcf7-file wpcf7-validates-as-required\" accept=\".pdf\" aria-required=\"true\" aria-invalid=\"false\" type=\"file\" name=\"anexo_anexo1\" \/><\/span> <\/label>\n<\/p>\n<p><label> Comprovantes de renda familiar (verificar a rela\u00e7\u00e3o de documentos conforme o tipo de atividade no Anexo 2)<br \/>\nOrienta\u00e7\u00f5es para nomear o arquivo: <em>n\u00famero_da_matr\u00edcula<\/em>-comprovantes-de-renda<br \/>\nEx: <strong>14300333-comprovantes-de-renda.pdf<\/strong><br \/>\n<span class=\"wpcf7-form-control-wrap\" data-name=\"anexo_comprovantes\"><input size=\"40\" class=\"wpcf7-form-control wpcf7-file wpcf7-validates-as-required\" accept=\".pdf\" aria-required=\"true\" aria-invalid=\"false\" type=\"file\" name=\"anexo_comprovantes\" \/><\/span> <\/label>\n<\/p>\n<p><label>Imagem de seguran\u00e7a<\/label><br \/>\n<input type=\"hidden\" name=\"_wpcf7_captcha_challenge_captcha-1\" value=\"1348852331\" \/><img loading=\"lazy\" decoding=\"async\" class=\"wpcf7-form-control wpcf7-captchac wpcf7-captcha-captcha-1\" width=\"72\" height=\"24\" alt=\"captcha\" src=\"https:\/\/wp.ufpel.edu.br\/prae\/files\/wpcf7_captcha\/1348852331.png\" \/><span class=\"wpcf7-form-control-wrap\" data-name=\"captcha-1\"><input size=\"8\" class=\"wpcf7-form-control wpcf7-captchar\" autocomplete=\"off\" aria-invalid=\"false\" value=\"\" type=\"text\" name=\"captcha-1\" \/><\/span>\n<\/p>\n<p><input class=\"wpcf7-form-control wpcf7-submit has-spinner\" type=\"submit\" value=\"Enviar\" \/>\n<\/p><p style=\"display: none !important;\" class=\"akismet-fields-container\" data-prefix=\"_wpcf7_ak_\"><label>&#916;<textarea name=\"_wpcf7_ak_hp_textarea\" cols=\"45\" rows=\"8\" maxlength=\"100\"><\/textarea><\/label><input type=\"hidden\" id=\"ak_js_1\" name=\"_wpcf7_ak_js\" value=\"187\"\/><script>document.getElementById( \"ak_js_1\" ).setAttribute( \"value\", ( new Date() ).getTime() );<\/script><\/p><div class=\"wpcf7-response-output\" aria-hidden=\"true\"><\/div>\n<\/form>\n<\/div>\n\n","protected":false},"excerpt":{"rendered":"<p>Passe F\u00e1cil Estudantil &#8211; Estudantes n\u00e3o bolsistas da PRAE Anexar os documentos solicitados abaixo em formato PDF ou JPG (onde indicado). Aten\u00e7\u00e3o, \u00e9 obrigat\u00f3rio que os documentos sejam nomeados conforme as orienta\u00e7\u00f5es abaixo.<\/p>\n","protected":false},"author":20,"featured_media":0,"parent":6240,"menu_order":0,"comment_status":"closed","ping_status":"closed","template":"","meta":{"footnotes":""},"class_list":["post-6254","page","type-page","status-publish","hentry"],"_links":{"self":[{"href":"https:\/\/wp.ufpel.edu.br\/prae\/wp-json\/wp\/v2\/pages\/6254","targetHints":{"allow":["GET"]}}],"collection":[{"href":"https:\/\/wp.ufpel.edu.br\/prae\/wp-json\/wp\/v2\/pages"}],"about":[{"href":"https:\/\/wp.ufpel.edu.br\/prae\/wp-json\/wp\/v2\/types\/page"}],"author":[{"embeddable":true,"href":"https:\/\/wp.ufpel.edu.br\/prae\/wp-json\/wp\/v2\/users\/20"}],"replies":[{"embeddable":true,"href":"https:\/\/wp.ufpel.edu.br\/prae\/wp-json\/wp\/v2\/comments?post=6254"}],"version-history":[{"count":5,"href":"https:\/\/wp.ufpel.edu.br\/prae\/wp-json\/wp\/v2\/pages\/6254\/revisions"}],"predecessor-version":[{"id":18820,"href":"https:\/\/wp.ufpel.edu.br\/prae\/wp-json\/wp\/v2\/pages\/6254\/revisions\/18820"}],"up":[{"embeddable":true,"href":"https:\/\/wp.ufpel.edu.br\/prae\/wp-json\/wp\/v2\/pages\/6240"}],"wp:attachment":[{"href":"https:\/\/wp.ufpel.edu.br\/prae\/wp-json\/wp\/v2\/media?parent=6254"}],"curies":[{"name":"wp","href":"https:\/\/api.w.org\/{rel}","templated":true}]}}