{"id":6240,"date":"2017-09-01T11:24:25","date_gmt":"2017-09-01T14:24:25","guid":{"rendered":"https:\/\/wp.ufpel.edu.br\/prae\/?page_id=6240"},"modified":"2026-03-04T10:34:43","modified_gmt":"2026-03-04T13:34:43","slug":"passe-livre","status":"publish","type":"page","link":"https:\/\/wp.ufpel.edu.br\/prae\/coordenacao_de_ingresso_e_beneficios\/passe-livre\/","title":{"rendered":"Passe F\u00e1cil Estudantil (PFE)"},"content":{"rendered":"<p style=\"text-align: justify\">Dsde o ano de 2026 a UFPel est\u00e1 autorizada pela METROPLAN para a realiza\u00e7\u00e3o do <strong>cadastro estudantil<\/strong> para o acesso ao programa Programa Passe F\u00e1cil Estudantil (PFE).<\/p>\n<p><strong>IMPORTANTE<\/strong>: A PRAE realiza apenas o cadastro. <strong>A an\u00e1lise e concess\u00e3o \u00e9 realizada EXCLUSIVAMENTE pela METROPLAN<\/strong>.<\/p>\n<p>Leia com aten\u00e7\u00e3o as informa\u00e7\u00f5es abaixo para fazer a sua solicita\u00e7\u00e3o. Salientamos que a PRAE \u00e9 respons\u00e1vel apenas pelo cadastro, quem analisa os documentos \u00e9 a Metroplan.<\/p>\n<p><strong>O que \u00e9 o PFE?<\/strong><\/p>\n<ul>\n<li>O Programa Passe F\u00e1cil\u00a0 Estudantil \u00e9 um programa do Governo do Estado do Rio Grande do Sul que possui a finalidade de beneficiar estudantes de baixa renda, matriculados em institui\u00e7\u00f5es regulares de ensino, no transporte intermunicipal entre resid\u00eancia e institui\u00e7\u00e3o de ensino. Foi criado pela <a href=\"https:\/\/leisestaduais.com.br\/rs\/lei-ordinaria-n-16363-2025-rio-grande-do-sul-institui-o-programa-passe-facil-estudantil-e-cria-o-fundo-estadual-do-passe-facil-estudantil\" target=\"_blank\" rel=\"noopener\">LEI ORDIN\u00c1RIA N\u00ba 16.363, DE 14 DE OUTUBRO DE 2025<\/a> e regulamentado pelo <a href=\"https:\/\/leisestaduais.com.br\/rs\/decreto-n-58580-2025-rio-grande-do-sul-regulamenta-o-programa-passe-facil-estudantil-e-o-fundo-estadual-do-passe-facil-estudantil-de-que-trata-a-lei-no-16-363-de-14-de-outubro-de-2025\" target=\"_blank\" rel=\"noopener\">DECRETO N\u00ba 58.580, DE 31 DE DEZEMBRO DE 2025<\/a>.<\/li>\n<\/ul>\n<p style=\"text-align: justify\"><strong>Quem tem direito ao PFE?<\/strong><\/p>\n<ul>\n<li style=\"text-align: justify\">Estudantes com renda familiar per capta de at\u00e9 1,5 sal\u00e1rio m\u00ednimo e frequ\u00eancia comprovada;<\/li>\n<\/ul>\n<p style=\"text-align: justify\"><strong>Quais os trechos de deslocamento cobertos pelo PFE?<\/strong><\/p>\n<ul>\n<li style=\"text-align: justify\">Estudantes residentes nas cidades de Rio Grande, S\u00e3o Jos\u00e9 do Norte e Cap\u00e3o do Le\u00e3o que estudam em Pelotas (nas diferentes Unidades Acad\u00eamicas da UFPel);<\/li>\n<li style=\"text-align: justify\">Estudantes residentes nas cidades de Rio Grande, S\u00e3o Jos\u00e9 do Norte e Pelotas que estudam no Campus Cap\u00e3o do Le\u00e3o da UFPel.<\/li>\n<\/ul>\n<p style=\"text-align: justify\"><strong>Como fazer o cadastro no PFE?<br \/>\n<\/strong><\/p>\n<ul>\n<li>Documenta\u00e7\u00e3o m\u00ednima:<\/li>\n<\/ul>\n<p style=\"padding-left: 80px\">a) comprova\u00e7\u00e3o de renda per capita familiar de at\u00e9 um sal\u00e1rio m\u00ednimo e meio;<br \/>\nb) registro de matr\u00edcula de institui\u00e7\u00e3o regular de ensino localizada em Munic\u00edpio diverso do Munic\u00edpio de resid\u00eancia do benefici\u00e1rio;<br \/>\nc) comprova\u00e7\u00e3o dos dias de aula dos(as) estudantes beneficiados;<br \/>\nd) comprovante de frequ\u00eancia do per\u00edodo letivo anterior, dispensado em caso de estudantes matriculados(as) no primeiro semestre ou primeiro ano letivo;<br \/>\ne) c\u00f3pia de documento oficial de identifica\u00e7\u00e3o do(a) estudante;<br \/>\nf) comprovante de resid\u00eancia do(a) benefici\u00e1rio(a); e<br \/>\ng) Carteira de Identifica\u00e7\u00e3o Estudantil, nos termos do caput do artigo 3\u00ba deste Decreto;<\/p>\n<p><strong>Como realizar o cadastro?<\/strong><\/p>\n<ul>\n<li>Siga as instru\u00e7\u00f5es abaixo, conforme o caso.<\/li>\n<\/ul>\n<p>&nbsp;<\/p>\n<hr \/>\n<p><span style=\"font-size: 18pt\"><em><strong>CADASTRO ANUAL<\/strong><\/em><\/span><\/p>\n<p>Para o<strong> primeiro cadastro<\/strong> no PFE, siga as informa\u00e7\u00f5es abaixo:<\/p>\n<h2 style=\"text-align: justify;padding-left: 40px\"><span style=\"font-size: 12pt\"><span style=\"background-color: #ffff00\">1\u00ba PASSO<\/span> &#8211; Realiza\u00e7\u00e3o do cadastro a Associa\u00e7\u00e3o dos Estudantes do Rio Grande do Sul (AERGS) e a confec\u00e7\u00e3o da carteirinha. <\/span><\/h2>\n<p style=\"text-align: justify;padding-left: 80px\"><span style=\"font-size: 12pt\">S\u00e3o necess\u00e1rios os seguintes documentos:<\/span><\/p>\n<p style=\"padding-left: 120px\">a) Carteira de identidade (RG)<\/p>\n<p style=\"padding-left: 120px\">b) Atestado de matr\u00edcula da UFPel (obtido pelo Cobalto)<\/p>\n<p style=\"padding-left: 120px\">c) Foto 3&#215;4<\/p>\n<p style=\"text-align: justify;padding-left: 80px\"><strong><em>Observa\u00e7\u00f5es<\/em><\/strong><\/p>\n<p style=\"text-align: justify;padding-left: 120px\">A taxa de confec\u00e7\u00e3o \u00e9 de aproximadamente R$ 50,00<\/p>\n<p style=\"text-align: justify;padding-left: 120px\">Pela AERGS \u00e9 poss\u00edvel fazer a carteirinha pela internet. Basta seguir as informa\u00e7\u00f5es abaixo:<\/p>\n<div dir=\"auto\" style=\"text-align: justify;padding-left: 120px\">&#8211; Cadastro no site\u00a0<a href=\"http:\/\/www.aergs.com.br\/\" target=\"_blank\" rel=\"noopener noreferrer\">www.aergs.com.br<\/a><\/div>\n<div dir=\"auto\" style=\"text-align: justify;padding-left: 120px\">&#8211; Ap\u00f3s o cadastro, em at\u00e9 1 dia voc\u00ea receber\u00e1 um e-mail com o link para pagamento<\/div>\n<div dir=\"auto\" style=\"text-align: justify;padding-left: 120px\">&#8211; A confirma\u00e7\u00e3o do pagamento leva at\u00e9 3 dias \u00fateis e ser\u00e1 enviado para o e-mail cadastrado, a carteira digital do estudante<\/div>\n<div dir=\"auto\" style=\"text-align: justify;padding-left: 120px\">&#8211; O envio da carteira f\u00edsica pode levar at\u00e9 7 dias \u00fateis e \u00e9 enviado via Correio (carta registrada)<\/div>\n<div dir=\"auto\"><\/div>\n<div dir=\"auto\"><\/div>\n<div dir=\"auto\" style=\"text-align: justify\">\u00a0 \u00a0 \u00a0 \u00a0 \u00a0 \u00a0 \u00a0 \u00a0 \u00a0 \u00a0 \u00a0 \u00a0 \u00a0 <strong>\u00a0O estudante pode fazer sua solicita\u00e7\u00e3o pela internet OU\u00a0 fazer a solicita\u00e7\u00e3o da sua carteirinha de forma presencial \u00a0na Unidade do CIEERS no valor de R$30,00, na hora do cadastro j\u00e1 recebe acesso \u00e0 vers\u00e3o digital e ap\u00f3s 15 dias pode retirar a carteira f\u00edsica na unidade do CIEERS (CIEE PELOTAS ( Rua Gon\u00e7alves Chaves, 756, Centro ) de segunda a sexta, das 8h \u00e0s 12h e das 13h30min \u00e0s 17h30min)<\/strong><\/div>\n<h2 style=\"text-align: justify;padding-left: 40px\"><span style=\"font-size: 12pt\"><span style=\"background-color: #ffff00\">2\u00ba PASSO<\/span> \u2013 Cadastro na Metroplan &#8211; Envio dos documentos necess\u00e1rios atrav\u00e9s da p\u00e1gina da PRAE. <\/span><\/h2>\n<p style=\"text-align: justify;padding-left: 40px\"><span style=\"font-size: 12pt\">Os documentos a serem enviados diferem entre bolsistas e n\u00e3o bolsistas da PRAE.<\/span><\/p>\n<h3 style=\"text-align: justify;padding-left: 80px\">Situa\u00e7\u00e3o 01 \u2013 Estudantes bolsistas da PRAE<\/h3>\n<p style=\"text-align: justify;padding-left: 120px\">Estudantes que s\u00e3o atendidos pela PRAE em pelo menos um programa de assist\u00eancia estudantil. Os documentos necess\u00e1rios s\u00e3o:<\/p>\n<p style=\"text-align: justify;padding-left: 120px\">\u2013 Foto 3\u00d74 (foto com fundo neutro, estudante n\u00e3o deve sorrir ou estar com \u00f3culos, bon\u00e9, boina&#8230;);<br \/>\n\u2013 Atestado de matr\u00edcula atualizado (emitido pelo Cobalto);<br \/>\n\u2013 Hist\u00f3rico Escolar da Gradua\u00e7\u00e3o atualizado (emitido pelo Cobalto);<br \/>\n&#8211; Anexo I (Autenticado em Cart\u00f3rio OU com assinatura do GovBR);<br \/>\n\u2013 RG e CPF;<br \/>\n\u2013 Carteirinha da AERGS (se ainda n\u00e3o tiver a carteirinha, solicite a carteirinha digital para a entidade);<br \/>\n\u2013 Comprovante de resid\u00eancia. ATEN\u00c7\u00c3O: caso o(a) aluno(a) n\u00e3o for o titular do comprovante de resid\u00eancia, favor anexar uma declara\u00e7\u00e3o do titular (assinada) descrevendo quem s\u00e3o os moradores da resid\u00eancia e qual a sua rela\u00e7\u00e3o (se o im\u00f3vel \u00e9 alugado, da fam\u00edlia, etc). Essa declara\u00e7\u00e3o deve vir acompanhada de c\u00f3pia do RG do Titular do comprovante apresentado.<\/p>\n<p style=\"padding-left: 120px\"><a href=\"https:\/\/wp.ufpel.edu.br\/prae\/files\/2024\/04\/anexo-I-novo.pdf\">Anexo I \u2013 Composi\u00e7\u00e3o Familiar<\/a><\/p>\n<p style=\"text-align: justify;padding-left: 120px\">O atestado de bolsista da PRAE ser\u00e1 emitido pela pr\u00f3pria PRAE.<\/p>\n<p style=\"padding-left: 120px\"><span style=\"color: #000000;background-color: #ffff00\"><a style=\"color: #000000;background-color: #ffff00\" href=\"https:\/\/wp.ufpel.edu.br\/prae\/coordenadoria-de-beneficios-estudantis\/passe-livre\/passe-livre-estudantes-bolsistas-da-prae-primeiro-cadastro\/\">Para o cadastro acesse o link: Passe Livre \u2013 Estudantes bolsistas da PRAE<\/a><\/span><\/p>\n<p>&nbsp;<\/p>\n<h3 style=\"padding-left: 80px\">Situa\u00e7\u00e3o 02 \u2013 Estudantes n\u00e3o bolsistas da PRAE<\/h3>\n<p style=\"text-align: justify;padding-left: 120px\">Estudantes n\u00e3o bolsistas da PRAE necessitam apresentar os documentos abaixo. Muita\u00a0aten\u00e7\u00e3o ao documento de Declara\u00e7\u00e3o da Composi\u00e7\u00e3o Familiar (Anexo I), que precisa ser\u00a0preenchido e assinado com reconhecimento de firma em\u00a0cart\u00f3rio. Comprovantes de renda dos membros da fam\u00edlia devem tamb\u00e9m ser\u00a0apresentados. Informa\u00e7\u00f5es sobre esses documentos podem ser obtidos no Anexo II.<\/p>\n<p style=\"padding-left: 120px\"><a href=\"https:\/\/wp.ufpel.edu.br\/prae\/files\/2024\/04\/anexo-I-novo.pdf\">Anexo I \u2013 Composi\u00e7\u00e3o Familiar<\/a><br \/>\n<a href=\"https:\/\/wp.ufpel.edu.br\/prae\/files\/2018\/04\/Anexo-II-Comprovacao-de-renda_.pdf\">Anexo II &#8211; Comprova\u00e7\u00e3o de renda_<\/a><\/p>\n<p style=\"text-align: justify;padding-left: 120px\">\u2013 Foto 3\u00d74 (foto com fundo neutro, estudante n\u00e3o deve sorrir ou estar com \u00f3culos, bon\u00e9, boina&#8230;);<br \/>\n\u2013 Atestado de matr\u00edcula atualizado (emitido pelo Cobalto);<br \/>\n\u2013 Hist\u00f3rico atualizado (emitido pelo Cobalto);<br \/>\n\u2013 RG e CPF;<br \/>\n\u2013 Carteirinha da AERGS (se ainda n\u00e3o tiver a carteirinha, solicite a carteirinha digital para a entidade);<br \/>\n\u2013 Comprovante de resid\u00eancia. ATEN\u00c7\u00c3O: caso o(a) aluno(a) n\u00e3o for o(a) titular do\u00a0comprovante de resid\u00eancia, favor anexar uma declara\u00e7\u00e3o do titular (assinada) descrevendo\u00a0quem s\u00e3o os moradores da resid\u00eancia e qual a sua rela\u00e7\u00e3o (se o im\u00f3vel \u00e9 alugado, da fam\u00edlia, etc). Essa declara\u00e7\u00e3o deve vir acompanhada de c\u00f3pia do RG do titular do comprovante\u00a0apresentado;<br \/>\n\u2013 Declara\u00e7\u00e3o de composi\u00e7\u00e3o familiar (Anexo 1). (Autenticado em Cart\u00f3rio OU com assinatura do GovBR)<br \/>\n\u2013 Comprovantes de renda familiar (verificar a rela\u00e7\u00e3o de documentos conforme o tipo de atividade no Anexo 2). <span style=\"background-color: #ccffcc\">ATEN\u00c7\u00c3O: Todos os comprovantes devem ser digitalizados em um \u00fanico documento. EST\u00c3O DISPENSADOS estudantes que recebam outros programas para estudantes em situa\u00e7\u00e3o de vulnerabilidade, como PROUNI, na modalidade integral, o Programa Nacional de Alimenta\u00e7\u00e3o Escolar &#8211; PNAE, o Programa RS Talentos, o Programa Professor do Amanh\u00e3 ou de outros programas p\u00fablicos assistenciais e de programas de entidades de ensino particulares que identifiquem e caracterizem as fam\u00edlias de baixa renda<\/span><\/p>\n<p style=\"padding-left: 120px\"><span style=\"background-color: #ffff00\"><a style=\"background-color: #ffff00\" href=\"https:\/\/wp.ufpel.edu.br\/prae\/coordenadoria-de-beneficios-estudantis\/passe-livre\/passe-livre-nao-bolsistas-ou-renovacao-anual\/\">Para o cadastro acesse o link: Passe Livre \u2013 Estudantes n\u00e3o bolsistas da PRAE<\/a><\/span><\/p>\n<p>&nbsp;<\/p>\n<hr \/>\n<p><span style=\"font-size: 18pt\"><strong>RENOVA\u00c7\u00c3O SEMESTRAL (APENAS PARA O SEGUNDO SEMESTRE)<\/strong><\/span><\/p>\n<p style=\"text-align: justify;padding-left: 40px\">Estudantes que tiveram cadastro no benef\u00edcio no primeiro semestre letivo devem solicitar a renova\u00e7\u00e3o.<\/p>\n<p style=\"text-align: justify;padding-left: 40px\">Em casos de renova\u00e7\u00e3o, os documentos solicitados s\u00e3o:<\/p>\n<p style=\"text-align: justify;padding-left: 80px\">a) atestado de matr\u00edcula do segundo semestre letivo (emitido pelo Cobalto);<\/p>\n<p style=\"text-align: justify;padding-left: 80px\">b) hist\u00f3rico escolar atualizado (incluindo as disciplinas e notas do primeiro semestre &#8211; emitido pelo Cobalto).<\/p>\n<p style=\"text-align: justify;padding-left: 40px\">Para encaminhar a renova\u00e7\u00e3o acesse: <span style=\"background-color: #00ffff\"><a style=\"background-color: #00ffff\" href=\"https:\/\/wp.ufpel.edu.br\/prae\/coordenacao_de_ingresso_e_beneficios\/passe-livre\/passe-facil-renovacao-semestral\/\">(formul\u00e1rio de renova\u00e7\u00e3o)<\/a><\/span><\/p>\n","protected":false},"excerpt":{"rendered":"<p>Dsde o ano de 2026 a UFPel est\u00e1 autorizada pela METROPLAN para a realiza\u00e7\u00e3o do cadastro estudantil para o acesso ao programa Programa Passe F\u00e1cil Estudantil (PFE). IMPORTANTE: A PRAE realiza apenas o cadastro. A an\u00e1lise e concess\u00e3o \u00e9 realizada EXCLUSIVAMENTE pela METROPLAN. Leia com aten\u00e7\u00e3o as informa\u00e7\u00f5es abaixo para fazer a sua solicita\u00e7\u00e3o. Salientamos &hellip; <\/p>\n<p class=\"link-more\"><a href=\"https:\/\/wp.ufpel.edu.br\/prae\/coordenacao_de_ingresso_e_beneficios\/passe-livre\/\" class=\"more-link\">Continue lendo<span class=\"screen-reader-text\"> &#8220;Passe F\u00e1cil Estudantil (PFE)&#8221;<\/span><\/a><\/p>\n","protected":false},"author":20,"featured_media":0,"parent":5,"menu_order":0,"comment_status":"closed","ping_status":"closed","template":"","meta":{"footnotes":""},"class_list":["post-6240","page","type-page","status-publish","hentry"],"_links":{"self":[{"href":"https:\/\/wp.ufpel.edu.br\/prae\/wp-json\/wp\/v2\/pages\/6240","targetHints":{"allow":["GET"]}}],"collection":[{"href":"https:\/\/wp.ufpel.edu.br\/prae\/wp-json\/wp\/v2\/pages"}],"about":[{"href":"https:\/\/wp.ufpel.edu.br\/prae\/wp-json\/wp\/v2\/types\/page"}],"author":[{"embeddable":true,"href":"https:\/\/wp.ufpel.edu.br\/prae\/wp-json\/wp\/v2\/users\/20"}],"replies":[{"embeddable":true,"href":"https:\/\/wp.ufpel.edu.br\/prae\/wp-json\/wp\/v2\/comments?post=6240"}],"version-history":[{"count":4,"href":"https:\/\/wp.ufpel.edu.br\/prae\/wp-json\/wp\/v2\/pages\/6240\/revisions"}],"predecessor-version":[{"id":18846,"href":"https:\/\/wp.ufpel.edu.br\/prae\/wp-json\/wp\/v2\/pages\/6240\/revisions\/18846"}],"up":[{"embeddable":true,"href":"https:\/\/wp.ufpel.edu.br\/prae\/wp-json\/wp\/v2\/pages\/5"}],"wp:attachment":[{"href":"https:\/\/wp.ufpel.edu.br\/prae\/wp-json\/wp\/v2\/media?parent=6240"}],"curies":[{"name":"wp","href":"https:\/\/api.w.org\/{rel}","templated":true}]}}