{"id":5630,"date":"2017-03-17T09:15:03","date_gmt":"2017-03-17T12:15:03","guid":{"rendered":"https:\/\/wp.ufpel.edu.br\/prae\/?page_id=5630"},"modified":"2019-07-03T09:57:29","modified_gmt":"2019-07-03T12:57:29","slug":"inscricao-indigenas-e-quilombolas","status":"publish","type":"page","link":"https:\/\/wp.ufpel.edu.br\/prae\/programa-bolsa-permanencia\/inscricao-indigenas-e-quilombolas\/","title":{"rendered":"Inscri\u00e7\u00e3o &#8211; Ind\u00edgenas e Quilombolas"},"content":{"rendered":"<p style=\"margin: 0cm;margin-bottom: .0001pt;text-align: center;background: white;vertical-align: baseline\" align=\"center\"><strong><span style=\"font-family: 'Georgia','serif';color: #666666\">ABERTAS AS INSCRI\u00c7\u00d5ES PARA IND\u00cdGENAS E QUILOMBOLAS NO PROGRAMA BOLSA PERMAN\u00caNCIA DO MEC<\/span><\/strong><\/p>\n<p style=\"text-align: justify\">Conforme Portaria MEC n\u00ba1.240 de 1\u00ba de julho de 2019,\u00a0<strong>est\u00e3o abertas de 02 de julho de 2019\u00a0 a 30 de agosto de 2019 <\/strong>as inscri\u00e7\u00f5es para o Programa Bolsa Perman\u00eancia para alunos Ind\u00edgenas e Quilombolas.<\/p>\n<p style=\"text-align: justify\">A documenta\u00e7\u00e3o necess\u00e1ria e\u00a0as orienta\u00e7\u00f5es encontram-se no EDITAL N\u00ba. 001\/2019\/NGP.<\/p>\n<p style=\"text-align: justify\">D\u00favidas podem ser esclarecidas atrav\u00e9s do telefone 32844300, do e-mail\u00a0<a href=\"mailto:praepermanencia@ufpel.edu.br\">praepermanencia@ufpel.edu.br<\/a>\u00a0ou diretamente no N\u00facleo de Gest\u00e3o de Programas da PRAE.<\/p>\n<p><a href=\"https:\/\/wp.ufpel.edu.br\/prae\/files\/2019\/07\/Edital-PBP.pdf\">Edital PBP<\/a><\/p>\n<p><a href=\"https:\/\/wp.ufpel.edu.br\/prae\/files\/2019\/07\/Anexos.pdf\">Anexos<\/a><\/p>\n","protected":false},"excerpt":{"rendered":"<p>ABERTAS AS INSCRI\u00c7\u00d5ES PARA IND\u00cdGENAS E QUILOMBOLAS NO PROGRAMA BOLSA PERMAN\u00caNCIA DO MEC Conforme Portaria MEC n\u00ba1.240 de 1\u00ba de julho de 2019,\u00a0est\u00e3o abertas de 02 de julho de 2019\u00a0 a 30 de agosto de 2019 as inscri\u00e7\u00f5es para o Programa Bolsa Perman\u00eancia para alunos Ind\u00edgenas e Quilombolas. A documenta\u00e7\u00e3o necess\u00e1ria e\u00a0as orienta\u00e7\u00f5es encontram-se no &hellip; <\/p>\n<p class=\"link-more\"><a href=\"https:\/\/wp.ufpel.edu.br\/prae\/programa-bolsa-permanencia\/inscricao-indigenas-e-quilombolas\/\" class=\"more-link\">Continue lendo<span class=\"screen-reader-text\"> &#8220;Inscri\u00e7\u00e3o &#8211; Ind\u00edgenas e Quilombolas&#8221;<\/span><\/a><\/p>\n","protected":false},"author":229,"featured_media":0,"parent":2444,"menu_order":0,"comment_status":"closed","ping_status":"closed","template":"","meta":{"footnotes":""},"class_list":["post-5630","page","type-page","status-publish","hentry"],"_links":{"self":[{"href":"https:\/\/wp.ufpel.edu.br\/prae\/wp-json\/wp\/v2\/pages\/5630","targetHints":{"allow":["GET"]}}],"collection":[{"href":"https:\/\/wp.ufpel.edu.br\/prae\/wp-json\/wp\/v2\/pages"}],"about":[{"href":"https:\/\/wp.ufpel.edu.br\/prae\/wp-json\/wp\/v2\/types\/page"}],"author":[{"embeddable":true,"href":"https:\/\/wp.ufpel.edu.br\/prae\/wp-json\/wp\/v2\/users\/229"}],"replies":[{"embeddable":true,"href":"https:\/\/wp.ufpel.edu.br\/prae\/wp-json\/wp\/v2\/comments?post=5630"}],"version-history":[{"count":6,"href":"https:\/\/wp.ufpel.edu.br\/prae\/wp-json\/wp\/v2\/pages\/5630\/revisions"}],"predecessor-version":[{"id":8316,"href":"https:\/\/wp.ufpel.edu.br\/prae\/wp-json\/wp\/v2\/pages\/5630\/revisions\/8316"}],"up":[{"embeddable":true,"href":"https:\/\/wp.ufpel.edu.br\/prae\/wp-json\/wp\/v2\/pages\/2444"}],"wp:attachment":[{"href":"https:\/\/wp.ufpel.edu.br\/prae\/wp-json\/wp\/v2\/media?parent=5630"}],"curies":[{"name":"wp","href":"https:\/\/api.w.org\/{rel}","templated":true}]}}