{"id":3023,"date":"2014-07-01T16:23:42","date_gmt":"2014-07-01T19:23:42","guid":{"rendered":"https:\/\/wp.ufpel.edu.br\/prae\/?page_id=3023"},"modified":"2023-08-11T14:28:29","modified_gmt":"2023-08-11T17:28:29","slug":"coordenacao-de-politicas-estudantis","status":"publish","type":"page","link":"https:\/\/wp.ufpel.edu.br\/prae\/coordenacao-de-politicas-estudantis\/","title":{"rendered":"COORDENA\u00c7\u00c3O DE POL\u00cdTICAS ESTUDANTIS (CPE)"},"content":{"rendered":"<p><a href=\"https:\/\/wp.ufpel.edu.br\/prae\/files\/2022\/02\/CPE_PRAE.png\"><img loading=\"lazy\" decoding=\"async\" class=\"size-medium wp-image-13063 aligncenter\" src=\"https:\/\/wp.ufpel.edu.br\/prae\/files\/2022\/02\/CPE_PRAE-400x127.png\" alt=\"\" width=\"400\" height=\"127\" srcset=\"https:\/\/wp.ufpel.edu.br\/prae\/files\/2022\/02\/CPE_PRAE-400x127.png 400w, https:\/\/wp.ufpel.edu.br\/prae\/files\/2022\/02\/CPE_PRAE-768x243.png 768w, https:\/\/wp.ufpel.edu.br\/prae\/files\/2022\/02\/CPE_PRAE.png 940w\" sizes=\"auto, (max-width: 400px) 100vw, 400px\" \/><\/a><\/p>\n<p style=\"text-align: justify\">A Coordena\u00e7\u00e3o de Pol\u00edticas Estudantis (CPE) \u00e9 o \u00f3rg\u00e3o respons\u00e1vel por planejar e implementar projetos e a\u00e7\u00f5es relacionadas \u00e0 perman\u00eancia, aprimoramento acad\u00eamico e demais pautas do interesse da pol\u00edtica estudantil na Universidade, sendo respons\u00e1vel pelas pol\u00edticas que norteiam as a\u00e7\u00f5es da PRAE, especialmente em rela\u00e7\u00e3o ao acolhimento, moradia, alimenta\u00e7\u00e3o e perman\u00eancia de estudantes da UFPel.<\/p>\n<p style=\"text-align: justify\">A CPE \u00e9 composta por duas Se\u00e7\u00f5es interligadas: a Se\u00e7\u00e3o de Moradias Estudantis (SME) e a Se\u00e7\u00e3o de Apoio aos Restaurantes Universit\u00e1rios (SARE).<\/p>\n<p><a href=\"https:\/\/wp.ufpel.edu.br\/prae\/files\/2022\/02\/CPE-JUNTO.png\"><img loading=\"lazy\" decoding=\"async\" class=\"alignnone size-large wp-image-13085\" src=\"https:\/\/wp.ufpel.edu.br\/prae\/files\/2022\/02\/CPE-JUNTO-1024x201.png\" alt=\"\" width=\"1024\" height=\"201\" srcset=\"https:\/\/wp.ufpel.edu.br\/prae\/files\/2022\/02\/CPE-JUNTO-1024x201.png 1024w, https:\/\/wp.ufpel.edu.br\/prae\/files\/2022\/02\/CPE-JUNTO-400x78.png 400w, https:\/\/wp.ufpel.edu.br\/prae\/files\/2022\/02\/CPE-JUNTO-768x151.png 768w, https:\/\/wp.ufpel.edu.br\/prae\/files\/2022\/02\/CPE-JUNTO-1536x301.png 1536w, https:\/\/wp.ufpel.edu.br\/prae\/files\/2022\/02\/CPE-JUNTO-2048x402.png 2048w\" sizes=\"auto, (max-width: 767px) 89vw, (max-width: 1000px) 54vw, (max-width: 1071px) 543px, 580px\" \/><\/a><\/p>\n<p><strong>Equipe:\u00a0<\/strong><\/p>\n<p>Ang\u00e9lica Teixeira da Silva Leitzke &#8211; Coordenadora de Pol\u00edticas Estudantis<\/p>\n<p>Gisele Ferreira Dutra \u2013 Chefe da Se\u00e7\u00e3o de Apoio aos Restaurantes Universit\u00e1rios\/Nutricionista<\/p>\n<p>Carolina Pereira das Neves &#8211; Nutricionista<\/p>\n<p>&nbsp;<\/p>\n<p><strong>Contato:<\/strong><\/p>\n<p>CPE\/SME: cpe.prae.ufpel@gmail.com<\/p>\n<p>SARE: ru.praeufpel@gmail.com (especificamente sobre o RU)<\/p>\n<p>&nbsp;<\/p>\n<p><strong>Hor\u00e1rios de atendimento:<\/strong><\/p>\n<p>08:00 \u2013 12:00 \/14:00 \u2013 18:00<\/p>\n<p>&nbsp;<\/p>\n<p style=\"text-align: justify\"><strong><a href=\"https:\/\/wp.ufpel.edu.br\/prae\/coordenacao-de-politicas-estudantis\/programa-de-moradia-estudantil\/\" target=\"_blank\" rel=\"noopener\">CLIQUE AQUI E VISITE A P\u00c1GINA DO PROGRAMA DE MORADIA ESTUDANTIL (PME)<\/a><\/strong><\/p>\n<p style=\"text-align: justify\"><strong><a href=\"https:\/\/wp.ufpel.edu.br\/prae\/coordenacao-de-politicas-estudantis\/programa-de-moradia-estudantil\/moradia-estudantil\/\">CLIQUE AQUI E VISITE A P\u00c1GINA DA CASA DO ESTUDANTE UNIVERSIT\u00c1RIO (CEU)<\/a><\/strong><\/p>\n<p><strong><a href=\"https:\/\/wp.ufpel.edu.br\/prae\/restaurante-universitario-2\/\">CLIQUE AQUI E VISITE A P\u00c1GINA DOS RESTAURANTES UNIVERSIT\u00c1RIOS<\/a><\/strong><\/p>\n","protected":false},"excerpt":{"rendered":"<p>A Coordena\u00e7\u00e3o de Pol\u00edticas Estudantis (CPE) \u00e9 o \u00f3rg\u00e3o respons\u00e1vel por planejar e implementar projetos e a\u00e7\u00f5es relacionadas \u00e0 perman\u00eancia, aprimoramento acad\u00eamico e demais pautas do interesse da pol\u00edtica estudantil na Universidade, sendo respons\u00e1vel pelas pol\u00edticas que norteiam as a\u00e7\u00f5es da PRAE, especialmente em rela\u00e7\u00e3o ao acolhimento, moradia, alimenta\u00e7\u00e3o e perman\u00eancia de estudantes da UFPel. &hellip; <\/p>\n<p class=\"link-more\"><a href=\"https:\/\/wp.ufpel.edu.br\/prae\/coordenacao-de-politicas-estudantis\/\" class=\"more-link\">Continue lendo<span class=\"screen-reader-text\"> &#8220;COORDENA\u00c7\u00c3O DE POL\u00cdTICAS ESTUDANTIS (CPE)&#8221;<\/span><\/a><\/p>\n","protected":false},"author":229,"featured_media":0,"parent":0,"menu_order":0,"comment_status":"closed","ping_status":"closed","template":"","meta":{"footnotes":""},"class_list":["post-3023","page","type-page","status-publish","hentry"],"_links":{"self":[{"href":"https:\/\/wp.ufpel.edu.br\/prae\/wp-json\/wp\/v2\/pages\/3023","targetHints":{"allow":["GET"]}}],"collection":[{"href":"https:\/\/wp.ufpel.edu.br\/prae\/wp-json\/wp\/v2\/pages"}],"about":[{"href":"https:\/\/wp.ufpel.edu.br\/prae\/wp-json\/wp\/v2\/types\/page"}],"author":[{"embeddable":true,"href":"https:\/\/wp.ufpel.edu.br\/prae\/wp-json\/wp\/v2\/users\/229"}],"replies":[{"embeddable":true,"href":"https:\/\/wp.ufpel.edu.br\/prae\/wp-json\/wp\/v2\/comments?post=3023"}],"version-history":[{"count":28,"href":"https:\/\/wp.ufpel.edu.br\/prae\/wp-json\/wp\/v2\/pages\/3023\/revisions"}],"predecessor-version":[{"id":15304,"href":"https:\/\/wp.ufpel.edu.br\/prae\/wp-json\/wp\/v2\/pages\/3023\/revisions\/15304"}],"wp:attachment":[{"href":"https:\/\/wp.ufpel.edu.br\/prae\/wp-json\/wp\/v2\/media?parent=3023"}],"curies":[{"name":"wp","href":"https:\/\/api.w.org\/{rel}","templated":true}]}}