{"id":30,"date":"2009-04-16T09:31:34","date_gmt":"2009-04-16T12:31:34","guid":{"rendered":"https:\/\/wp.ufpel.edu.br\/praec\/?page_id=30"},"modified":"2026-04-10T09:42:24","modified_gmt":"2026-04-10T12:42:24","slug":"programas_de_assistencia","status":"publish","type":"page","link":"https:\/\/wp.ufpel.edu.br\/prae\/coordenacao_de_ingresso_e_beneficios\/programas_de_assistencia\/","title":{"rendered":"Ingresso nos Programas"},"content":{"rendered":"<p style=\"text-align: left\" align=\"center\"><span style=\"font-family: georgia, palatino, serif;font-size: 12pt;color: #6d26c3\"><b>PROGRAMAS DE AUX\u00cdLIO ESTUDANTIL &#8211; PRAE\/UFPEL<\/b><\/span><\/p>\n<p><span style=\"font-family: georgia, palatino, serif;font-size: 12pt\">A Pr\u00f3-Reitoria de Assuntos Estudantis oferece, atualmente, via <strong>Programa de Assist\u00eancia Estudantil (PAE)<\/strong> da <strong>Pol\u00edtica Nacional de Assist\u00eancia Estudantil (PNAES) &#8211; <a href=\"https:\/\/www.planalto.gov.br\/ccivil_03\/_ato2023-2026\/2024\/lei\/L14914.htm\">Lei 14.914\/24<\/a><\/strong>, programas de aux\u00edlio estudantil voltados as principais diretrizes da referida lei.<\/span><\/p>\n<p><span style=\"font-family: georgia, palatino, serif\">A <a href=\"https:\/\/wp.ufpel.edu.br\/prae\/files\/2026\/04\/SEI_3632492_Resolucao_102_2025.pdf\" target=\"_blank\" rel=\"noopener\">Resolu\u00e7\u00e3o COCEPE 102\/25<\/a>, de 05 de dezembro de 2025, aprovou a<strong> Normativa Institucional do Programa de Assist\u00eancia Estudantil (PAE) na UFPel vinculado \u00e0 PNAES (PAE-UFPel)<\/strong>, que estabelece as diretrizes da oferta de todos os programas no \u00e2mbito da PNAES.<\/span><\/p>\n<p><span style=\"font-family: georgia, palatino, serif;font-size: 12pt\">Para ingressar nos programas de aux\u00edlio estudantil, o candidato deve, obrigatoriamente,\u00a0<strong>concorrer em edital p\u00fablico<\/strong>\u00a0e\u00a0<strong>ser deferido ap\u00f3s an\u00e1lise social e\/ou socioecon\u00f4mica<\/strong>. O(s) Edital(ais) de Sele\u00e7\u00e3o pode(m) ser lan\u00e7ado(s) \u00e0 crit\u00e9rio da PRAE, geralmente divulgado(s) em seu site na se\u00e7\u00e3o <a href=\"https:\/\/wp.ufpel.edu.br\/prae\/coordenacao_de_integracao_estudantil\/editais\/\">Editais<\/a>.<\/span><\/p>\n<p><span style=\"font-family: georgia, palatino, serif;font-size: 12pt\">Os programas de aux\u00edlio estudantil s\u00e3o regidos por\u00a0<strong>Resolu\u00e7\u00f5es Normativas<\/strong>, aprovadas pelo\u00a0<strong>Conselho de Ensino, Pesquisa e Extens\u00e3o \u2013 COCEPE<\/strong>.<\/span><\/p>\n<ul>\n<li><span style=\"font-family: georgia, palatino, serif;font-size: 12pt\"><strong>Programas de Aux\u00edlio da Pr\u00f3-Reitoria de Assuntos Estudantis em vig\u00eancia:<\/strong><\/span><\/li>\n<\/ul>\n<p style=\"padding-left: 80px\"><span style=\"font-family: georgia, palatino, serif;font-size: 12pt\">Programa de Aux\u00edlio Alimenta\u00e7\u00e3o:\u00a0 <a href=\"https:\/\/wp.ufpel.edu.br\/scs\/files\/2026\/03\/SEI_3764576_Resolucao_104_2026.pdf\" target=\"_blank\" rel=\"noopener\">Resolu\u00e7\u00e3o COCEPE 104\/26<\/a><\/span><\/p>\n<p style=\"padding-left: 80px\"><span style=\"font-family: georgia, palatino, serif;font-size: 12pt\">Programa de Aux\u00edlio Alimenta\u00e7\u00e3o para Estudantes com Necessidades Alimentares Restritivas: <a href=\"https:\/\/wp.ufpel.edu.br\/prae\/files\/2024\/09\/84_PNAR.pdf\" target=\"_blank\" rel=\"noopener\">Resolu\u00e7\u00e3o COCEPE 84\/24<\/a><\/span><\/p>\n<p style=\"padding-left: 80px\"><span style=\"font-family: georgia, palatino, serif;font-size: 12pt\">Programa de Aux\u00edlio Inclus\u00e3o Digital:\u00a0 <a href=\"https:\/\/wp.ufpel.edu.br\/prae\/files\/2024\/09\/83_PAID.pdf\" target=\"_blank\" rel=\"noopener\">Resolu\u00e7\u00e3o COCEPE 83\/24<\/a><\/span><\/p>\n<p style=\"padding-left: 80px\"><span style=\"font-family: georgia, palatino, serif;font-size: 12pt\">Programa de Aux\u00edlio Eventual: <a href=\"https:\/\/wp.ufpel.edu.br\/prae\/files\/2024\/09\/85_PAEVE.pdf\" target=\"_blank\" rel=\"noopener\">Resolu\u00e7\u00e3o COCEPE 85\/24<\/a><\/span><\/p>\n<p style=\"padding-left: 80px\"><span style=\"font-family: georgia, palatino, serif;font-size: 12pt\">Programa de Aux\u00edlio Transporte: <a href=\"https:\/\/wp.ufpel.edu.br\/prae\/files\/2026\/01\/SEI_3607734_Resolucao_97_2025_PAT.pdf\" target=\"_blank\" rel=\"noopener\">Resolu\u00e7\u00e3o COCEPE 97\/25<\/a><\/span><\/p>\n<p style=\"padding-left: 80px\"><span style=\"font-family: georgia, palatino, serif;font-size: 12pt\">Programa de Aux\u00edlio Deslocamento: <a href=\"https:\/\/wp.ufpel.edu.br\/prae\/files\/2026\/01\/SEI_3608032_Resolucao_98_2025_PAD.pdf\" target=\"_blank\" rel=\"noopener\">Resolu\u00e7\u00e3o COCEPE 98\/25<\/a><\/span><\/p>\n<p style=\"padding-left: 80px\"><span style=\"font-family: georgia, palatino, serif;font-size: 12pt\">Programa de Aux\u00edlio Pr\u00e9-escolar:\u00a0 <a href=\"https:\/\/wp.ufpel.edu.br\/prae\/files\/2026\/01\/SEI_3608338_Resolucao_99_2025_PAPE.pdf\" target=\"_blank\" rel=\"noopener\">Resolu\u00e7\u00e3o COCEPE 99\/25<\/a><\/span><\/p>\n<p class=\"gmail_default\" style=\"padding-left: 80px\"><span style=\"font-family: georgia, palatino, serif;font-size: 12pt\">Programa de Aux\u00edlio Instrumental Odontol\u00f3gico: <a class=\"mtli_attachment mtli_pdf\" href=\"https:\/\/wp.ufpel.edu.br\/scs\/files\/2015\/03\/Resolu%C3%A7%C3%A3o-COCEPE-082015.pdf\">Resolu\u00e7\u00e3o COCEPE 08\/15<\/a><\/span><\/p>\n<p class=\"gmail_default\" style=\"padding-left: 80px\"><span style=\"font-family: georgia, palatino, serif;font-size: 12pt\">Programa de Moradia Estudantil: <a href=\"https:\/\/wp.ufpel.edu.br\/prae\/files\/2026\/01\/SEI_3608358_Resolucao_100_2025_PME.pdf\" target=\"_blank\" rel=\"noopener\">Resolu\u00e7\u00e3o COCEPE 100\/25<\/a><\/span><\/p>\n<p style=\"padding-left: 80px\"><span style=\"font-family: georgia, palatino, serif;font-size: 12pt\">Programa de Aux\u00edlio Moradia: <a href=\"https:\/\/wp.ufpel.edu.br\/prae\/files\/2026\/01\/SEI_3608488_Resolucao_101_2025_PAM.pdf\" target=\"_blank\" rel=\"noopener\">Resolu\u00e7\u00e3o COCEPE 101\/25<\/a><\/span><\/p>\n<p style=\"padding-left: 80px\"><span style=\"font-family: georgia, palatino, serif;font-size: 12pt\">Programa de Acompanhamento Sociopsicopedag\u00f3gico: <a href=\"https:\/\/wp.ufpel.edu.br\/prae\/files\/2022\/02\/SEI_UFPel-1568217-Resolucao.pdf\">Resolu\u00e7\u00e3o COCEPE 25\/21<\/a> &#8211; Alterada pela <a href=\"https:\/\/wp.ufpel.edu.br\/prae\/files\/2022\/07\/SEI_UFPel-1715094-Resolucao.pdf\">Resolu\u00e7\u00e3o COCEPE 34\/22<\/a><\/span><\/p>\n<p>&nbsp;<\/p>\n<p><span style=\"font-family: georgia, palatino, serif;font-size: 12pt\">Manual de uso: <a href=\"https:\/\/wp.ufpel.edu.br\/prae\/files\/2023\/06\/Manual-de-uso-dos-Programas-de-Auxilio-Estudantil-PRAE_UFPEL.pdf\">Manual de uso dos Programas de Aux\u00edlio Estudantil PRAE_UFPEL<\/a><\/span><\/p>\n<p>&nbsp;<\/p>\n<p><span style=\"font-family: georgia, palatino, serif;font-size: 12pt\"><b>1. REQUISITOS<\/b><\/span><\/p>\n<p style=\"text-align: justify;padding-left: 40px\"><span style=\"font-family: georgia, palatino, serif;font-size: 12pt\">1.1. Estar regularmente matriculado em curso de gradua\u00e7\u00e3o ou p\u00f3s-gradua\u00e7\u00e3o presencial na UFPel;<\/span><\/p>\n<p style=\"text-align: justify;padding-left: 40px\"><span style=\"font-family: georgia, palatino, serif;font-size: 12pt\">1.2. N\u00e3o ter esgotado prazo de perman\u00eancia nos programas de assist\u00eancia estudantil da UFPel (conforme <a href=\"https:\/\/wp.ufpel.edu.br\/prae\/files\/2022\/02\/SEI_UFPel-1568217-Resolucao.pdf\">Resolu\u00e7\u00e3o COCEPE 25\/21<\/a>);<\/span><\/p>\n<p style=\"text-align: justify;padding-left: 40px\"><span style=\"font-family: georgia, palatino, serif;font-size: 12pt\">1.3. Atender ao requisitos da legisla\u00e7\u00e3o e aos crit\u00e9rios de sele\u00e7\u00e3o, especialmente os da <span style=\"font-family: georgia, palatino, serif\"><a href=\"https:\/\/wp.ufpel.edu.br\/prae\/files\/2026\/04\/SEI_3632492_Resolucao_102_2025.pdf\" target=\"_blank\" rel=\"noopener\">Resolu\u00e7\u00e3o COCEPE 102\/25<\/a><\/span>;<\/span><\/p>\n<p>&nbsp;<\/p>\n<p><span style=\"font-family: georgia, palatino, serif;font-size: 12pt\"><b>2. QUE BENEF\u00cdCIOS S\u00c3O DISPONIBILIZADOS PELA UFPEL?<\/b><\/span><\/p>\n<p style=\"padding-left: 40px\"><span style=\"font-family: georgia, palatino, serif;font-size: 12pt\">2.1. PROGRAMA DE AUX\u00cdLIO ALIMENTA\u00c7\u00c3O: uma ou duas refei\u00e7\u00f5es di\u00e1rias em qualquer unidade do Restaurante Universit\u00e1rio (RU). Para os moradores da Casa do Estudante e bolsistas contemplados, de acordo com o perfil socioecon\u00f4mico, s\u00e3o disponibilizadas at\u00e9 quatro refei\u00e7\u00f5es: caf\u00e9 da manh\u00e3, almo\u00e7o, jantar e ceia. <\/span><\/p>\n<p style=\"padding-left: 40px\"><span style=\"font-family: georgia, palatino, serif;font-size: 12pt\">2.2. PROGRAMA DE AUX\u00cdLIO ALIMENTA\u00c7\u00c3O PARA ESTUDANTES COM NECESSIDADES ALIMENTARES RESTRITIVAS: Programa ofertado em substitui\u00e7\u00e3o ao acesso tradicional aos Restaurantes Universit\u00e1rios para estudantes que necessitem de alimenta\u00e7\u00e3o restritiva.<\/span><\/p>\n<p style=\"padding-left: 40px\"><span style=\"font-family: georgia, palatino, serif;font-size: 12pt\">2.3. PROGRAMA DE AUX\u00cdLIO TRANSPORTE: custeio de vale-transporte para deslocamento de \u00f4nibus na \u00e1rea urbana de Pelotas.<\/span><\/p>\n<p style=\"padding-left: 40px\"><span style=\"font-family: georgia, palatino, serif;font-size: 12pt\">2.4. PROGRAMA DE AUX\u00cdLIO MORADIA (PAM): valor depositado mensalmente na conta corrente do estudante para auxiliar no pagamento aluguel na cidade de Pelotas, no per\u00edodo de seu curso, preferencialmente para estudantes oriundos de outros munic\u00edpio e\/ou estados. O PAM n\u00e3o pode ser solicitado concomitante com o Aux\u00edlio Deslocamento nem com o Programa de Moradia Estudantil.<\/span><\/p>\n<p style=\"padding-left: 40px\"><span style=\"font-family: georgia, palatino, serif;font-size: 12pt\">2.5. PROGRAMA DE MORADIA ESTUDANTIL (PME): uma vaga disponibilizada na casa do estudante, situada \u00e0 Rua 3 de maio, n\u00ba 1212. Essas vagas s\u00e3o oferecidas somente em casos de desocupa\u00e7\u00e3o por estudantes benefici\u00e1rios, podendo haver semestres em que n\u00e3o haver\u00e1 inscri\u00e7\u00e3o para esse programa. Obs.: N\u00e3o pode ser solicitado concomitante o Programa de Aux\u00edlio Deslocamento nem Programa de Aux\u00edlio Moradia.<\/span><\/p>\n<p style=\"padding-left: 40px\"><span style=\"font-family: georgia, palatino, serif;font-size: 12pt\">2.6. PROGRAMA DE AUX\u00cdLIO DESLOCAMENTO: valor depositado em conta corrente do estudante para aux\u00edlio ao deslocamento interurbano para aqueles que residem fora da \u00e1rea urbana de Pelotas e fora do Cap\u00e3o do Le\u00e3o, incluindo Col\u00f4nia Z3, Col\u00f4nia de Pelotas e munic\u00edpios que t\u00eam dist\u00e2ncia de at\u00e9 150 km de Pelotas. Obs.: N\u00e3o pode ser solicitado concomitante com Aux\u00edlio Moradia ou Moradia Estudantil, nem por alunos que residem no Cap\u00e3o do Le\u00e3o.<\/span><\/p>\n<p style=\"padding-left: 40px\"><span style=\"font-family: georgia, palatino, serif;font-size: 12pt\">2.7. PROGRAMA DE AUX\u00cdLIO PR\u00c9-ESCOLAR: valor depositado na conta corrente do estudante para aqueles que residem com filhos de at\u00e9 5 anos e 364 dias.<\/span><\/p>\n<p style=\"padding-left: 40px\"><span style=\"font-family: georgia, palatino, serif;font-size: 12pt\">2.8. PROGRAMA DE AUX\u00cdLIO INSTRUMENTAL ODONTOL\u00d3GICO: kit com instrumentos odontol\u00f3gicos para alunos do curso de gradua\u00e7\u00e3o em Odontologia.<\/span><\/p>\n<p style=\"padding-left: 40px\"><span style=\"font-family: georgia, palatino, serif;font-size: 12pt\">2.9. PROGRAMA DE\u00a0 AUX\u00cdLIO INCLUS\u00c3O DIGITAL: valor depositado em conta corrente do estudante para aux\u00edlio ao pagamento de fatura de conta de acesso \u00e0 internet na modalidade Bolsa Internet. Valor depositado em conta corrente do estudante para aux\u00edlio \u00e0 aquisi\u00e7\u00e3o de equipamento de acesso \u00e0 internet, fornecido uma vez durante a gradua\u00e7\u00e3o. Dependem de oferta em edital.<\/span><\/p>\n<p style=\"padding-left: 40px\"><span style=\"font-family: georgia, palatino, serif;font-size: 12pt\">2.10. PROGRAMA DE AUX\u00cdLIO EVENTUAL: valor em pec\u00fania (dinheiro) para estudantes em situa\u00e7\u00f5es espec\u00edficas, eventuais e excepcionais que necessitem de amparo financeiro imediato que de outra forma n\u00e3o sejam supridos pelos demais programas. Oferta em edital na ocorr\u00eancia de disponibilidade financeira.<\/span><\/p>\n<p>&nbsp;<\/p>\n<p><span style=\"font-family: georgia, palatino, serif;font-size: 12pt\"><b>3. COMO CONCORRER?<\/b><\/span><\/p>\n<p style=\"padding-left: 40px\"><span style=\"font-family: georgia, palatino, serif;font-size: 12pt\">Todos os estudantes devem realizar o processo seletivo conforme o Edital de Sele\u00e7\u00e3o publicado na se\u00e7\u00e3o \u00a0<a href=\"https:\/\/wp.ufpel.edu.br\/prae\/coordenacao_de_integracao_estudantil\/editais\/\">Editais<\/a>.<\/span><\/p>\n<p>&nbsp;<\/p>\n<p><span style=\"font-family: georgia, palatino, serif;font-size: 12pt\"><b>4. SETOR RESPONS\u00c1VEL<\/b><\/span><\/p>\n<p style=\"text-align: justify;padding-left: 40px\"><span style=\"font-family: georgia, palatino, serif;font-size: 12pt\">A an\u00e1lise do processo de sele\u00e7\u00e3o para ingresso nos programas de aux\u00edlio estudantil \u00e9 de realizado pela Coordena\u00e7\u00e3o de Ingresso e Benef\u00edcios (ci.prae.ufpel@gmail.com), vinculada \u00e0 PRAE\/UFPel.<\/span><\/p>\n<p>&nbsp;<\/p>\n<p style=\"text-align: justify\"><span style=\"font-family: georgia, palatino, serif;font-size: 12pt\"><b>5. COMO ACONTECE A SELE\u00c7\u00c3O?<\/b><\/span><\/p>\n<p style=\"text-align: justify;padding-left: 40px\"><span style=\"font-family: georgia, palatino, serif;font-size: 12pt\">6.1. A sele\u00e7\u00e3o \u00e9 feita via concurso p\u00fablico, atrav\u00e9s de edital cont\u00ednuo.<\/span><\/p>\n<p style=\"text-align: justify;padding-left: 40px\"><span style=\"font-family: georgia, palatino, serif;font-size: 12pt\">6.2. Todos os procedimentos, prazos e resultados s\u00e3o divulgados no edital em que o candidato se inscrever.<\/span><\/p>\n<p>&nbsp;<\/p>\n<p><span style=\"font-family: georgia, palatino, serif;font-size: 12pt\"><b>6. RESULTADO:<\/b><\/span><\/p>\n<p style=\"text-align: justify;padding-left: 40px\"><span style=\"font-family: georgia, palatino, serif;font-size: 12pt\">7.1. Pedido DEFERIDO (aprovado para receber os benef\u00edcios): procedimentos de cadastro constam no resultado. D\u00favidas sobre cadastro podem ser enviadas para o N\u00facleo de Gest\u00e3o de Programas (ngp.prae.ufpel@gmail.com).<\/span><\/p>\n<p style=\"text-align: justify;padding-left: 40px\"><span style=\"font-family: georgia, palatino, serif;font-size: 12pt\">7.2. Pedido INDEFERIDO (reprovado para receber os benef\u00edcios e\/ou ingressar pela cota): a partir da data do resultado, o candidato deve atentar ao prazo de recurso e ao n\u00famero de recursos cab\u00edveis, definidos por edital. A \u00faltima inst\u00e2ncia recursiva \u00e9 a Comiss\u00e3o de Assuntos e Rela\u00e7\u00f5es Estudantis.<\/span><\/p>\n","protected":false},"excerpt":{"rendered":"<p>PROGRAMAS DE AUX\u00cdLIO ESTUDANTIL &#8211; PRAE\/UFPEL A Pr\u00f3-Reitoria de Assuntos Estudantis oferece, atualmente, via Programa de Assist\u00eancia Estudantil (PAE) da Pol\u00edtica Nacional de Assist\u00eancia Estudantil (PNAES) &#8211; Lei 14.914\/24, programas de aux\u00edlio estudantil voltados as principais diretrizes da referida lei. A Resolu\u00e7\u00e3o COCEPE 102\/25, de 05 de dezembro de 2025, aprovou a Normativa Institucional do &hellip; <\/p>\n<p class=\"link-more\"><a href=\"https:\/\/wp.ufpel.edu.br\/prae\/coordenacao_de_ingresso_e_beneficios\/programas_de_assistencia\/\" class=\"more-link\">Continue lendo<span class=\"screen-reader-text\"> &#8220;Ingresso nos Programas&#8221;<\/span><\/a><\/p>\n","protected":false},"author":12,"featured_media":0,"parent":5,"menu_order":0,"comment_status":"closed","ping_status":"closed","template":"","meta":{"footnotes":""},"class_list":["post-30","page","type-page","status-publish","hentry"],"_links":{"self":[{"href":"https:\/\/wp.ufpel.edu.br\/prae\/wp-json\/wp\/v2\/pages\/30","targetHints":{"allow":["GET"]}}],"collection":[{"href":"https:\/\/wp.ufpel.edu.br\/prae\/wp-json\/wp\/v2\/pages"}],"about":[{"href":"https:\/\/wp.ufpel.edu.br\/prae\/wp-json\/wp\/v2\/types\/page"}],"author":[{"embeddable":true,"href":"https:\/\/wp.ufpel.edu.br\/prae\/wp-json\/wp\/v2\/users\/12"}],"replies":[{"embeddable":true,"href":"https:\/\/wp.ufpel.edu.br\/prae\/wp-json\/wp\/v2\/comments?post=30"}],"version-history":[{"count":3,"href":"https:\/\/wp.ufpel.edu.br\/prae\/wp-json\/wp\/v2\/pages\/30\/revisions"}],"predecessor-version":[{"id":18879,"href":"https:\/\/wp.ufpel.edu.br\/prae\/wp-json\/wp\/v2\/pages\/30\/revisions\/18879"}],"up":[{"embeddable":true,"href":"https:\/\/wp.ufpel.edu.br\/prae\/wp-json\/wp\/v2\/pages\/5"}],"wp:attachment":[{"href":"https:\/\/wp.ufpel.edu.br\/prae\/wp-json\/wp\/v2\/media?parent=30"}],"curies":[{"name":"wp","href":"https:\/\/api.w.org\/{rel}","templated":true}]}}