{"id":2,"date":"2009-04-13T11:03:41","date_gmt":"2009-04-13T14:03:41","guid":{"rendered":""},"modified":"2026-01-30T10:47:14","modified_gmt":"2026-01-30T13:47:14","slug":"sobre","status":"publish","type":"page","link":"https:\/\/wp.ufpel.edu.br\/prae\/sobre\/","title":{"rendered":"A PRAE"},"content":{"rendered":"<p style=\"text-align: justify\"><span style=\"font-size: 10pt\"><a href=\"https:\/\/wp.ufpel.edu.br\/prae\/files\/2022\/01\/Marca-PRAE-8-1.png\"><img loading=\"lazy\" decoding=\"async\" class=\"size-medium wp-image-12893 aligncenter\" src=\"https:\/\/wp.ufpel.edu.br\/prae\/files\/2022\/01\/Marca-PRAE-8-1-400x172.png\" alt=\"\" width=\"400\" height=\"172\" srcset=\"https:\/\/wp.ufpel.edu.br\/prae\/files\/2022\/01\/Marca-PRAE-8-1-400x172.png 400w, https:\/\/wp.ufpel.edu.br\/prae\/files\/2022\/01\/Marca-PRAE-8-1-1024x441.png 1024w, https:\/\/wp.ufpel.edu.br\/prae\/files\/2022\/01\/Marca-PRAE-8-1-768x330.png 768w, https:\/\/wp.ufpel.edu.br\/prae\/files\/2022\/01\/Marca-PRAE-8-1.png 1218w\" sizes=\"auto, (max-width: 400px) 100vw, 400px\" \/><\/a><\/span><\/p>\n<p style=\"text-align: justify\"><span style=\"font-size: 10pt\">A Pr\u00f3-Reitoria de Assuntos Estudantis (PRAE) foi criada no ano de 2007, a partir da identifica\u00e7\u00e3o da necessidade de atendimento aos estudantes de diversas partes do pa\u00eds, ingressantes atrav\u00e9s do Sistema de Sele\u00e7\u00e3o Unificada (SISU), que passaram a demandar a amplia\u00e7\u00e3o do programa de moradia estudantil e a cria\u00e7\u00e3o de alojamento provis\u00f3rio. Essa foi a motiva\u00e7\u00e3o para transformar a CAEC (Coordenadoria de Assuntos Estudantis e Comunit\u00e1rios) em uma Pr\u00f3-Reitoria, aumentando a capacidade de atendimento dos estudantes, com uma estrutura mais adequada para responder positivamente a essas demandas e a outras, que foram se apresentando com a consolida\u00e7\u00e3o dessa forma de ingresso na UFPel.<\/span><\/p>\n<p><span style=\"font-size: 10pt\">PDU PRAE 2020:\u00a0 <a href=\"https:\/\/portal.ufpel.edu.br\/wp-content\/uploads\/PRAE-PDU.pdf\">https:\/\/portal.ufpel.edu.br\/wp-content\/uploads\/PRAE-PDU.pdf<\/a><\/span><\/p>\n<p><span style=\"font-size: 10pt\">PDU PRAE 2022\/2-2024\/1: <a href=\"https:\/\/wp.ufpel.edu.br\/planejamentoufpel\/files\/2022\/08\/Pro-Reitoria-de-Assuntos-Estudantis.pdf\" target=\"_blank\" rel=\"noopener\">https:\/\/wp.ufpel.edu.br\/planejamentoufpel\/files\/2022\/08\/Pro-Reitoria-de-Assuntos-Estudantis.pdf<\/a><\/span><\/p>\n<p><span style=\"font-size: 10pt\">Veja a estrutura completa aqui: <a href=\"https:\/\/institucional.ufpel.edu.br\/unidades\/id\/212\">https:\/\/institucional.ufpel.edu.br\/unidades\/id\/212<\/a><\/span><\/p>\n<p><span style=\"font-size: 10pt\"><strong>Contatos<\/strong><\/span><\/p>\n<p><span style=\"font-size: 10pt\"><strong>Recep\u00e7\u00e3o da PRAE<\/strong> \u2013 +55 53 3284-4300 ou praec@ufpel.edu.br | Atendimento: 8h \u00e0s 18h<\/span><\/p>\n<p><span style=\"font-size: 10pt\"><strong>Coordena\u00e7\u00e3o de Ingresso e Benef\u00edcios<\/strong>\u00a0\u2013\u00a0ci.prae.ufpel@gmail.com | Atendimento: 8h \u00e0s 12h, 14h \u00e0s 18h<\/span><\/p>\n<p><span style=\"font-size: 10pt\"><strong>Coordena\u00e7\u00e3o de Perman\u00eancia<\/strong> \u2013 cp.prae.ufpel@gmail.com | Atendimento: 8h \u00e0s 12h, 14h \u00e0s 18h<\/span><\/p>\n<p><span style=\"font-size: 10pt\"><strong>Coordena\u00e7\u00e3o de Pol\u00edticas Estudantis<\/strong>\u00a0\u2013 cpe.prae.ufpel@gmail.com |\u00a0Atendimento: 8h \u00e0s 12h, 14h \u00e0s 18h<\/span><\/p>\n<p><span style=\"font-size: 10pt\"><strong>N\u00facleo de Apoio aos Restaurantes Universit\u00e1rios <\/strong>\u2013 ru.praeufpel@gmail.com |\u00a0Atendimento: 8h \u00e0s 12h, 14h \u00e0s 18h<\/span><\/p>\n<p><span style=\"font-size: 10pt\"><b>N\u00facleo de Sele\u00e7\u00e3o e Gest\u00e3o de Programas <\/b>\u2013 ngp.prae.ufpel@gmail.com | Atendimento: 8h \u00e0s 18h (atendimento ao p\u00fablico) &#8211; nsspraeufpel@gmail.com | Atendimento: 8h \u00e0s 20h (\u00e1rea de servi\u00e7o social)<\/span><\/p>\n<p><span style=\"font-size: 10pt\"><strong>N\u00facleo Psicopedag\u00f3gico de Apoio ao Discente<\/strong> \u2013 nupadi.prae@gmail.com\/ apoiopedagogico.prae.ufpel@gmail.com | Atendimento: 8h \u00e0s 1820h<\/span><\/p>\n<hr \/>\n<p style=\"text-align: center\"><span style=\"font-size: 10pt\"><strong>EQUIPE<\/strong><\/span><\/p>\n<p style=\"text-align: center\"><span style=\"font-size: 10pt\"><strong>JOSY DIAS ANACLETO \u2013 Pr\u00f3-Reitora<\/strong><\/span><\/p>\n<p style=\"padding-left: 40px\"><span style=\"font-size: 10pt\">Morgana Riva &#8211; Assessora da Pr\u00f3-Reitoria<\/span><\/p>\n<p><span style=\"font-size: 10pt\"><strong>Coordena\u00e7\u00e3o de Ingresso e Benef\u00edcios (CIB)<\/strong><\/span><\/p>\n<p><span style=\"font-size: 10pt\">Rosendo da Rosa Caetano \u2013 Coordenador<\/span><\/p>\n<p style=\"padding-left: 40px\"><span style=\"font-size: 10pt\">Gabriele Blank Rodrigues \u2013 Chefe do N\u00facleo de Sele\u00e7\u00e3o e Gest\u00e3o de Programas\/Assistente em Administra\u00e7\u00e3o<\/span><\/p>\n<p style=\"padding-left: 80px\"><span style=\"font-size: 10pt\">Alan Konzgen Zibetti \u2013 Assistente em Administra\u00e7\u00e3o<\/span><\/p>\n<p style=\"padding-left: 80px\"><span style=\"font-size: 10pt\">Marli Leitzke \u2013 Assistente em Administra\u00e7\u00e3o<\/span><\/p>\n<p style=\"padding-left: 80px\"><span style=\"font-size: 10pt\">Vagner da Costa Ortiz \u2013 Assistente em Administra\u00e7\u00e3o<\/span><\/p>\n<p style=\"padding-left: 80px\"><span style=\"font-size: 10pt\">Catia Sinara Da Silva Tavares \u2013 Assistente Social<\/span><\/p>\n<p style=\"padding-left: 80px\"><span style=\"font-size: 10pt\">Cristine Kruger Garcias \u2013\u00a0Assistente Social<\/span><\/p>\n<p style=\"padding-left: 80px\"><span style=\"font-size: 10pt\">Fluvia Ribeiro Bastos \u2013 Assistente Social<\/span><\/p>\n<p style=\"padding-left: 80px\"><span style=\"font-size: 10pt\">Priscila Soares Pepe \u2013 Assistente Social<\/span><\/p>\n<p style=\"padding-left: 80px\"><span style=\"font-size: 10pt\">Rosemeri De Freitas Ulguim Amaral \u2013 Assistente Social\u00a0<\/span><\/p>\n<p style=\"padding-left: 80px\"><span style=\"font-size: 10pt\">Simone Coelho Da Costa Pinto \u2013 Assistente Social<\/span><\/p>\n<p><span style=\"font-size: 10pt\"><strong>Coordena\u00e7\u00e3o de Pol\u00edticas Estudantis (CPE)<br \/>\n<\/strong><\/span><\/p>\n<p><span style=\"font-size: 10pt\">Stephanie Regina Wautier Schaefer Batista \u2013 Coordenadora<\/span><\/p>\n<p style=\"padding-left: 40px\"><span style=\"font-size: 10pt\">Vagner da Costa Ortiz &#8211; Chefe do N\u00facleo de Moradia Estudantil<\/span><\/p>\n<p style=\"padding-left: 40px\"><span style=\"font-size: 10pt\">Gisele Ferreira Dutra \u2013 Chefe do N\u00facleo de Apoio aos Restaurantes Universit\u00e1rios\/Nutricionista<\/span><\/p>\n<p style=\"padding-left: 80px\"><span style=\"font-size: 10pt\">Caroline Pereira das Neves &#8211; Nutricionista<\/span><\/p>\n<p><span style=\"font-size: 10pt\"><strong>Coordena\u00e7\u00e3o de Perman\u00eancia (CP)<\/strong><\/span><\/p>\n<p><span style=\"font-size: 10pt\">Ang\u00e9lica Teixeira da Silva Leitzke \u2013 Coordenadora<br \/>\n<\/span><span style=\"font-size: 10pt\">Juliana Antunes Souza &#8211; Coordenadora em exerc\u00edcio<\/span><\/p>\n<p style=\"padding-left: 40px\"><span style=\"font-size: 10pt\">Lisandra Berni Osorio \u2013 Chefe do N\u00facleo Psicopedag\u00f3gico de Apoio ao Discente\/Psic\u00f3loga<\/span><\/p>\n<p><span style=\"font-size: 10pt\">\u00a0 \u00a0 \u00a0 \u00a0 \u00a0 \u00a0 \u00a0 \u00a0 \u00a0 \u00a0 \u00a0 \u00a0 \u00a0 \u00a0 Celia Artemisa Gomes Rodrigues Miranda &#8211; Pedagoga<\/span><\/p>\n<p style=\"padding-left: 80px\"><span style=\"font-size: 10pt\">Daniele Concli Loureiro \u2013 Psic\u00f3loga (em afastamento)<\/span><\/p>\n<p><span style=\"font-size: 10pt\">\u00a0 \u00a0 \u00a0 \u00a0 \u00a0 \u00a0 \u00a0 \u00a0 \u00a0 \u00a0 \u00a0 \u00a0 \u00a0 \u00a0 Irlla Mary Brito da Silva &#8211; Pedagoga<\/span><\/p>\n<p style=\"padding-left: 80px\"><span style=\"font-size: 10pt\">M\u00e1rcio Lorea Gon\u00e7alves \u2013 M\u00e9dico\/Psiquiatra<\/span><\/p>\n<p><span style=\"font-size: 10pt\">\u00a0 \u00a0 \u00a0 \u00a0 \u00a0 \u00a0 \u00a0 \u00a0 \u00a0 \u00a0 \u00a0 \u00a0 \u00a0 \u00a0 Rog\u00e9ria Aparecida Cruz Guttier &#8211; Pedagoga<\/span><\/p>\n<p style=\"padding-left: 80px\"><span style=\"font-size: 10pt\">Thaise Campos Mondin \u2013 Psic\u00f3loga<\/span><\/p>\n<p style=\"padding-left: 80px\"><span style=\"font-size: 10pt\">Claudiane Rockemback Gon\u00e7alves &#8211; Assistente Social<br \/>\n<\/span><\/p>\n<p style=\"padding-left: 80px\"><span style=\"font-size: 10pt\">Giani da Cunha Duarte &#8211; Enfermeira<\/p>\n<p><\/span><span style=\"font-size: 10pt\">Sunamita Rodrigues de Castro M\u00e1ximo &#8211; Enfermeira<\/p>\n<p>Tatiane Costa da Costa &#8211; Enfermeira<\/span><\/p>\n<p>&nbsp;<\/p>\n","protected":false},"excerpt":{"rendered":"<p>A Pr\u00f3-Reitoria de Assuntos Estudantis (PRAE) foi criada no ano de 2007, a partir da identifica\u00e7\u00e3o da necessidade de atendimento aos estudantes de diversas partes do pa\u00eds, ingressantes atrav\u00e9s do Sistema de Sele\u00e7\u00e3o Unificada (SISU), que passaram a demandar a amplia\u00e7\u00e3o do programa de moradia estudantil e a cria\u00e7\u00e3o de alojamento provis\u00f3rio. Essa foi a &hellip; <\/p>\n<p class=\"link-more\"><a href=\"https:\/\/wp.ufpel.edu.br\/prae\/sobre\/\" class=\"more-link\">Continue lendo<span class=\"screen-reader-text\"> &#8220;A PRAE&#8221;<\/span><\/a><\/p>\n","protected":false},"author":1,"featured_media":0,"parent":0,"menu_order":0,"comment_status":"closed","ping_status":"closed","template":"","meta":{"footnotes":""},"class_list":["post-2","page","type-page","status-publish","hentry"],"_links":{"self":[{"href":"https:\/\/wp.ufpel.edu.br\/prae\/wp-json\/wp\/v2\/pages\/2","targetHints":{"allow":["GET"]}}],"collection":[{"href":"https:\/\/wp.ufpel.edu.br\/prae\/wp-json\/wp\/v2\/pages"}],"about":[{"href":"https:\/\/wp.ufpel.edu.br\/prae\/wp-json\/wp\/v2\/types\/page"}],"author":[{"embeddable":true,"href":"https:\/\/wp.ufpel.edu.br\/prae\/wp-json\/wp\/v2\/users\/1"}],"replies":[{"embeddable":true,"href":"https:\/\/wp.ufpel.edu.br\/prae\/wp-json\/wp\/v2\/comments?post=2"}],"version-history":[{"count":3,"href":"https:\/\/wp.ufpel.edu.br\/prae\/wp-json\/wp\/v2\/pages\/2\/revisions"}],"predecessor-version":[{"id":18787,"href":"https:\/\/wp.ufpel.edu.br\/prae\/wp-json\/wp\/v2\/pages\/2\/revisions\/18787"}],"wp:attachment":[{"href":"https:\/\/wp.ufpel.edu.br\/prae\/wp-json\/wp\/v2\/media?parent=2"}],"curies":[{"name":"wp","href":"https:\/\/api.w.org\/{rel}","templated":true}]}}