{"id":18699,"date":"2026-01-05T09:06:12","date_gmt":"2026-01-05T12:06:12","guid":{"rendered":"https:\/\/wp.ufpel.edu.br\/prae\/?page_id=18699"},"modified":"2026-04-09T12:01:25","modified_gmt":"2026-04-09T15:01:25","slug":"editais-2026","status":"publish","type":"page","link":"https:\/\/wp.ufpel.edu.br\/prae\/editais-2026\/","title":{"rendered":"Editais 2026"},"content":{"rendered":"<p><span style=\"color: #99cc00\"><strong>Editais Abertos<\/strong><\/span><\/p>\n<p style=\"padding-left: 40px\"><strong>INSCRI\u00c7\u00d5ES ABERTAS<\/strong><\/p>\n<p style=\"padding-left: 80px\">INGRESSO EM BENEF\u00cdCIOS:<\/p>\n<p style=\"padding-left: 120px\"><a href=\"https:\/\/wp.ufpel.edu.br\/prae\/files\/2026\/03\/SEI_23110.008139_2026_05.pdf\" target=\"_blank\" rel=\"noopener\">Edital PRAE 04\/26 &#8211; Sele\u00e7\u00e3o para os Programas de Aux\u00edlio Estudantil &#8211; GRADUA\u00c7\u00c3O<\/a><\/p>\n<p style=\"padding-left: 160px\"><a href=\"https:\/\/docs.google.com\/spreadsheets\/d\/e\/2PACX-1vR5PK-gG-Inhce39_f7A73AUMnzqSIuJKtyX58whEpxLnPiMCCTmd_vC7APKm7ah4eTa8XVokhXSCDC\/pubhtml?gid=1894398709&amp;single=true\" target=\"_blank\" rel=\"noopener\">Resultados parciais<\/a><\/p>\n<p style=\"padding-left: 80px\">BOLSA INTERNET:<\/p>\n<p style=\"padding-left: 120px\"><a href=\"https:\/\/wp.ufpel.edu.br\/prae\/files\/2026\/01\/Edital_01_26_Auxilio_Internet.pdf\" target=\"_blank\" rel=\"noopener\">Edital PRAE 01\/26 &#8211; Auxilio_Internet<\/a><\/p>\n<p style=\"padding-left: 160px\"><a href=\"https:\/\/docs.google.com\/spreadsheets\/d\/e\/2PACX-1vTicLKsfFIAKk8PQrKLnNEO2i4xXa-HW53-dvfMSVOcNGRLJbWu9P4_CeOoYGVDHgEYMBnd4Bv_2e6O\/pubhtml?gid=1310443854&amp;single=true\" target=\"_blank\" rel=\"noopener\">Resultados Parciais<\/a><\/p>\n<p style=\"padding-left: 80px\">PROGRAMA DE AUX\u00cdLIO EVENTUAL:<\/p>\n<p style=\"padding-left: 120px\"><a href=\"https:\/\/wp.ufpel.edu.br\/prae\/files\/2026\/01\/SEI_23110.000264_2026_69_Edital_3_26_PAEVE.pdf\" target=\"_blank\" rel=\"noopener\">Edital PRAE 3\/26 \u2013 Aux\u00edlio Eventual Aten\u00e7\u00e3o Social \u00e0 Perman\u00eancia<\/a><\/p>\n<p style=\"padding-left: 160px\"><a href=\"https:\/\/docs.google.com\/spreadsheets\/d\/e\/2PACX-1vStuKqrbFF5fg9j6_Wa4ze9vtyb04BKL-Bsj2O6rpdRSRnfjrNWTiSDqy1qiax3WFk3bqE_rgjrEULs\/pubhtml?gid=1342823697&amp;single=true\" target=\"_blank\" rel=\"noopener\">Resultados Parciais<\/a><\/p>\n<p>&nbsp;<\/p>\n<p style=\"padding-left: 40px\"><strong>INSCRI\u00c7\u00d5ES ENCERRADAS<\/strong><\/p>\n<p style=\"padding-left: 80px\">INGRESSO EM BENEF\u00cdCIOS:<\/p>\n<p style=\"padding-left: 120px\"><a href=\"https:\/\/wp.ufpel.edu.br\/prae\/files\/2026\/01\/Edital_PRAE_02_26_Beneficios_Graduacao.pdf\" target=\"_blank\" rel=\"noopener\">Edital PRAE 02\/26 \u2013 Sele\u00e7\u00e3o para os Programas de Aux\u00edlio Estudantil \u2013 GRADUA\u00c7\u00c3O<\/a><\/p>\n<p style=\"padding-left: 160px\"><a href=\"https:\/\/docs.google.com\/spreadsheets\/d\/e\/2PACX-1vR7OIvoahOfmZPBtwidKA8_mgHuGdG7Kw0f_W6nHmyDL5K37SQtkw9cw4SiPBsjSK_WReuHHg7f-62y\/pubhtml?gid=1682480789&amp;single=true\" target=\"_blank\" rel=\"noopener\">Resultados Parciais<\/a><\/p>\n<p style=\"padding-left: 80px\">PROGRAMA DE AUX\u00cdLIO EVENTUAL:<\/p>\n<p style=\"padding-left: 120px\"><a href=\"https:\/\/wp.ufpel.edu.br\/prae\/files\/2025\/11\/SEI_23110.043105_2025_78_Edital_PRAE_9_25.pdf\" target=\"_blank\" rel=\"noopener\">Edital PRAE 9\/25 \u2013 Aux\u00edlio Eventual Aten\u00e7\u00e3o Social \u00e0 Perman\u00eancia<\/a><\/p>\n","protected":false},"excerpt":{"rendered":"<p>Editais Abertos INSCRI\u00c7\u00d5ES ABERTAS INGRESSO EM BENEF\u00cdCIOS: Edital PRAE 04\/26 &#8211; Sele\u00e7\u00e3o para os Programas de Aux\u00edlio Estudantil &#8211; GRADUA\u00c7\u00c3O Resultados parciais BOLSA INTERNET: Edital PRAE 01\/26 &#8211; Auxilio_Internet Resultados Parciais PROGRAMA DE AUX\u00cdLIO EVENTUAL: Edital PRAE 3\/26 \u2013 Aux\u00edlio Eventual Aten\u00e7\u00e3o Social \u00e0 Perman\u00eancia Resultados Parciais &nbsp; INSCRI\u00c7\u00d5ES ENCERRADAS INGRESSO EM BENEF\u00cdCIOS: Edital PRAE &hellip; <\/p>\n<p class=\"link-more\"><a href=\"https:\/\/wp.ufpel.edu.br\/prae\/editais-2026\/\" class=\"more-link\">Continue lendo<span class=\"screen-reader-text\"> &#8220;Editais 2026&#8221;<\/span><\/a><\/p>\n","protected":false},"author":229,"featured_media":0,"parent":0,"menu_order":0,"comment_status":"closed","ping_status":"closed","template":"","meta":{"footnotes":""},"class_list":["post-18699","page","type-page","status-publish","hentry"],"_links":{"self":[{"href":"https:\/\/wp.ufpel.edu.br\/prae\/wp-json\/wp\/v2\/pages\/18699","targetHints":{"allow":["GET"]}}],"collection":[{"href":"https:\/\/wp.ufpel.edu.br\/prae\/wp-json\/wp\/v2\/pages"}],"about":[{"href":"https:\/\/wp.ufpel.edu.br\/prae\/wp-json\/wp\/v2\/types\/page"}],"author":[{"embeddable":true,"href":"https:\/\/wp.ufpel.edu.br\/prae\/wp-json\/wp\/v2\/users\/229"}],"replies":[{"embeddable":true,"href":"https:\/\/wp.ufpel.edu.br\/prae\/wp-json\/wp\/v2\/comments?post=18699"}],"version-history":[{"count":3,"href":"https:\/\/wp.ufpel.edu.br\/prae\/wp-json\/wp\/v2\/pages\/18699\/revisions"}],"predecessor-version":[{"id":18873,"href":"https:\/\/wp.ufpel.edu.br\/prae\/wp-json\/wp\/v2\/pages\/18699\/revisions\/18873"}],"wp:attachment":[{"href":"https:\/\/wp.ufpel.edu.br\/prae\/wp-json\/wp\/v2\/media?parent=18699"}],"curies":[{"name":"wp","href":"https:\/\/api.w.org\/{rel}","templated":true}]}}