{"id":17843,"date":"2025-04-03T20:52:21","date_gmt":"2025-04-03T23:52:21","guid":{"rendered":"https:\/\/wp.ufpel.edu.br\/prae\/?page_id=17843"},"modified":"2025-09-12T15:49:19","modified_gmt":"2025-09-12T18:49:19","slug":"programacao-da-acolhida-2025-1","status":"publish","type":"page","link":"https:\/\/wp.ufpel.edu.br\/prae\/programacao-da-acolhida-2025-1\/","title":{"rendered":"Programa\u00e7\u00e3o da Acolhida 2025\/2"},"content":{"rendered":"<p style=\"text-align: center\"><span style=\"font-size: 14pt\"><strong>SEGUNDA-FEIRA (15\/09)<\/strong><\/span><\/p>\n<p><span style=\"background-color: #ffcc99\"><strong><span style=\"font-size: 12pt;background-color: #ffcc99\"><span style=\"font-size: 10pt;background-color: #ffcc99\">Campus Cap\u00e3o do Le\u00e3o <\/span><\/span><\/strong><span style=\"font-size: 8pt;background-color: #ffcc99\">(Em frente ao RU) <\/span><span style=\"font-size: 12pt;background-color: #ffcc99\"><span style=\"font-size: 10pt;background-color: #ffcc99\"><span style=\"font-size: 8pt;background-color: #ffcc99\"><a style=\"background-color: #ffcc99\" href=\"https:\/\/g.co\/kgs\/a9boeHj\">Localiza\u00e7\u00e3o<\/a><\/span><\/span><\/span><\/span><\/p>\n<p><span style=\"background-color: #ffcc99\"><strong><span style=\"font-size: 12pt;background-color: #ffcc99\"><span style=\"font-size: 10pt;background-color: #ffcc99\">09:00 \u00e0s 15:00<br \/>\n<\/span><\/span><\/strong><\/span><span style=\"font-size: 10pt\">&#8211; Prae Acolhe:\u00a0 A\u00e7\u00f5es preventivas em sa\u00fade (verifica\u00e7\u00e3o de press\u00e3o, testes ISTs, distribui\u00e7\u00e3o de preservativos, vacina\u00e7\u00e3o)<br \/>\n<\/span><span style=\"font-size: 10pt\">&#8211; Brech\u00f3 Solid\u00e1rio da PRAE<br \/>\n<\/span><span style=\"font-size: 10pt\">&#8211; Servi\u00e7o Social Itinerante: Conhe\u00e7a os aux\u00edlios estudantis e inscreva-se!\u00a0<\/span><\/p>\n<p><span style=\"font-size: 10pt\"><span style=\"background-color: #ffcc99\"><strong><span style=\"font-size: 12pt;background-color: #ffcc99\"><span style=\"font-size: 10pt;background-color: #ffcc99\">10:00 \u00e0s 15:00<br \/>\n<\/span><\/span><\/strong><\/span><\/span><span style=\"font-size: 10pt\">&#8211; Feira Estudantil<\/span><\/p>\n<p><span style=\"font-size: 10pt\"><span style=\"background-color: #ffcc99\"><strong><span style=\"font-size: 12pt;background-color: #ffcc99\"><span style=\"font-size: 10pt;background-color: #ffcc99\">A partir das 17:30<br \/>\n<\/span><\/span><\/strong><\/span><\/span><span style=\"font-size: 10pt\">&#8211; Abertura do Restaurante Universit\u00e1rio para o jantar<br \/>\n&#8211; ATRA\u00c7\u00c3O CULTURAL: Movimento N\u00f3s do Rap<\/span><\/p>\n<p>&nbsp;<\/p>\n<p style=\"text-align: center\"><span style=\"font-size: 10pt\"><span style=\"font-size: 14pt\"><strong>QUARTA-FEIRA (17\/09)<\/strong><\/span><\/span><\/p>\n<p><span style=\"font-size: 10pt;background-color: #ffcc99\"><strong>09:00 \u00e0s 15:00 &#8211; Campus Anglo <\/strong><span style=\"font-size: 8pt;background-color: #ffcc99\"><a style=\"background-color: #ffcc99\" href=\"https:\/\/g.co\/kgs\/Y7rY21C\">Localiza\u00e7\u00e3o<\/a><\/span><\/span><\/p>\n<p><span style=\"background-color: #ffcc99\"><strong><span style=\"font-size: 12pt;background-color: #ffcc99\"><span style=\"font-size: 10pt;background-color: #ffcc99\">09:00 \u00e0s 15:00<br \/>\n<\/span><\/span><\/strong><\/span><span style=\"font-size: 10pt\">&#8211; Prae Acolhe:\u00a0 A\u00e7\u00f5es preventivas em sa\u00fade (verifica\u00e7\u00e3o de press\u00e3o, testes ISTs, distribui\u00e7\u00e3o de preservativos, vacina\u00e7\u00e3o)<br \/>\n<\/span><span style=\"font-size: 10pt\">&#8211; Yoga Chin\u00eas<br \/>\n&#8211; Tai Chi Chuan<br \/>\n&#8211; Auriculoterapia<br \/>\n<\/span><span style=\"font-size: 10pt\">&#8211; Brech\u00f3 Solid\u00e1rio da PRAE<br \/>\n<\/span><span style=\"font-size: 10pt\">&#8211; Servi\u00e7o Social Itinerante: Conhe\u00e7a os aux\u00edlios estudantis e inscreva-se!\u00a0<\/span><\/p>\n<p><span style=\"font-size: 10pt\"><span style=\"background-color: #ffcc99\"><strong><span style=\"font-size: 12pt;background-color: #ffcc99\"><span style=\"font-size: 10pt;background-color: #ffcc99\">10:00 \u00e0s 15:00<br \/>\n<\/span><\/span><\/strong><\/span><\/span><span style=\"font-size: 10pt\">&#8211; Feira Estudantil<\/span><\/p>\n<p>&nbsp;<\/p>\n<p style=\"text-align: center\"><span style=\"font-size: 14pt\"><strong>QUINTA-FEIRA (19\/09)<\/strong><\/span><\/p>\n<p><span style=\"background-color: #ffcc99\"><strong><span style=\"font-size: 10pt;background-color: #ffcc99\">15:00 \u00e0s 19:00 &#8211; Largo do Bola<\/span><\/strong> <span style=\"font-size: 10pt;background-color: #ffcc99\"><span style=\"font-size: 8pt;background-color: #ffcc99\"><a style=\"background-color: #ffcc99\" href=\"https:\/\/g.co\/kgs\/G98E7Xc\">Localiza\u00e7\u00e3o<\/a><\/span><\/span><\/span><\/p>\n<p><span style=\"font-size: 10pt\">&#8211; Feira Estudantil<br \/>\n&#8211; Brech\u00f3 Solid\u00e1rio da PRAE<br \/>\n&#8211; Servi\u00e7o Social Itinerante: Conhe\u00e7a os aux\u00edlios estudantis e inscreva-se!<br \/>\n<\/span><\/p>\n<p>&nbsp;<\/p>\n<p style=\"text-align: center\"><span style=\"font-size: 14pt\"><strong>QUINTA-FEIRA (25\/09)<\/strong><\/span><\/p>\n<p><span style=\"background-color: #ffcc99\"><strong><span style=\"font-size: 10pt;background-color: #ffcc99\">14:00 \u00e0s 18:00 &#8211; Campus II, sala 106<\/span><\/strong> <span style=\"font-size: 10pt;background-color: #ffcc99\"><span style=\"font-size: 8pt;background-color: #ffcc99\"><a style=\"background-color: #ffcc99\" href=\"https:\/\/maps.app.goo.gl\/P4KpxEDFVnuYtoH89\">Localiza\u00e7\u00e3o<\/a><\/span><\/span><\/span><\/p>\n<p><span style=\"font-size: 10pt\">&#8211; Acolhida para todos os estudantes internacionais<br \/>\n&#8211; Brech\u00f3 Solid\u00e1rio da PRAE<br \/>\n&#8211; Servi\u00e7o Social Itinerante: Conhe\u00e7a os aux\u00edlios estudantis e inscreva-se!<\/span><\/p>\n","protected":false},"excerpt":{"rendered":"<p>SEGUNDA-FEIRA (15\/09) Campus Cap\u00e3o do Le\u00e3o (Em frente ao RU) Localiza\u00e7\u00e3o 09:00 \u00e0s 15:00 &#8211; Prae Acolhe:\u00a0 A\u00e7\u00f5es preventivas em sa\u00fade (verifica\u00e7\u00e3o de press\u00e3o, testes ISTs, distribui\u00e7\u00e3o de preservativos, vacina\u00e7\u00e3o) &#8211; Brech\u00f3 Solid\u00e1rio da PRAE &#8211; Servi\u00e7o Social Itinerante: Conhe\u00e7a os aux\u00edlios estudantis e inscreva-se!\u00a0 10:00 \u00e0s 15:00 &#8211; Feira Estudantil A partir das 17:30 &hellip; <\/p>\n<p class=\"link-more\"><a href=\"https:\/\/wp.ufpel.edu.br\/prae\/programacao-da-acolhida-2025-1\/\" class=\"more-link\">Continue lendo<span class=\"screen-reader-text\"> &#8220;Programa\u00e7\u00e3o da Acolhida 2025\/2&#8221;<\/span><\/a><\/p>\n","protected":false},"author":229,"featured_media":0,"parent":0,"menu_order":0,"comment_status":"closed","ping_status":"closed","template":"","meta":{"footnotes":""},"class_list":["post-17843","page","type-page","status-publish","hentry"],"_links":{"self":[{"href":"https:\/\/wp.ufpel.edu.br\/prae\/wp-json\/wp\/v2\/pages\/17843","targetHints":{"allow":["GET"]}}],"collection":[{"href":"https:\/\/wp.ufpel.edu.br\/prae\/wp-json\/wp\/v2\/pages"}],"about":[{"href":"https:\/\/wp.ufpel.edu.br\/prae\/wp-json\/wp\/v2\/types\/page"}],"author":[{"embeddable":true,"href":"https:\/\/wp.ufpel.edu.br\/prae\/wp-json\/wp\/v2\/users\/229"}],"replies":[{"embeddable":true,"href":"https:\/\/wp.ufpel.edu.br\/prae\/wp-json\/wp\/v2\/comments?post=17843"}],"version-history":[{"count":4,"href":"https:\/\/wp.ufpel.edu.br\/prae\/wp-json\/wp\/v2\/pages\/17843\/revisions"}],"predecessor-version":[{"id":18404,"href":"https:\/\/wp.ufpel.edu.br\/prae\/wp-json\/wp\/v2\/pages\/17843\/revisions\/18404"}],"wp:attachment":[{"href":"https:\/\/wp.ufpel.edu.br\/prae\/wp-json\/wp\/v2\/media?parent=17843"}],"curies":[{"name":"wp","href":"https:\/\/api.w.org\/{rel}","templated":true}]}}