{"id":17686,"date":"2025-02-28T13:23:08","date_gmt":"2025-02-28T16:23:08","guid":{"rendered":"https:\/\/wp.ufpel.edu.br\/prae\/?page_id=17686"},"modified":"2026-04-09T12:00:56","modified_gmt":"2026-04-09T15:00:56","slug":"editais-2025","status":"publish","type":"page","link":"https:\/\/wp.ufpel.edu.br\/prae\/coordenacao_de_ingresso_e_beneficios\/editais\/editais-2025\/","title":{"rendered":"Editais 2025"},"content":{"rendered":"<p><strong>Editais Abertos<\/strong><\/p>\n<p style=\"padding-left: 40px\"><span style=\"color: #ff0000\"><strong>INSCRI\u00c7\u00d5ES ENCERRADAS<\/strong><\/span><\/p>\n<p style=\"padding-left: 80px\"><a href=\"https:\/\/wp.ufpel.edu.br\/prae\/files\/2025\/10\/SEI_23110.032537_2025_53_Edital_PRAE_7_25.pdf\" target=\"_blank\" rel=\"noopener\">Edital PRAE 07\/25 &#8211; Sele\u00e7\u00e3o para os Programas de Aux\u00edlio Estudantil &#8211; P\u00d3S-GRADUA\u00c7\u00c3O<\/a><\/p>\n<p style=\"padding-left: 120px\"><a href=\"https:\/\/docs.google.com\/spreadsheets\/d\/e\/2PACX-1vSQck9as8MhUO_NPEnC23med3S4hLuoo4CZY2IhPKQwbQTcbKt0tONafcQk9KHWi8NL8xawx3_U14Qc\/pubhtml?gid=156422305&amp;single=true\" target=\"_blank\" rel=\"noopener\">Resultados parciais<\/a><\/p>\n<p style=\"padding-left: 80px\"><a href=\"https:\/\/wp.ufpel.edu.br\/prae\/files\/2025\/11\/SEI_23110.043105_2025_78_Edital_PRAE_9_25.pdf\" target=\"_blank\" rel=\"noopener\">Edital PRAE 9\/25 &#8211; Aux\u00edlio Eventual Aten\u00e7\u00e3o Social \u00e0 Perman\u00eancia<\/a><\/p>\n<p style=\"padding-left: 80px\"><a href=\"https:\/\/wp.ufpel.edu.br\/prae\/files\/2025\/10\/Edital_PRAE_8_25_Bolsa_Internet.pdf\" target=\"_blank\" rel=\"noopener\">Edital PRAE 8\/25 &#8211; Bolsa Internet<\/a><\/p>\n<p style=\"padding-left: 120px\"><a href=\"https:\/\/docs.google.com\/spreadsheets\/d\/e\/2PACX-1vTicLKsfFIAKk8PQrKLnNEO2i4xXa-HW53-dvfMSVOcNGRLJbWu9P4_CeOoYGVDHgEYMBnd4Bv_2e6O\/pubhtml?gid=1310443854&amp;single=true\" target=\"_blank\" rel=\"noopener\">Resultados Parciais<\/a><\/p>\n<p style=\"padding-left: 80px\"><a href=\"https:\/\/wp.ufpel.edu.br\/prae\/files\/2025\/09\/SEI_23110.028050_2025_76_Edital_PRAE_06_25.pdf\" target=\"_blank\" rel=\"noopener\">Edital PRAE 06\/25 &#8211; Sele\u00e7\u00e3o para os Programas de Aux\u00edlio Estudantil &#8211; GRADUA\u00c7\u00c3O<\/a><\/p>\n<p style=\"padding-left: 120px\"><a href=\"https:\/\/docs.google.com\/spreadsheets\/d\/e\/2PACX-1vR2YpkM1PhYz-9RtF3BjpgjLa97NaaHXFzXU6koMACTcVlp5MC0Ga2bW-Kis5fSEb8uz4Vi4vChh4WE\/pubhtml?gid=1656994230&amp;single=true\" target=\"_blank\" rel=\"noopener\">Resultados Parciais<\/a><\/p>\n<p style=\"padding-left: 80px\"><a href=\"https:\/\/wp.ufpel.edu.br\/prae\/files\/2025\/07\/SEI_23110.028050_2025_76_Edital_PRAE_5_25.pdf\" target=\"_blank\" rel=\"noopener\">Edital PRAE 05\/25 &#8211; Sele\u00e7\u00e3o para os Programas de Aux\u00edlio Estudantil<\/a><\/p>\n<p style=\"padding-left: 120px\"><a href=\"https:\/\/docs.google.com\/spreadsheets\/d\/e\/2PACX-1vRbH6tHlbSg4jAf4qcM3P9gDGAjqjTcpEFJJ6poJKWtnuFufsgc4iYAp1o5eqJVSJpb0wW1dd6yJK_j\/pubhtml?gid=241336306&amp;single=true\" target=\"_blank\" rel=\"noopener\">Lista de inscritos<\/a><\/p>\n<p style=\"padding-left: 80px\"><a href=\"https:\/\/wp.ufpel.edu.br\/prae\/files\/2025\/06\/SEI_23110.004217_2025_11_Edital_03_25_Auxilio_Internet.pdf\" target=\"_blank\" rel=\"noopener\">Edital PRAE 03\/25 &#8211; Sele\u00e7\u00e3o Programa de Aux\u00edlio \u00e0 Inclus\u00e3o Digital &#8211; Modalidade Bolsa Internet<\/a><\/p>\n<p style=\"padding-left: 120px\"><a href=\"https:\/\/wp.ufpel.edu.br\/prae\/files\/2025\/10\/internet_61025.pdf\">internet_61025<\/a><\/p>\n<p style=\"padding-left: 80px\"><a href=\"https:\/\/wp.ufpel.edu.br\/prae\/files\/2025\/06\/SEI_23110.018492_2025_12_Edital_4_25.pdf\" target=\"_blank\" rel=\"noopener\">Edital PRAE 04\/25 &#8211; Sele\u00e7\u00e3o para os Programas de Aux\u00edlio Estudantil<\/a><\/p>\n<p style=\"padding-left: 120px\"><a href=\"https:\/\/wp.ufpel.edu.br\/prae\/files\/2025\/10\/Edital_4_25_final.pdf\">Edital_4_25_final<\/a><\/p>\n<p style=\"padding-left: 80px\"><a href=\"https:\/\/wp.ufpel.edu.br\/prae\/files\/2022\/01\/SEI_23110.006424_2025_01_Edital_PRAE_01_25.pdf\" target=\"_blank\" rel=\"noopener\">Edital PRAE 01\/25 &#8211; Sele\u00e7\u00e3o para os Programas de Aux\u00edlio Estudantil<\/a><\/p>\n<p style=\"padding-left: 120px\"><a href=\"https:\/\/wp.ufpel.edu.br\/prae\/files\/2025\/08\/Envio-de-documentacao-Edital-01_25-Selecao-Socioeconomica-PRAE-Resultado-Final.pdf\" target=\"_blank\" rel=\"noopener\">Resultado Final<\/a><\/p>\n<p style=\"padding-left: 80px\"><a href=\"https:\/\/wp.ufpel.edu.br\/prae\/files\/2025\/03\/SEI_23110.008910_2025_55_Edital_02_25_PAEVE.pdf\" target=\"_blank\" rel=\"noopener\">Edital PRAE 02\/25 &#8211; Programa de Aux\u00edlio Eventual (PAEVE)<\/a><\/p>\n<p style=\"padding-left: 120px\"><a href=\"https:\/\/wp.ufpel.edu.br\/prae\/files\/2025\/08\/Selecao-Programa-de-Auxilio-Eventual-PAEVE-Resultado-Final.pdf\">Resultado Final<\/a><\/p>\n","protected":false},"excerpt":{"rendered":"<p>Editais Abertos INSCRI\u00c7\u00d5ES ENCERRADAS Edital PRAE 07\/25 &#8211; Sele\u00e7\u00e3o para os Programas de Aux\u00edlio Estudantil &#8211; P\u00d3S-GRADUA\u00c7\u00c3O Resultados parciais Edital PRAE 9\/25 &#8211; Aux\u00edlio Eventual Aten\u00e7\u00e3o Social \u00e0 Perman\u00eancia Edital PRAE 8\/25 &#8211; Bolsa Internet Resultados Parciais Edital PRAE 06\/25 &#8211; Sele\u00e7\u00e3o para os Programas de Aux\u00edlio Estudantil &#8211; GRADUA\u00c7\u00c3O Resultados Parciais Edital PRAE 05\/25 &hellip; <\/p>\n<p class=\"link-more\"><a href=\"https:\/\/wp.ufpel.edu.br\/prae\/coordenacao_de_ingresso_e_beneficios\/editais\/editais-2025\/\" class=\"more-link\">Continue lendo<span class=\"screen-reader-text\"> &#8220;Editais 2025&#8221;<\/span><\/a><\/p>\n","protected":false},"author":229,"featured_media":0,"parent":8205,"menu_order":0,"comment_status":"closed","ping_status":"closed","template":"","meta":{"footnotes":""},"class_list":["post-17686","page","type-page","status-publish","hentry"],"_links":{"self":[{"href":"https:\/\/wp.ufpel.edu.br\/prae\/wp-json\/wp\/v2\/pages\/17686","targetHints":{"allow":["GET"]}}],"collection":[{"href":"https:\/\/wp.ufpel.edu.br\/prae\/wp-json\/wp\/v2\/pages"}],"about":[{"href":"https:\/\/wp.ufpel.edu.br\/prae\/wp-json\/wp\/v2\/types\/page"}],"author":[{"embeddable":true,"href":"https:\/\/wp.ufpel.edu.br\/prae\/wp-json\/wp\/v2\/users\/229"}],"replies":[{"embeddable":true,"href":"https:\/\/wp.ufpel.edu.br\/prae\/wp-json\/wp\/v2\/comments?post=17686"}],"version-history":[{"count":3,"href":"https:\/\/wp.ufpel.edu.br\/prae\/wp-json\/wp\/v2\/pages\/17686\/revisions"}],"predecessor-version":[{"id":18872,"href":"https:\/\/wp.ufpel.edu.br\/prae\/wp-json\/wp\/v2\/pages\/17686\/revisions\/18872"}],"up":[{"embeddable":true,"href":"https:\/\/wp.ufpel.edu.br\/prae\/wp-json\/wp\/v2\/pages\/8205"}],"wp:attachment":[{"href":"https:\/\/wp.ufpel.edu.br\/prae\/wp-json\/wp\/v2\/media?parent=17686"}],"curies":[{"name":"wp","href":"https:\/\/api.w.org\/{rel}","templated":true}]}}